{"id":41,"date":"2021-09-02T20:53:02","date_gmt":"2021-09-02T18:53:02","guid":{"rendered":"https:\/\/pb.edu.pl\/via-carpatia\/?page_id=41"},"modified":"2022-12-22T13:40:59","modified_gmt":"2022-12-22T12:40:59","slug":"cele","status":"publish","type":"page","link":"https:\/\/pb.edu.pl\/via-carpatia\/cele\/","title":{"rendered":"Cele"},"content":{"rendered":"<div class=\"h2\">Przed nami wiele do zrobienia!<\/div>\n<p>Politechniki \u2013 Bia\u0142ostocka, Lubelska oraz Rzeszowska postawi\u0142y sobie za cel rozw\u00f3j Politechnicznej Sieci Via Carpatia w obszarach: <a href=\"https:\/\/pb.edu.pl\/via-carpatia\/dzialania\/ksztalcenie\/\" title=\"Programy w obszarze Kszta\u0142cenie\">kszta\u0142cenie<\/a>, <a href=\"https:\/\/pb.edu.pl\/via-carpatia\/dzialania\/nauka\/\" title=\"Programy w obszarze Nauka\">nauka<\/a> oraz <a href=\"https:\/\/pb.edu.pl\/via-carpatia\/dzialania\/komercjalizacja\/\" title=\"Programy w obszarze Komercjalizacja\">komercjalizacja<\/a>. Dzi\u0119ki przenikaniu si\u0119 swoich potencja\u0142\u00f3w, Uczelnie stan\u0105 si\u0119 bardziej konkurencyjne na rynku \u015bwiatowym oraz znacz\u0105co podnios\u0105 jako\u015b\u0107 \u017cycia spo\u0142ecze\u0144stwa, ze szczeg\u00f3lnym uwzgl\u0119dnieniem Polski Wschodniej.<br \/>\n&nbsp;<\/p>\n<div class=\"h2\">Razem podejmujemy si\u0119 realizacji wyzwa\u0144, takich jak:<\/div>\n<ul>\n<li>rozw\u00f3j region\u00f3w Polski Wschodniej w obszarach: kszta\u0142cenie, nauka i komercjalizacja,<\/li>\n<li>stworzenie mi\u0119dzyuczelnianego systemu, umo\u017cliwiaj\u0105cego uczelniom wymian\u0119 swoich zasob\u00f3w, do\u015bwiadcze\u0144 oraz przenikanie potencja\u0142\u00f3w w obszarach: kszta\u0142cenie, nauka oraz komercjalizacja,<\/li>\n<li>promocja polskiej nauki,<\/li>\n<li>zwi\u0119kszenie jako\u015bci bada\u0144 naukowych oraz podejmowanie pionierskich prac badawczych,<\/li>\n<li>wspieranie szkolnictwa zawodowego w technikach,<\/li>\n<li>kontynuacja programu dodatkowych zaj\u0119\u0107 wyr\u00f3wnawczych,<\/li>\n<li>wspieranie k\u00f3\u0142 naukowych,<\/li>\n<li>zacie\u015bnienie wsp\u00f3\u0142pracy z otoczeniem spo\u0142eczno-gospodarczym w zakresie program\u00f3w kszta\u0142cenia oraz w\u0142\u0105czania pracodawc\u00f3w-praktyk\u00f3w w proces dydaktyczny,<\/li>\n<li>wsparcie zdolnych uczni\u00f3w ze szk\u00f3\u0142 ponadpodstawowych,<\/li>\n<li>wdro\u017cenie jednolitego systemu mi\u0119dzyuczelnianych sta\u017cy badawczych, wizyt studyjnych i wyk\u0142ad\u00f3w wybitnych naukowc\u00f3w,<\/li>\n<li>wdro\u017cenie systemu finansowania wsp\u00f3lnych, strategicznych i prze\u0142omowych bada\u0144 naukowych na poziomie prezentowanym przez wiod\u0105ce o\u015brodki zagraniczne,<\/li>\n<li>wsparcie, rozw\u00f3j i wsp\u00f3\u0142praca szk\u00f3\u0142 wy\u017cszych i szk\u00f3\u0142 ponadpodstawowych w oparciu o potrzeby przedsi\u0119biorstw,<\/li>\n<li>rozw\u00f3j i wykorzystanie potencja\u0142u B+R trzech politechnik.<\/li>\n<\/ul>\n","protected":false},"excerpt":{"rendered":"<p>Przed nami wiele do zrobienia! Politechniki \u2013 Bia\u0142ostocka, Lubelska oraz Rzeszowska postawi\u0142y sobie za cel rozw\u00f3j Politechnicznej Sieci Via Carpatia w obszarach: kszta\u0142cenie, nauka oraz komercjalizacja. Dzi\u0119ki przenikaniu si\u0119 swoich potencja\u0142\u00f3w, Uczelnie stan\u0105 si\u0119 bardziej konkurencyjne na rynku \u015bwiatowym oraz znacz\u0105co podnios\u0105 jako\u015b\u0107 \u017cycia spo\u0142ecze\u0144stwa, ze szczeg\u00f3lnym uwzgl\u0119dnieniem Polski Wschodniej. &nbsp; Razem podejmujemy si\u0119 realizacji [&hellip;]<\/p>\n","protected":false},"author":2,"featured_media":0,"parent":0,"menu_order":2,"comment_status":"closed","ping_status":"closed","template":"","meta":{"_acf_changed":false,"ngg_post_thumbnail":0,"footnotes":""},"class_list":["post-41","page","type-page","status-publish","hentry"],"acf":[],"_links":{"self":[{"href":"https:\/\/pb.edu.pl\/via-carpatia\/wp-json\/wp\/v2\/pages\/41","targetHints":{"allow":["GET"]}}],"collection":[{"href":"https:\/\/pb.edu.pl\/via-carpatia\/wp-json\/wp\/v2\/pages"}],"about":[{"href":"https:\/\/pb.edu.pl\/via-carpatia\/wp-json\/wp\/v2\/types\/page"}],"author":[{"embeddable":true,"href":"https:\/\/pb.edu.pl\/via-carpatia\/wp-json\/wp\/v2\/users\/2"}],"replies":[{"embeddable":true,"href":"https:\/\/pb.edu.pl\/via-carpatia\/wp-json\/wp\/v2\/comments?post=41"}],"version-history":[{"count":0,"href":"https:\/\/pb.edu.pl\/via-carpatia\/wp-json\/wp\/v2\/pages\/41\/revisions"}],"wp:attachment":[{"href":"https:\/\/pb.edu.pl\/via-carpatia\/wp-json\/wp\/v2\/media?parent=41"}],"curies":[{"name":"wp","href":"https:\/\/api.w.org\/{rel}","templated":true}]}}