{"id":37,"date":"2021-09-02T20:52:16","date_gmt":"2021-09-02T18:52:16","guid":{"rendered":"https:\/\/pb.edu.pl\/via-carpatia\/?page_id=37"},"modified":"2022-12-22T13:45:10","modified_gmt":"2022-12-22T12:45:10","slug":"obszary","status":"publish","type":"page","link":"https:\/\/pb.edu.pl\/via-carpatia\/obszary\/","title":{"rendered":"Obszary"},"content":{"rendered":"<div class=\"h2\">Mamy do wype\u0142nienia wsp\u00f3ln\u0105 misj\u0119!<\/div>\n<p><span class=\"niebieski\">Politechniczna Sie\u0107 Via Carpatia<\/span> powsta\u0142a z my\u015bl\u0105 o realizacji trzech misji wsp\u00f3\u0142czesnej uczelni: kszta\u0142ceniu, dzia\u0142alno\u015bci naukowo-badawczej oraz kreowaniu relacji z otoczeniem spo\u0142eczno-gospodarczym.<\/p>\n<p>Obszary te wymagaj\u0105 wsparcia ze strony Uczelni, kt\u00f3re \u0142\u0105cz\u0105c sw\u00f3j potencja\u0142 zapewniaj\u0105 realizacj\u0119 celu w ci\u0105gu trzech lat. Podj\u0119te wsp\u00f3lnie dzia\u0142ania pozwol\u0105 zintegrowa\u0107 mo\u017cliwo\u015bci uczelni technicznych z potrzebami spo\u0142eczno\u015bci lokalnych.<\/p>\n<p>Realizacja zadania obejmie obszar Polski ze szczeg\u00f3lnym uwzgl\u0119dnieniem Polski Wschodniej i dotyczy dyscyplin z dziedziny nauk in\u017cynieryjno-technicznych, dziedziny nauk \u015bcis\u0142ych i przyrodniczych, dziedziny nauk rolniczych oraz z dziedziny nauk spo\u0142ecznych.<\/p>\n<p>Ka\u017cda z Politechnik tworz\u0105cych Politechniczn\u0105 Sie\u0107 Via Carpatia jest liderem w jednym obszarze:<\/p>\n<ul>\n<li><strong class=\"h4 niebieski\">KSZTA\u0141CENIE<\/strong> \u2013 <a href=\"https:\/\/pb.edu.pl\/\">Politechnika Bia\u0142ostocka<\/a><\/li>\n<li><strong class=\"h4 niebieski\">NAUKA<\/strong> \u2013 <a href=\"https:\/\/pollub.pl\/\">Politechnika Lubelska<\/a><\/li>\n<li><strong class=\"h4 niebieski\">KOMERCJALIZACJA<\/strong> \u2013 <a href=\"https:\/\/w.prz.edu.pl\/\">Politechnika Rzeszowska<\/a><\/li>\n<\/ul>\n<p>&nbsp;<\/p>\n<div class=\"h3\">O powodzeniu misji b\u0119d\u0105 \u015bwiadczy\u0107 efekty w postaci nast\u0119puj\u0105cych aktywno\u015bci:<\/div>\n<p><a class=\"h4\" href=\"https:\/\/pb.edu.pl\/via-carpatia\/dzialania\/ksztalcenie\/\" title=\"Programy w obszarze Kszta\u0142cenie\">Obszar KSZTA\u0141CENIE<\/a>:<\/p>\n<ul>\n<li>zaj\u0119cia z m\u0142odzie\u017c\u0105 ze szk\u00f3\u0142 ponadpodstawowych,<\/li>\n<li>zaj\u0119cia wyr\u00f3wnawcze dla student\u00f3w Uczelni,<\/li>\n<li>szkolenia przeznaczone dla nauczycieli akademickich oraz innych os\u00f3b prowadz\u0105cych zaj\u0119cia dydaktyczne,<\/li>\n<li>konferencje k\u00f3\u0142 naukowych,<\/li>\n<li>publikacje, kt\u00f3rych autorami lub wsp\u00f3\u0142autorami s\u0105 studenci,<\/li>\n<li>zaj\u0119cia dla student\u00f3w prowadzone przez specjalist\u00f3w,<\/li>\n<li>spotkania z interesariuszami zewn\u0119trznymi.<\/li>\n<\/ul>\n<p><a class=\"h4\" href=\"https:\/\/pb.edu.pl\/via-carpatia\/dzialania\/nauka\/\" title=\"Programy w obszarze Nauka\">Obszar NAUKA<\/a>:<\/p>\n<ul>\n<li>konkursy dla uzdolnionych uczni\u00f3w szk\u00f3\u0142 ponadpodstawowych,<\/li>\n<li>konkursy na budowanie mi\u0119dzyuczelnianych zespo\u0142\u00f3w badawczych,<\/li>\n<li>tr\u00f3jstronne projekty mi\u0119dzyuczelniane realizowane przy udziale zespo\u0142\u00f3w badawczych z Politechniki Bia\u0142ostockiej,<\/li>\n<li>konkursy na mi\u0119dzyuczelniane sta\u017ce badawcze i wizyty studyjne,<\/li>\n<li>publikacje naukowe.<\/li>\n<\/ul>\n<p><a class=\"h4\" href=\"https:\/\/pb.edu.pl\/via-carpatia\/dzialania\/komercjalizacja\/\" title=\"Programy w obszarze Komercjalizacja\">Obszar KOMERCJALIZACJA<\/a>:<\/p>\n<ul>\n<li>tr\u00f3jstronne projekty komercjalizacyjne,<\/li>\n<li>stworzenie bazy danych z zakresu w\u0142asno\u015bci intelektualnej i zasob\u00f3w aparaturowych,<\/li>\n<li>portale informacyjne w zakresie realizowanych projekt\u00f3w oraz akredytowanych us\u0142ug B+R,<\/li>\n<li>nowe akredytowane procedury badawcze,<\/li>\n<li>konkursy dla mi\u0119dzyuczelnianych zespo\u0142\u00f3w badawczych,<\/li>\n<li>utworzenie akceleratora komercjalizacji.<\/li>\n<\/ul>\n","protected":false},"excerpt":{"rendered":"<p>Mamy do wype\u0142nienia wsp\u00f3ln\u0105 misj\u0119! Politechniczna Sie\u0107 Via Carpatia powsta\u0142a z my\u015bl\u0105 o realizacji trzech misji wsp\u00f3\u0142czesnej uczelni: kszta\u0142ceniu, dzia\u0142alno\u015bci naukowo-badawczej oraz kreowaniu relacji z otoczeniem spo\u0142eczno-gospodarczym. Obszary te wymagaj\u0105 wsparcia ze strony Uczelni, kt\u00f3re \u0142\u0105cz\u0105c sw\u00f3j potencja\u0142 zapewniaj\u0105 realizacj\u0119 celu w ci\u0105gu trzech lat. Podj\u0119te wsp\u00f3lnie dzia\u0142ania pozwol\u0105 zintegrowa\u0107 mo\u017cliwo\u015bci uczelni technicznych z potrzebami [&hellip;]<\/p>\n","protected":false},"author":2,"featured_media":0,"parent":0,"menu_order":3,"comment_status":"closed","ping_status":"closed","template":"","meta":{"_acf_changed":false,"ngg_post_thumbnail":0,"footnotes":""},"class_list":["post-37","page","type-page","status-publish","hentry"],"acf":[],"_links":{"self":[{"href":"https:\/\/pb.edu.pl\/via-carpatia\/wp-json\/wp\/v2\/pages\/37","targetHints":{"allow":["GET"]}}],"collection":[{"href":"https:\/\/pb.edu.pl\/via-carpatia\/wp-json\/wp\/v2\/pages"}],"about":[{"href":"https:\/\/pb.edu.pl\/via-carpatia\/wp-json\/wp\/v2\/types\/page"}],"author":[{"embeddable":true,"href":"https:\/\/pb.edu.pl\/via-carpatia\/wp-json\/wp\/v2\/users\/2"}],"replies":[{"embeddable":true,"href":"https:\/\/pb.edu.pl\/via-carpatia\/wp-json\/wp\/v2\/comments?post=37"}],"version-history":[{"count":0,"href":"https:\/\/pb.edu.pl\/via-carpatia\/wp-json\/wp\/v2\/pages\/37\/revisions"}],"wp:attachment":[{"href":"https:\/\/pb.edu.pl\/via-carpatia\/wp-json\/wp\/v2\/media?parent=37"}],"curies":[{"name":"wp","href":"https:\/\/api.w.org\/{rel}","templated":true}]}}