{"id":363,"date":"2022-12-19T18:23:37","date_gmt":"2022-12-19T17:23:37","guid":{"rendered":"https:\/\/pb.edu.pl\/via-carpatia\/?page_id=363"},"modified":"2022-12-20T10:21:30","modified_gmt":"2022-12-20T09:21:30","slug":"aktualnosci","status":"publish","type":"page","link":"https:\/\/pb.edu.pl\/via-carpatia\/aktualnosci\/","title":{"rendered":"Aktualno\u015bci"},"content":{"rendered":"\n  <div class=\"box news-box\">\n    <div class=\"row\">\n      \n                        <div class=\"col-sm-3\">\n            <article class=\"article format-standard\">\n    <span class=\"date text-right\"><i class=\"fal fa-calendar-alt\"><\/i> 09-10-2025<\/span>\n    <a href=\"https:\/\/pb.edu.pl\/via-carpatia\/2025\/10\/09\/politechnika-bialostocka-opracowala-demonstrator-do-diagnostyki-wstepnej-wtryskiwaczy-gazowych-w-tym-wodorowych\/\" title=\"Politechnika Bia\u0142ostocka opracowa\u0142a demonstrator do diagnostyki wst\u0119pnej wtryskiwaczy gazowych, w tym wodorowych\">\n      <div class=\"article-image\">\n        <img loading=\"lazy\" decoding=\"async\" width=\"480\" height=\"300\" src=\"https:\/\/pb.edu.pl\/via-carpatia\/wp-content\/uploads\/sites\/92\/2025\/10\/Demonstrator-do-badania-wtryskiwaczy-gazowych-fot-Pawel-Jankowski-5-480x300.jpg\" class=\"img-fluid wp-post-image\" alt=\"\" srcset=\"https:\/\/pb.edu.pl\/via-carpatia\/wp-content\/uploads\/sites\/92\/2025\/10\/Demonstrator-do-badania-wtryskiwaczy-gazowych-fot-Pawel-Jankowski-5-480x300.jpg 480w, https:\/\/pb.edu.pl\/via-carpatia\/wp-content\/uploads\/sites\/92\/2025\/10\/Demonstrator-do-badania-wtryskiwaczy-gazowych-fot-Pawel-Jankowski-5-300x188.jpg 300w, https:\/\/pb.edu.pl\/via-carpatia\/wp-content\/uploads\/sites\/92\/2025\/10\/Demonstrator-do-badania-wtryskiwaczy-gazowych-fot-Pawel-Jankowski-5-1024x640.jpg 1024w, https:\/\/pb.edu.pl\/via-carpatia\/wp-content\/uploads\/sites\/92\/2025\/10\/Demonstrator-do-badania-wtryskiwaczy-gazowych-fot-Pawel-Jankowski-5-768x480.jpg 768w, https:\/\/pb.edu.pl\/via-carpatia\/wp-content\/uploads\/sites\/92\/2025\/10\/Demonstrator-do-badania-wtryskiwaczy-gazowych-fot-Pawel-Jankowski-5-1536x960.jpg 1536w, https:\/\/pb.edu.pl\/via-carpatia\/wp-content\/uploads\/sites\/92\/2025\/10\/Demonstrator-do-badania-wtryskiwaczy-gazowych-fot-Pawel-Jankowski-5-2048x1280.jpg 2048w\" sizes=\"auto, (max-width: 480px) 100vw, 480px\" \/>      <\/div>\n      <h3>Politechnika Bia\u0142ostocka opracowa\u0142a demonstrator do diagnostyki wst\u0119pnej wtryskiwaczy gazowych, w tym wodorowych<\/h3>\n      Demonstrator do diagnostyki wtryskiwaczy gazowych    <\/a>\n<\/article>          <\/div>\n                  <div class=\"col-sm-3\">\n            <article class=\"article format-standard\">\n    <span class=\"date text-right\"><i class=\"fal fa-calendar-alt\"><\/i> 06-10-2025<\/span>\n    <a href=\"https:\/\/pb.edu.pl\/via-carpatia\/2025\/10\/06\/politechnika-bialostocka-rozwija-nowoczesne-szerokopasmowe-zrodlo-swiatlowodowe-ase-pracujace-w-pasmie-2-%ce%bcm\/\" title=\"Politechnika Bia\u0142ostocka rozwija nowoczesne szerokopasmowe \u017ar\u00f3d\u0142o \u015bwiat\u0142owodowe ASE pracuj\u0105ce w pa\u015bmie 2 \u03bcm\">\n      <div class=\"article-image\">\n        <img loading=\"lazy\" decoding=\"async\" width=\"480\" height=\"300\" src=\"https:\/\/pb.edu.pl\/via-carpatia\/wp-content\/uploads\/sites\/92\/2025\/10\/2024-11-27-Politechniczna-Siec-Via-Carpatia-fot-Dariusz-Piekut-19-480x300.jpg\" class=\"img-fluid wp-post-image\" alt=\"profesor stoi, za sob\u0105 ma ekran z prezentacj\u0105, przed nim na stole stoi urz\u0105dzenie\" srcset=\"https:\/\/pb.edu.pl\/via-carpatia\/wp-content\/uploads\/sites\/92\/2025\/10\/2024-11-27-Politechniczna-Siec-Via-Carpatia-fot-Dariusz-Piekut-19-480x300.jpg 480w, https:\/\/pb.edu.pl\/via-carpatia\/wp-content\/uploads\/sites\/92\/2025\/10\/2024-11-27-Politechniczna-Siec-Via-Carpatia-fot-Dariusz-Piekut-19-300x188.jpg 300w, https:\/\/pb.edu.pl\/via-carpatia\/wp-content\/uploads\/sites\/92\/2025\/10\/2024-11-27-Politechniczna-Siec-Via-Carpatia-fot-Dariusz-Piekut-19-1024x640.jpg 1024w, https:\/\/pb.edu.pl\/via-carpatia\/wp-content\/uploads\/sites\/92\/2025\/10\/2024-11-27-Politechniczna-Siec-Via-Carpatia-fot-Dariusz-Piekut-19-768x480.jpg 768w, https:\/\/pb.edu.pl\/via-carpatia\/wp-content\/uploads\/sites\/92\/2025\/10\/2024-11-27-Politechniczna-Siec-Via-Carpatia-fot-Dariusz-Piekut-19-1536x960.jpg 1536w, https:\/\/pb.edu.pl\/via-carpatia\/wp-content\/uploads\/sites\/92\/2025\/10\/2024-11-27-Politechniczna-Siec-Via-Carpatia-fot-Dariusz-Piekut-19-2048x1280.jpg 2048w\" sizes=\"auto, (max-width: 480px) 100vw, 480px\" \/>      <\/div>\n      <h3>Politechnika Bia\u0142ostocka rozwija nowoczesne szerokopasmowe \u017ar\u00f3d\u0142o \u015bwiat\u0142owodowe ASE pracuj\u0105ce w pa\u015bmie 2 \u03bcm<\/h3>\n      Demonstrator \u015bwiat\u0142owodowy \u2013 nowa jako\u015b\u0107 w badaniach optycznych    <\/a>\n<\/article>          <\/div>\n                  <div class=\"col-sm-3\">\n            <article class=\"article format-standard\">\n    <span class=\"date text-right\"><i class=\"fal fa-calendar-alt\"><\/i> 03-10-2025<\/span>\n    <a href=\"https:\/\/pb.edu.pl\/via-carpatia\/2025\/10\/03\/znamy-potrzeby-przedsiebiorcow-w-zakresie-uslug-br-raport-politechnicznej-sieci-via-carpatia\/\" title=\"Znamy potrzeby przedsi\u0119biorc\u00f3w w zakresie us\u0142ug B+R. Raport Politechnicznej Sieci VIA CARPATIA\">\n      <div class=\"article-image\">\n        <img loading=\"lazy\" decoding=\"async\" width=\"480\" height=\"300\" src=\"https:\/\/pb.edu.pl\/via-carpatia\/wp-content\/uploads\/sites\/92\/2025\/10\/2025-10_via-carpatia_raport-potrzeb-przedsiebiorcow_www-480x300.jpg\" class=\"img-fluid wp-post-image\" alt=\"\" srcset=\"https:\/\/pb.edu.pl\/via-carpatia\/wp-content\/uploads\/sites\/92\/2025\/10\/2025-10_via-carpatia_raport-potrzeb-przedsiebiorcow_www-480x300.jpg 480w, https:\/\/pb.edu.pl\/via-carpatia\/wp-content\/uploads\/sites\/92\/2025\/10\/2025-10_via-carpatia_raport-potrzeb-przedsiebiorcow_www-300x188.jpg 300w, https:\/\/pb.edu.pl\/via-carpatia\/wp-content\/uploads\/sites\/92\/2025\/10\/2025-10_via-carpatia_raport-potrzeb-przedsiebiorcow_www-1024x640.jpg 1024w, https:\/\/pb.edu.pl\/via-carpatia\/wp-content\/uploads\/sites\/92\/2025\/10\/2025-10_via-carpatia_raport-potrzeb-przedsiebiorcow_www-768x480.jpg 768w, https:\/\/pb.edu.pl\/via-carpatia\/wp-content\/uploads\/sites\/92\/2025\/10\/2025-10_via-carpatia_raport-potrzeb-przedsiebiorcow_www.jpg 1080w\" sizes=\"auto, (max-width: 480px) 100vw, 480px\" \/>      <\/div>\n      <h3>Znamy potrzeby przedsi\u0119biorc\u00f3w w zakresie us\u0142ug B+R. Raport Politechnicznej Sieci VIA CARPATIA<\/h3>\n      Badania w\u015br\u00f3d firm w ramach dzia\u0142ania \"Komercjalizuj z s\u0105siadem\"    <\/a>\n<\/article>          <\/div>\n                  <div class=\"col-sm-3\">\n            <article class=\"article format-standard\">\n    <span class=\"date text-right\"><i class=\"fal fa-calendar-alt\"><\/i> 24-09-2025<\/span>\n    <a href=\"https:\/\/pb.edu.pl\/via-carpatia\/2025\/09\/24\/politechnika-bialostocka-podsumowala-dzialania-w-ramach-politechnicznej-sieci-via-carpatia\/\" title=\"Politechnika Bia\u0142ostocka podsumowa\u0142a dzia\u0142ania w ramach Politechnicznej Sieci Via Carpatia\">\n      <div class=\"article-image\">\n        <img loading=\"lazy\" decoding=\"async\" width=\"480\" height=\"300\" src=\"https:\/\/pb.edu.pl\/via-carpatia\/wp-content\/uploads\/sites\/92\/2025\/09\/2025-09-23-Innowacje-w-Praktyce-Politechniczna-siec-Via-Carpatia-fot-Dariusz-Piekut-PB-30-480x300.jpg\" class=\"img-fluid wp-post-image\" alt=\"\" srcset=\"https:\/\/pb.edu.pl\/via-carpatia\/wp-content\/uploads\/sites\/92\/2025\/09\/2025-09-23-Innowacje-w-Praktyce-Politechniczna-siec-Via-Carpatia-fot-Dariusz-Piekut-PB-30-480x300.jpg 480w, https:\/\/pb.edu.pl\/via-carpatia\/wp-content\/uploads\/sites\/92\/2025\/09\/2025-09-23-Innowacje-w-Praktyce-Politechniczna-siec-Via-Carpatia-fot-Dariusz-Piekut-PB-30-300x188.jpg 300w, https:\/\/pb.edu.pl\/via-carpatia\/wp-content\/uploads\/sites\/92\/2025\/09\/2025-09-23-Innowacje-w-Praktyce-Politechniczna-siec-Via-Carpatia-fot-Dariusz-Piekut-PB-30-1024x640.jpg 1024w, https:\/\/pb.edu.pl\/via-carpatia\/wp-content\/uploads\/sites\/92\/2025\/09\/2025-09-23-Innowacje-w-Praktyce-Politechniczna-siec-Via-Carpatia-fot-Dariusz-Piekut-PB-30-768x480.jpg 768w, https:\/\/pb.edu.pl\/via-carpatia\/wp-content\/uploads\/sites\/92\/2025\/09\/2025-09-23-Innowacje-w-Praktyce-Politechniczna-siec-Via-Carpatia-fot-Dariusz-Piekut-PB-30-1536x960.jpg 1536w, https:\/\/pb.edu.pl\/via-carpatia\/wp-content\/uploads\/sites\/92\/2025\/09\/2025-09-23-Innowacje-w-Praktyce-Politechniczna-siec-Via-Carpatia-fot-Dariusz-Piekut-PB-30-2048x1280.jpg 2048w\" sizes=\"auto, (max-width: 480px) 100vw, 480px\" \/>      <\/div>\n      <h3>Politechnika Bia\u0142ostocka podsumowa\u0142a dzia\u0142ania w ramach Politechnicznej Sieci Via Carpatia<\/h3>\n      5730 godzin zaj\u0119\u0107 wyr\u00f3wnuj\u0105cych wiedz\u0119 dla student\u00f3w 1. roku, 1877&nbsp; godzin    <\/a>\n<\/article>          <\/div>\n                  <div class=\"col-sm-3\">\n            <article class=\"article format-standard\">\n    <span class=\"date text-right\"><i class=\"fal fa-calendar-alt\"><\/i> 23-09-2025<\/span>\n    <a href=\"https:\/\/pb.edu.pl\/via-carpatia\/2025\/09\/23\/politechnika-bialostocka-komercjalizuje-pomysly-uczniow-szkol-ponadpodstawowych\/\" title=\"Politechnika Bia\u0142ostocka komercjalizuje pomys\u0142y uczni\u00f3w szk\u00f3\u0142 ponadpodstawowych\">\n      <div class=\"article-image\">\n        <img loading=\"lazy\" decoding=\"async\" width=\"480\" height=\"300\" src=\"https:\/\/pb.edu.pl\/via-carpatia\/wp-content\/uploads\/sites\/92\/2025\/09\/2025-09-23-Innowacje-w-Praktyce-Politechniczna-siec-Via-Carpatia-fot-Dariusz-Piekut-PB-21-480x300.jpg\" class=\"img-fluid wp-post-image\" alt=\"2025-09-23-Innowacje-w-Praktyce-Politechniczna-sie\u0107-Via-Carpatia-fot-Dariusz-Piekut-PB\" \/>      <\/div>\n      <h3>Politechnika Bia\u0142ostocka komercjalizuje pomys\u0142y uczni\u00f3w szk\u00f3\u0142 ponadpodstawowych<\/h3>\n      Laureaci konkursu Wschodz\u0105cy Innowatorzy Politechnicznej Sieci VIA CARPATIA     <\/a>\n<\/article>          <\/div>\n                  <div class=\"col-sm-3\">\n            <article class=\"article format-standard\">\n    <span class=\"date text-right\"><i class=\"fal fa-calendar-alt\"><\/i> 18-09-2025<\/span>\n    <a href=\"https:\/\/pb.edu.pl\/via-carpatia\/2025\/09\/18\/nowa-oferta-uslugi-badawczo-rozwojowe-politechniki-bialostockiej-w-ramach-politechnicznej-sieci-via-carpatia\/\" title=\"Nowa oferta. Us\u0142ugi badawczo-rozwojowe Politechniki Bia\u0142ostockiej w ramach Politechnicznej Sieci VIA CARPATIA!\">\n      <div class=\"article-image\">\n        <img loading=\"lazy\" decoding=\"async\" width=\"480\" height=\"300\" src=\"https:\/\/pb.edu.pl\/via-carpatia\/wp-content\/uploads\/sites\/92\/2025\/09\/2025-09-oferta-wspolna-2160x1350px-480x300.jpg\" class=\"img-fluid wp-post-image\" alt=\"2025-09-oferta-wspolna-2160x1350px\" srcset=\"https:\/\/pb.edu.pl\/via-carpatia\/wp-content\/uploads\/sites\/92\/2025\/09\/2025-09-oferta-wspolna-2160x1350px-480x300.jpg 480w, https:\/\/pb.edu.pl\/via-carpatia\/wp-content\/uploads\/sites\/92\/2025\/09\/2025-09-oferta-wspolna-2160x1350px-300x188.jpg 300w, https:\/\/pb.edu.pl\/via-carpatia\/wp-content\/uploads\/sites\/92\/2025\/09\/2025-09-oferta-wspolna-2160x1350px-1024x640.jpg 1024w, https:\/\/pb.edu.pl\/via-carpatia\/wp-content\/uploads\/sites\/92\/2025\/09\/2025-09-oferta-wspolna-2160x1350px-768x480.jpg 768w, https:\/\/pb.edu.pl\/via-carpatia\/wp-content\/uploads\/sites\/92\/2025\/09\/2025-09-oferta-wspolna-2160x1350px-1536x960.jpg 1536w, https:\/\/pb.edu.pl\/via-carpatia\/wp-content\/uploads\/sites\/92\/2025\/09\/2025-09-oferta-wspolna-2160x1350px.jpg 1728w\" sizes=\"auto, (max-width: 480px) 100vw, 480px\" \/>      <\/div>\n      <h3>Nowa oferta. Us\u0142ugi badawczo-rozwojowe Politechniki Bia\u0142ostockiej w ramach Politechnicznej Sieci VIA CARPATIA!<\/h3>\n      Rozwijamy wsp\u00f3\u0142prac\u0119 z biznesem    <\/a>\n<\/article>          <\/div>\n                  <div class=\"col-sm-3\">\n            <article class=\"article format-standard\">\n    <span class=\"date text-right\"><i class=\"fal fa-calendar-alt\"><\/i> 17-09-2025<\/span>\n    <a href=\"https:\/\/pb.edu.pl\/via-carpatia\/2025\/09\/17\/aktywnosc-wirtualnego-akceleratora-komercjalizacji-politechniki-bialostockiej-w-2025-roku\/\" title=\"Aktywno\u015b\u0107 Wirtualnego Akceleratora Komercjalizacji Politechniki Bia\u0142ostockiej w 2025 roku\">\n      <div class=\"article-image\">\n        <img loading=\"lazy\" decoding=\"async\" width=\"480\" height=\"300\" src=\"https:\/\/pb.edu.pl\/via-carpatia\/wp-content\/uploads\/sites\/92\/2025\/09\/2025-09_via-carpatia_akcelerator_www-1-480x300.jpg\" class=\"img-fluid wp-post-image\" alt=\"2025-09_via-carpatia_akcelerator_www (1)\" srcset=\"https:\/\/pb.edu.pl\/via-carpatia\/wp-content\/uploads\/sites\/92\/2025\/09\/2025-09_via-carpatia_akcelerator_www-1-480x300.jpg 480w, https:\/\/pb.edu.pl\/via-carpatia\/wp-content\/uploads\/sites\/92\/2025\/09\/2025-09_via-carpatia_akcelerator_www-1-300x188.jpg 300w, https:\/\/pb.edu.pl\/via-carpatia\/wp-content\/uploads\/sites\/92\/2025\/09\/2025-09_via-carpatia_akcelerator_www-1-1024x640.jpg 1024w, https:\/\/pb.edu.pl\/via-carpatia\/wp-content\/uploads\/sites\/92\/2025\/09\/2025-09_via-carpatia_akcelerator_www-1-768x480.jpg 768w, https:\/\/pb.edu.pl\/via-carpatia\/wp-content\/uploads\/sites\/92\/2025\/09\/2025-09_via-carpatia_akcelerator_www-1.jpg 1080w\" sizes=\"auto, (max-width: 480px) 100vw, 480px\" \/>      <\/div>\n      <h3>Aktywno\u015b\u0107 Wirtualnego Akceleratora Komercjalizacji Politechniki Bia\u0142ostockiej w 2025 roku<\/h3>\n      \u201eKomercjalizuj z s\u0105siadem\u201d w ramach Politechnicznej Sieci VIA CARPATIA    <\/a>\n<\/article>          <\/div>\n                  <div class=\"col-sm-3\">\n            <article class=\"article format-standard\">\n    <span class=\"date text-right\"><i class=\"fal fa-calendar-alt\"><\/i> 05-09-2025<\/span>\n    <a href=\"https:\/\/pb.edu.pl\/via-carpatia\/2025\/09\/05\/uczelniane-forum-dziekanatow-politechniki-bialostockiej-przygotowalo-sympozjum-pracownikom-uczelni-z-politechnicznej-sieci-via-carpatia\/\" title=\"Uczelniane Forum Dziekanat\u00f3w Politechniki Bia\u0142ostockiej przygotowa\u0142o sympozjum pracownikom uczelni z Politechnicznej Sieci Via Carpatia\">\n      <div class=\"article-image\">\n        <img loading=\"lazy\" decoding=\"async\" width=\"480\" height=\"300\" src=\"https:\/\/pb.edu.pl\/via-carpatia\/wp-content\/uploads\/sites\/92\/2025\/09\/2025-09-04-Sympozjum-pracownikow-dziekanatow-fot-Pawel-Nowik-PB-480x300.jpg\" class=\"img-fluid wp-post-image\" alt=\"40 os\u00f3b stoi na tle tablicy. 10 os\u00f3b siedzi na krzes\u0142ach. Grupa jest w sali wyk\u0142adowej.\" srcset=\"https:\/\/pb.edu.pl\/via-carpatia\/wp-content\/uploads\/sites\/92\/2025\/09\/2025-09-04-Sympozjum-pracownikow-dziekanatow-fot-Pawel-Nowik-PB-480x300.jpg 480w, https:\/\/pb.edu.pl\/via-carpatia\/wp-content\/uploads\/sites\/92\/2025\/09\/2025-09-04-Sympozjum-pracownikow-dziekanatow-fot-Pawel-Nowik-PB-300x188.jpg 300w, https:\/\/pb.edu.pl\/via-carpatia\/wp-content\/uploads\/sites\/92\/2025\/09\/2025-09-04-Sympozjum-pracownikow-dziekanatow-fot-Pawel-Nowik-PB-1024x640.jpg 1024w, https:\/\/pb.edu.pl\/via-carpatia\/wp-content\/uploads\/sites\/92\/2025\/09\/2025-09-04-Sympozjum-pracownikow-dziekanatow-fot-Pawel-Nowik-PB-768x480.jpg 768w, https:\/\/pb.edu.pl\/via-carpatia\/wp-content\/uploads\/sites\/92\/2025\/09\/2025-09-04-Sympozjum-pracownikow-dziekanatow-fot-Pawel-Nowik-PB-1536x960.jpg 1536w, https:\/\/pb.edu.pl\/via-carpatia\/wp-content\/uploads\/sites\/92\/2025\/09\/2025-09-04-Sympozjum-pracownikow-dziekanatow-fot-Pawel-Nowik-PB-2048x1280.jpg 2048w\" sizes=\"auto, (max-width: 480px) 100vw, 480px\" \/>      <\/div>\n      <h3>Uczelniane Forum Dziekanat\u00f3w Politechniki Bia\u0142ostockiej przygotowa\u0142o sympozjum pracownikom uczelni z Politechnicznej Sieci Via Carpatia<\/h3>\n      Dziekanat sercem ka\u017cdego wydzia\u0142u    <\/a>\n<\/article>          <\/div>\n                  <div class=\"col-sm-3\">\n            <article class=\"article format-standard\">\n    <span class=\"date text-right\"><i class=\"fal fa-calendar-alt\"><\/i> 22-07-2025<\/span>\n    <a href=\"https:\/\/pb.edu.pl\/via-carpatia\/2025\/07\/22\/podsumowanie-projektu-z-zakresu-efektywnosci-energetycznej-budownictwa-w-ramach-iskra-politechnicznej-sieci-via-carpatia\/\" title=\"Podsumowanie projektu z zakresu efektywno\u015bci energetycznej budownictwa w ramach ISKRA Politechnicznej Sieci VIA CARPATIA\">\n      <div class=\"article-image\">\n        <img loading=\"lazy\" decoding=\"async\" width=\"480\" height=\"300\" src=\"https:\/\/pb.edu.pl\/via-carpatia\/wp-content\/uploads\/sites\/92\/2025\/07\/2025-07-09-Iskra-Rzeszow-Politechniczna-siec-via-carpatia-2-480x300.jpg\" class=\"img-fluid wp-post-image\" alt=\"\" srcset=\"https:\/\/pb.edu.pl\/via-carpatia\/wp-content\/uploads\/sites\/92\/2025\/07\/2025-07-09-Iskra-Rzeszow-Politechniczna-siec-via-carpatia-2-480x300.jpg 480w, https:\/\/pb.edu.pl\/via-carpatia\/wp-content\/uploads\/sites\/92\/2025\/07\/2025-07-09-Iskra-Rzeszow-Politechniczna-siec-via-carpatia-2-300x188.jpg 300w, https:\/\/pb.edu.pl\/via-carpatia\/wp-content\/uploads\/sites\/92\/2025\/07\/2025-07-09-Iskra-Rzeszow-Politechniczna-siec-via-carpatia-2-1024x640.jpg 1024w, https:\/\/pb.edu.pl\/via-carpatia\/wp-content\/uploads\/sites\/92\/2025\/07\/2025-07-09-Iskra-Rzeszow-Politechniczna-siec-via-carpatia-2-768x480.jpg 768w, https:\/\/pb.edu.pl\/via-carpatia\/wp-content\/uploads\/sites\/92\/2025\/07\/2025-07-09-Iskra-Rzeszow-Politechniczna-siec-via-carpatia-2-1536x960.jpg 1536w, https:\/\/pb.edu.pl\/via-carpatia\/wp-content\/uploads\/sites\/92\/2025\/07\/2025-07-09-Iskra-Rzeszow-Politechniczna-siec-via-carpatia-2-2048x1280.jpg 2048w\" sizes=\"auto, (max-width: 480px) 100vw, 480px\" \/>      <\/div>\n      <h3>Podsumowanie projektu z zakresu efektywno\u015bci energetycznej budownictwa w ramach ISKRA Politechnicznej Sieci VIA CARPATIA<\/h3>\n      Wizyta studyjna w Politechnice Rzeszowskiej    <\/a>\n<\/article>          <\/div>\n                  <div class=\"col-sm-3\">\n            <article class=\"article format-standard\">\n    <span class=\"date text-right\"><i class=\"fal fa-calendar-alt\"><\/i> 11-07-2025<\/span>\n    <a href=\"https:\/\/pb.edu.pl\/via-carpatia\/2025\/07\/11\/naukowcy-politechniki-lubelskiej-na-stazu-naukowym-w-politechnice-bialostockiej\/\" title=\"Naukowcy Politechniki Lubelskiej na sta\u017cu naukowym w Politechnice Bia\u0142ostockiej\">\n      <div class=\"article-image\">\n        <img loading=\"lazy\" decoding=\"async\" width=\"480\" height=\"300\" src=\"https:\/\/pb.edu.pl\/via-carpatia\/wp-content\/uploads\/sites\/92\/2025\/07\/2025-07-09-portretowe-Kwedlo_04_fot.P.Jankowski-480x300.jpg\" class=\"img-fluid wp-post-image\" alt=\"Jacek K\u0119sik, Wojciech Kwedlo, Kamil \u017by\u0142a\" srcset=\"https:\/\/pb.edu.pl\/via-carpatia\/wp-content\/uploads\/sites\/92\/2025\/07\/2025-07-09-portretowe-Kwedlo_04_fot.P.Jankowski-480x300.jpg 480w, https:\/\/pb.edu.pl\/via-carpatia\/wp-content\/uploads\/sites\/92\/2025\/07\/2025-07-09-portretowe-Kwedlo_04_fot.P.Jankowski-300x188.jpg 300w, https:\/\/pb.edu.pl\/via-carpatia\/wp-content\/uploads\/sites\/92\/2025\/07\/2025-07-09-portretowe-Kwedlo_04_fot.P.Jankowski-1024x640.jpg 1024w, https:\/\/pb.edu.pl\/via-carpatia\/wp-content\/uploads\/sites\/92\/2025\/07\/2025-07-09-portretowe-Kwedlo_04_fot.P.Jankowski-768x480.jpg 768w, https:\/\/pb.edu.pl\/via-carpatia\/wp-content\/uploads\/sites\/92\/2025\/07\/2025-07-09-portretowe-Kwedlo_04_fot.P.Jankowski-1536x960.jpg 1536w, https:\/\/pb.edu.pl\/via-carpatia\/wp-content\/uploads\/sites\/92\/2025\/07\/2025-07-09-portretowe-Kwedlo_04_fot.P.Jankowski.jpg 1600w\" sizes=\"auto, (max-width: 480px) 100vw, 480px\" \/>      <\/div>\n      <h3>Naukowcy Politechniki Lubelskiej na sta\u017cu naukowym w Politechnice Bia\u0142ostockiej<\/h3>\n      Miesi\u0119czny sta\u017c odby\u0142 si\u0119 w ramach projektu \u201ePO S\u0104SIEDZKU\"    <\/a>\n<\/article>          <\/div>\n                  <div class=\"col-sm-3\">\n            <article class=\"article format-standard\">\n    <span class=\"date text-right\"><i class=\"fal fa-calendar-alt\"><\/i> 08-07-2025<\/span>\n    <a href=\"https:\/\/pb.edu.pl\/via-carpatia\/2025\/07\/08\/konkurs-naukolatek-nastoletni-naukowiec-laureaci-finalu-miedzywojewodzkiego\/\" title=\"Konkurs \u201eNAUKOLATEK \u2013 Nastoletni Naukowiec\u201d. Laureaci fina\u0142u mi\u0119dzywojew\u00f3dzkiego\">\n      <div class=\"article-image\">\n        <img loading=\"lazy\" decoding=\"async\" width=\"480\" height=\"300\" src=\"https:\/\/pb.edu.pl\/via-carpatia\/wp-content\/uploads\/sites\/92\/2025\/07\/2025-06-17-Konkurs-Naukolatek-final-III-edycji-fot-Lukasz-Jedrzejewski-1-480x300.jpg\" class=\"img-fluid wp-post-image\" alt=\"grupa os\u00f3b na wsp\u00f3lnym zdj\u0119ciu z fina\u0142u konkursu Naukolatek\" srcset=\"https:\/\/pb.edu.pl\/via-carpatia\/wp-content\/uploads\/sites\/92\/2025\/07\/2025-06-17-Konkurs-Naukolatek-final-III-edycji-fot-Lukasz-Jedrzejewski-1-480x300.jpg 480w, https:\/\/pb.edu.pl\/via-carpatia\/wp-content\/uploads\/sites\/92\/2025\/07\/2025-06-17-Konkurs-Naukolatek-final-III-edycji-fot-Lukasz-Jedrzejewski-1-300x188.jpg 300w, https:\/\/pb.edu.pl\/via-carpatia\/wp-content\/uploads\/sites\/92\/2025\/07\/2025-06-17-Konkurs-Naukolatek-final-III-edycji-fot-Lukasz-Jedrzejewski-1-1024x640.jpg 1024w, https:\/\/pb.edu.pl\/via-carpatia\/wp-content\/uploads\/sites\/92\/2025\/07\/2025-06-17-Konkurs-Naukolatek-final-III-edycji-fot-Lukasz-Jedrzejewski-1-768x480.jpg 768w, https:\/\/pb.edu.pl\/via-carpatia\/wp-content\/uploads\/sites\/92\/2025\/07\/2025-06-17-Konkurs-Naukolatek-final-III-edycji-fot-Lukasz-Jedrzejewski-1-1536x960.jpg 1536w, https:\/\/pb.edu.pl\/via-carpatia\/wp-content\/uploads\/sites\/92\/2025\/07\/2025-06-17-Konkurs-Naukolatek-final-III-edycji-fot-Lukasz-Jedrzejewski-1-2048x1280.jpg 2048w\" sizes=\"auto, (max-width: 480px) 100vw, 480px\" \/>      <\/div>\n      <h3>Konkurs \u201eNAUKOLATEK \u2013 Nastoletni Naukowiec\u201d. Laureaci fina\u0142u mi\u0119dzywojew\u00f3dzkiego<\/h3>\n      Znamy 6 najlepszych zespo\u0142\u00f3w uczniowskich III edycji konkursu z wojew\u00f3dztw: podlaskiego,    <\/a>\n<\/article>          <\/div>\n                  <div class=\"col-sm-3\">\n            <article class=\"article format-standard\">\n    <span class=\"date text-right\"><i class=\"fal fa-calendar-alt\"><\/i> 30-06-2025<\/span>\n    <a href=\"https:\/\/pb.edu.pl\/via-carpatia\/2025\/06\/30\/wschodzacy-innowatorzy-2025-wyniki-konkursu-dla-uczniow-szkol-ponadpodstawowych\/\" title=\"Wschodz\u0105cy Innowatorzy 2025. Wyniki konkursu dla uczni\u00f3w szk\u00f3\u0142 ponadpodstawowych\">\n      <div class=\"article-image\">\n        <img loading=\"lazy\" decoding=\"async\" width=\"480\" height=\"300\" src=\"https:\/\/pb.edu.pl\/via-carpatia\/wp-content\/uploads\/sites\/92\/2025\/06\/2025-06-30-Wschodzacy-Innowatorzy-III-Final-konkursu-fot-Jerzy-Doroszkiewicz-PB-43-480x300.jpg\" class=\"img-fluid wp-post-image\" alt=\"\" srcset=\"https:\/\/pb.edu.pl\/via-carpatia\/wp-content\/uploads\/sites\/92\/2025\/06\/2025-06-30-Wschodzacy-Innowatorzy-III-Final-konkursu-fot-Jerzy-Doroszkiewicz-PB-43-480x300.jpg 480w, https:\/\/pb.edu.pl\/via-carpatia\/wp-content\/uploads\/sites\/92\/2025\/06\/2025-06-30-Wschodzacy-Innowatorzy-III-Final-konkursu-fot-Jerzy-Doroszkiewicz-PB-43-300x188.jpg 300w, https:\/\/pb.edu.pl\/via-carpatia\/wp-content\/uploads\/sites\/92\/2025\/06\/2025-06-30-Wschodzacy-Innowatorzy-III-Final-konkursu-fot-Jerzy-Doroszkiewicz-PB-43-1024x640.jpg 1024w, https:\/\/pb.edu.pl\/via-carpatia\/wp-content\/uploads\/sites\/92\/2025\/06\/2025-06-30-Wschodzacy-Innowatorzy-III-Final-konkursu-fot-Jerzy-Doroszkiewicz-PB-43-768x480.jpg 768w, https:\/\/pb.edu.pl\/via-carpatia\/wp-content\/uploads\/sites\/92\/2025\/06\/2025-06-30-Wschodzacy-Innowatorzy-III-Final-konkursu-fot-Jerzy-Doroszkiewicz-PB-43-1536x960.jpg 1536w, https:\/\/pb.edu.pl\/via-carpatia\/wp-content\/uploads\/sites\/92\/2025\/06\/2025-06-30-Wschodzacy-Innowatorzy-III-Final-konkursu-fot-Jerzy-Doroszkiewicz-PB-43-2048x1280.jpg 2048w\" sizes=\"auto, (max-width: 480px) 100vw, 480px\" \/>      <\/div>\n      <h3>Wschodz\u0105cy Innowatorzy 2025. Wyniki konkursu dla uczni\u00f3w szk\u00f3\u0142 ponadpodstawowych<\/h3>\n      Inteligentny system monitorowania uli, ekodonica, kt\u00f3ra znika w glebie i monitorowanie    <\/a>\n<\/article>          <\/div>\n                  <\/div>\n    \n\t<nav class=\"navigation pagination\" aria-label=\"Stronicowanie wpis\u00f3w\">\n\t\t<h2 class=\"screen-reader-text\">Stronicowanie wpis\u00f3w<\/h2>\n\t\t<div class=\"nav-links\"><span aria-current=\"page\" class=\"page-numbers current\">1<\/span>\n<a class=\"page-numbers\" href=\"https:\/\/pb.edu.pl\/via-carpatia\/wp-json\/wp\/v2\/pages\/363\/page\/2\/\">2<\/a>\n<a class=\"page-numbers\" href=\"https:\/\/pb.edu.pl\/via-carpatia\/wp-json\/wp\/v2\/pages\/363\/page\/3\/\">3<\/a>\n<span class=\"page-numbers dots\">&hellip;<\/span>\n<a class=\"page-numbers\" href=\"https:\/\/pb.edu.pl\/via-carpatia\/wp-json\/wp\/v2\/pages\/363\/page\/12\/\">12<\/a>\n<a class=\"next page-numbers\" href=\"https:\/\/pb.edu.pl\/via-carpatia\/wp-json\/wp\/v2\/pages\/363\/page\/2\/\">Nast\u0119pne<\/a><\/div>\n\t<\/nav>      <\/div>\n\n","protected":false},"excerpt":{"rendered":"","protected":false},"author":2,"featured_media":0,"parent":0,"menu_order":0,"comment_status":"closed","ping_status":"closed","template":"","meta":{"_acf_changed":false,"ngg_post_thumbnail":0,"footnotes":""},"class_list":["post-363","page","type-page","status-publish","hentry"],"acf":[],"_links":{"self":[{"href":"https:\/\/pb.edu.pl\/via-carpatia\/wp-json\/wp\/v2\/pages\/363","targetHints":{"allow":["GET"]}}],"collection":[{"href":"https:\/\/pb.edu.pl\/via-carpatia\/wp-json\/wp\/v2\/pages"}],"about":[{"href":"https:\/\/pb.edu.pl\/via-carpatia\/wp-json\/wp\/v2\/types\/page"}],"author":[{"embeddable":true,"href":"https:\/\/pb.edu.pl\/via-carpatia\/wp-json\/wp\/v2\/users\/2"}],"replies":[{"embeddable":true,"href":"https:\/\/pb.edu.pl\/via-carpatia\/wp-json\/wp\/v2\/comments?post=363"}],"version-history":[{"count":0,"href":"https:\/\/pb.edu.pl\/via-carpatia\/wp-json\/wp\/v2\/pages\/363\/revisions"}],"wp:attachment":[{"href":"https:\/\/pb.edu.pl\/via-carpatia\/wp-json\/wp\/v2\/media?parent=363"}],"curies":[{"name":"wp","href":"https:\/\/api.w.org\/{rel}","templated":true}]}}