{"id":3598,"date":"2024-09-25T14:28:04","date_gmt":"2024-09-25T12:28:04","guid":{"rendered":"https:\/\/pb.edu.pl\/via-carpatia\/?page_id=3598"},"modified":"2024-09-26T12:07:13","modified_gmt":"2024-09-26T10:07:13","slug":"3-edycja-wschodzacy-innowatorzy","status":"publish","type":"page","link":"https:\/\/pb.edu.pl\/via-carpatia\/dzialania\/komercjalizacja\/biznak\/3-edycja-wschodzacy-innowatorzy\/","title":{"rendered":"Konkurs \u201eWschodz\u0105cy Innowatorzy\u201d &#8211; trzecia edycja"},"content":{"rendered":"<p>Po raz kolejny m\u0142odzi innowatorzy maj\u0105 szans\u0119 na nagrody! Rozpoczynamy III edycj\u0119 konkursu \u201eWschodz\u0105cy Innowatorzy\u201d, w kt\u00f3rej uczniowie ze szk\u00f3\u0142 ponadpodstawowych proponuj\u0105 innowacyjne, ale przede wszystkim praktyczne rozwi\u0105zania dla przedsi\u0119biorstw z regionu! Zapraszamy do wsp\u00f3\u0142pracy Firmy, Instytucje oraz Szko\u0142y!<\/p>\n<p><strong>ZG\u0141OSZENIA FIRM<\/strong><\/p>\n<p>W pierwszym etapie konkursu czekamy na zg\u0142oszenia zada\u0144 konkursowych nadsy\u0142anych przez Firmy i Instytucje z wojew\u00f3dztwa podlaskiego. Zach\u0119camy te\u017c Szko\u0142y do nawi\u0105zywania kontaktu z zaprzyja\u017anionymi Firmami (w kt\u00f3rych np. uczniowie odbywaj\u0105 praktyki zawodowe) i wsp\u00f3lnego opracowania zg\u0142oszenia, kt\u00f3re dotyczy konkretnego problemu przedsi\u0119biorstwa z Podlasia. Dzi\u0119ki naszej wsp\u00f3\u0142pracy mo\u017cemy wspiera\u0107 zdoln\u0105 m\u0142odzie\u017c, kt\u00f3ra zdobywa w konkursie techniczne do\u015bwiadczenie.<\/p>\n<p>Firmy i Instytucje przy opracowaniu zakresu zada\u0144 praktycznych mog\u0105 skorzysta\u0107 ze wsparcia ekspert\u00f3w zewn\u0119trznych, z kt\u00f3rymi w tej edycji Konkursu wsp\u00f3\u0142pracuje Politechnika Bia\u0142ostocka:<\/p>\n<p>&#8211; Pawe\u0142 Mytnik z Oddzia\u0142u Bia\u0142ostockiego Stowarzyszenia Elektryk\u00f3w Polskich,<\/p>\n<p>&#8211; Marta Bielecka z Instytutu Innowacji i Technologii PB Sp. z o.o.,<\/p>\n<p>&#8211; Sebastian Rynkiewicz z Evoluma Klaster przemys\u0142owy.<\/p>\n<p><strong>Zg\u0142oszenia Firm, Instytucji i Szk\u00f3\u0142 nale\u017cy przes\u0142a\u0107 do 5 listopada 2024 r. na adres: komercjalizacja.viacarpatia@pb.edu.pl&nbsp;<\/strong><\/p>\n<p><strong>ZG\u0141OSZENIA UCZNI\u00d3W \u2013 START KONKURSU<\/strong><\/p>\n<p>Konkurs wystartuje 7 listopada 2024 r.! Wtedy rozpoczniemy przyjmowanie zg\u0142osze\u0144 (indywidualnych lub zespo\u0142\u00f3w uczniowskich) do III edycji konkursu.<\/p>\n<p>Na zg\u0142oszenia uczni\u00f3w do konkursu wraz z prezentacj\u0105 koncepcji pracy czekamy do <strong>12.12.2024 r., do godz. 23.59.<\/strong><\/p>\n<p><strong>Chcesz wiedzie\u0107 wi\u0119cej? Sprawd\u017a, jak wygl\u0105da\u0142y poprzednie edycje:<\/strong><\/p>\n<ul>\n<li><a href=\"https:\/\/pb.edu.pl\/via-carpatia\/dzialania\/komercjalizacja\/biznak\/1-edycja-wschodzacy-innowatorzy\/\">I edycja konkursu \u201eWschodz\u0105cy Innowatorzy\u201d<\/a><\/li>\n<li><a href=\"https:\/\/pb.edu.pl\/via-carpatia\/dzialania\/komercjalizacja\/biznak\/2-edycja-wschodzacy-innowatorzy\/\">II edycja konkursu \u201eWschodz\u0105cy Innowatorzy\u201d<\/a><\/li>\n<\/ul>\n<p><span style=\"font-size: 10pt\"><em>Konkurs \u201eWschodz\u0105cy Innowatorzy\u201d jest realizowany jako dzia\u0142anie \u201eBIZNAK \u2013 Rozwijanie i wspieranie aktywno\u015bci komercjalizacyjnej uczni\u00f3w szk\u00f3\u0142 ponadpodstawowych\u201d w ramach Politechnicznej Sieci VIA CARPATIA im. Prezydenta RP Lecha Kaczy\u0144skiego.<\/em><\/span><\/p>\n<p>&nbsp;<\/p>\n\n  <div class=\"box news-box\">\n    <div class=\"row\">\n      \n                        <div class=\"col-sm-4\">\n            <article class=\"article format-standard\">\n    <span class=\"date text-right\"><i class=\"fal fa-calendar-alt\"><\/i> 23-09-2025<\/span>\n    <a href=\"https:\/\/pb.edu.pl\/via-carpatia\/2025\/09\/23\/politechnika-bialostocka-komercjalizuje-pomysly-uczniow-szkol-ponadpodstawowych\/\" title=\"Politechnika Bia\u0142ostocka komercjalizuje pomys\u0142y uczni\u00f3w szk\u00f3\u0142 ponadpodstawowych\">\n      <div class=\"article-image\">\n        <img loading=\"lazy\" decoding=\"async\" width=\"480\" height=\"300\" src=\"https:\/\/pb.edu.pl\/via-carpatia\/wp-content\/uploads\/sites\/92\/2025\/09\/2025-09-23-Innowacje-w-Praktyce-Politechniczna-siec-Via-Carpatia-fot-Dariusz-Piekut-PB-21-480x300.jpg\" class=\"img-fluid wp-post-image\" alt=\"2025-09-23-Innowacje-w-Praktyce-Politechniczna-sie\u0107-Via-Carpatia-fot-Dariusz-Piekut-PB\" \/>      <\/div>\n      <h3>Politechnika Bia\u0142ostocka komercjalizuje pomys\u0142y uczni\u00f3w szk\u00f3\u0142 ponadpodstawowych<\/h3>\n      Laureaci konkursu Wschodz\u0105cy Innowatorzy Politechnicznej Sieci VIA CARPATIA     <\/a>\n<\/article>          <\/div>\n                  <div class=\"col-sm-4\">\n            <article class=\"article format-standard\">\n    <span class=\"date text-right\"><i class=\"fal fa-calendar-alt\"><\/i> 25-06-2025<\/span>\n    <a href=\"https:\/\/pb.edu.pl\/via-carpatia\/2025\/06\/25\/konkurs-wschodzacy-innowatorzy-zaproszenie-na-gale-finalowa\/\" title=\"Konkurs &#8222;Wschodz\u0105cy Innowatorzy&#8221;. Zaproszenie na gal\u0119 fina\u0142ow\u0105\">\n      <div class=\"article-image\">\n        <img loading=\"lazy\" decoding=\"async\" width=\"480\" height=\"300\" src=\"https:\/\/pb.edu.pl\/via-carpatia\/wp-content\/uploads\/sites\/92\/2025\/06\/2025-06-wschodzacy-innowatorzy-gala-finalowa-www-480x300.jpg\" class=\"img-fluid wp-post-image\" alt=\"\" srcset=\"https:\/\/pb.edu.pl\/via-carpatia\/wp-content\/uploads\/sites\/92\/2025\/06\/2025-06-wschodzacy-innowatorzy-gala-finalowa-www-480x300.jpg 480w, https:\/\/pb.edu.pl\/via-carpatia\/wp-content\/uploads\/sites\/92\/2025\/06\/2025-06-wschodzacy-innowatorzy-gala-finalowa-www-300x188.jpg 300w, https:\/\/pb.edu.pl\/via-carpatia\/wp-content\/uploads\/sites\/92\/2025\/06\/2025-06-wschodzacy-innowatorzy-gala-finalowa-www-1024x640.jpg 1024w, https:\/\/pb.edu.pl\/via-carpatia\/wp-content\/uploads\/sites\/92\/2025\/06\/2025-06-wschodzacy-innowatorzy-gala-finalowa-www-768x480.jpg 768w, https:\/\/pb.edu.pl\/via-carpatia\/wp-content\/uploads\/sites\/92\/2025\/06\/2025-06-wschodzacy-innowatorzy-gala-finalowa-www-1536x960.jpg 1536w, https:\/\/pb.edu.pl\/via-carpatia\/wp-content\/uploads\/sites\/92\/2025\/06\/2025-06-wschodzacy-innowatorzy-gala-finalowa-www-2048x1280.jpg 2048w\" sizes=\"auto, (max-width: 480px) 100vw, 480px\" \/>      <\/div>\n      <h3>Konkurs &#8222;Wschodz\u0105cy Innowatorzy&#8221;. Zaproszenie na gal\u0119 fina\u0142ow\u0105<\/h3>\n      30 czerwca 2025 r. nagrodzimy uczestnik\u00f3w 3. edycji konkursu     <\/a>\n<\/article>          <\/div>\n                  <div class=\"col-sm-4\">\n            <article class=\"article format-standard\">\n    <span class=\"date text-right\"><i class=\"fal fa-calendar-alt\"><\/i> 24-06-2025<\/span>\n    <a href=\"https:\/\/pb.edu.pl\/via-carpatia\/2025\/06\/24\/wschodzacy-innowatorzy-w-politechnice-bialostockiej-prezentowali-praktyczne-pomysly-dla-firm\/\" title=\"\u201eWschodz\u0105cy Innowatorzy\u201d w Politechnice Bia\u0142ostockiej prezentowali praktyczne pomys\u0142y dla firm\">\n      <div class=\"article-image\">\n        <img loading=\"lazy\" decoding=\"async\" width=\"480\" height=\"300\" src=\"https:\/\/pb.edu.pl\/via-carpatia\/wp-content\/uploads\/sites\/92\/2025\/06\/2025-06-24-III-Etap-Konkursu-Wschodzacy-Innowatorzy-fot-Dariusz-Piekut-PB-134-480x300.jpg\" class=\"img-fluid wp-post-image\" alt=\"\" srcset=\"https:\/\/pb.edu.pl\/via-carpatia\/wp-content\/uploads\/sites\/92\/2025\/06\/2025-06-24-III-Etap-Konkursu-Wschodzacy-Innowatorzy-fot-Dariusz-Piekut-PB-134-480x300.jpg 480w, https:\/\/pb.edu.pl\/via-carpatia\/wp-content\/uploads\/sites\/92\/2025\/06\/2025-06-24-III-Etap-Konkursu-Wschodzacy-Innowatorzy-fot-Dariusz-Piekut-PB-134-300x188.jpg 300w, https:\/\/pb.edu.pl\/via-carpatia\/wp-content\/uploads\/sites\/92\/2025\/06\/2025-06-24-III-Etap-Konkursu-Wschodzacy-Innowatorzy-fot-Dariusz-Piekut-PB-134-1024x640.jpg 1024w, https:\/\/pb.edu.pl\/via-carpatia\/wp-content\/uploads\/sites\/92\/2025\/06\/2025-06-24-III-Etap-Konkursu-Wschodzacy-Innowatorzy-fot-Dariusz-Piekut-PB-134-768x480.jpg 768w, https:\/\/pb.edu.pl\/via-carpatia\/wp-content\/uploads\/sites\/92\/2025\/06\/2025-06-24-III-Etap-Konkursu-Wschodzacy-Innowatorzy-fot-Dariusz-Piekut-PB-134-1536x960.jpg 1536w, https:\/\/pb.edu.pl\/via-carpatia\/wp-content\/uploads\/sites\/92\/2025\/06\/2025-06-24-III-Etap-Konkursu-Wschodzacy-Innowatorzy-fot-Dariusz-Piekut-PB-134-2048x1280.jpg 2048w\" sizes=\"auto, (max-width: 480px) 100vw, 480px\" \/>      <\/div>\n      <h3>\u201eWschodz\u0105cy Innowatorzy\u201d w Politechnice Bia\u0142ostockiej prezentowali praktyczne pomys\u0142y dla firm<\/h3>\n      Zwyci\u0119zc\u00f3w poznamy na gali fina\u0142owej 30 czerwca 2025 r.    <\/a>\n<\/article>          <\/div>\n                  <div class=\"col-sm-4\">\n            <article class=\"article format-standard\">\n    <span class=\"date text-right\"><i class=\"fal fa-calendar-alt\"><\/i> 14-01-2025<\/span>\n    <a href=\"https:\/\/pb.edu.pl\/via-carpatia\/2025\/01\/14\/wyniki-kwalifikacji-do-ii-etapu-konkursu-wschodzacy-innowatorzy\/\" title=\"Wyniki kwalifikacji w III edycji konkursu \u201eWschodz\u0105cy Innowatorzy\u201d\">\n      <div class=\"article-image\">\n        <img loading=\"lazy\" decoding=\"async\" width=\"480\" height=\"300\" src=\"https:\/\/pb.edu.pl\/via-carpatia\/wp-content\/uploads\/sites\/92\/2025\/01\/2025-01-14_wschodzacy-innowatorzy-wyniki_www-1-480x300.jpg\" class=\"img-fluid wp-post-image\" alt=\"\" srcset=\"https:\/\/pb.edu.pl\/via-carpatia\/wp-content\/uploads\/sites\/92\/2025\/01\/2025-01-14_wschodzacy-innowatorzy-wyniki_www-1-480x300.jpg 480w, https:\/\/pb.edu.pl\/via-carpatia\/wp-content\/uploads\/sites\/92\/2025\/01\/2025-01-14_wschodzacy-innowatorzy-wyniki_www-1-300x188.jpg 300w, https:\/\/pb.edu.pl\/via-carpatia\/wp-content\/uploads\/sites\/92\/2025\/01\/2025-01-14_wschodzacy-innowatorzy-wyniki_www-1-1024x640.jpg 1024w, https:\/\/pb.edu.pl\/via-carpatia\/wp-content\/uploads\/sites\/92\/2025\/01\/2025-01-14_wschodzacy-innowatorzy-wyniki_www-1-768x480.jpg 768w, https:\/\/pb.edu.pl\/via-carpatia\/wp-content\/uploads\/sites\/92\/2025\/01\/2025-01-14_wschodzacy-innowatorzy-wyniki_www-1-1536x960.jpg 1536w, https:\/\/pb.edu.pl\/via-carpatia\/wp-content\/uploads\/sites\/92\/2025\/01\/2025-01-14_wschodzacy-innowatorzy-wyniki_www-1-2048x1280.jpg 2048w\" sizes=\"auto, (max-width: 480px) 100vw, 480px\" \/>      <\/div>\n      <h3>Wyniki kwalifikacji w III edycji konkursu \u201eWschodz\u0105cy Innowatorzy\u201d<\/h3>\n      20 dru\u017cyn zawalczy o nagrody!    <\/a>\n<\/article>          <\/div>\n                  <div class=\"col-sm-4\">\n            <article class=\"article format-standard\">\n    <span class=\"date text-right\"><i class=\"fal fa-calendar-alt\"><\/i> 12-12-2024<\/span>\n    <a href=\"https:\/\/pb.edu.pl\/via-carpatia\/2024\/12\/12\/przedluzamy-termin-zgloszen-do-20-grudnia-czekamy-na-pomysly-uczniow-w-iii-edycji-konkursu-wschodzacy-innowatorzy\/\" title=\"Przed\u0142u\u017camy termin zg\u0142osze\u0144! Do 20 grudnia czekamy na pomys\u0142y uczni\u00f3w w III edycji konkursu \u201eWschodz\u0105cy Innowatorzy\u201d\">\n      <div class=\"article-image\">\n        <img loading=\"lazy\" decoding=\"async\" width=\"480\" height=\"300\" src=\"https:\/\/pb.edu.pl\/via-carpatia\/wp-content\/uploads\/sites\/92\/2024\/12\/2024-12-wschodzacy-innowatorzy-zgloszenia-www-480x300.jpg\" class=\"img-fluid wp-post-image\" alt=\"\" srcset=\"https:\/\/pb.edu.pl\/via-carpatia\/wp-content\/uploads\/sites\/92\/2024\/12\/2024-12-wschodzacy-innowatorzy-zgloszenia-www-480x300.jpg 480w, https:\/\/pb.edu.pl\/via-carpatia\/wp-content\/uploads\/sites\/92\/2024\/12\/2024-12-wschodzacy-innowatorzy-zgloszenia-www-300x188.jpg 300w, https:\/\/pb.edu.pl\/via-carpatia\/wp-content\/uploads\/sites\/92\/2024\/12\/2024-12-wschodzacy-innowatorzy-zgloszenia-www-1024x640.jpg 1024w, https:\/\/pb.edu.pl\/via-carpatia\/wp-content\/uploads\/sites\/92\/2024\/12\/2024-12-wschodzacy-innowatorzy-zgloszenia-www-768x480.jpg 768w, https:\/\/pb.edu.pl\/via-carpatia\/wp-content\/uploads\/sites\/92\/2024\/12\/2024-12-wschodzacy-innowatorzy-zgloszenia-www-1536x960.jpg 1536w, https:\/\/pb.edu.pl\/via-carpatia\/wp-content\/uploads\/sites\/92\/2024\/12\/2024-12-wschodzacy-innowatorzy-zgloszenia-www-2048x1280.jpg 2048w\" sizes=\"auto, (max-width: 480px) 100vw, 480px\" \/>      <\/div>\n      <h3>Przed\u0142u\u017camy termin zg\u0142osze\u0144! Do 20 grudnia czekamy na pomys\u0142y uczni\u00f3w w III edycji konkursu \u201eWschodz\u0105cy Innowatorzy\u201d<\/h3>\n      Zaproponuj praktyczne rozwi\u0105zanie dla jednej z firm z regionu i wygraj    <\/a>\n<\/article>          <\/div>\n                  <div class=\"col-sm-4\">\n            <article class=\"article format-standard\">\n    <span class=\"date text-right\"><i class=\"fal fa-calendar-alt\"><\/i> 08-11-2024<\/span>\n    <a href=\"https:\/\/pb.edu.pl\/via-carpatia\/2024\/11\/08\/czekamy-na-zgloszenia-uczniow-do-iii-edycji-konkursu-wschodzacy-innowatorzy\/\" title=\"Czekamy na zg\u0142oszenia uczni\u00f3w do III edycji Konkursu Wschodz\u0105cy Innowatorzy\">\n      <div class=\"article-image\">\n        <img loading=\"lazy\" decoding=\"async\" width=\"480\" height=\"300\" src=\"https:\/\/pb.edu.pl\/via-carpatia\/wp-content\/uploads\/sites\/92\/2024\/11\/2024-09_wschodzacy-innowatorzy-start_www-1-480x300.jpg\" class=\"img-fluid wp-post-image\" alt=\"III edycja Konkursu Wschodz\u0105cy Innowatorzy\" srcset=\"https:\/\/pb.edu.pl\/via-carpatia\/wp-content\/uploads\/sites\/92\/2024\/11\/2024-09_wschodzacy-innowatorzy-start_www-1-480x300.jpg 480w, https:\/\/pb.edu.pl\/via-carpatia\/wp-content\/uploads\/sites\/92\/2024\/11\/2024-09_wschodzacy-innowatorzy-start_www-1-300x188.jpg 300w, https:\/\/pb.edu.pl\/via-carpatia\/wp-content\/uploads\/sites\/92\/2024\/11\/2024-09_wschodzacy-innowatorzy-start_www-1-1024x640.jpg 1024w, https:\/\/pb.edu.pl\/via-carpatia\/wp-content\/uploads\/sites\/92\/2024\/11\/2024-09_wschodzacy-innowatorzy-start_www-1-768x480.jpg 768w, https:\/\/pb.edu.pl\/via-carpatia\/wp-content\/uploads\/sites\/92\/2024\/11\/2024-09_wschodzacy-innowatorzy-start_www-1-1536x960.jpg 1536w, https:\/\/pb.edu.pl\/via-carpatia\/wp-content\/uploads\/sites\/92\/2024\/11\/2024-09_wschodzacy-innowatorzy-start_www-1-2048x1280.jpg 2048w\" sizes=\"auto, (max-width: 480px) 100vw, 480px\" \/>      <\/div>\n      <h3>Czekamy na zg\u0142oszenia uczni\u00f3w do III edycji Konkursu Wschodz\u0105cy Innowatorzy<\/h3>\n      Termin nadsy\u0142ania prac up\u0142ywa 12 grudnia 2024    <\/a>\n<\/article>          <\/div>\n                  <div class=\"col-sm-4\">\n            <article class=\"article format-standard\">\n    <span class=\"date text-right\"><i class=\"fal fa-calendar-alt\"><\/i> 26-09-2024<\/span>\n    <a href=\"https:\/\/pb.edu.pl\/via-carpatia\/2024\/09\/26\/iii-edycja-konkursu-wschodzacy-innowatorzy-zapraszamy-do-wspolpracy-firmy-instytucje-oraz-szkoly\/\" title=\"III edycja konkursu \u201eWschodz\u0105cy Innowatorzy\u201d! Zapraszamy do wsp\u00f3\u0142pracy Firmy, Instytucje oraz Szko\u0142y\">\n      <div class=\"article-image\">\n        <img loading=\"lazy\" decoding=\"async\" width=\"480\" height=\"300\" src=\"https:\/\/pb.edu.pl\/via-carpatia\/wp-content\/uploads\/sites\/92\/2024\/09\/2024-09_wschodzacy-innowatorzy-firmy-i-szkoly_www-1-480x300.jpg\" class=\"img-fluid wp-post-image\" alt=\"III edycja konkursy Wschodz\u0105cy Innowatorzy - grafika\" srcset=\"https:\/\/pb.edu.pl\/via-carpatia\/wp-content\/uploads\/sites\/92\/2024\/09\/2024-09_wschodzacy-innowatorzy-firmy-i-szkoly_www-1-480x300.jpg 480w, https:\/\/pb.edu.pl\/via-carpatia\/wp-content\/uploads\/sites\/92\/2024\/09\/2024-09_wschodzacy-innowatorzy-firmy-i-szkoly_www-1-300x188.jpg 300w, https:\/\/pb.edu.pl\/via-carpatia\/wp-content\/uploads\/sites\/92\/2024\/09\/2024-09_wschodzacy-innowatorzy-firmy-i-szkoly_www-1-1024x640.jpg 1024w, https:\/\/pb.edu.pl\/via-carpatia\/wp-content\/uploads\/sites\/92\/2024\/09\/2024-09_wschodzacy-innowatorzy-firmy-i-szkoly_www-1-768x480.jpg 768w, https:\/\/pb.edu.pl\/via-carpatia\/wp-content\/uploads\/sites\/92\/2024\/09\/2024-09_wschodzacy-innowatorzy-firmy-i-szkoly_www-1-1536x960.jpg 1536w, https:\/\/pb.edu.pl\/via-carpatia\/wp-content\/uploads\/sites\/92\/2024\/09\/2024-09_wschodzacy-innowatorzy-firmy-i-szkoly_www-1-2048x1280.jpg 2048w\" sizes=\"auto, (max-width: 480px) 100vw, 480px\" \/>      <\/div>\n      <h3>III edycja konkursu \u201eWschodz\u0105cy Innowatorzy\u201d! Zapraszamy do wsp\u00f3\u0142pracy Firmy, Instytucje oraz Szko\u0142y<\/h3>\n      Czekamy na zg\u0142oszenia zada\u0144 praktycznych do 5 listopada 2024 r.    <\/a>\n<\/article>          <\/div>\n                  <\/div>\n          <\/div>\n\n<hr>\n<div class=\"h3\">Koordynator dzia\u0142ania projektowego<br \/>\nrealizowanego w Politechnice Bia\u0142ostockiej<\/div>\n<p>dr in\u017c. Wojciech Trzasko<br \/>\n<i class=\"fal fa-envelope\"><\/i> <a href=\"#\" rel=\"nofollow\"  onclick=\"this.href='mailto:' + 'w.trzasko' + '@' + 'pb.edu.pl'\">w.trzasko [at] pb.edu.pl<\/a>\n","protected":false},"excerpt":{"rendered":"<p>Po raz kolejny m\u0142odzi innowatorzy maj\u0105 szans\u0119 na nagrody! Rozpoczynamy III edycj\u0119 konkursu \u201eWschodz\u0105cy Innowatorzy\u201d, w kt\u00f3rej uczniowie ze szk\u00f3\u0142 ponadpodstawowych proponuj\u0105 innowacyjne, ale przede wszystkim praktyczne rozwi\u0105zania dla przedsi\u0119biorstw z regionu! Zapraszamy do wsp\u00f3\u0142pracy Firmy, Instytucje oraz Szko\u0142y! ZG\u0141OSZENIA FIRM W pierwszym etapie konkursu czekamy na zg\u0142oszenia zada\u0144 konkursowych nadsy\u0142anych przez Firmy i Instytucje [&hellip;]<\/p>\n","protected":false},"author":2,"featured_media":0,"parent":586,"menu_order":3,"comment_status":"closed","ping_status":"closed","template":"","meta":{"_acf_changed":false,"ngg_post_thumbnail":0,"footnotes":""},"class_list":["post-3598","page","type-page","status-publish","hentry"],"acf":[],"_links":{"self":[{"href":"https:\/\/pb.edu.pl\/via-carpatia\/wp-json\/wp\/v2\/pages\/3598","targetHints":{"allow":["GET"]}}],"collection":[{"href":"https:\/\/pb.edu.pl\/via-carpatia\/wp-json\/wp\/v2\/pages"}],"about":[{"href":"https:\/\/pb.edu.pl\/via-carpatia\/wp-json\/wp\/v2\/types\/page"}],"author":[{"embeddable":true,"href":"https:\/\/pb.edu.pl\/via-carpatia\/wp-json\/wp\/v2\/users\/2"}],"replies":[{"embeddable":true,"href":"https:\/\/pb.edu.pl\/via-carpatia\/wp-json\/wp\/v2\/comments?post=3598"}],"version-history":[{"count":0,"href":"https:\/\/pb.edu.pl\/via-carpatia\/wp-json\/wp\/v2\/pages\/3598\/revisions"}],"up":[{"embeddable":true,"href":"https:\/\/pb.edu.pl\/via-carpatia\/wp-json\/wp\/v2\/pages\/586"}],"wp:attachment":[{"href":"https:\/\/pb.edu.pl\/via-carpatia\/wp-json\/wp\/v2\/media?parent=3598"}],"curies":[{"name":"wp","href":"https:\/\/api.w.org\/{rel}","templated":true}]}}