{"id":33,"date":"2021-09-02T20:51:07","date_gmt":"2021-09-02T18:51:07","guid":{"rendered":"https:\/\/pb.edu.pl\/via-carpatia\/?page_id=33"},"modified":"2022-12-28T21:03:00","modified_gmt":"2022-12-28T20:03:00","slug":"kontakt","status":"publish","type":"page","link":"https:\/\/pb.edu.pl\/via-carpatia\/kontakt\/","title":{"rendered":"Kontakt"},"content":{"rendered":"<div class=\"h3\">Zesp\u00f3\u0142 uczelnianych koordynator\u00f3w dzia\u0142a\u0144 projektowych<br \/>\nrealizowanych w Politechnice Bia\u0142ostockiej:<\/div>\n<p><strong><a href=\"\/via-carpatia\/dzialania\/ksztalcenie\/z-technikum-na-politechniki\/\">Dzia\u0142anie 1. \u201eZ technikum na politechniki\u201d<\/a> (Obszar \u201eKszta\u0142cenie\u201d)<\/strong><br \/>\ndr in\u017c. Ma\u0142gorzata Lelusz, &nbsp; <i class=\"fal fa-envelope\"><\/i> <a href=\"#\" rel=\"nofollow\"  onclick=\"this.href='mailto:' + 'm.lelusz' + '@' + 'pb.edu.pl'\">m.lelusz [at] pb.edu.pl<\/a>\n<p><strong><a href=\"\/via-carpatia\/dzialania\/ksztalcenie\/wyrownac-szanse\/\">Dzia\u0142anie 2. \u201eWyr\u00f3wna\u0107 szanse\u201d<\/a> (Obszar \u201eKszta\u0142cenie\u201d)<\/strong><br \/>\ndr in\u017c. S\u0142awomir Kwie\u0107kowski, &nbsp; <i class=\"fal fa-envelope\"><\/i> <a href=\"#\" rel=\"nofollow\"  onclick=\"this.href='mailto:' + 's.kwieckowski' + '@' + 'pb.edu.pl'\">s.kwieckowski [at] pb.edu.pl<\/a>\n<p><strong><a href=\"\/via-carpatia\/dzialania\/ksztalcenie\/wymienmy-sie-tym-co-najlepsze\/\">Dzia\u0142anie 3. \u201eWymie\u0144my si\u0119 tym co najlepsze\u201d<\/a> (Obszar \u201eKszta\u0142cenie\u201d)<\/strong><br \/>\ndr hab. in\u017c. Jolanta Piekut, prof. PB, &nbsp; <i class=\"fal fa-envelope\"><\/i> <a href=\"#\" rel=\"nofollow\"  onclick=\"this.href='mailto:' + 'j.piekut' + '@' + 'pb.edu.pl'\">j.piekut [at] pb.edu.pl<\/a> <\/p>\n<p><strong><a href=\"\/via-carpatia\/dzialania\/ksztalcenie\/szkola-tworczego-dzialania\/\">Dzia\u0142anie 4. \u201eSzko\u0142a tw\u00f3rczego dzia\u0142ania\u201d<\/a> (Obszar \u201eKszta\u0142cenie\u201d)<\/strong><br \/>\ndr hab. in\u017c. Jaros\u0142aw Szusta, prof. PB, &nbsp; <i class=\"fal fa-envelope\"><\/i> <a href=\"#\" rel=\"nofollow\"  onclick=\"this.href='mailto:' + 'j.szusta' + '@' + 'pb.edu.pl'\">j.szusta [at] pb.edu.pl<\/a>\n&nbsp;<\/p>\n<p>&nbsp;<br \/>\n<strong><a href=\"\/via-carpatia\/dzialania\/nauka\/naukolatek\/\">Dzia\u0142anie 5. \u201eNaukolatek\u201d<\/a> (Obszar \u201eNauka\u201d)<\/strong><br \/>\ndr in\u017c. Anna Olszewska, &nbsp; <i class=\"fal fa-envelope\"><\/i> <a href=\"#\" rel=\"nofollow\"  onclick=\"this.href='mailto:' + 'a.olszewska' + '@' + 'pb.edu.pl'\">a.olszewska [at] pb.edu.pl<\/a>\n<p><strong><a href=\"\/via-carpatia\/dzialania\/nauka\/po-sasiedzku\/\">Dzia\u0142anie 6. \u201ePo s\u0105siedzku\u201d<\/a> (Obszar \u201eNauka\u201d)<\/strong><br \/>\nmgr in\u017c. Salwina Barbara Kieliszek, &nbsp; <i class=\"fal fa-envelope\"><\/i> <a href=\"#\" rel=\"nofollow\"  onclick=\"this.href='mailto:' + 'b.kieliszek' + '@' + 'pb.edu.pl'\">b.kieliszek [at] pb.edu.pl<\/a>\n<p><strong><a href=\"\/via-carpatia\/dzialania\/nauka\/iskra\/\">Dzia\u0142anie 7. \u201eIskra\u201d<\/a> (Obszar \u201eNauka\u201d)<\/strong><br \/>\nmgr in\u017c. Salwina Barbara Kieliszek, &nbsp; <i class=\"fal fa-envelope\"><\/i> <a href=\"#\" rel=\"nofollow\"  onclick=\"this.href='mailto:' + 'b.kieliszek' + '@' + 'pb.edu.pl'\">b.kieliszek [at] pb.edu.pl<\/a>\n&nbsp;<\/p>\n<p>&nbsp;<br \/>\n<strong><a href=\"\/via-carpatia\/dzialania\/komercjalizacja\/biznak\/\">Dzia\u0142anie 8. \u201eBIZNAK\u201d<\/a> (Obszar \u201eKomercjalizacja\u201d)<\/strong><br \/>\ndr in\u017c. Wojciech Trzasko, &nbsp; <i class=\"fal fa-envelope\"><\/i> <a href=\"#\" rel=\"nofollow\"  onclick=\"this.href='mailto:' + 'w.trzasko' + '@' + 'pb.edu.pl'\">w.trzasko [at] pb.edu.pl<\/a>\n<p><strong><a href=\"\/via-carpatia\/dzialania\/komercjalizacja\/komercjalizuj-z-sasiadem\/\">Dzia\u0142anie 9. \u201eKomercjalizuj z s\u0105siadem\u201d<\/a> (Obszar \u201eKomercjalizacja\u201d)<\/strong><br \/>\ndr hab. in\u017c. S\u0142awomir Obidzi\u0144ski, prof. PB, &nbsp; <i class=\"fal fa-envelope\"><\/i> <a href=\"#\" rel=\"nofollow\"  onclick=\"this.href='mailto:' + 's.obidzinski' + '@' + 'pb.edu.pl'\">s.obidzinski [at] pb.edu.pl<\/a>\n<p><strong><a href=\"\/via-carpatia\/dzialania\/komercjalizacja\/ikanet\/\">Dzia\u0142anie 10. \u201eIKANET\u201d<\/a> (Obszar \u201eKomercjalizacja\u201d)<\/strong><br \/>\ndr hab. in\u017c. Maciej Zajkowski, prof. PB., &nbsp; <i class=\"fal fa-envelope\"><\/i> <a href=\"#\" rel=\"nofollow\"  onclick=\"this.href='mailto:' + 'm.zajkowski' + '@' + 'pb.edu.pl'\">m.zajkowski [at] pb.edu.pl<\/a>\n","protected":false},"excerpt":{"rendered":"<p>Zesp\u00f3\u0142 uczelnianych koordynator\u00f3w dzia\u0142a\u0144 projektowych realizowanych w Politechnice Bia\u0142ostockiej: Dzia\u0142anie 1. \u201eZ technikum na politechniki\u201d (Obszar \u201eKszta\u0142cenie\u201d) dr in\u017c. Ma\u0142gorzata Lelusz, &nbsp; Dzia\u0142anie 2. \u201eWyr\u00f3wna\u0107 szanse\u201d (Obszar \u201eKszta\u0142cenie\u201d) dr in\u017c. S\u0142awomir Kwie\u0107kowski, &nbsp; Dzia\u0142anie 3. \u201eWymie\u0144my si\u0119 tym co najlepsze\u201d (Obszar \u201eKszta\u0142cenie\u201d) dr hab. in\u017c. Jolanta Piekut, prof. PB, &nbsp; Dzia\u0142anie 4. \u201eSzko\u0142a tw\u00f3rczego dzia\u0142ania\u201d [&hellip;]<\/p>\n","protected":false},"author":2,"featured_media":0,"parent":0,"menu_order":9,"comment_status":"closed","ping_status":"closed","template":"","meta":{"_acf_changed":false,"ngg_post_thumbnail":0,"footnotes":""},"class_list":["post-33","page","type-page","status-publish","hentry"],"acf":[],"_links":{"self":[{"href":"https:\/\/pb.edu.pl\/via-carpatia\/wp-json\/wp\/v2\/pages\/33","targetHints":{"allow":["GET"]}}],"collection":[{"href":"https:\/\/pb.edu.pl\/via-carpatia\/wp-json\/wp\/v2\/pages"}],"about":[{"href":"https:\/\/pb.edu.pl\/via-carpatia\/wp-json\/wp\/v2\/types\/page"}],"author":[{"embeddable":true,"href":"https:\/\/pb.edu.pl\/via-carpatia\/wp-json\/wp\/v2\/users\/2"}],"replies":[{"embeddable":true,"href":"https:\/\/pb.edu.pl\/via-carpatia\/wp-json\/wp\/v2\/comments?post=33"}],"version-history":[{"count":0,"href":"https:\/\/pb.edu.pl\/via-carpatia\/wp-json\/wp\/v2\/pages\/33\/revisions"}],"wp:attachment":[{"href":"https:\/\/pb.edu.pl\/via-carpatia\/wp-json\/wp\/v2\/media?parent=33"}],"curies":[{"name":"wp","href":"https:\/\/api.w.org\/{rel}","templated":true}]}}