{"id":3005,"date":"2024-04-29T08:22:13","date_gmt":"2024-04-29T06:22:13","guid":{"rendered":"https:\/\/pb.edu.pl\/via-carpatia\/?page_id=3005"},"modified":"2024-05-06T09:46:58","modified_gmt":"2024-05-06T07:46:58","slug":"3-edycja-konkursu","status":"publish","type":"page","link":"https:\/\/pb.edu.pl\/via-carpatia\/dzialania\/nauka\/naukolatek\/3-edycja-konkursu\/","title":{"rendered":"Konkurs \u201eNAUKOLATEK &#8211; Nastoletni Naukowiec\u201d &#8211; trzecia edycja"},"content":{"rendered":"<p>To ju\u017c III edycja konkursu dla m\u0142odych naukowc\u00f3w! Po raz kolejny b\u0119dziemy nagradza\u0107 zdolnych uczni\u00f3w ze szk\u00f3\u0142 ponadpodstawowych z woj. podlaskiego.<br \/>\n\u201eNAUKOLATEK\u201d \u2013 Nastoletni Naukowiec to konkurs, w kt\u00f3rym zespo\u0142y uczniowskie otrzymuj\u0105 dofinansowanie na realizacj\u0119 mini projektu badawczego. Zach\u0119camy Szko\u0142y do do\u0142\u0105czenia do nas!<\/p>\n<p><strong>Do <\/strong><strong>21 czerwca 2024 r. czekamy na zg\u0142oszenia!&nbsp;<\/strong><\/p>\n<p>Warto wzi\u0105\u0107 udzia\u0142! Nagrodzimy 20 projekt\u00f3w z Podlasia!<\/p>\n<p><strong>Do wygrania: <\/strong><\/p>\n<ul>\n<li><strong>do 10&nbsp;000 dla zespo\u0142u uczni\u00f3w<\/strong><\/li>\n<li><strong>do 2&nbsp;500 z\u0142 dla opiekuna\/nauczyciela<\/strong><\/li>\n<\/ul>\n<p>Podobnie, jak w poprzednich edycji, konkurs przebiega w dw\u00f3ch etapach: regionalnym oraz mi\u0119dzywojew\u00f3dzkim. Najlepsze projekty z Podlasia zawalcz\u0105 w wielkim finale!<\/p>\n<p><strong>Harmonogram konkursu:<\/strong><\/p>\n<ul>\n<li>Uczniowie realizuj\u0105 swoje projekty badawcze od 1 pa\u017adziernika 2024 r. do 30 marca 2025 r.<\/li>\n<li>Zespo\u0142y projektowe maj\u0105 czas na z\u0142o\u017cenie sprawozda\u0144 ko\u0144cowych do 10 kwietnia 2025 r.<\/li>\n<li>Do 30 kwietnia 2025 r. nast\u0105pi wyb\u00f3r pi\u0119ciu projekt\u00f3w badawczych wytypowanych do fina\u0142u mi\u0119dzywojew\u00f3dzkiego.<\/li>\n<li>W maju lub czerwcu 2025 roku odb\u0119dzie si\u0119 fina\u0142 konkursu, podczas konferencji ko\u0144cz\u0105cej etap mi\u0119dzywojew\u00f3dzki. Zespo\u0142y zaprezentuj\u0105 swoje projekty, spo\u015br\u00f3d kt\u00f3rych zostanie wybranych sze\u015b\u0107 najlepszych, a ich cz\u0142onkowie otrzymaj\u0105 nagrody rzeczowe.<\/li>\n<\/ul>\n<p><span style=\"font-size: 10pt\">Konkurs \u201eNAUKOLATEK\u201d \u2013 Nastoletni Naukowiec jest realizowany w obszarze NAUKA w ramach Politechnicznej Sieci VIA CARPATIA im. Prezydenta RP Lecha Kaczy\u0144skiego.<\/span><\/p>\n<p><a href=\"https:\/\/pb.edu.pl\/via-carpatia\/wp-content\/uploads\/sites\/92\/2024\/04\/Zalacznik-nr-2_do-Regulamin-Konkursu-NAUKOLATEK_Wzor-sprawozdania-z-realizacji-projektu2024.docx\">Zalacznik-nr-2_do-Regulamin-Konkursu-NAUKOLATEK_Wzor-sprawozdania-z-realizacji-projektu2024<\/a><\/p>\n<p><a title=\"\" href=\"https:\/\/pb.edu.pl\/via-carpatia\/wp-content\/uploads\/sites\/92\/2024\/04\/2024-naukolatek-regulamin.pdf\">Regulamin konkursu &#8222;Naukolatek&#8221; Nastoletni Naukowiec edycja III<\/a><\/p>\n<p><a title=\"\" href=\"https:\/\/pb.edu.pl\/via-carpatia\/wp-content\/uploads\/sites\/92\/2024\/04\/Zarzadzenienr39wersjaskanowana-1.pdf\">Zarz\u0105dzenie nr 39 konkurs &#8222;NAUKOLATEK&#8221;<\/a><\/p>\n<p><a title=\"\" href=\"https:\/\/pb.edu.pl\/via-carpatia\/wp-content\/uploads\/sites\/92\/2024\/04\/Zarzadzenienr41wersjaskanowana.pdf\">Zarz\u0105dzenie nr 41 konkurs &#8222;NAUKOLATEK&#8221;<\/a><\/p>\n<p>&nbsp;<\/p>\n\n  <div class=\"box news-box\">\n    <div class=\"row\">\n      \n                        <div class=\"col-sm-4\">\n            <article class=\"article format-standard\">\n    <span class=\"date text-right\"><i class=\"fal fa-calendar-alt\"><\/i> 08-07-2025<\/span>\n    <a href=\"https:\/\/pb.edu.pl\/via-carpatia\/2025\/07\/08\/konkurs-naukolatek-nastoletni-naukowiec-laureaci-finalu-miedzywojewodzkiego\/\" title=\"Konkurs \u201eNAUKOLATEK \u2013 Nastoletni Naukowiec\u201d. Laureaci fina\u0142u mi\u0119dzywojew\u00f3dzkiego\">\n      <div class=\"article-image\">\n        <img loading=\"lazy\" decoding=\"async\" width=\"480\" height=\"300\" src=\"https:\/\/pb.edu.pl\/via-carpatia\/wp-content\/uploads\/sites\/92\/2025\/07\/2025-06-17-Konkurs-Naukolatek-final-III-edycji-fot-Lukasz-Jedrzejewski-1-480x300.jpg\" class=\"img-fluid wp-post-image\" alt=\"grupa os\u00f3b na wsp\u00f3lnym zdj\u0119ciu z fina\u0142u konkursu Naukolatek\" srcset=\"https:\/\/pb.edu.pl\/via-carpatia\/wp-content\/uploads\/sites\/92\/2025\/07\/2025-06-17-Konkurs-Naukolatek-final-III-edycji-fot-Lukasz-Jedrzejewski-1-480x300.jpg 480w, https:\/\/pb.edu.pl\/via-carpatia\/wp-content\/uploads\/sites\/92\/2025\/07\/2025-06-17-Konkurs-Naukolatek-final-III-edycji-fot-Lukasz-Jedrzejewski-1-300x188.jpg 300w, https:\/\/pb.edu.pl\/via-carpatia\/wp-content\/uploads\/sites\/92\/2025\/07\/2025-06-17-Konkurs-Naukolatek-final-III-edycji-fot-Lukasz-Jedrzejewski-1-1024x640.jpg 1024w, https:\/\/pb.edu.pl\/via-carpatia\/wp-content\/uploads\/sites\/92\/2025\/07\/2025-06-17-Konkurs-Naukolatek-final-III-edycji-fot-Lukasz-Jedrzejewski-1-768x480.jpg 768w, https:\/\/pb.edu.pl\/via-carpatia\/wp-content\/uploads\/sites\/92\/2025\/07\/2025-06-17-Konkurs-Naukolatek-final-III-edycji-fot-Lukasz-Jedrzejewski-1-1536x960.jpg 1536w, https:\/\/pb.edu.pl\/via-carpatia\/wp-content\/uploads\/sites\/92\/2025\/07\/2025-06-17-Konkurs-Naukolatek-final-III-edycji-fot-Lukasz-Jedrzejewski-1-2048x1280.jpg 2048w\" sizes=\"auto, (max-width: 480px) 100vw, 480px\" \/>      <\/div>\n      <h3>Konkurs \u201eNAUKOLATEK \u2013 Nastoletni Naukowiec\u201d. Laureaci fina\u0142u mi\u0119dzywojew\u00f3dzkiego<\/h3>\n      Znamy 6 najlepszych zespo\u0142\u00f3w uczniowskich III edycji konkursu z wojew\u00f3dztw: podlaskiego,    <\/a>\n<\/article>          <\/div>\n                  <div class=\"col-sm-4\">\n            <article class=\"article format-standard\">\n    <span class=\"date text-right\"><i class=\"fal fa-calendar-alt\"><\/i> 30-04-2025<\/span>\n    <a href=\"https:\/\/pb.edu.pl\/via-carpatia\/2025\/04\/30\/konkurs-naukolatek-nastoletni-naukowiec-w-politechnice-bialostockiej-wyniki-regionalne-2025\/\" title=\"Konkurs NAUKOLATEK \u2013 Nastoletni Naukowiec w Politechnice Bia\u0142ostockiej. Wyniki regionalne 2025\">\n      <div class=\"article-image\">\n        <img loading=\"lazy\" decoding=\"async\" width=\"480\" height=\"300\" src=\"https:\/\/pb.edu.pl\/via-carpatia\/wp-content\/uploads\/sites\/92\/2025\/04\/2025-04-29-naukolatek-2025-fot-Pawel-Jankowski-54-480x300.jpg\" class=\"img-fluid wp-post-image\" alt=\"\" srcset=\"https:\/\/pb.edu.pl\/via-carpatia\/wp-content\/uploads\/sites\/92\/2025\/04\/2025-04-29-naukolatek-2025-fot-Pawel-Jankowski-54-480x300.jpg 480w, https:\/\/pb.edu.pl\/via-carpatia\/wp-content\/uploads\/sites\/92\/2025\/04\/2025-04-29-naukolatek-2025-fot-Pawel-Jankowski-54-300x188.jpg 300w, https:\/\/pb.edu.pl\/via-carpatia\/wp-content\/uploads\/sites\/92\/2025\/04\/2025-04-29-naukolatek-2025-fot-Pawel-Jankowski-54-1024x640.jpg 1024w, https:\/\/pb.edu.pl\/via-carpatia\/wp-content\/uploads\/sites\/92\/2025\/04\/2025-04-29-naukolatek-2025-fot-Pawel-Jankowski-54-768x480.jpg 768w, https:\/\/pb.edu.pl\/via-carpatia\/wp-content\/uploads\/sites\/92\/2025\/04\/2025-04-29-naukolatek-2025-fot-Pawel-Jankowski-54-1536x960.jpg 1536w, https:\/\/pb.edu.pl\/via-carpatia\/wp-content\/uploads\/sites\/92\/2025\/04\/2025-04-29-naukolatek-2025-fot-Pawel-Jankowski-54.jpg 2048w\" sizes=\"auto, (max-width: 480px) 100vw, 480px\" \/>      <\/div>\n      <h3>Konkurs NAUKOLATEK \u2013 Nastoletni Naukowiec w Politechnice Bia\u0142ostockiej. Wyniki regionalne 2025<\/h3>\n      Uczniowie z Podlasia zaprezentowali pomys\u0142y na innowacje w III edycji konkursu    <\/a>\n<\/article>          <\/div>\n                  <div class=\"col-sm-4\">\n            <article class=\"article format-standard\">\n    <span class=\"date text-right\"><i class=\"fal fa-calendar-alt\"><\/i> 24-04-2025<\/span>\n    <a href=\"https:\/\/pb.edu.pl\/via-carpatia\/2025\/04\/24\/regionalny-final-konkursu-naukolatek-w-politechnice-bialostockiej\/\" title=\"Regionalny fina\u0142 konkursu \u201eNAUKOLATEK\u201d w Politechnice Bia\u0142ostockiej!\">\n      <div class=\"article-image\">\n        <img loading=\"lazy\" decoding=\"async\" width=\"480\" height=\"300\" src=\"https:\/\/pb.edu.pl\/via-carpatia\/wp-content\/uploads\/sites\/92\/2025\/04\/2025-04-naukolatek-3-edycja-final-regionalny-www-480x300.jpg\" class=\"img-fluid wp-post-image\" alt=\"\" srcset=\"https:\/\/pb.edu.pl\/via-carpatia\/wp-content\/uploads\/sites\/92\/2025\/04\/2025-04-naukolatek-3-edycja-final-regionalny-www-480x300.jpg 480w, https:\/\/pb.edu.pl\/via-carpatia\/wp-content\/uploads\/sites\/92\/2025\/04\/2025-04-naukolatek-3-edycja-final-regionalny-www-300x188.jpg 300w, https:\/\/pb.edu.pl\/via-carpatia\/wp-content\/uploads\/sites\/92\/2025\/04\/2025-04-naukolatek-3-edycja-final-regionalny-www-1024x640.jpg 1024w, https:\/\/pb.edu.pl\/via-carpatia\/wp-content\/uploads\/sites\/92\/2025\/04\/2025-04-naukolatek-3-edycja-final-regionalny-www-768x480.jpg 768w, https:\/\/pb.edu.pl\/via-carpatia\/wp-content\/uploads\/sites\/92\/2025\/04\/2025-04-naukolatek-3-edycja-final-regionalny-www.jpg 1080w\" sizes=\"auto, (max-width: 480px) 100vw, 480px\" \/>      <\/div>\n      <h3>Regionalny fina\u0142 konkursu \u201eNAUKOLATEK\u201d w Politechnice Bia\u0142ostockiej!<\/h3>\n      29 kwietnia 2025 r. uczniowie z Podlasia zaprezentuj\u0105 swoje pomys\u0142y    <\/a>\n<\/article>          <\/div>\n                  <div class=\"col-sm-4\">\n            <article class=\"article format-standard\">\n    <span class=\"date text-right\"><i class=\"fal fa-calendar-alt\"><\/i> 11-07-2024<\/span>\n    <a href=\"https:\/\/pb.edu.pl\/via-carpatia\/2024\/07\/11\/20-zespolow-przechodzi-do-kolejnego-etapu-w-iii-edycji-konkursu-naukolatek\/\" title=\"20 zespo\u0142\u00f3w przechodzi do kolejnego etapu w III edycji konkursu NAUKOLATEK!\">\n      <div class=\"article-image\">\n        <img loading=\"lazy\" decoding=\"async\" width=\"480\" height=\"300\" src=\"https:\/\/pb.edu.pl\/via-carpatia\/wp-content\/uploads\/sites\/92\/2024\/07\/2024-07-naukolatek-3-edycja-lista-2160x1350-1-480x300.jpg\" class=\"img-fluid wp-post-image\" alt=\"Zespo\u0142y zakwalifikowane w III edycji konkursu Naukolatek - grafika\" srcset=\"https:\/\/pb.edu.pl\/via-carpatia\/wp-content\/uploads\/sites\/92\/2024\/07\/2024-07-naukolatek-3-edycja-lista-2160x1350-1-480x300.jpg 480w, https:\/\/pb.edu.pl\/via-carpatia\/wp-content\/uploads\/sites\/92\/2024\/07\/2024-07-naukolatek-3-edycja-lista-2160x1350-1-300x188.jpg 300w, https:\/\/pb.edu.pl\/via-carpatia\/wp-content\/uploads\/sites\/92\/2024\/07\/2024-07-naukolatek-3-edycja-lista-2160x1350-1-1024x640.jpg 1024w, https:\/\/pb.edu.pl\/via-carpatia\/wp-content\/uploads\/sites\/92\/2024\/07\/2024-07-naukolatek-3-edycja-lista-2160x1350-1-768x480.jpg 768w, https:\/\/pb.edu.pl\/via-carpatia\/wp-content\/uploads\/sites\/92\/2024\/07\/2024-07-naukolatek-3-edycja-lista-2160x1350-1-1536x960.jpg 1536w, https:\/\/pb.edu.pl\/via-carpatia\/wp-content\/uploads\/sites\/92\/2024\/07\/2024-07-naukolatek-3-edycja-lista-2160x1350-1-2048x1280.jpg 2048w\" sizes=\"auto, (max-width: 480px) 100vw, 480px\" \/>      <\/div>\n      <h3>20 zespo\u0142\u00f3w przechodzi do kolejnego etapu w III edycji konkursu NAUKOLATEK!<\/h3>\n      M\u0142odzi naukowcy realizuj\u0105 swoje projekty badawcze do 30 marca 2025 r.    <\/a>\n<\/article>          <\/div>\n                  <div class=\"col-sm-4\">\n            <article class=\"article format-standard\">\n    <span class=\"date text-right\"><i class=\"fal fa-calendar-alt\"><\/i> 29-04-2024<\/span>\n    <a href=\"https:\/\/pb.edu.pl\/via-carpatia\/2024\/04\/29\/3021\/\" title=\"Ruszy\u0142a III edycja konkursu \u201eNAUKOLATEK\u201d \u2013 Nastoletni Naukowiec\">\n      <div class=\"article-image\">\n        <img loading=\"lazy\" decoding=\"async\" width=\"480\" height=\"300\" src=\"https:\/\/pb.edu.pl\/via-carpatia\/wp-content\/uploads\/sites\/92\/2024\/04\/2024-04-29-naukolatek-3-edycja-www-1080-675-2-1-480x300.jpg\" class=\"img-fluid wp-post-image\" alt=\"III edycja Naukolatek nastoletni naukowiec konkurs- grafika\" srcset=\"https:\/\/pb.edu.pl\/via-carpatia\/wp-content\/uploads\/sites\/92\/2024\/04\/2024-04-29-naukolatek-3-edycja-www-1080-675-2-1-480x300.jpg 480w, https:\/\/pb.edu.pl\/via-carpatia\/wp-content\/uploads\/sites\/92\/2024\/04\/2024-04-29-naukolatek-3-edycja-www-1080-675-2-1-300x188.jpg 300w, https:\/\/pb.edu.pl\/via-carpatia\/wp-content\/uploads\/sites\/92\/2024\/04\/2024-04-29-naukolatek-3-edycja-www-1080-675-2-1-1024x640.jpg 1024w, https:\/\/pb.edu.pl\/via-carpatia\/wp-content\/uploads\/sites\/92\/2024\/04\/2024-04-29-naukolatek-3-edycja-www-1080-675-2-1-768x480.jpg 768w, https:\/\/pb.edu.pl\/via-carpatia\/wp-content\/uploads\/sites\/92\/2024\/04\/2024-04-29-naukolatek-3-edycja-www-1080-675-2-1.jpg 1080w\" sizes=\"auto, (max-width: 480px) 100vw, 480px\" \/>      <\/div>\n      <h3>Ruszy\u0142a III edycja konkursu \u201eNAUKOLATEK\u201d \u2013 Nastoletni Naukowiec<\/h3>\n      Czekamy na zg\u0142oszenia uczni\u00f3w do 21 czerwca!    <\/a>\n<\/article>          <\/div>\n                  <\/div>\n          <\/div>\n\n<hr>\n<div class=\"h3\">Koordynator dzia\u0142ania projektowego<br \/>\nrealizowanego w Politechnice Bia\u0142ostockiej<\/div>\n<p>dr in\u017c. Anna Olszewska<br \/>\n<i class=\"fal fa-envelope\"><\/i> <a href=\"#\" rel=\"nofollow\"  onclick=\"this.href='mailto:' + 'a.olszewska' + '@' + 'pb.edu.pl'\">a.olszewska [at] pb.edu.pl<\/a>\n","protected":false},"excerpt":{"rendered":"<p>To ju\u017c III edycja konkursu dla m\u0142odych naukowc\u00f3w! Po raz kolejny b\u0119dziemy nagradza\u0107 zdolnych uczni\u00f3w ze szk\u00f3\u0142 ponadpodstawowych z woj. podlaskiego. \u201eNAUKOLATEK\u201d \u2013 Nastoletni Naukowiec to konkurs, w kt\u00f3rym zespo\u0142y uczniowskie otrzymuj\u0105 dofinansowanie na realizacj\u0119 mini projektu badawczego. Zach\u0119camy Szko\u0142y do do\u0142\u0105czenia do nas! Do 21 czerwca 2024 r. czekamy na zg\u0142oszenia!&nbsp; Warto wzi\u0105\u0107 udzia\u0142! [&hellip;]<\/p>\n","protected":false},"author":2,"featured_media":0,"parent":567,"menu_order":3,"comment_status":"closed","ping_status":"closed","template":"","meta":{"_acf_changed":false,"ngg_post_thumbnail":0,"footnotes":""},"class_list":["post-3005","page","type-page","status-publish","hentry"],"acf":[],"_links":{"self":[{"href":"https:\/\/pb.edu.pl\/via-carpatia\/wp-json\/wp\/v2\/pages\/3005","targetHints":{"allow":["GET"]}}],"collection":[{"href":"https:\/\/pb.edu.pl\/via-carpatia\/wp-json\/wp\/v2\/pages"}],"about":[{"href":"https:\/\/pb.edu.pl\/via-carpatia\/wp-json\/wp\/v2\/types\/page"}],"author":[{"embeddable":true,"href":"https:\/\/pb.edu.pl\/via-carpatia\/wp-json\/wp\/v2\/users\/2"}],"replies":[{"embeddable":true,"href":"https:\/\/pb.edu.pl\/via-carpatia\/wp-json\/wp\/v2\/comments?post=3005"}],"version-history":[{"count":0,"href":"https:\/\/pb.edu.pl\/via-carpatia\/wp-json\/wp\/v2\/pages\/3005\/revisions"}],"up":[{"embeddable":true,"href":"https:\/\/pb.edu.pl\/via-carpatia\/wp-json\/wp\/v2\/pages\/567"}],"wp:attachment":[{"href":"https:\/\/pb.edu.pl\/via-carpatia\/wp-json\/wp\/v2\/media?parent=3005"}],"curies":[{"name":"wp","href":"https:\/\/api.w.org\/{rel}","templated":true}]}}