{"id":25,"date":"2021-09-02T20:49:10","date_gmt":"2021-09-02T18:49:10","guid":{"rendered":"https:\/\/pb.edu.pl\/via-carpatia\/?page_id=25"},"modified":"2023-09-19T09:07:13","modified_gmt":"2023-09-19T07:07:13","slug":"dzialania","status":"publish","type":"page","link":"https:\/\/pb.edu.pl\/via-carpatia\/dzialania\/","title":{"rendered":"Dzia\u0142ania"},"content":{"rendered":"<div class=\"h2 text-center\">Programy realizowane w ramach \u201ePolitechnicznej Sieci Via Carpatia\u201d<\/div>\n<p>&nbsp;<\/p>\n<div class=\"h2 text-center seledyn\">KSZTA\u0141CENIE &#8211; Lider <a href=\"https:\/\/pb.edu.pl\/\">Politechnika Bia\u0142ostocka<\/a><\/div>\n<div id=\"box\">      <div class=\"boxes\">\n              <a href=\"https:\/\/pb.edu.pl\/via-carpatia\/dzialania\/ksztalcenie\/z-technikum-na-politechniki\/\" target=\"\" title=\"Z technikum na Politechniki\" class=\"boxes-item\" style=\"--color:#222b56\"><span class=\"icon\"><i class=\"fa-light fa-building-columns\"><\/i><\/span> Z technikum na Politechniki<\/a>\n              <a href=\"https:\/\/pb.edu.pl\/via-carpatia\/dzialania\/ksztalcenie\/wyrownac-szanse\/\" target=\"\" title=\"Wyr\u00f3wna\u0107 szanse\" class=\"boxes-item\" style=\"--color:#222b56\"><span class=\"icon\"><i class=\"fa-light fa-atom\"><\/i><\/span> Wyr\u00f3wna\u0107 szanse<\/a>\n              <a href=\"https:\/\/pb.edu.pl\/via-carpatia\/dzialania\/ksztalcenie\/wymienmy-sie-tym-co-najlepsze\/\" target=\"\" title=\"Wymie\u0144my si\u0119 tym, co najlepsze\" class=\"boxes-item\" style=\"--color:#222b56\"><span class=\"icon\"><i class=\"fa-light fa-brain-circuit\"><\/i><\/span> Wymie\u0144my si\u0119 tym, co najlepsze<\/a>\n              <a href=\"https:\/\/pb.edu.pl\/via-carpatia\/dzialania\/ksztalcenie\/szkola-tworczego-dzialania\/\" target=\"\" title=\"Szko\u0142a tw\u00f3rczego dzia\u0142ania\" class=\"boxes-item\" style=\"--color:#222b56\"><span class=\"icon\"><i class=\"fa-light fa-screen-users\"><\/i><\/span> Szko\u0142a tw\u00f3rczego dzia\u0142ania<\/a>\n          <\/div>\n  \n<\/div>\n<p>&nbsp;<\/p>\n<div class=\"h2 text-center seledyn\">NAUKA \u2013 Lider  <a href=\"https:\/\/pollub.pl\/\">Politechnika Lubelska<\/a><\/div>\n<div id=\"box\">      <div class=\"boxes\">\n              <a href=\"https:\/\/pb.edu.pl\/via-carpatia\/dzialania\/programy-w-obszarze-nauka\/naukolatek\/\" target=\"\" title=\"Naukolatek\" class=\"boxes-item\" style=\"--color:#222b56\"><span class=\"icon\"><i class=\"fa-light fa-microscope\"><\/i><\/span> Naukolatek<\/a>\n              <a href=\"https:\/\/pb.edu.pl\/via-carpatia\/dzialania\/programy-w-obszarze-nauka\/po-sasiedzku\/\" target=\"\" title=\"Po s\u0105siedzku\" class=\"boxes-item\" style=\"--color:#222b56\"><span class=\"icon\"><i class=\"fa-light fa-presentation-screen\"><\/i><\/span> Po s\u0105siedzku<\/a>\n              <a href=\"https:\/\/pb.edu.pl\/via-carpatia\/dzialania\/programy-w-obszarze-nauka\/iskra\/\" target=\"\" title=\"Iskra\" class=\"boxes-item\" style=\"--color:#222b56\"><span class=\"icon\"><i class=\"fa-light fa-book\"><\/i><\/span> Iskra<\/a>\n          <\/div>\n  \n<\/div>\n<p>&nbsp;<\/p>\n<div class=\"h2 text-center seledyn\">KOMERCJALIZACJA \u2013 Lider <a href=\"https:\/\/w.prz.edu.pl\/\">Politechnika Rzeszowska<\/a><\/div>\n<div id=\"box\">      <div class=\"boxes\">\n              <a href=\"https:\/\/pb.edu.pl\/via-carpatia\/dzialania\/komercjalizacja\/biznak\/\" target=\"\" title=\"BIZNAK, Konkurs \u201eWschodz\u0105cy Innowatorzy\u201d\" class=\"boxes-item\" style=\"--color:#222b56\"><span class=\"icon\"><i class=\"fa-light fa-sunrise\"><\/i><\/span> BIZNAK, Konkurs \u201eWschodz\u0105cy Innowatorzy\u201d<\/a>\n              <a href=\"https:\/\/pb.edu.pl\/via-carpatia\/dzialania\/komercjalizacja\/komercjalizuj-z-sasiadem\/\" target=\"\" title=\"Komercjalizuj z s\u0105siadem\" class=\"boxes-item\" style=\"--color:#222b56\"><span class=\"icon\"><i class=\"fa-light fa-sack-dollar\"><\/i><\/span> Komercjalizuj z s\u0105siadem<\/a>\n              <a href=\"https:\/\/pb.edu.pl\/via-carpatia\/dzialania\/komercjalizacja\/ikanet\/\" target=\"\" title=\"IKANET, Konkurs \u201eINNOSPIN\u201d\" class=\"boxes-item\" style=\"--color:#222b56\"><span class=\"icon\"><i class=\"fa-light fa-cloud-check\"><\/i><\/span> IKANET, Konkurs \u201eINNOSPIN\u201d<\/a>\n          <\/div>\n  \n<\/div>\n","protected":false},"excerpt":{"rendered":"<p>Programy realizowane w ramach \u201ePolitechnicznej Sieci Via Carpatia\u201d &nbsp; KSZTA\u0141CENIE &#8211; Lider Politechnika Bia\u0142ostocka &nbsp; NAUKA \u2013 Lider Politechnika Lubelska &nbsp; KOMERCJALIZACJA \u2013 Lider Politechnika Rzeszowska<\/p>\n","protected":false},"author":2,"featured_media":0,"parent":0,"menu_order":6,"comment_status":"closed","ping_status":"closed","template":"","meta":{"_acf_changed":false,"ngg_post_thumbnail":0,"footnotes":""},"class_list":["post-25","page","type-page","status-publish","hentry"],"acf":[],"_links":{"self":[{"href":"https:\/\/pb.edu.pl\/via-carpatia\/wp-json\/wp\/v2\/pages\/25","targetHints":{"allow":["GET"]}}],"collection":[{"href":"https:\/\/pb.edu.pl\/via-carpatia\/wp-json\/wp\/v2\/pages"}],"about":[{"href":"https:\/\/pb.edu.pl\/via-carpatia\/wp-json\/wp\/v2\/types\/page"}],"author":[{"embeddable":true,"href":"https:\/\/pb.edu.pl\/via-carpatia\/wp-json\/wp\/v2\/users\/2"}],"replies":[{"embeddable":true,"href":"https:\/\/pb.edu.pl\/via-carpatia\/wp-json\/wp\/v2\/comments?post=25"}],"version-history":[{"count":0,"href":"https:\/\/pb.edu.pl\/via-carpatia\/wp-json\/wp\/v2\/pages\/25\/revisions"}],"wp:attachment":[{"href":"https:\/\/pb.edu.pl\/via-carpatia\/wp-json\/wp\/v2\/media?parent=25"}],"curies":[{"name":"wp","href":"https:\/\/api.w.org\/{rel}","templated":true}]}}