{"id":23,"date":"2021-09-02T20:48:38","date_gmt":"2021-09-02T18:48:38","guid":{"rendered":"https:\/\/pb.edu.pl\/via-carpatia\/?page_id=23"},"modified":"2022-12-22T14:07:56","modified_gmt":"2022-12-22T13:07:56","slug":"o-projekcie","status":"publish","type":"page","link":"https:\/\/pb.edu.pl\/via-carpatia\/o-projekcie\/","title":{"rendered":"O projekcie"},"content":{"rendered":"<p><img loading=\"lazy\" decoding=\"async\" style=\"margin:28px 0\" src=\"https:\/\/pb.edu.pl\/via-carpatia\/wp-content\/uploads\/sites\/92\/2022\/12\/Podpisanie-porozumienia-Politechnicznej-sieci-Via-Carpatia.jpg\" alt=\"\" title=\"Podpisanie porozumienia Politechnicznej sieci Via Carpatia, od lewej: prof. dr hab. in\u017c. Zbigniew Pater, Rektor Politechniki Lubelskiej; dr hab. in\u017c. Marta Kosior-Kazberuk, prof. PB, Rektor Politechniki Bia\u0142ostockiej; dr hab. Przemys\u0142aw Czarnek, prof. KUL, Minister Edukacji i Nauki; prof.\u00a0dr\u00a0hab.\u00a0in\u017c. Piotr Koszelnik, Rektor Politechniki Rzeszowskiej im. Ignacego \u0141ukasiewicza\" width=\"858\" height=\"629\" class=\"aligncenter size-full wp-image-657\" srcset=\"https:\/\/pb.edu.pl\/via-carpatia\/wp-content\/uploads\/sites\/92\/2022\/12\/Podpisanie-porozumienia-Politechnicznej-sieci-Via-Carpatia.jpg 858w, https:\/\/pb.edu.pl\/via-carpatia\/wp-content\/uploads\/sites\/92\/2022\/12\/Podpisanie-porozumienia-Politechnicznej-sieci-Via-Carpatia-300x220.jpg 300w, https:\/\/pb.edu.pl\/via-carpatia\/wp-content\/uploads\/sites\/92\/2022\/12\/Podpisanie-porozumienia-Politechnicznej-sieci-Via-Carpatia-768x563.jpg 768w\" sizes=\"auto, (max-width: 858px) 100vw, 858px\" \/><\/p>\n<div class=\"h2\">Wsp\u00f3lnie dzia\u0142amy na rzecz rozwoju Polski Wschodniej!<\/div>\n<p>Rektorzy Politechniki Bia\u0142ostockiej, Politechniki Lubelskiej i Politechniki Rzeszowskiej zdecydowali o&nbsp;utworzeniu \u201ePolitechnicznej Sieci Via Carpatia im. Prezydenta RP Lecha Kaczy\u0144skiego\u201d. 11&nbsp;kwietnia 2022 r. nast\u0105pi\u0142o podpisanie porozumienia formalizuj\u0105cego wsp\u00f3\u0142prac\u0119 trzech uczelni technicznych z&nbsp;wojew\u00f3dztw Polski Wschodniej. Projekt wspiera <a href=\"https:\/\/programy.nauka.gov.pl\/wspolpraca-uczelni-dla-rozwoju-polski-wschodniej-siec-politechniczna-via-carpatia\/\">Ministerstwo Edukacji i Nauki<\/a>, kt\u00f3re przeznaczy\u0142o niemal 10 mln z\u0142 dofinansowania dla ka\u017cdej z trzech uczelni partnerskich na realizacj\u0119 celu w ci\u0105gu trzech lat.<\/p>\n<blockquote><p><em>\u2013 Idea zawi\u0105zania \u201ePolitechnicznej sieci Via Carpatia im. Prezydenta RP Lecha Kaczy\u0144skiego\u201d ma na celu stworzenie bardzo \u015bcis\u0142ej siatki kontakt\u00f3w, a co za tym idzie i wsp\u00f3\u0142pracy<\/em> \u2013 wyja\u015bnia dr hab. in\u017c. Marta Kosior-Kazberuk, prof. PB, Rektor Politechniki Bia\u0142ostockiej i jedna z sygnatariuszy Sieci. <em>\u2013 Do naszej sieci b\u0119dziemy zaprasza\u0107 inne uczelnie dzia\u0142aj\u0105ce na terenach Polski Wschodniej, szko\u0142y \u015brednie, przede wszystkim technika i partner\u00f3w z&nbsp;otoczenia spo\u0142eczno-gospodarczego. W\u015br\u00f3d beneficjent\u00f3w znajd\u0105 si\u0119 uczniowie szk\u00f3\u0142 ponadpodstawowych, studenci, pracownicy naukowi i&nbsp;dydaktyczni uczelni oraz szeroko poj\u0119te otoczenie spo\u0142eczno-gospodarcze.<\/em><\/p><\/blockquote>\n<p><a class=\"pdf\" href=\"https:\/\/iph.bialystok.pl\/wp-content\/uploads\/2022\/10\/PodlaskiManager_10_2022_calosc.pdf\" title=\"Podlaski Manager, NUMER 211, wrzesie\u0144-pa\u017adziernk 2022\" target=\"_blank\" rel=\"noopener\">Politechnika Bia\u0142ostocka w sieci Via Carpatia &#8211; wywiad z dr hab. in\u017c. Marta Kosior-Kazberuk, prof.&nbsp;PB, Rektor Politechniki Bia\u0142ostockiej (PDF, 21.9 MB, otworzy si\u0119 w nowej karcie)<\/a><br \/>\n&nbsp;<br \/>\nVia Carpatia po\u0142\u0105czy \u015bcian\u0119 Wschodni\u0105 Polski z korzy\u015bci\u0105 dla spo\u0142eczno\u015bci lokalnych wojew\u00f3dztwa podlaskiego, lubelskiego i podkarpackiego. Dzi\u0119ki realizacji wsp\u00f3lnych dzia\u0142a\u0144 mo\u017cliwe b\u0119dzie bardziej efektywne wspieranie rozwoju szkolnictwa, edukacji i nauki, a tak\u017ce podnoszenie jako\u015bci \u017cycia mieszka\u0144c\u00f3w. Efektem tr\u00f3jstronnej umowy b\u0119dzie z pewno\u015bci\u0105 wzmocnienie potencja\u0142u sygnatariuszy Sieci, kt\u00f3re b\u0119d\u0105 mog\u0142y konkurowa\u0107 z najlepszymi w \u015bwiecie o\u015brodkami kszta\u0142cenia, nauki i komercjalizacji. <\/p>\n<p>W ramach Politechnicznej Sieci do 30 wrze\u015bnia 2025 roku b\u0119d\u0105 realizowane <a href=\"https:\/\/pb.edu.pl\/via-carpatia\/dzialania\">dzia\u0142ania skoncentrowane wok\u00f3\u0142 trzech obszar\u00f3w tematycznych<\/a>, kt\u00f3re koordynowa\u0107 b\u0119d\u0105 poszczeg\u00f3lne uczelnie.  <\/p>\n<p>Politechnika Bia\u0142ostocka b\u0119dzie koordynowa\u0107 <a href=\"https:\/\/pb.edu.pl\/via-carpatia\/dzialania\/ksztalcenie\/\" title=\"Programy w obszarze Kszta\u0142cenie\">obszar zwi\u0105zany z kszta\u0142ceniem<\/a>. Jej zadania b\u0119d\u0105 skoncentrowane na szkolnictwie bran\u017cowym, dzia\u0142alno\u015bci k\u00f3\u0142 naukowych na uczelniach, organizacji zaj\u0119\u0107 otwartych i wizyt studyjnych nauczycieli akademickich oraz upowszechnieniu dobrych praktyk, wypracowanych w ka\u017cdej z partnerskich uczelni.<\/p>\n<p><a href=\"https:\/\/pb.edu.pl\/via-carpatia\/dzialania\/nauka\/\" title=\"Programy w obszarze Nauka\">Obszar dotycz\u0105cy nauki swoim zakresem merytorycznym obejmie sta\u017ce naukowe oraz mi\u0119dzyuczelniane projekty badawcze<\/a>. Jego dzia\u0142ania b\u0119dzie koordynowa\u0107 Politechnika Lubelska.<\/p>\n<p><a href=\"https:\/\/pb.edu.pl\/via-carpatia\/dzialania\/komercjalizacja\/\" title=\"Programy w obszarze Komercjalizacja\">Problematyk\u0105 komercjalizacji i wsp\u00f3\u0142pracy z otoczeniem spo\u0142eczno-gospodarczym, sta\u017cami przemys\u0142owymi i demonstratorami technologii<\/a> zajmie si\u0119 Politechnika Rzeszowska.<\/p>\n<p>Porozumienie o utworzeniu Politechnicznej Sieci Via Carpatia im. Prezydenta RP Lecha Kaczy\u0144skiego podpisali rektorzy uczelni: dr hab. in\u017c. Marta Kosior-Kazberuk, prof. PB, Rektor Politechniki Bia\u0142ostockiej, prof. dr hab. in\u017c. Zbigniew Pater, Rektor Politechniki Lubelskiej oraz prof.&nbsp;dr&nbsp;hab.&nbsp;in\u017c. Piotr Koszelnik, Rektor Politechniki Rzeszowskiej im. Ignacego \u0141ukasiewicza. W&nbsp;uroczysto\u015bci wzi\u0105\u0142 udzia\u0142 r\u00f3wnie\u017c dr hab. Przemys\u0142aw Czarnek, prof. KUL, Minister Edukacji i&nbsp;Nauki.<\/p>\n<p><img loading=\"lazy\" decoding=\"async\" style=\"margin:28px 0\" src=\"https:\/\/pb.edu.pl\/via-carpatia\/wp-content\/uploads\/sites\/92\/2022\/12\/Podpisanie-porozumienia-Politechnicznej-sieci-Via-Carpatia-1.jpg\" title=\"Podpisanie porozumienia Politechnicznej sieci Via Carpatia, od lewej: dr hab. Przemys\u0142aw Czarnek, prof. KUL, Minister Edukacji i Nauki; prof. dr hab. in\u017c. Zbigniew Pater, Rektor Politechniki Lubelskiej; dr hab. in\u017c. Marta Kosior-Kazberuk, prof. PB, Rektor Politechniki Bia\u0142ostockiej; prof.\u00a0dr\u00a0hab.\u00a0in\u017c. Piotr Koszelnik, Rektor Politechniki Rzeszowskiej im. Ignacego \u0141ukasiewicza\" width=\"1210\" height=\"991\" alt=\"\" class=\"aligncenter size-full wp-image-696\" srcset=\"https:\/\/pb.edu.pl\/via-carpatia\/wp-content\/uploads\/sites\/92\/2022\/12\/Podpisanie-porozumienia-Politechnicznej-sieci-Via-Carpatia-1.jpg 1210w, https:\/\/pb.edu.pl\/via-carpatia\/wp-content\/uploads\/sites\/92\/2022\/12\/Podpisanie-porozumienia-Politechnicznej-sieci-Via-Carpatia-1-300x246.jpg 300w, https:\/\/pb.edu.pl\/via-carpatia\/wp-content\/uploads\/sites\/92\/2022\/12\/Podpisanie-porozumienia-Politechnicznej-sieci-Via-Carpatia-1-1024x839.jpg 1024w, https:\/\/pb.edu.pl\/via-carpatia\/wp-content\/uploads\/sites\/92\/2022\/12\/Podpisanie-porozumienia-Politechnicznej-sieci-Via-Carpatia-1-768x629.jpg 768w\" sizes=\"auto, (max-width: 1210px) 100vw, 1210px\" \/><\/p>\n<p>\u201ePolitechniczna Sie\u0107 Via Carpatia im. Prezydenta RP Lecha Kaczy\u0144skiego\u201d otrzyma dofinansowanie ze \u015brodk\u00f3w dotacji celowej Ministra Edukacji i Nauki w wysoko\u015bci: 9.990.546,00 z\u0142. Wsparcie w takiej kwocie otrzyma ka\u017cda z trzech uczelni partnerskich na realizacj\u0119 celu w ci\u0105gu 3 lat.<\/p>\n","protected":false},"excerpt":{"rendered":"<p>Wsp\u00f3lnie dzia\u0142amy na rzecz rozwoju Polski Wschodniej! Rektorzy Politechniki Bia\u0142ostockiej, Politechniki Lubelskiej i Politechniki Rzeszowskiej zdecydowali o&nbsp;utworzeniu \u201ePolitechnicznej Sieci Via Carpatia im. Prezydenta RP Lecha Kaczy\u0144skiego\u201d. 11&nbsp;kwietnia 2022 r. nast\u0105pi\u0142o podpisanie porozumienia formalizuj\u0105cego wsp\u00f3\u0142prac\u0119 trzech uczelni technicznych z&nbsp;wojew\u00f3dztw Polski Wschodniej. Projekt wspiera Ministerstwo Edukacji i Nauki, kt\u00f3re przeznaczy\u0142o niemal 10 mln z\u0142 dofinansowania dla ka\u017cdej [&hellip;]<\/p>\n","protected":false},"author":2,"featured_media":0,"parent":0,"menu_order":1,"comment_status":"closed","ping_status":"closed","template":"","meta":{"_acf_changed":false,"ngg_post_thumbnail":0,"footnotes":""},"class_list":["post-23","page","type-page","status-publish","hentry"],"acf":[],"_links":{"self":[{"href":"https:\/\/pb.edu.pl\/via-carpatia\/wp-json\/wp\/v2\/pages\/23","targetHints":{"allow":["GET"]}}],"collection":[{"href":"https:\/\/pb.edu.pl\/via-carpatia\/wp-json\/wp\/v2\/pages"}],"about":[{"href":"https:\/\/pb.edu.pl\/via-carpatia\/wp-json\/wp\/v2\/types\/page"}],"author":[{"embeddable":true,"href":"https:\/\/pb.edu.pl\/via-carpatia\/wp-json\/wp\/v2\/users\/2"}],"replies":[{"embeddable":true,"href":"https:\/\/pb.edu.pl\/via-carpatia\/wp-json\/wp\/v2\/comments?post=23"}],"version-history":[{"count":0,"href":"https:\/\/pb.edu.pl\/via-carpatia\/wp-json\/wp\/v2\/pages\/23\/revisions"}],"wp:attachment":[{"href":"https:\/\/pb.edu.pl\/via-carpatia\/wp-json\/wp\/v2\/media?parent=23"}],"curies":[{"name":"wp","href":"https:\/\/api.w.org\/{rel}","templated":true}]}}