{"id":1729,"date":"2023-09-18T20:26:32","date_gmt":"2023-09-18T18:26:32","guid":{"rendered":"https:\/\/pb.edu.pl\/via-carpatia\/?page_id=1729"},"modified":"2024-04-29T13:55:32","modified_gmt":"2024-04-29T11:55:32","slug":"2-edycja-konkursu","status":"publish","type":"page","link":"https:\/\/pb.edu.pl\/via-carpatia\/dzialania\/nauka\/naukolatek\/2-edycja-konkursu\/","title":{"rendered":"Konkurs \u201eNAUKOLATEK &#8211; Nastoletni Naukowiec\u201d &#8211; druga edycja"},"content":{"rendered":"<p>II edycja konkursu dla m\u0142odych naukowc\u00f3w! \u201eNAUKOLATEK\u201d \u2013 Nastoletni Naukowiec to konkurs, w kt\u00f3rym zespo\u0142y uczniowskie otrzymuj\u0105 dofinansowanie na realizacj\u0119 mini projektu badawczego. Zach\u0119camy Szko\u0142y do do\u0142\u0105czenia do nas!<\/p>\n<p><strong>20 czerwca 2023 r. wystartowa\u0142a II edycja konkursu!<\/strong><\/p>\n<p><strong>Podobnie, jak w poprzedniej edycji, konkurs przebiega w dw\u00f3ch etapach: regionalnym oraz mi\u0119dzywojew\u00f3dzkim.<\/strong><\/p>\n<p><span style=\"color: #ff0000\"><strong>Wyd\u0142u\u017cyli\u015bmy termin naboru wniosk\u00f3w do 16 pa\u017adziernika 2023 r.<\/strong><\/span><\/p>\n<ul>\n<li>Uczniowie realizuj\u0105 swoje projekty badawcze od 1 listopada 2023 r. do 30 kwietnia 2024 r.<\/li>\n<li>Zespo\u0142y projektowe maj\u0105 czas na z\u0142o\u017cenie sprawozda\u0144 ko\u0144cowych do 10 maja 2024 r.<\/li>\n<li>Do 30 maja 2024 r. nast\u0105pi wyb\u00f3r pi\u0119ciu projekt\u00f3w badawczych wytypowanych do fina\u0142u mi\u0119dzywojew\u00f3dzkiego.<\/li>\n<li>W czerwcu 2024 roku odb\u0119dzie si\u0119 fina\u0142 konkursu, podczas konferencji ko\u0144cz\u0105cej etap mi\u0119dzywojew\u00f3dzki. Zespo\u0142y zaprezentuj\u0105 swoje projekt, z kt\u00f3rych zostanie wybranych sze\u015b\u0107, a ich cz\u0142onkowie otrzymaj\u0105 nagrody rzeczowe.<\/li>\n<\/ul>\n<p><span style=\"font-size: 10pt\">Konkurs \u201eNAUKOLATEK\u201d \u2013 Nastoletni Naukowiec jest realizowany w obszarze NAUKA w ramach Politechnicznej Sieci VIA CARPATIA im. Prezydenta RP Lecha Kaczy\u0144skiego.<\/span><\/p>\n<p>&nbsp;<\/p>\n\n  <div class=\"box news-box\">\n    <div class=\"row\">\n      \n                        <div class=\"col-sm-4\">\n            <article class=\"article format-standard\">\n    <span class=\"date text-right\"><i class=\"fal fa-calendar-alt\"><\/i> 12-06-2024<\/span>\n    <a href=\"https:\/\/pb.edu.pl\/via-carpatia\/2024\/06\/12\/final-ii-edycji-konkursu-naukolatek-nastoletni-naukowiec\/\" title=\"Fina\u0142 II edycji konkursu Naukolatek \u2013 Nastoletni Naukowiec\">\n      <div class=\"article-image\">\n        <img loading=\"lazy\" decoding=\"async\" width=\"480\" height=\"300\" src=\"https:\/\/pb.edu.pl\/via-carpatia\/wp-content\/uploads\/sites\/92\/2024\/06\/Final-II-edycji-konkursu-Naukolatek-\u2013-Nastoletni-Naukowiec-fot.-B.-Motyka-59-480x300.jpg\" class=\"img-fluid wp-post-image\" alt=\"Fina\u0142 II edycji konkursu Naukolatek \u2013 Nastoletni Naukowiec, fot. B. Motyka\" \/>      <\/div>\n      <h3>Fina\u0142 II edycji konkursu Naukolatek \u2013 Nastoletni Naukowiec<\/h3>\n      Politechnika Rzeszowska by\u0142a organizatorem fina\u0142u wojew\u00f3dzkiego II edycji konkursu \u201eNAUKOLATEK \u2013    <\/a>\n<\/article>          <\/div>\n                  <div class=\"col-sm-4\">\n            <article class=\"article format-standard\">\n    <span class=\"date text-right\"><i class=\"fal fa-calendar-alt\"><\/i> 04-06-2024<\/span>\n    <a href=\"https:\/\/pb.edu.pl\/via-carpatia\/2024\/06\/04\/pracownicy-kair-wsrod-najlepszych-opiekunow-projektow-konkursu-naukolatek\/\" title=\"Pracownicy KAiR w\u015br\u00f3d najlepszych opiekun\u00f3w projekt\u00f3w konkursu NAUKOLATEK\">\n      <div class=\"article-image\">\n        <img loading=\"lazy\" decoding=\"async\" width=\"480\" height=\"300\" src=\"https:\/\/pb.edu.pl\/via-carpatia\/wp-content\/uploads\/sites\/92\/2024\/06\/2024-06-04-naukolatek-768x512-1-480x300.jpg\" class=\"img-fluid wp-post-image\" alt=\"Pracownicy KAiR dr in\u017c. Roman Trochimczuk i dr in\u017c. Adam Wolniakowski z certyfikatami\" \/>      <\/div>\n      <h3>Pracownicy KAiR w\u015br\u00f3d najlepszych opiekun\u00f3w projekt\u00f3w konkursu NAUKOLATEK<\/h3>\n      24 najlepsze mini projekty badawcze realizowane przez zespo\u0142y uczniowskie z woj.    <\/a>\n<\/article>          <\/div>\n                  <div class=\"col-sm-4\">\n            <article class=\"article format-standard\">\n    <span class=\"date text-right\"><i class=\"fal fa-calendar-alt\"><\/i> 27-05-2024<\/span>\n    <a href=\"https:\/\/pb.edu.pl\/via-carpatia\/2024\/05\/27\/laureaci-finalu-etapu-regionalnego-ii-edycji-konkursu-naukolatek-nastoletni-naukowiec\/\" title=\"Laureaci fina\u0142u etapu regionalnego II edycji konkursu \u201eNAUKOLATEK \u2013 Nastoletni Naukowiec\u201d\">\n      <div class=\"article-image\">\n        <img loading=\"lazy\" decoding=\"async\" width=\"480\" height=\"300\" src=\"https:\/\/pb.edu.pl\/via-carpatia\/wp-content\/uploads\/sites\/92\/2024\/05\/2024-05-24-NAUKOLATEK-Final-II-edycji-konkursu-fot-Dariusz-Piekut-3-480x300.jpg\" class=\"img-fluid wp-post-image\" alt=\"\" srcset=\"https:\/\/pb.edu.pl\/via-carpatia\/wp-content\/uploads\/sites\/92\/2024\/05\/2024-05-24-NAUKOLATEK-Final-II-edycji-konkursu-fot-Dariusz-Piekut-3-480x300.jpg 480w, https:\/\/pb.edu.pl\/via-carpatia\/wp-content\/uploads\/sites\/92\/2024\/05\/2024-05-24-NAUKOLATEK-Final-II-edycji-konkursu-fot-Dariusz-Piekut-3-300x188.jpg 300w, https:\/\/pb.edu.pl\/via-carpatia\/wp-content\/uploads\/sites\/92\/2024\/05\/2024-05-24-NAUKOLATEK-Final-II-edycji-konkursu-fot-Dariusz-Piekut-3-1024x640.jpg 1024w, https:\/\/pb.edu.pl\/via-carpatia\/wp-content\/uploads\/sites\/92\/2024\/05\/2024-05-24-NAUKOLATEK-Final-II-edycji-konkursu-fot-Dariusz-Piekut-3-768x480.jpg 768w, https:\/\/pb.edu.pl\/via-carpatia\/wp-content\/uploads\/sites\/92\/2024\/05\/2024-05-24-NAUKOLATEK-Final-II-edycji-konkursu-fot-Dariusz-Piekut-3-1536x960.jpg 1536w, https:\/\/pb.edu.pl\/via-carpatia\/wp-content\/uploads\/sites\/92\/2024\/05\/2024-05-24-NAUKOLATEK-Final-II-edycji-konkursu-fot-Dariusz-Piekut-3-2048x1280.jpg 2048w\" sizes=\"auto, (max-width: 480px) 100vw, 480px\" \/>      <\/div>\n      <h3>Laureaci fina\u0142u etapu regionalnego II edycji konkursu \u201eNAUKOLATEK \u2013 Nastoletni Naukowiec\u201d<\/h3>\n      Uczniowie z 4 szk\u00f3\u0142 z Bia\u0142egostoku pojad\u0105 na mi\u0119dzywojew\u00f3dzki fina\u0142 w    <\/a>\n<\/article>          <\/div>\n                  <div class=\"col-sm-4\">\n            <article class=\"article format-standard\">\n    <span class=\"date text-right\"><i class=\"fal fa-calendar-alt\"><\/i> 09-05-2024<\/span>\n    <a href=\"https:\/\/pb.edu.pl\/via-carpatia\/2024\/05\/09\/final-etapu-regionalnego-ii-edycji-konkursu-naukolatek-nastoletni-naukowiec\/\" title=\"Fina\u0142 etapu regionalnego II edycji konkursu \u201eNAUKOLATEK \u2013 Nastoletni Naukowiec\u201d\">\n      <div class=\"article-image\">\n        <img loading=\"lazy\" decoding=\"async\" width=\"480\" height=\"300\" src=\"https:\/\/pb.edu.pl\/via-carpatia\/wp-content\/uploads\/sites\/92\/2024\/05\/2024-05-naukolatek-druga-edycja-FINAL-grafika-www-1200-800-1-480x300.jpg\" class=\"img-fluid wp-post-image\" alt=\"\" srcset=\"https:\/\/pb.edu.pl\/via-carpatia\/wp-content\/uploads\/sites\/92\/2024\/05\/2024-05-naukolatek-druga-edycja-FINAL-grafika-www-1200-800-1-480x300.jpg 480w, https:\/\/pb.edu.pl\/via-carpatia\/wp-content\/uploads\/sites\/92\/2024\/05\/2024-05-naukolatek-druga-edycja-FINAL-grafika-www-1200-800-1-300x188.jpg 300w, https:\/\/pb.edu.pl\/via-carpatia\/wp-content\/uploads\/sites\/92\/2024\/05\/2024-05-naukolatek-druga-edycja-FINAL-grafika-www-1200-800-1-1024x640.jpg 1024w, https:\/\/pb.edu.pl\/via-carpatia\/wp-content\/uploads\/sites\/92\/2024\/05\/2024-05-naukolatek-druga-edycja-FINAL-grafika-www-1200-800-1-768x480.jpg 768w, https:\/\/pb.edu.pl\/via-carpatia\/wp-content\/uploads\/sites\/92\/2024\/05\/2024-05-naukolatek-druga-edycja-FINAL-grafika-www-1200-800-1.jpg 1280w\" sizes=\"auto, (max-width: 480px) 100vw, 480px\" \/>      <\/div>\n      <h3>Fina\u0142 etapu regionalnego II edycji konkursu \u201eNAUKOLATEK \u2013 Nastoletni Naukowiec\u201d<\/h3>\n      Uczniowie z Podlasia zaprezentuj\u0105 swoje projekty\r\n\r\n\u00a0    <\/a>\n<\/article>          <\/div>\n                  <div class=\"col-sm-4\">\n            <article class=\"article format-standard\">\n    <span class=\"date text-right\"><i class=\"fal fa-calendar-alt\"><\/i> 10-11-2023<\/span>\n    <a href=\"https:\/\/pb.edu.pl\/via-carpatia\/2023\/11\/10\/24-zespoly-przechodza-do-kolejnego-etapu-w-ii-edycji-konkursu-naukolatek\/\" title=\"24 zespo\u0142y przechodz\u0105 do kolejnego etapu w II edycji konkursu NAUKOLATEK!\">\n      <div class=\"article-image\">\n        <img loading=\"lazy\" decoding=\"async\" width=\"480\" height=\"300\" src=\"https:\/\/pb.edu.pl\/via-carpatia\/wp-content\/uploads\/sites\/92\/2023\/11\/2023-11-naukolatek-druga-edycja_lista-www-2160x1350px-480x300.jpg\" class=\"img-fluid wp-post-image\" alt=\"II edycja konkursu Naukolatek, lista zakwalifikowanych\" srcset=\"https:\/\/pb.edu.pl\/via-carpatia\/wp-content\/uploads\/sites\/92\/2023\/11\/2023-11-naukolatek-druga-edycja_lista-www-2160x1350px-480x300.jpg 480w, https:\/\/pb.edu.pl\/via-carpatia\/wp-content\/uploads\/sites\/92\/2023\/11\/2023-11-naukolatek-druga-edycja_lista-www-2160x1350px-300x188.jpg 300w, https:\/\/pb.edu.pl\/via-carpatia\/wp-content\/uploads\/sites\/92\/2023\/11\/2023-11-naukolatek-druga-edycja_lista-www-2160x1350px-1024x640.jpg 1024w, https:\/\/pb.edu.pl\/via-carpatia\/wp-content\/uploads\/sites\/92\/2023\/11\/2023-11-naukolatek-druga-edycja_lista-www-2160x1350px-768x480.jpg 768w, https:\/\/pb.edu.pl\/via-carpatia\/wp-content\/uploads\/sites\/92\/2023\/11\/2023-11-naukolatek-druga-edycja_lista-www-2160x1350px-1536x960.jpg 1536w, https:\/\/pb.edu.pl\/via-carpatia\/wp-content\/uploads\/sites\/92\/2023\/11\/2023-11-naukolatek-druga-edycja_lista-www-2160x1350px-2048x1280.jpg 2048w\" sizes=\"auto, (max-width: 480px) 100vw, 480px\" \/>      <\/div>\n      <h3>24 zespo\u0142y przechodz\u0105 do kolejnego etapu w II edycji konkursu NAUKOLATEK!<\/h3>\n      Uczniowie realizuj\u0105 swoje projekty badawcze do 30.04.2024 r.    <\/a>\n<\/article>          <\/div>\n                  <div class=\"col-sm-4\">\n            <article class=\"article format-standard\">\n    <span class=\"date text-right\"><i class=\"fal fa-calendar-alt\"><\/i> 06-10-2023<\/span>\n    <a href=\"https:\/\/pb.edu.pl\/via-carpatia\/2023\/10\/06\/wydluzylismy-termin-przyjmowania-wnioskow-do-ii-edycji-konkursu-naukolatek\/\" title=\"Wyd\u0142u\u017cyli\u015bmy termin przyjmowania wniosk\u00f3w do II edycji konkursu \u201eNAUKOLATEK\u201d\">\n      <div class=\"article-image\">\n        <img loading=\"lazy\" decoding=\"async\" width=\"480\" height=\"300\" src=\"https:\/\/pb.edu.pl\/via-carpatia\/wp-content\/uploads\/sites\/92\/2023\/10\/2023-06-naukolatek-druga-edycja-przedluzenie-terminu-grafika-www-1200-800-480x300.jpg\" class=\"img-fluid wp-post-image\" alt=\"grafika II edycja Naukolatka, wyd\u0142u\u017cony termin przyjmowania wniosk\u00f3w\" \/>      <\/div>\n      <h3>Wyd\u0142u\u017cyli\u015bmy termin przyjmowania wniosk\u00f3w do II edycji konkursu \u201eNAUKOLATEK\u201d<\/h3>\n      Do 16 pa\u017adziernika czekamy na zg\u0142oszenia uczni\u00f3w!    <\/a>\n<\/article>          <\/div>\n                  <div class=\"col-sm-4\">\n            <article class=\"article format-standard\">\n    <span class=\"date text-right\"><i class=\"fal fa-calendar-alt\"><\/i> 23-06-2023<\/span>\n    <a href=\"https:\/\/pb.edu.pl\/via-carpatia\/2023\/06\/23\/ii-edycja-konkursu-naukolatek-nastoletni-naukowiec\/\" title=\"II edycja konkursu \u201eNAUKOLATEK\u201d \u2013 Nastoletni Naukowiec\">\n      <div class=\"article-image\">\n        <img loading=\"lazy\" decoding=\"async\" width=\"480\" height=\"300\" src=\"https:\/\/pb.edu.pl\/via-carpatia\/wp-content\/uploads\/sites\/92\/2023\/06\/2023-06-naukolatek-druga-edycja-1200x800-1-480x300.jpg\" class=\"img-fluid wp-post-image\" alt=\"Grafika do II edycji konkursu Naukolatek Politechnicznej Sieci Via Carpatia\" \/>      <\/div>\n      <h3>II edycja konkursu \u201eNAUKOLATEK\u201d \u2013 Nastoletni Naukowiec<\/h3>\n      Nab\u00f3r trwa do 29 wrze\u015bnia 2023    <\/a>\n<\/article>          <\/div>\n                  <\/div>\n          <\/div>\n\n<p><a class=\"pdf\" href=\"https:\/\/pb.edu.pl\/via-carpatia\/wp-content\/uploads\/sites\/92\/2023\/06\/Zarzadzenie_nr_66_II_edycja_konkursu_NAUKOLATEK_wersja_dostepna.pdf\" target=\"_blank\" rel=\"noopener\" data-id=\"1129\">Og\u0142oszenie terminu naboru do drugiej edycji Konkursu \u201eNaukolatek\u201d \u2013 Nastoletni Naukowiec (PDF, 195 KB, otworzy si\u0119 w nowej karcie)<\/a><\/p>\n<p><a class=\"pdf\" href=\"https:\/\/pb.edu.pl\/via-carpatia\/wp-content\/uploads\/sites\/92\/2023\/10\/Regulamin_konkursu_NAUKOLATEK-Nastoletni_Naukowiec-zaczniki-do-regulaminu-1-1.pdf\" target=\"_blank\" rel=\"noopener\" data-id=\"2019\">Regulamin_konkursu_NAUKOLATEK-Nastoletni_Naukowiec-zaczniki-do-regulaminu-1 (1) (PDF, 4 MB, otworzy si\u0119 w nowej karcie)<\/a><\/p>\n<p><a href=\"https:\/\/pb.edu.pl\/via-carpatia\/wp-content\/uploads\/sites\/92\/2024\/04\/Zalacznik-nr-2_do-Regulamin-Konkursu-NAUKOLATEK_Wzor-sprawozdania-z-realizacji-projektu2024.docx\">Zalacznik-nr-2_do-Regulamin-Konkursu-NAUKOLATEK_Wzor-sprawozdania-z-realizacji-projektu2024<\/a><\/p>\n<hr>\n<div class=\"h3\">Koordynator dzia\u0142ania projektowego<br \/>\nrealizowanego w Politechnice Bia\u0142ostockiej<\/div>\n<p>dr in\u017c. Anna Olszewska<br \/>\n<i class=\"fal fa-envelope\"><\/i> <a href=\"#\" rel=\"nofollow\"  onclick=\"this.href='mailto:' + 'a.olszewska' + '@' + 'pb.edu.pl'\">a.olszewska [at] pb.edu.pl<\/a>\n","protected":false},"excerpt":{"rendered":"<p>II edycja konkursu dla m\u0142odych naukowc\u00f3w! \u201eNAUKOLATEK\u201d \u2013 Nastoletni Naukowiec to konkurs, w kt\u00f3rym zespo\u0142y uczniowskie otrzymuj\u0105 dofinansowanie na realizacj\u0119 mini projektu badawczego. Zach\u0119camy Szko\u0142y do do\u0142\u0105czenia do nas! 20 czerwca 2023 r. wystartowa\u0142a II edycja konkursu! Podobnie, jak w poprzedniej edycji, konkurs przebiega w dw\u00f3ch etapach: regionalnym oraz mi\u0119dzywojew\u00f3dzkim. Wyd\u0142u\u017cyli\u015bmy termin naboru wniosk\u00f3w do [&hellip;]<\/p>\n","protected":false},"author":2,"featured_media":0,"parent":567,"menu_order":2,"comment_status":"closed","ping_status":"closed","template":"","meta":{"_acf_changed":false,"ngg_post_thumbnail":0,"footnotes":""},"class_list":["post-1729","page","type-page","status-publish","hentry"],"acf":[],"_links":{"self":[{"href":"https:\/\/pb.edu.pl\/via-carpatia\/wp-json\/wp\/v2\/pages\/1729","targetHints":{"allow":["GET"]}}],"collection":[{"href":"https:\/\/pb.edu.pl\/via-carpatia\/wp-json\/wp\/v2\/pages"}],"about":[{"href":"https:\/\/pb.edu.pl\/via-carpatia\/wp-json\/wp\/v2\/types\/page"}],"author":[{"embeddable":true,"href":"https:\/\/pb.edu.pl\/via-carpatia\/wp-json\/wp\/v2\/users\/2"}],"replies":[{"embeddable":true,"href":"https:\/\/pb.edu.pl\/via-carpatia\/wp-json\/wp\/v2\/comments?post=1729"}],"version-history":[{"count":0,"href":"https:\/\/pb.edu.pl\/via-carpatia\/wp-json\/wp\/v2\/pages\/1729\/revisions"}],"up":[{"embeddable":true,"href":"https:\/\/pb.edu.pl\/via-carpatia\/wp-json\/wp\/v2\/pages\/567"}],"wp:attachment":[{"href":"https:\/\/pb.edu.pl\/via-carpatia\/wp-json\/wp\/v2\/media?parent=1729"}],"curies":[{"name":"wp","href":"https:\/\/api.w.org\/{rel}","templated":true}]}}