{"id":1724,"date":"2023-09-18T20:22:13","date_gmt":"2023-09-18T18:22:13","guid":{"rendered":"https:\/\/pb.edu.pl\/via-carpatia\/?page_id=1724"},"modified":"2023-09-19T10:24:46","modified_gmt":"2023-09-19T08:24:46","slug":"1-edycja-konkursu","status":"publish","type":"page","link":"https:\/\/pb.edu.pl\/via-carpatia\/dzialania\/nauka\/naukolatek\/1-edycja-konkursu\/","title":{"rendered":"Konkurs \u201eNAUKOLATEK &#8211; Nastoletni Naukowiec\u201d &#8211; pierwsza edycja"},"content":{"rendered":"<p>\u201eNAUKOLATEK\u201d \u2013 Nastoletni Naukowiec to konkurs skierowany do uczni\u00f3w szk\u00f3\u0142 ponadpodstawowych. M\u0142odzi naukowcy, kt\u00f3ry opracuj\u0105 mini projekt badawczy mog\u0105 otrzyma\u0107 nawet 10.000 z\u0142 dofinansowania na realizacj\u0119 swojego pomys\u0142u. Dla opiekuna zespo\u0142u przewidziany jest r\u00f3wnie\u017c jednorazowy dodatek finansowy.<\/p>\n<p>Warunkiem uczestnictwa w konkursie jest zebranie trzyosobowego zespo\u0142u, zg\u0142oszenie swojego projektu, kt\u00f3ry wykorzystuje wiedz\u0119 z dziedzin wskazanych przez Organizatora.<\/p>\n<p>Konkurs przebiega w dw\u00f3ch etapach: regionalnym oraz mi\u0119dzywojew\u00f3dzkim. Najpierw wy\u0142onionych zostanie 20 projekt\u00f3w badawczych z woj. podlaskiego, kt\u00f3re otrzymaj\u0105 dofinansowanie na realizacj\u0119 swojej koncepcji.<br \/>\n5 najlepszych projekt\u00f3w przejdzie do etapu mi\u0119dzywojew\u00f3dzkiego&nbsp;(wojew\u00f3dztwa: podlaskie, lubelskie, podkarpackie). Zespo\u0142y zaprezentuj\u0105 swoje prace badawcze w wielkim finale, gdzie&nbsp;6 zespo\u0142\u00f3w projektowych z trzech wojew\u00f3dztw otrzyma atrakcyjne nagrody rzeczowe!<\/p>\n<p><strong>I edycja konkursu trwa do 6 grudnia 2023 r.<\/strong>&nbsp;<\/p>\n<ul>\n<li>Do I etapu konkursu zosta\u0142o zakwalifikowanych 17 zespo\u0142\u00f3w z wojew\u00f3dztwa podlaskiego.<\/li>\n<li>Uczniowie realizuj\u0105 swoje projekty badawcze od 1 maja 2023 r. do 31 pa\u017adziernika 2023 r.<\/li>\n<li>Zespo\u0142y projektowe maj\u0105 czas na z\u0142o\u017cenie sprawozda\u0144 ko\u0144cowych do 10 listopada 2023 r.<\/li>\n<li>Do 30 listopada 2023 r. nast\u0105pi wyb\u00f3r pi\u0119ciu projekt\u00f3w badawczych wytypowanych do fina\u0142u mi\u0119dzywojew\u00f3dzkiego.<\/li>\n<li>6 grudnia 2023 r. odb\u0119dzie si\u0119 &nbsp;fina\u0142 konkursu, podczas konferencji ko\u0144cz\u0105cej etap mi\u0119dzywojew\u00f3dzki. Zespo\u0142y zaprezentuj\u0105 swoje projekt, z kt\u00f3rych zostanie wybranych sze\u015b\u0107, a ich cz\u0142onkowie otrzymaj\u0105 nagrody rzeczowe.<\/li>\n<\/ul>\n<p><span style=\"font-size: 10pt\"><em>Konkurs \u201eNAUKOLATEK\u201d \u2013 Nastoletni Naukowiec jest realizowany w obszarze NAUKA w ramach Politechnicznej Sieci VIA CARPATIA im. Prezydenta RP Lecha Kaczy\u0144skiego.<\/em><\/span><\/p>\n<p>&nbsp;<\/p>\n\n  <div class=\"box news-box\">\n    <div class=\"row\">\n      \n                        <div class=\"col-sm-4\">\n            <article class=\"article format-standard\">\n    <span class=\"date text-right\"><i class=\"fal fa-calendar-alt\"><\/i> 06-12-2023<\/span>\n    <a href=\"https:\/\/pb.edu.pl\/via-carpatia\/2023\/12\/06\/znamy-laureatow-wielkiego-finalu-konkursu-naukolatek\/\" title=\"Znamy laureat\u00f3w mi\u0119dzywojew\u00f3dzkiego fina\u0142u konkursu \u201eNAUKOLATEK\u201d\">\n      <div class=\"article-image\">\n        <img loading=\"lazy\" decoding=\"async\" width=\"480\" height=\"300\" src=\"https:\/\/pb.edu.pl\/via-carpatia\/wp-content\/uploads\/sites\/92\/2023\/12\/Laureaci-finalu-konkursu-Naukolatek_fot.Dariusz-Piekut_PB-3-480x300.jpg\" class=\"img-fluid wp-post-image\" alt=\"Laureaci konkursu I edycji konkursu Naukolatek\" srcset=\"https:\/\/pb.edu.pl\/via-carpatia\/wp-content\/uploads\/sites\/92\/2023\/12\/Laureaci-finalu-konkursu-Naukolatek_fot.Dariusz-Piekut_PB-3-480x300.jpg 480w, https:\/\/pb.edu.pl\/via-carpatia\/wp-content\/uploads\/sites\/92\/2023\/12\/Laureaci-finalu-konkursu-Naukolatek_fot.Dariusz-Piekut_PB-3-300x188.jpg 300w, https:\/\/pb.edu.pl\/via-carpatia\/wp-content\/uploads\/sites\/92\/2023\/12\/Laureaci-finalu-konkursu-Naukolatek_fot.Dariusz-Piekut_PB-3-1024x640.jpg 1024w, https:\/\/pb.edu.pl\/via-carpatia\/wp-content\/uploads\/sites\/92\/2023\/12\/Laureaci-finalu-konkursu-Naukolatek_fot.Dariusz-Piekut_PB-3-768x480.jpg 768w, https:\/\/pb.edu.pl\/via-carpatia\/wp-content\/uploads\/sites\/92\/2023\/12\/Laureaci-finalu-konkursu-Naukolatek_fot.Dariusz-Piekut_PB-3-1536x960.jpg 1536w, https:\/\/pb.edu.pl\/via-carpatia\/wp-content\/uploads\/sites\/92\/2023\/12\/Laureaci-finalu-konkursu-Naukolatek_fot.Dariusz-Piekut_PB-3-2048x1280.jpg 2048w\" sizes=\"auto, (max-width: 480px) 100vw, 480px\" \/>      <\/div>\n      <h3>Znamy laureat\u00f3w mi\u0119dzywojew\u00f3dzkiego fina\u0142u konkursu \u201eNAUKOLATEK\u201d<\/h3>\n      Zwyci\u0119zcy to uczniowie z 3 wojew\u00f3dztw!    <\/a>\n<\/article>          <\/div>\n                  <div class=\"col-sm-4\">\n            <article class=\"article format-standard\">\n    <span class=\"date text-right\"><i class=\"fal fa-calendar-alt\"><\/i> 29-11-2023<\/span>\n    <a href=\"https:\/\/pb.edu.pl\/via-carpatia\/2023\/11\/29\/wielki-final-konkursu-naukolatek-w-politechnice-bialostockiej-6-grudnia-poznamy-laureatow\/\" title=\"Wielki fina\u0142 konkursu \u201eNAUKOLATEK\u201d w Politechnice Bia\u0142ostockiej! 6 grudnia poznamy laureat\u00f3w!\">\n      <div class=\"article-image\">\n        <img loading=\"lazy\" decoding=\"async\" width=\"480\" height=\"300\" src=\"https:\/\/pb.edu.pl\/via-carpatia\/wp-content\/uploads\/sites\/92\/2023\/11\/2023_11_naukolatek_2160x1350px-480x300.jpg\" class=\"img-fluid wp-post-image\" alt=\"fina\u0142 Naukolatek\" srcset=\"https:\/\/pb.edu.pl\/via-carpatia\/wp-content\/uploads\/sites\/92\/2023\/11\/2023_11_naukolatek_2160x1350px-480x300.jpg 480w, https:\/\/pb.edu.pl\/via-carpatia\/wp-content\/uploads\/sites\/92\/2023\/11\/2023_11_naukolatek_2160x1350px-300x188.jpg 300w, https:\/\/pb.edu.pl\/via-carpatia\/wp-content\/uploads\/sites\/92\/2023\/11\/2023_11_naukolatek_2160x1350px-1024x640.jpg 1024w, https:\/\/pb.edu.pl\/via-carpatia\/wp-content\/uploads\/sites\/92\/2023\/11\/2023_11_naukolatek_2160x1350px-768x480.jpg 768w, https:\/\/pb.edu.pl\/via-carpatia\/wp-content\/uploads\/sites\/92\/2023\/11\/2023_11_naukolatek_2160x1350px-1536x960.jpg 1536w, https:\/\/pb.edu.pl\/via-carpatia\/wp-content\/uploads\/sites\/92\/2023\/11\/2023_11_naukolatek_2160x1350px-2048x1280.jpg 2048w\" sizes=\"auto, (max-width: 480px) 100vw, 480px\" \/>      <\/div>\n      <h3>Wielki fina\u0142 konkursu \u201eNAUKOLATEK\u201d w Politechnice Bia\u0142ostockiej! 6 grudnia poznamy laureat\u00f3w!<\/h3>\n      Gala rozdania nagr\u00f3d po\u0142\u0105czona z konferencj\u0105\r\n\r\n\u00a0    <\/a>\n<\/article>          <\/div>\n                  <div class=\"col-sm-4\">\n            <article class=\"article format-standard\">\n    <span class=\"date text-right\"><i class=\"fal fa-calendar-alt\"><\/i> 22-11-2023<\/span>\n    <a href=\"https:\/\/pb.edu.pl\/via-carpatia\/2023\/11\/22\/rozstrzygniecie-etapu-regionalnego-konkursu-naukolatek-nastoletni-naukowiec-politechnicznej-sieci-via-carpatia\/\" title=\"Rozstrzygni\u0119cie etapu regionalnego konkursu \u201eNAUKOLATEK \u2013 Nastoletni Naukowiec\u201d Politechnicznej Sieci VIA CARPATIA\">\n      <div class=\"article-image\">\n        <img loading=\"lazy\" decoding=\"async\" width=\"480\" height=\"300\" src=\"https:\/\/pb.edu.pl\/via-carpatia\/wp-content\/uploads\/sites\/92\/2023\/11\/2023.11.21_Final-etapu-regionalnego-konkursu-NAUKOLATEK_fot.Dariusz-Piekut_PB-122-480x300.jpg\" class=\"img-fluid wp-post-image\" alt=\"Fina\u0142 etapu regionalnego Naukolatek\" srcset=\"https:\/\/pb.edu.pl\/via-carpatia\/wp-content\/uploads\/sites\/92\/2023\/11\/2023.11.21_Final-etapu-regionalnego-konkursu-NAUKOLATEK_fot.Dariusz-Piekut_PB-122-480x300.jpg 480w, https:\/\/pb.edu.pl\/via-carpatia\/wp-content\/uploads\/sites\/92\/2023\/11\/2023.11.21_Final-etapu-regionalnego-konkursu-NAUKOLATEK_fot.Dariusz-Piekut_PB-122-300x188.jpg 300w, https:\/\/pb.edu.pl\/via-carpatia\/wp-content\/uploads\/sites\/92\/2023\/11\/2023.11.21_Final-etapu-regionalnego-konkursu-NAUKOLATEK_fot.Dariusz-Piekut_PB-122-1024x640.jpg 1024w, https:\/\/pb.edu.pl\/via-carpatia\/wp-content\/uploads\/sites\/92\/2023\/11\/2023.11.21_Final-etapu-regionalnego-konkursu-NAUKOLATEK_fot.Dariusz-Piekut_PB-122-768x480.jpg 768w, https:\/\/pb.edu.pl\/via-carpatia\/wp-content\/uploads\/sites\/92\/2023\/11\/2023.11.21_Final-etapu-regionalnego-konkursu-NAUKOLATEK_fot.Dariusz-Piekut_PB-122-1536x960.jpg 1536w, https:\/\/pb.edu.pl\/via-carpatia\/wp-content\/uploads\/sites\/92\/2023\/11\/2023.11.21_Final-etapu-regionalnego-konkursu-NAUKOLATEK_fot.Dariusz-Piekut_PB-122-2048x1280.jpg 2048w\" sizes=\"auto, (max-width: 480px) 100vw, 480px\" \/>      <\/div>\n      <h3>Rozstrzygni\u0119cie etapu regionalnego konkursu \u201eNAUKOLATEK \u2013 Nastoletni Naukowiec\u201d Politechnicznej Sieci VIA CARPATIA<\/h3>\n      Wy\u0142onili\u015bmy 5 najlepszych projekt\u00f3w!    <\/a>\n<\/article>          <\/div>\n                  <div class=\"col-sm-4\">\n            <article class=\"article format-standard\">\n    <span class=\"date text-right\"><i class=\"fal fa-calendar-alt\"><\/i> 20-11-2023<\/span>\n    <a href=\"https:\/\/pb.edu.pl\/via-carpatia\/2023\/11\/20\/cyberfill-projekt-ucznia-z-technikum-programistycznego-infotech-w-konkursie-naukolatek-nastoletni-naukowiec\/\" title=\"\u201eCyberFill\u201d \u2013 projekt ucznia z Technikum Programistycznego Infotech w konkursie \u201eNAUKOLATEK\u201d \u2013 Nastoletni Naukowiec\">\n      <div class=\"article-image\">\n        <img loading=\"lazy\" decoding=\"async\" width=\"480\" height=\"300\" src=\"https:\/\/pb.edu.pl\/via-carpatia\/wp-content\/uploads\/sites\/92\/2023\/11\/infotech_01-480x300.jpg\" class=\"img-fluid wp-post-image\" alt=\"projekt CyberFill, konkurs NAUKOLATEK\" \/>      <\/div>\n      <h3>\u201eCyberFill\u201d \u2013 projekt ucznia z Technikum Programistycznego Infotech w konkursie \u201eNAUKOLATEK\u201d \u2013 Nastoletni Naukowiec<\/h3>\n      Urz\u0105dzenie do produkcji materia\u0142u do druku 3D    <\/a>\n<\/article>          <\/div>\n                  <div class=\"col-sm-4\">\n            <article class=\"article format-standard\">\n    <span class=\"date text-right\"><i class=\"fal fa-calendar-alt\"><\/i> 24-10-2023<\/span>\n    <a href=\"https:\/\/pb.edu.pl\/via-carpatia\/2023\/10\/24\/uczennice-z-vi-liceum-ogolnoksztalcacego-w-bialymstoku-badaja-jakosc-powietrza\/\" title=\"Uczennice z VI Liceum Og\u00f3lnokszta\u0142c\u0105cego w Bia\u0142ymstoku badaj\u0105 jako\u015b\u0107 powietrza!\">\n      <div class=\"article-image\">\n        <img loading=\"lazy\" decoding=\"async\" width=\"480\" height=\"300\" src=\"https:\/\/pb.edu.pl\/via-carpatia\/wp-content\/uploads\/sites\/92\/2023\/10\/2023.09.28_Naukolatek-Porosty_PB-18-480x300.jpg\" class=\"img-fluid wp-post-image\" alt=\"Projekt uczennic z VI LO w Bia\u0142ymstoku, konkurs Naukolatek\" srcset=\"https:\/\/pb.edu.pl\/via-carpatia\/wp-content\/uploads\/sites\/92\/2023\/10\/2023.09.28_Naukolatek-Porosty_PB-18-480x300.jpg 480w, https:\/\/pb.edu.pl\/via-carpatia\/wp-content\/uploads\/sites\/92\/2023\/10\/2023.09.28_Naukolatek-Porosty_PB-18-300x188.jpg 300w, https:\/\/pb.edu.pl\/via-carpatia\/wp-content\/uploads\/sites\/92\/2023\/10\/2023.09.28_Naukolatek-Porosty_PB-18-1024x640.jpg 1024w, https:\/\/pb.edu.pl\/via-carpatia\/wp-content\/uploads\/sites\/92\/2023\/10\/2023.09.28_Naukolatek-Porosty_PB-18-768x480.jpg 768w, https:\/\/pb.edu.pl\/via-carpatia\/wp-content\/uploads\/sites\/92\/2023\/10\/2023.09.28_Naukolatek-Porosty_PB-18-1536x960.jpg 1536w, https:\/\/pb.edu.pl\/via-carpatia\/wp-content\/uploads\/sites\/92\/2023\/10\/2023.09.28_Naukolatek-Porosty_PB-18-2048x1280.jpg 2048w\" sizes=\"auto, (max-width: 480px) 100vw, 480px\" \/>      <\/div>\n      <h3>Uczennice z VI Liceum Og\u00f3lnokszta\u0142c\u0105cego w Bia\u0142ymstoku badaj\u0105 jako\u015b\u0107 powietrza!<\/h3>\n      I edycja konkursu \u201eNAUKOLATEK\u201d    <\/a>\n<\/article>          <\/div>\n                  <div class=\"col-sm-4\">\n            <article class=\"article format-standard\">\n    <span class=\"date text-right\"><i class=\"fal fa-calendar-alt\"><\/i> 23-10-2023<\/span>\n    <a href=\"https:\/\/pb.edu.pl\/via-carpatia\/2023\/10\/23\/final-etapu-regionalnego-konkursu-naukolatek-nastoletni-naukowiec\/\" title=\"Fina\u0142 etapu regionalnego konkursu \u201eNAUKOLATEK \u2013 Nastoletni Naukowiec\u201d\">\n      <div class=\"article-image\">\n        <img loading=\"lazy\" decoding=\"async\" width=\"480\" height=\"300\" src=\"https:\/\/pb.edu.pl\/via-carpatia\/wp-content\/uploads\/sites\/92\/2023\/10\/2023_10_23-naukolatek-1080x675px-480x300.jpg\" class=\"img-fluid wp-post-image\" alt=\"grafika Naukolatek fina\u0142 etapu regionalnego\" srcset=\"https:\/\/pb.edu.pl\/via-carpatia\/wp-content\/uploads\/sites\/92\/2023\/10\/2023_10_23-naukolatek-1080x675px-480x300.jpg 480w, https:\/\/pb.edu.pl\/via-carpatia\/wp-content\/uploads\/sites\/92\/2023\/10\/2023_10_23-naukolatek-1080x675px-300x188.jpg 300w, https:\/\/pb.edu.pl\/via-carpatia\/wp-content\/uploads\/sites\/92\/2023\/10\/2023_10_23-naukolatek-1080x675px-1024x640.jpg 1024w, https:\/\/pb.edu.pl\/via-carpatia\/wp-content\/uploads\/sites\/92\/2023\/10\/2023_10_23-naukolatek-1080x675px-768x480.jpg 768w, https:\/\/pb.edu.pl\/via-carpatia\/wp-content\/uploads\/sites\/92\/2023\/10\/2023_10_23-naukolatek-1080x675px.jpg 1080w\" sizes=\"auto, (max-width: 480px) 100vw, 480px\" \/>      <\/div>\n      <h3>Fina\u0142 etapu regionalnego konkursu \u201eNAUKOLATEK \u2013 Nastoletni Naukowiec\u201d<\/h3>\n      Konferencja po\u0142\u0105czona z prezentacj\u0105 projekt\u00f3w uczni\u00f3w    <\/a>\n<\/article>          <\/div>\n                  <div class=\"col-sm-4\">\n            <article class=\"article format-standard\">\n    <span class=\"date text-right\"><i class=\"fal fa-calendar-alt\"><\/i> 18-10-2023<\/span>\n    <a href=\"https:\/\/pb.edu.pl\/via-carpatia\/2023\/10\/18\/mlodzi-ekolodzy-z-vi-liceum-ogolnoksztalcace-im-krola-zygmunta-augusta-w-bialymstoku\/\" title=\"M\u0142odzi ekolodzy z VI Liceum Og\u00f3lnokszta\u0142c\u0105cego w Bia\u0142ymstoku!\">\n      <div class=\"article-image\">\n        <img loading=\"lazy\" decoding=\"async\" width=\"480\" height=\"300\" src=\"https:\/\/pb.edu.pl\/via-carpatia\/wp-content\/uploads\/sites\/92\/2023\/10\/2023.09.28_Naukolatek-Porosty_PB-11-480x300.jpg\" class=\"img-fluid wp-post-image\" alt=\"Uczniowie z VI LO konkurs Naukolatek\" srcset=\"https:\/\/pb.edu.pl\/via-carpatia\/wp-content\/uploads\/sites\/92\/2023\/10\/2023.09.28_Naukolatek-Porosty_PB-11-480x300.jpg 480w, https:\/\/pb.edu.pl\/via-carpatia\/wp-content\/uploads\/sites\/92\/2023\/10\/2023.09.28_Naukolatek-Porosty_PB-11-300x188.jpg 300w, https:\/\/pb.edu.pl\/via-carpatia\/wp-content\/uploads\/sites\/92\/2023\/10\/2023.09.28_Naukolatek-Porosty_PB-11-1024x640.jpg 1024w, https:\/\/pb.edu.pl\/via-carpatia\/wp-content\/uploads\/sites\/92\/2023\/10\/2023.09.28_Naukolatek-Porosty_PB-11-768x480.jpg 768w, https:\/\/pb.edu.pl\/via-carpatia\/wp-content\/uploads\/sites\/92\/2023\/10\/2023.09.28_Naukolatek-Porosty_PB-11-1536x960.jpg 1536w, https:\/\/pb.edu.pl\/via-carpatia\/wp-content\/uploads\/sites\/92\/2023\/10\/2023.09.28_Naukolatek-Porosty_PB-11-2048x1280.jpg 2048w\" sizes=\"auto, (max-width: 480px) 100vw, 480px\" \/>      <\/div>\n      <h3>M\u0142odzi ekolodzy z VI Liceum Og\u00f3lnokszta\u0142c\u0105cego w Bia\u0142ymstoku!<\/h3>\n      \u00a0Projekty zakwalifikowane do etapu regionalnego    <\/a>\n<\/article>          <\/div>\n                  <div class=\"col-sm-4\">\n            <article class=\"article format-standard\">\n    <span class=\"date text-right\"><i class=\"fal fa-calendar-alt\"><\/i> 18-10-2023<\/span>\n    <a href=\"https:\/\/pb.edu.pl\/via-carpatia\/2023\/10\/18\/projekt-uczniow-z-zespolu-szkol-budowlano-geodezyjnych-w-bialymstoku-w-konkursie-naukolatek\/\" title=\"Projekt uczni\u00f3w z Zespo\u0142u Szk\u00f3\u0142 Budowlano \u2013 Geodezyjnych w Bia\u0142ymstoku w konkursie \u201eNAUKOLATEK\u201d\">\n      <div class=\"article-image\">\n        <img loading=\"lazy\" decoding=\"async\" width=\"480\" height=\"300\" src=\"https:\/\/pb.edu.pl\/via-carpatia\/wp-content\/uploads\/sites\/92\/2023\/10\/2023.09.22_Nukolatek-Technikum-Geodyzyjne_PB-3-480x300.jpg\" class=\"img-fluid wp-post-image\" alt=\"Uczniowie wraz z opiekunem - Projekt uczni\u00f3w z Zespo\u0142u Szk\u00f3\u0142 Budowlano \u2013 Geodezyjnych w Bia\u0142ymstoku w konkursie \u201eNAUKOLATEK\u201d\" \/>      <\/div>\n      <h3>Projekt uczni\u00f3w z Zespo\u0142u Szk\u00f3\u0142 Budowlano \u2013 Geodezyjnych w Bia\u0142ymstoku w konkursie \u201eNAUKOLATEK\u201d<\/h3>\n      Projekty zakwalifikowane do etapu regionalnego    <\/a>\n<\/article>          <\/div>\n                  <div class=\"col-sm-4\">\n            <article class=\"article format-standard\">\n    <span class=\"date text-right\"><i class=\"fal fa-calendar-alt\"><\/i> 29-09-2023<\/span>\n    <a href=\"https:\/\/pb.edu.pl\/via-carpatia\/2023\/09\/29\/inteligentna-komora-do-hodowli-organizmow-projekt-uczniow-z-akademickiego-liceum-ogolnoksztalcacego-politechniki-bialostockiej\/\" title=\"\u201eInteligentna komora do hodowli organizm\u00f3w\u201d \u2013 projekt uczni\u00f3w z Akademickiego Liceum Og\u00f3lnokszta\u0142c\u0105cego Politechniki Bia\u0142ostockiej\">\n      <div class=\"article-image\">\n        <img loading=\"lazy\" decoding=\"async\" width=\"480\" height=\"300\" src=\"https:\/\/pb.edu.pl\/via-carpatia\/wp-content\/uploads\/sites\/92\/2023\/09\/nau-18-480x300.jpg\" class=\"img-fluid wp-post-image\" alt=\"Projekt uczni\u00f3w Akademickiego Liceum Og\u00f3lnokszta\u0142c\u0105cego Politechniki Bia\u0142ostockiej - hodowla ro\u015blin. konkurs NAUKOLATEK\" srcset=\"https:\/\/pb.edu.pl\/via-carpatia\/wp-content\/uploads\/sites\/92\/2023\/09\/nau-18-480x300.jpg 480w, https:\/\/pb.edu.pl\/via-carpatia\/wp-content\/uploads\/sites\/92\/2023\/09\/nau-18-300x188.jpg 300w, https:\/\/pb.edu.pl\/via-carpatia\/wp-content\/uploads\/sites\/92\/2023\/09\/nau-18-1024x640.jpg 1024w, https:\/\/pb.edu.pl\/via-carpatia\/wp-content\/uploads\/sites\/92\/2023\/09\/nau-18-768x480.jpg 768w, https:\/\/pb.edu.pl\/via-carpatia\/wp-content\/uploads\/sites\/92\/2023\/09\/nau-18-1536x960.jpg 1536w, https:\/\/pb.edu.pl\/via-carpatia\/wp-content\/uploads\/sites\/92\/2023\/09\/nau-18-2048x1280.jpg 2048w\" sizes=\"auto, (max-width: 480px) 100vw, 480px\" \/>      <\/div>\n      <h3>\u201eInteligentna komora do hodowli organizm\u00f3w\u201d \u2013 projekt uczni\u00f3w z Akademickiego Liceum Og\u00f3lnokszta\u0142c\u0105cego Politechniki Bia\u0142ostockiej<\/h3>\n      Projekt bior\u0105cy udzia\u0142 w I edycji konkursu \u201eNAUKOLATEK\u201d    <\/a>\n<\/article>          <\/div>\n                  <\/div>\n          <\/div>\n\n<p><a title=\"\" href=\"https:\/\/pb.edu.pl\/via-carpatia\/2023\/02\/10\/konkurs-naukolatek\/\">Szczeg\u00f3\u0142y dotycz\u0105ce Konkursu \u201eNAUKOLATEK\u201d \u2013 Nastoletni Naukowiec<\/a><\/p>\n<p>Przed przyst\u0105pieniem do konkursu nale\u017cy zapozna\u0107 si\u0119 z tre\u015bci\u0105<br \/>\n<a class=\"pdf\" href=\"https:\/\/pb.edu.pl\/via-carpatia\/wp-content\/uploads\/sites\/92\/2023\/03\/Regulamin_konkursu_NAUKOLATEK-Nastoletni_Naukowiec-zaczniki-do-regulaminu.pdf\" target=\"_blank\" rel=\"noopener\" data-id=\"1129\">Regulamin_konkursu_&#8221;NAUKOLATEK&#8221; Nastoletni Naukowiec za\u0142\u0105czniki do regulaminu (PDF, 4 MB, otworzy si\u0119 w nowej karcie)<\/a><br \/>\n&nbsp;<\/p>\n<hr>\n<div class=\"h3\">Koordynator dzia\u0142ania projektowego<br \/>\nrealizowanego w Politechnice Bia\u0142ostockiej<\/div>\n<p>dr in\u017c. Anna Olszewska<br \/>\n<i class=\"fal fa-envelope\"><\/i> <a href=\"#\" rel=\"nofollow\"  onclick=\"this.href='mailto:' + 'a.olszewska' + '@' + 'pb.edu.pl'\">a.olszewska [at] pb.edu.pl<\/a>\n","protected":false},"excerpt":{"rendered":"<p>\u201eNAUKOLATEK\u201d \u2013 Nastoletni Naukowiec to konkurs skierowany do uczni\u00f3w szk\u00f3\u0142 ponadpodstawowych. M\u0142odzi naukowcy, kt\u00f3ry opracuj\u0105 mini projekt badawczy mog\u0105 otrzyma\u0107 nawet 10.000 z\u0142 dofinansowania na realizacj\u0119 swojego pomys\u0142u. Dla opiekuna zespo\u0142u przewidziany jest r\u00f3wnie\u017c jednorazowy dodatek finansowy. Warunkiem uczestnictwa w konkursie jest zebranie trzyosobowego zespo\u0142u, zg\u0142oszenie swojego projektu, kt\u00f3ry wykorzystuje wiedz\u0119 z dziedzin wskazanych przez [&hellip;]<\/p>\n","protected":false},"author":2,"featured_media":0,"parent":567,"menu_order":1,"comment_status":"closed","ping_status":"closed","template":"","meta":{"_acf_changed":false,"ngg_post_thumbnail":0,"footnotes":""},"class_list":["post-1724","page","type-page","status-publish","hentry"],"acf":[],"_links":{"self":[{"href":"https:\/\/pb.edu.pl\/via-carpatia\/wp-json\/wp\/v2\/pages\/1724","targetHints":{"allow":["GET"]}}],"collection":[{"href":"https:\/\/pb.edu.pl\/via-carpatia\/wp-json\/wp\/v2\/pages"}],"about":[{"href":"https:\/\/pb.edu.pl\/via-carpatia\/wp-json\/wp\/v2\/types\/page"}],"author":[{"embeddable":true,"href":"https:\/\/pb.edu.pl\/via-carpatia\/wp-json\/wp\/v2\/users\/2"}],"replies":[{"embeddable":true,"href":"https:\/\/pb.edu.pl\/via-carpatia\/wp-json\/wp\/v2\/comments?post=1724"}],"version-history":[{"count":0,"href":"https:\/\/pb.edu.pl\/via-carpatia\/wp-json\/wp\/v2\/pages\/1724\/revisions"}],"up":[{"embeddable":true,"href":"https:\/\/pb.edu.pl\/via-carpatia\/wp-json\/wp\/v2\/pages\/567"}],"wp:attachment":[{"href":"https:\/\/pb.edu.pl\/via-carpatia\/wp-json\/wp\/v2\/media?parent=1724"}],"curies":[{"name":"wp","href":"https:\/\/api.w.org\/{rel}","templated":true}]}}