{"id":1666,"date":"2023-09-18T13:06:20","date_gmt":"2023-09-18T11:06:20","guid":{"rendered":"https:\/\/pb.edu.pl\/via-carpatia\/?page_id=1666"},"modified":"2023-09-26T15:17:01","modified_gmt":"2023-09-26T13:17:01","slug":"2-edycja-wschodzacy-innowatorzy","status":"publish","type":"page","link":"https:\/\/pb.edu.pl\/via-carpatia\/dzialania\/komercjalizacja\/biznak\/2-edycja-wschodzacy-innowatorzy\/","title":{"rendered":"Konkurs \u201eWschodz\u0105cy Innowatorzy\u201d &#8211; druga edycja"},"content":{"rendered":"<p>Rozpoczynamy II edycj\u0119 konkursu \u201eWschodz\u0105cy Innowatorzy, w kt\u00f3rym nagradzamy zdolnych uczni\u00f3w szk\u00f3\u0142 ponadpodstawowych. Ich genialne pomys\u0142y przekuwane s\u0105 na techniczne rozwi\u0105zania dla firm z regionu.&nbsp;<\/p>\n<p><strong>ZG\u0141OSZENIA FIRM<\/strong><\/p>\n<p>W pierwszym etapie konkursu zapraszamy do wsp\u00f3\u0142pracy Firmy oraz Szko\u0142y, kt\u00f3re zg\u0142aszaj\u0105 zadania konkursowe. Dzi\u0119ki po\u0142\u0105czonym si\u0142om mo\u017cemy \u0142owi\u0107 talenty in\u017cynierskie i wspiera\u0107 zdoln\u0105 m\u0142odzie\u017c z naszego wojew\u00f3dztwa! Zach\u0119camy te\u017c Szko\u0142y do nawi\u0105zywania kontaktu z zaprzyja\u017anionymi Firmami (w kt\u00f3rych np. uczniowie odbywaj\u0105 praktyki zawodowe) i wsp\u00f3lnego opracowania zg\u0142oszenia, dotycz\u0105cego konkretnego problemu przedsi\u0119biorstwa z Podlasia. Zg\u0142oszenie nale\u017cy przes\u0142a\u0107 do 30 pa\u017adziernika 2023 r. na adres: komercjalizacja.viacarpatia@pb.edu.pl&nbsp;<\/p>\n<p><strong>ZG\u0141OSZENIA UCZNI\u00d3W \u2013 START KONKURSU<\/strong><\/p>\n<p>6 listopada 2023 r. wystartuje II edycja konkursu! Wtedy te\u017c rozpoczniemy przyjmowanie zg\u0142osze\u0144 uczniowskich zespo\u0142\u00f3w. Na zg\u0142oszenia uczni\u00f3w do konkursu wraz z prezentacj\u0105 koncepcji pracy czekamy do 30.11.2023 r., do godz. 23.59.<\/p>\n<p><a href=\"https:\/\/pb.edu.pl\/via-carpatia\/dzialania\/komercjalizacja\/biznak\/1-edycja-wschodzacy-innowatorzy\/\">Sprawd\u017a, jak wygl\u0105da\u0142a I edycja konkursu!<\/a><\/p>\n<p><span style=\"font-size: 10pt\"><em>Konkurs \u201eWschodz\u0105cy Innowatorzy\u201d jest realizowany jako dzia\u0142anie \u201eBIZNAK \u2013 Rozwijanie i wspieranie aktywno\u015bci komercjalizacyjnej uczni\u00f3w szk\u00f3\u0142 ponadpodstawowych\u201d w ramach Politechnicznej Sieci VIA CARPATIA im. Prezydenta RP Lecha Kaczy\u0144skiego.<\/em><\/span><\/p>\n\n  <div class=\"box news-box\">\n    <div class=\"row\">\n      \n                        <div class=\"col-sm-4\">\n            <article class=\"article format-standard\">\n    <span class=\"date text-right\"><i class=\"fal fa-calendar-alt\"><\/i> 25-06-2024<\/span>\n    <a href=\"https:\/\/pb.edu.pl\/via-carpatia\/2024\/06\/25\/politechnika-bialostocka-przyznala-nagrody-uczniom-w-konkursie-wschodzacy-innowatorzy\/\" title=\"Nagrody dla uczni\u00f3w z pomys\u0142ami, kt\u00f3re maj\u0105 szans\u0119 na komercjalizacj\u0119. Politechnika Bia\u0142ostocka rozstrzygn\u0119\u0142a 2. edycj\u0119 konkursu Wschodz\u0105cy Innowatorzy\">\n      <div class=\"article-image\">\n        <img loading=\"lazy\" decoding=\"async\" width=\"480\" height=\"300\" src=\"https:\/\/pb.edu.pl\/via-carpatia\/wp-content\/uploads\/sites\/92\/2024\/06\/2024-06-25-Wschodzacy-Innowatorzy-Final-fot-Pawel-Jankowski-30-480x300.jpg\" class=\"img-fluid wp-post-image\" alt=\"\" srcset=\"https:\/\/pb.edu.pl\/via-carpatia\/wp-content\/uploads\/sites\/92\/2024\/06\/2024-06-25-Wschodzacy-Innowatorzy-Final-fot-Pawel-Jankowski-30-480x300.jpg 480w, https:\/\/pb.edu.pl\/via-carpatia\/wp-content\/uploads\/sites\/92\/2024\/06\/2024-06-25-Wschodzacy-Innowatorzy-Final-fot-Pawel-Jankowski-30-300x188.jpg 300w, https:\/\/pb.edu.pl\/via-carpatia\/wp-content\/uploads\/sites\/92\/2024\/06\/2024-06-25-Wschodzacy-Innowatorzy-Final-fot-Pawel-Jankowski-30-1024x640.jpg 1024w, https:\/\/pb.edu.pl\/via-carpatia\/wp-content\/uploads\/sites\/92\/2024\/06\/2024-06-25-Wschodzacy-Innowatorzy-Final-fot-Pawel-Jankowski-30-768x480.jpg 768w, https:\/\/pb.edu.pl\/via-carpatia\/wp-content\/uploads\/sites\/92\/2024\/06\/2024-06-25-Wschodzacy-Innowatorzy-Final-fot-Pawel-Jankowski-30-1536x960.jpg 1536w, https:\/\/pb.edu.pl\/via-carpatia\/wp-content\/uploads\/sites\/92\/2024\/06\/2024-06-25-Wschodzacy-Innowatorzy-Final-fot-Pawel-Jankowski-30-2048x1280.jpg 2048w\" sizes=\"auto, (max-width: 480px) 100vw, 480px\" \/>      <\/div>\n      <h3>Nagrody dla uczni\u00f3w z pomys\u0142ami, kt\u00f3re maj\u0105 szans\u0119 na komercjalizacj\u0119. Politechnika Bia\u0142ostocka rozstrzygn\u0119\u0142a 2. edycj\u0119 konkursu Wschodz\u0105cy Innowatorzy<\/h3>\n      Na najwy\u017cszym podium uczniowie z VI LO    <\/a>\n<\/article>          <\/div>\n                  <div class=\"col-sm-4\">\n            <article class=\"article format-standard\">\n    <span class=\"date text-right\"><i class=\"fal fa-calendar-alt\"><\/i> 21-06-2024<\/span>\n    <a href=\"https:\/\/pb.edu.pl\/via-carpatia\/2024\/06\/21\/zaproszenie-na-gale-konkursu-wschodzacy-innowatorzy-politechnicznej-sieci-via-carpatia\/\" title=\"Zaproszenie na gal\u0119 konkursu \u201eWschodz\u0105cy Innowatorzy\u201d Politechnicznej Sieci VIA CARPATIA\">\n      <div class=\"article-image\">\n        <img loading=\"lazy\" decoding=\"async\" width=\"480\" height=\"300\" src=\"https:\/\/pb.edu.pl\/via-carpatia\/wp-content\/uploads\/sites\/92\/2024\/06\/2024-06-grafika-www-gala-konkursu-wschodzacy-innowatorzy-1080-675-480x300.png\" class=\"img-fluid wp-post-image\" alt=\"grafika\" \/>      <\/div>\n      <h3>Zaproszenie na gal\u0119 konkursu \u201eWschodz\u0105cy Innowatorzy\u201d Politechnicznej Sieci VIA CARPATIA<\/h3>\n      25 czerwca poznamy zwyci\u0119zc\u00f3w konkursu og\u0142oszonego przez Politechnik\u0119 Bia\u0142ostock\u0105    <\/a>\n<\/article>          <\/div>\n                  <div class=\"col-sm-4\">\n            <article class=\"article format-standard\">\n    <span class=\"date text-right\"><i class=\"fal fa-calendar-alt\"><\/i> 18-06-2024<\/span>\n    <a href=\"https:\/\/pb.edu.pl\/via-carpatia\/2024\/06\/18\/w-finale-konkursu-wschodzacy-innowatorzy-swoje-pomysly-zaprezentowalo-10-zespolow-uczniowskich\/\" title=\"W finale konkursu Wschodz\u0105cy Innowatorzy swoje pomys\u0142y zaprezentowa\u0142o 10 zespo\u0142\u00f3w uczniowskich\">\n      <div class=\"article-image\">\n        <img loading=\"lazy\" decoding=\"async\" width=\"480\" height=\"300\" src=\"https:\/\/pb.edu.pl\/via-carpatia\/wp-content\/uploads\/sites\/92\/2024\/06\/2024-06-18-Wschodzacy-Innowatorzy-fot-Dariusz-Piekut-2-480x300.jpg\" class=\"img-fluid wp-post-image\" alt=\"uczestnicy konkursu wschodz\u0105cy innowatorzy\" srcset=\"https:\/\/pb.edu.pl\/via-carpatia\/wp-content\/uploads\/sites\/92\/2024\/06\/2024-06-18-Wschodzacy-Innowatorzy-fot-Dariusz-Piekut-2-480x300.jpg 480w, https:\/\/pb.edu.pl\/via-carpatia\/wp-content\/uploads\/sites\/92\/2024\/06\/2024-06-18-Wschodzacy-Innowatorzy-fot-Dariusz-Piekut-2-300x188.jpg 300w, https:\/\/pb.edu.pl\/via-carpatia\/wp-content\/uploads\/sites\/92\/2024\/06\/2024-06-18-Wschodzacy-Innowatorzy-fot-Dariusz-Piekut-2-1024x640.jpg 1024w, https:\/\/pb.edu.pl\/via-carpatia\/wp-content\/uploads\/sites\/92\/2024\/06\/2024-06-18-Wschodzacy-Innowatorzy-fot-Dariusz-Piekut-2-768x480.jpg 768w, https:\/\/pb.edu.pl\/via-carpatia\/wp-content\/uploads\/sites\/92\/2024\/06\/2024-06-18-Wschodzacy-Innowatorzy-fot-Dariusz-Piekut-2-1536x960.jpg 1536w, https:\/\/pb.edu.pl\/via-carpatia\/wp-content\/uploads\/sites\/92\/2024\/06\/2024-06-18-Wschodzacy-Innowatorzy-fot-Dariusz-Piekut-2-2048x1280.jpg 2048w\" sizes=\"auto, (max-width: 480px) 100vw, 480px\" \/>      <\/div>\n      <h3>W finale konkursu Wschodz\u0105cy Innowatorzy swoje pomys\u0142y zaprezentowa\u0142o 10 zespo\u0142\u00f3w uczniowskich<\/h3>\n      18 czerwca 2024 r. ocenia\u0142a je komisja konkursowa     <\/a>\n<\/article>          <\/div>\n                  <div class=\"col-sm-4\">\n            <article class=\"article format-standard\">\n    <span class=\"date text-right\"><i class=\"fal fa-calendar-alt\"><\/i> 13-06-2024<\/span>\n    <a href=\"https:\/\/pb.edu.pl\/via-carpatia\/2024\/06\/13\/wschodzacy-innowatorzy-politechnicznej-sieci-via-carpatia-w-iii-etapie-rywalizowac-bedzie-10-zespolow-uczniowskich\/\" title=\"\u201eWschodz\u0105cy Innowatorzy\u201d Politechnicznej Sieci VIA CARPATIA. W III etapie rywalizowa\u0107 b\u0119dzie 10 zespo\u0142\u00f3w uczniowskich\">\n      <div class=\"article-image\">\n        <img loading=\"lazy\" decoding=\"async\" width=\"480\" height=\"300\" src=\"https:\/\/pb.edu.pl\/via-carpatia\/wp-content\/uploads\/sites\/92\/2024\/06\/wschodzacy-innowatorzy-social-III-etap-01-480x300.jpg\" class=\"img-fluid wp-post-image\" alt=\"\" \/>      <\/div>\n      <h3>\u201eWschodz\u0105cy Innowatorzy\u201d Politechnicznej Sieci VIA CARPATIA. W III etapie rywalizowa\u0107 b\u0119dzie 10 zespo\u0142\u00f3w uczniowskich<\/h3>\n      18 czerwca 2024 r. m\u0142odzi innowatorzy stan\u0105 przed komisj\u0105 konkursow\u0105    <\/a>\n<\/article>          <\/div>\n                  <div class=\"col-sm-4\">\n            <article class=\"article format-standard\">\n    <span class=\"date text-right\"><i class=\"fal fa-calendar-alt\"><\/i> 29-12-2023<\/span>\n    <a href=\"https:\/\/pb.edu.pl\/via-carpatia\/2023\/12\/29\/wyniki-kwalifikacji-do-ii-etapu-konkursu-wschodzacy-innowatorzy-politechnicznej-sieci-via-carpatia\/\" title=\"Wyniki kwalifikacji do II etapu konkursu \u201eWschodz\u0105cy Innowatorzy\u201d Politechnicznej Sieci VIA CARPATIA\">\n      <div class=\"article-image\">\n        <img loading=\"lazy\" decoding=\"async\" width=\"480\" height=\"300\" src=\"https:\/\/pb.edu.pl\/via-carpatia\/wp-content\/uploads\/sites\/92\/2023\/12\/2023-12_01-wschodzacy-innowatorzy-druga-edycja_2160x1350px_zespoly_II_etap-480x300.jpg\" class=\"img-fluid wp-post-image\" alt=\"II edycja konkursu Wschodz\u0105cy Innowatorzy, grafika, II etap\" srcset=\"https:\/\/pb.edu.pl\/via-carpatia\/wp-content\/uploads\/sites\/92\/2023\/12\/2023-12_01-wschodzacy-innowatorzy-druga-edycja_2160x1350px_zespoly_II_etap-480x300.jpg 480w, https:\/\/pb.edu.pl\/via-carpatia\/wp-content\/uploads\/sites\/92\/2023\/12\/2023-12_01-wschodzacy-innowatorzy-druga-edycja_2160x1350px_zespoly_II_etap-300x188.jpg 300w, https:\/\/pb.edu.pl\/via-carpatia\/wp-content\/uploads\/sites\/92\/2023\/12\/2023-12_01-wschodzacy-innowatorzy-druga-edycja_2160x1350px_zespoly_II_etap-1024x640.jpg 1024w, https:\/\/pb.edu.pl\/via-carpatia\/wp-content\/uploads\/sites\/92\/2023\/12\/2023-12_01-wschodzacy-innowatorzy-druga-edycja_2160x1350px_zespoly_II_etap-768x480.jpg 768w, https:\/\/pb.edu.pl\/via-carpatia\/wp-content\/uploads\/sites\/92\/2023\/12\/2023-12_01-wschodzacy-innowatorzy-druga-edycja_2160x1350px_zespoly_II_etap-1536x960.jpg 1536w, https:\/\/pb.edu.pl\/via-carpatia\/wp-content\/uploads\/sites\/92\/2023\/12\/2023-12_01-wschodzacy-innowatorzy-druga-edycja_2160x1350px_zespoly_II_etap-2048x1280.jpg 2048w\" sizes=\"auto, (max-width: 480px) 100vw, 480px\" \/>      <\/div>\n      <h3>Wyniki kwalifikacji do II etapu konkursu \u201eWschodz\u0105cy Innowatorzy\u201d Politechnicznej Sieci VIA CARPATIA<\/h3>\n      11 dru\u017cyn b\u0119dzie realizowa\u0107 zadania dla firm z regionu    <\/a>\n<\/article>          <\/div>\n                  <div class=\"col-sm-4\">\n            <article class=\"article format-standard\">\n    <span class=\"date text-right\"><i class=\"fal fa-calendar-alt\"><\/i> 01-12-2023<\/span>\n    <a href=\"https:\/\/pb.edu.pl\/via-carpatia\/2023\/12\/01\/wiecej-czasu-by-zglosic-sie-do-ii-edycji-konkursu-wschodzacy-innowatorzy\/\" title=\"Wi\u0119cej czasu, by zg\u0142osi\u0107 si\u0119 do II edycji konkursu \u201eWschodz\u0105cy Innowatorzy\u201d!\">\n      <div class=\"article-image\">\n        <img loading=\"lazy\" decoding=\"async\" width=\"480\" height=\"300\" src=\"https:\/\/pb.edu.pl\/via-carpatia\/wp-content\/uploads\/sites\/92\/2023\/12\/2023-12_01-wschodzacy-innowatorzy-druga-edycja-przedluzamy_2160x1350px-480x300.jpg\" class=\"img-fluid wp-post-image\" alt=\"Wschodz\u0105cy Innowatorzy - d\u0142u\u017cszy termin nadsy\u0142ania zg\u0142osze\u0144\" srcset=\"https:\/\/pb.edu.pl\/via-carpatia\/wp-content\/uploads\/sites\/92\/2023\/12\/2023-12_01-wschodzacy-innowatorzy-druga-edycja-przedluzamy_2160x1350px-480x300.jpg 480w, https:\/\/pb.edu.pl\/via-carpatia\/wp-content\/uploads\/sites\/92\/2023\/12\/2023-12_01-wschodzacy-innowatorzy-druga-edycja-przedluzamy_2160x1350px-300x188.jpg 300w, https:\/\/pb.edu.pl\/via-carpatia\/wp-content\/uploads\/sites\/92\/2023\/12\/2023-12_01-wschodzacy-innowatorzy-druga-edycja-przedluzamy_2160x1350px-1024x640.jpg 1024w, https:\/\/pb.edu.pl\/via-carpatia\/wp-content\/uploads\/sites\/92\/2023\/12\/2023-12_01-wschodzacy-innowatorzy-druga-edycja-przedluzamy_2160x1350px-768x480.jpg 768w, https:\/\/pb.edu.pl\/via-carpatia\/wp-content\/uploads\/sites\/92\/2023\/12\/2023-12_01-wschodzacy-innowatorzy-druga-edycja-przedluzamy_2160x1350px-1536x960.jpg 1536w, https:\/\/pb.edu.pl\/via-carpatia\/wp-content\/uploads\/sites\/92\/2023\/12\/2023-12_01-wschodzacy-innowatorzy-druga-edycja-przedluzamy_2160x1350px-2048x1280.jpg 2048w\" sizes=\"auto, (max-width: 480px) 100vw, 480px\" \/>      <\/div>\n      <h3>Wi\u0119cej czasu, by zg\u0142osi\u0107 si\u0119 do II edycji konkursu \u201eWschodz\u0105cy Innowatorzy\u201d!<\/h3>\n      Czekamy na Wasze zg\u0142oszenia do 14 grudnia!    <\/a>\n<\/article>          <\/div>\n                  <div class=\"col-sm-4\">\n            <article class=\"article format-standard\">\n    <span class=\"date text-right\"><i class=\"fal fa-calendar-alt\"><\/i> 28-11-2023<\/span>\n    <a href=\"https:\/\/pb.edu.pl\/via-carpatia\/2023\/11\/28\/nibe-biawar-liczy-na-kreatywnosc-uczestnikow-ii-edycji-konkursu-wschodzacy-innowatorzy\/\" title=\"NIBE-BIAWAR liczy na kreatywno\u015b\u0107 uczestnik\u00f3w II edycji konkursu \u201eWschodz\u0105cy Innowatorzy\u201d\">\n      <div class=\"article-image\">\n        <img loading=\"lazy\" decoding=\"async\" width=\"480\" height=\"300\" src=\"https:\/\/pb.edu.pl\/via-carpatia\/wp-content\/uploads\/sites\/92\/2023\/11\/biawar06-480x300.jpg\" class=\"img-fluid wp-post-image\" alt=\"Firma Nibe Biawar w konkursie Wschodz\u0105cy Innowatorzy\" \/>      <\/div>\n      <h3>NIBE-BIAWAR liczy na kreatywno\u015b\u0107 uczestnik\u00f3w II edycji konkursu \u201eWschodz\u0105cy Innowatorzy\u201d<\/h3>\n      Firma zg\u0142osi\u0142a 3 problemy do rozwi\u0105zania    <\/a>\n<\/article>          <\/div>\n                  <div class=\"col-sm-4\">\n            <article class=\"article format-standard\">\n    <span class=\"date text-right\"><i class=\"fal fa-calendar-alt\"><\/i> 24-11-2023<\/span>\n    <a href=\"https:\/\/pb.edu.pl\/via-carpatia\/2023\/11\/24\/firmy-zachecaja-uczniow-do-udzialu-w-ii-edycji-konkursu-wschodzacy-innowatorzy\/\" title=\"Firmy zach\u0119caj\u0105 uczni\u00f3w do udzia\u0142u w II edycji konkursu \u201eWschodz\u0105cy Innowatorzy\u201d\">\n      <div class=\"article-image\">\n        <img loading=\"lazy\" decoding=\"async\" width=\"480\" height=\"300\" src=\"https:\/\/pb.edu.pl\/via-carpatia\/wp-content\/uploads\/sites\/92\/2023\/11\/trojwymiarowi_01-480x300.jpg\" class=\"img-fluid wp-post-image\" alt=\"Mateusz Stefa\u0144czuk, firma Tr\u00f3jwymiarowi.pl, konkurs Wschodz\u0105cy Innowatorzy\" \/>      <\/div>\n      <h3>Firmy zach\u0119caj\u0105 uczni\u00f3w do udzia\u0142u w II edycji konkursu \u201eWschodz\u0105cy Innowatorzy\u201d<\/h3>\n      Zadanie zg\u0142oszone przez firm\u0119 Tr\u00f3jwymiarowi.pl    <\/a>\n<\/article>          <\/div>\n                  <div class=\"col-sm-4\">\n            <article class=\"article format-standard\">\n    <span class=\"date text-right\"><i class=\"fal fa-calendar-alt\"><\/i> 07-11-2023<\/span>\n    <a href=\"https:\/\/pb.edu.pl\/via-carpatia\/2023\/11\/07\/start-konkursu-wschodzacy-innowatorzy\/\" title=\"Start Konkursu Wschodz\u0105cy Innowatorzy\">\n      <div class=\"article-image\">\n        <img loading=\"lazy\" decoding=\"async\" width=\"480\" height=\"300\" src=\"https:\/\/pb.edu.pl\/via-carpatia\/wp-content\/uploads\/sites\/92\/2023\/11\/2023-09-22-wschodzacy-innowatorzy-druga-edycja-www-2160-1350-firmy-480x300.jpg\" class=\"img-fluid wp-post-image\" alt=\"\" srcset=\"https:\/\/pb.edu.pl\/via-carpatia\/wp-content\/uploads\/sites\/92\/2023\/11\/2023-09-22-wschodzacy-innowatorzy-druga-edycja-www-2160-1350-firmy-480x300.jpg 480w, https:\/\/pb.edu.pl\/via-carpatia\/wp-content\/uploads\/sites\/92\/2023\/11\/2023-09-22-wschodzacy-innowatorzy-druga-edycja-www-2160-1350-firmy-300x188.jpg 300w, https:\/\/pb.edu.pl\/via-carpatia\/wp-content\/uploads\/sites\/92\/2023\/11\/2023-09-22-wschodzacy-innowatorzy-druga-edycja-www-2160-1350-firmy-1024x640.jpg 1024w, https:\/\/pb.edu.pl\/via-carpatia\/wp-content\/uploads\/sites\/92\/2023\/11\/2023-09-22-wschodzacy-innowatorzy-druga-edycja-www-2160-1350-firmy-768x480.jpg 768w, https:\/\/pb.edu.pl\/via-carpatia\/wp-content\/uploads\/sites\/92\/2023\/11\/2023-09-22-wschodzacy-innowatorzy-druga-edycja-www-2160-1350-firmy-1536x960.jpg 1536w, https:\/\/pb.edu.pl\/via-carpatia\/wp-content\/uploads\/sites\/92\/2023\/11\/2023-09-22-wschodzacy-innowatorzy-druga-edycja-www-2160-1350-firmy-2048x1280.jpg 2048w\" sizes=\"auto, (max-width: 480px) 100vw, 480px\" \/>      <\/div>\n      <h3>Start Konkursu Wschodz\u0105cy Innowatorzy<\/h3>\n      Na zg\u0142oszenia zespo\u0142\u00f3w czekamy do 30 listopada 2023 r.    <\/a>\n<\/article>          <\/div>\n                  <\/div>\n          <\/div>\n\n<hr>\n<div class=\"h3\">Koordynator dzia\u0142ania projektowego<br \/>\nrealizowanego w Politechnice Bia\u0142ostockiej<\/div>\n<p>dr in\u017c. Wojciech Trzasko<br \/>\n<i class=\"fal fa-envelope\"><\/i> <a href=\"#\" rel=\"nofollow\"  onclick=\"this.href='mailto:' + 'w.trzasko' + '@' + 'pb.edu.pl'\">w.trzasko [at] pb.edu.pl<\/a>\n","protected":false},"excerpt":{"rendered":"<p>Rozpoczynamy II edycj\u0119 konkursu \u201eWschodz\u0105cy Innowatorzy, w kt\u00f3rym nagradzamy zdolnych uczni\u00f3w szk\u00f3\u0142 ponadpodstawowych. Ich genialne pomys\u0142y przekuwane s\u0105 na techniczne rozwi\u0105zania dla firm z regionu.&nbsp; ZG\u0141OSZENIA FIRM W pierwszym etapie konkursu zapraszamy do wsp\u00f3\u0142pracy Firmy oraz Szko\u0142y, kt\u00f3re zg\u0142aszaj\u0105 zadania konkursowe. Dzi\u0119ki po\u0142\u0105czonym si\u0142om mo\u017cemy \u0142owi\u0107 talenty in\u017cynierskie i wspiera\u0107 zdoln\u0105 m\u0142odzie\u017c z naszego wojew\u00f3dztwa! [&hellip;]<\/p>\n","protected":false},"author":2,"featured_media":0,"parent":586,"menu_order":2,"comment_status":"closed","ping_status":"closed","template":"","meta":{"_acf_changed":false,"ngg_post_thumbnail":0,"footnotes":""},"class_list":["post-1666","page","type-page","status-publish","hentry"],"acf":[],"_links":{"self":[{"href":"https:\/\/pb.edu.pl\/via-carpatia\/wp-json\/wp\/v2\/pages\/1666","targetHints":{"allow":["GET"]}}],"collection":[{"href":"https:\/\/pb.edu.pl\/via-carpatia\/wp-json\/wp\/v2\/pages"}],"about":[{"href":"https:\/\/pb.edu.pl\/via-carpatia\/wp-json\/wp\/v2\/types\/page"}],"author":[{"embeddable":true,"href":"https:\/\/pb.edu.pl\/via-carpatia\/wp-json\/wp\/v2\/users\/2"}],"replies":[{"embeddable":true,"href":"https:\/\/pb.edu.pl\/via-carpatia\/wp-json\/wp\/v2\/comments?post=1666"}],"version-history":[{"count":0,"href":"https:\/\/pb.edu.pl\/via-carpatia\/wp-json\/wp\/v2\/pages\/1666\/revisions"}],"up":[{"embeddable":true,"href":"https:\/\/pb.edu.pl\/via-carpatia\/wp-json\/wp\/v2\/pages\/586"}],"wp:attachment":[{"href":"https:\/\/pb.edu.pl\/via-carpatia\/wp-json\/wp\/v2\/media?parent=1666"}],"curies":[{"name":"wp","href":"https:\/\/api.w.org\/{rel}","templated":true}]}}