{"id":1661,"date":"2023-09-18T13:02:32","date_gmt":"2023-09-18T11:02:32","guid":{"rendered":"https:\/\/pb.edu.pl\/via-carpatia\/?page_id=1661"},"modified":"2023-09-18T20:20:35","modified_gmt":"2023-09-18T18:20:35","slug":"1-edycja-wschodzacy-innowatorzy","status":"publish","type":"page","link":"https:\/\/pb.edu.pl\/via-carpatia\/dzialania\/komercjalizacja\/biznak\/1-edycja-wschodzacy-innowatorzy\/","title":{"rendered":"Konkurs \u201eWschodz\u0105cy Innowatorzy\u201d &#8211; pierwsza edycja"},"content":{"rendered":"<p>\u201eWschodz\u0105cy Innowatorzy\u201d to konkurs skierowany do uczni\u00f3w szk\u00f3\u0142 ponadpodstawowych, kt\u00f3ry polega na opracowaniu autorskiego rozwi\u0105zania zadania technicznego, zg\u0142oszonego przez jedn\u0105 z firm z regionu.<\/p>\n<p><strong>I edycja konkursu trwa\u0142a od 6 lutego 2023 r. do 27 czerwca 2023 r.<\/strong>&nbsp;<\/p>\n<p>W konkursie og\u0142oszonym przez Politechnik\u0119 Bia\u0142ostock\u0105 przedsi\u0119biorstwa regionalne oraz instytucje ochrony przyrody zg\u0142osi\u0142y 17 praktycznych zada\u0144 do rozwi\u0105zania przez uczestnik\u00f3w konkursu.<\/p>\n<ul>\n<li>Do II etapu zmaga\u0144 zakwalifikowano 8 dru\u017cyn licz\u0105cych po maksymalnie trzech uczni\u00f3w. M\u0142odzi innowatorzy realizowali zadania konkursowe wykorzystuj\u0105c infrastruktur\u0119 przedsi\u0119biorstwa i instytucji, kt\u00f3re zg\u0142osi\u0142y wybrane przez zesp\u00f3\u0142 zadanie oraz laboratoria Politechniki Bia\u0142ostockiej (udost\u0119pnione w konwencji Smart Education).<\/li>\n<li>III etap konkursu zak\u0142ada\u0142 prezentacj\u0119 innowacyjnych rozwi\u0105za\u0144 dla firm i instytucji przed Komisj\u0105 Konkursow\u0105.<\/li>\n<li>Laureat\u00f3w I edycji konkursu poznali\u015bmy podczas gali, kt\u00f3ra odby\u0142a si\u0119 na kampusie Politechniki Bia\u0142ostockiej w dniu 27 czerwca 2023.<\/li>\n<\/ul>\n<p><span style=\"font-size: 10pt\"><em>Konkurs \u201eWschodz\u0105cy Innowatorzy\u201d jest realizowany jako dzia\u0142anie \u201eBIZNAK \u2013 Rozwijanie i wspieranie aktywno\u015bci komercjalizacyjnej uczni\u00f3w szk\u00f3\u0142 ponadpodstawowych\u201d w ramach Politechnicznej Sieci VIA CARPATIA im. Prezydenta RP Lecha Kaczy\u0144skiego.<\/em><\/span><\/p>\n<p>&nbsp;<\/p>\n\n  <div class=\"box news-box\">\n    <div class=\"row\">\n      \n                        <div class=\"col-sm-4\">\n            <article class=\"article format-standard\">\n    <span class=\"date text-right\"><i class=\"fal fa-calendar-alt\"><\/i> 27-02-2024<\/span>\n    <a href=\"https:\/\/pb.edu.pl\/via-carpatia\/2024\/02\/27\/politechnika-bialostocka-rozpoczyna-komercjalizacje-pomyslu-uczennic-na-ochrone-roslinnosci-bialowieskiego-parku-narodowego\/\" title=\"Politechnika Bia\u0142ostocka rozpoczyna komercjalizacj\u0119 pomys\u0142u uczennic na ochron\u0119 ro\u015blinno\u015bci Bia\u0142owieskiego Parku Narodowego\">\n      <div class=\"article-image\">\n        <img loading=\"lazy\" decoding=\"async\" width=\"480\" height=\"300\" src=\"https:\/\/pb.edu.pl\/via-carpatia\/wp-content\/uploads\/sites\/92\/2024\/02\/2024.02.27_Podpisanie-umowy-park-Bialowieski-III-LO-PB_fot.-Pawel-Jankowski-PB-14-480x300.jpg\" class=\"img-fluid wp-post-image\" alt=\"2024.02.27_Podpisanie umowy park Bia\u0142owieski III LO PB_fot. Pawe\u0142 Jankowski PB\" srcset=\"https:\/\/pb.edu.pl\/via-carpatia\/wp-content\/uploads\/sites\/92\/2024\/02\/2024.02.27_Podpisanie-umowy-park-Bialowieski-III-LO-PB_fot.-Pawel-Jankowski-PB-14-480x300.jpg 480w, https:\/\/pb.edu.pl\/via-carpatia\/wp-content\/uploads\/sites\/92\/2024\/02\/2024.02.27_Podpisanie-umowy-park-Bialowieski-III-LO-PB_fot.-Pawel-Jankowski-PB-14-300x188.jpg 300w, https:\/\/pb.edu.pl\/via-carpatia\/wp-content\/uploads\/sites\/92\/2024\/02\/2024.02.27_Podpisanie-umowy-park-Bialowieski-III-LO-PB_fot.-Pawel-Jankowski-PB-14-1024x640.jpg 1024w, https:\/\/pb.edu.pl\/via-carpatia\/wp-content\/uploads\/sites\/92\/2024\/02\/2024.02.27_Podpisanie-umowy-park-Bialowieski-III-LO-PB_fot.-Pawel-Jankowski-PB-14-768x480.jpg 768w, https:\/\/pb.edu.pl\/via-carpatia\/wp-content\/uploads\/sites\/92\/2024\/02\/2024.02.27_Podpisanie-umowy-park-Bialowieski-III-LO-PB_fot.-Pawel-Jankowski-PB-14-1536x960.jpg 1536w, https:\/\/pb.edu.pl\/via-carpatia\/wp-content\/uploads\/sites\/92\/2024\/02\/2024.02.27_Podpisanie-umowy-park-Bialowieski-III-LO-PB_fot.-Pawel-Jankowski-PB-14.jpg 1600w\" sizes=\"auto, (max-width: 480px) 100vw, 480px\" \/>      <\/div>\n      <h3>Politechnika Bia\u0142ostocka rozpoczyna komercjalizacj\u0119 pomys\u0142u uczennic na ochron\u0119 ro\u015blinno\u015bci Bia\u0142owieskiego Parku Narodowego<\/h3>\n      Politechnika Bia\u0142ostocka rozpoczyna komercjalizacj\u0119 pomys\u0142u uczennic III Liceum Og\u00f3lnokszta\u0142c\u0105cego w Bia\u0142ymstoku    <\/a>\n<\/article>          <\/div>\n                  <div class=\"col-sm-4\">\n            <article class=\"article format-standard\">\n    <span class=\"date text-right\"><i class=\"fal fa-calendar-alt\"><\/i> 27-06-2023<\/span>\n    <a href=\"https:\/\/pb.edu.pl\/via-carpatia\/2023\/06\/27\/poznajcie-wschodzacych-innowatorow\/\" title=\"Poznajcie \u201eWschodz\u0105cych Innowator\u00f3w\u201d!\">\n      <div class=\"article-image\">\n        <img loading=\"lazy\" decoding=\"async\" width=\"480\" height=\"300\" src=\"https:\/\/pb.edu.pl\/via-carpatia\/wp-content\/uploads\/sites\/92\/2023\/06\/miejsce-1_konkurs_innowatorzy_gala_25-480x300.jpg\" class=\"img-fluid wp-post-image\" alt=\"\" \/>      <\/div>\n      <h3>Poznajcie \u201eWschodz\u0105cych Innowator\u00f3w\u201d!<\/h3>\n      Konkurs w ramach Politechnicznej Sieci Via Carpatia wygrali uczniowie z Akademickiego    <\/a>\n<\/article>          <\/div>\n                  <div class=\"col-sm-4\">\n            <article class=\"article format-standard\">\n    <span class=\"date text-right\"><i class=\"fal fa-calendar-alt\"><\/i> 22-06-2023<\/span>\n    <a href=\"https:\/\/pb.edu.pl\/via-carpatia\/2023\/06\/22\/gala-finalowa-konkursu-wschodzacy-innowatorzy-politechnicznej-sieci-via-carpatia\/\" title=\"Gala fina\u0142owa konkursu \u201eWschodz\u0105cy Innowatorzy\u201d Politechnicznej Sieci VIA CARPATIA\">\n      <div class=\"article-image\">\n        <img loading=\"lazy\" decoding=\"async\" width=\"480\" height=\"300\" src=\"https:\/\/pb.edu.pl\/via-carpatia\/wp-content\/uploads\/sites\/92\/2023\/06\/2023_06_GALA_FINALOWA_1200x800px-480x300.jpg\" class=\"img-fluid wp-post-image\" alt=\"grafika do wydarzenia - Gala Fina\u0142owa konkursu &quot;Wschodz\u0105cy Innowatorzy&quot;\" \/>      <\/div>\n      <h3>Gala fina\u0142owa konkursu \u201eWschodz\u0105cy Innowatorzy\u201d Politechnicznej Sieci VIA CARPATIA<\/h3>\n      27 czerwca poznamy zwyci\u0119zc\u00f3w!    <\/a>\n<\/article>          <\/div>\n                  <div class=\"col-sm-4\">\n            <article class=\"article format-standard\">\n    <span class=\"date text-right\"><i class=\"fal fa-calendar-alt\"><\/i> 20-06-2023<\/span>\n    <a href=\"https:\/\/pb.edu.pl\/via-carpatia\/2023\/06\/20\/za-nami-prezentacje-uczestnikow-konkursu-wschodzacy-innowatorzy\/\" title=\"Za nami prezentacje uczestnik\u00f3w konkursu \u201eWschodz\u0105cy Innowatorzy\u201d\">\n      <div class=\"article-image\">\n        <img loading=\"lazy\" decoding=\"async\" width=\"480\" height=\"300\" src=\"https:\/\/pb.edu.pl\/via-carpatia\/wp-content\/uploads\/sites\/92\/2023\/06\/2023.06.20_Wschodzacy-Inowatorzy_fot.Dariusz-Piekut_PB-5-480x300.jpg\" class=\"img-fluid wp-post-image\" alt=\"Przezentacje uczestnik\u00f3w konkursu Wschodz\u0105cy Innowtorzy\" \/>      <\/div>\n      <h3>Za nami prezentacje uczestnik\u00f3w konkursu \u201eWschodz\u0105cy Innowatorzy\u201d<\/h3>\n      Zwyci\u0119zc\u00f3w poznamy na Gali fina\u0142owej!    <\/a>\n<\/article>          <\/div>\n                  <div class=\"col-sm-4\">\n            <article class=\"article format-standard\">\n    <span class=\"date text-right\"><i class=\"fal fa-calendar-alt\"><\/i> 16-06-2023<\/span>\n    <a href=\"https:\/\/pb.edu.pl\/via-carpatia\/2023\/06\/16\/iii-etap-konkursu-wschodzacy-innowatorzy-politechnicznej-sieci-via-carpatia\/\" title=\"III etap konkursu &#8222;Wschodz\u0105cy Innowatorzy\u201d Politechnicznej Sieci VIA CARPATIA\">\n      <div class=\"article-image\">\n        <img loading=\"lazy\" decoding=\"async\" width=\"480\" height=\"300\" src=\"https:\/\/pb.edu.pl\/via-carpatia\/wp-content\/uploads\/sites\/92\/2023\/06\/2023_06_wschodzacy-innowatorzy-social-III-etap_1200x800px-480x300.jpg\" class=\"img-fluid wp-post-image\" alt=\"Grafika III etapu konkursu Wschodz\u0105cy Innowatorzy\" \/>      <\/div>\n      <h3>III etap konkursu &#8222;Wschodz\u0105cy Innowatorzy\u201d Politechnicznej Sieci VIA CARPATIA<\/h3>\n      20 czerwca odb\u0119d\u0105 si\u0119 prezentacje 8 zespo\u0142\u00f3w konkursowych!    <\/a>\n<\/article>          <\/div>\n                  <div class=\"col-sm-4\">\n            <article class=\"article format-standard\">\n    <span class=\"date text-right\"><i class=\"fal fa-calendar-alt\"><\/i> 20-03-2023<\/span>\n    <a href=\"https:\/\/pb.edu.pl\/via-carpatia\/2023\/03\/20\/znamy-wyniki-kwalifikacji-do-etapu-ii-konkursu-wschodzacy-innowatorzy\/\" title=\"Znamy wyniki kwalifikacji do etapu II. konkursu \u201eWschodz\u0105cy Innowatorzy\u201d\">\n      <div class=\"article-image\">\n        <img loading=\"lazy\" decoding=\"async\" width=\"480\" height=\"300\" src=\"https:\/\/pb.edu.pl\/via-carpatia\/wp-content\/uploads\/sites\/92\/2023\/03\/wschodzacy-innowatorzy-social-Wyniki-II-etapu-1200x800-1-480x300.jpg\" class=\"img-fluid wp-post-image\" alt=\"II etap konkursy Wschodz\u0105cy Innowatorzy\" \/>      <\/div>\n      <h3>Znamy wyniki kwalifikacji do etapu II. konkursu \u201eWschodz\u0105cy Innowatorzy\u201d<\/h3>\n      Komisja konkursowa wybra\u0142a 8 zespo\u0142\u00f3w!    <\/a>\n<\/article>          <\/div>\n                  <div class=\"col-sm-4\">\n            <article class=\"article format-standard\">\n    <span class=\"date text-right\"><i class=\"fal fa-calendar-alt\"><\/i> 02-03-2023<\/span>\n    <a href=\"https:\/\/pb.edu.pl\/via-carpatia\/2023\/03\/02\/rozpoczela-prace-komisja-konkursu-wschodzacy-innowatorzy\/\" title=\"Rozpocz\u0119\u0142a prace Komisja konkursu Wschodz\u0105cy Innowatorzy\">\n      <div class=\"article-image\">\n        <img loading=\"lazy\" decoding=\"async\" width=\"480\" height=\"300\" src=\"https:\/\/pb.edu.pl\/via-carpatia\/wp-content\/uploads\/sites\/92\/2022\/12\/wschodzacy-innowatorzy-social-Czekamy-na-Wasze-pomysly-do-14-marca-1200x800-1-480x300.jpg\" class=\"img-fluid wp-post-image\" alt=\"Konkurs Wschodz\u0105cy Innowatorzy\" \/>      <\/div>\n      <h3>Rozpocz\u0119\u0142a prace Komisja konkursu Wschodz\u0105cy Innowatorzy<\/h3>\n      Do 14 marca czekamy na zg\u0142oszenia    <\/a>\n<\/article>          <\/div>\n                  <div class=\"col-sm-4\">\n            <article class=\"article format-standard\">\n    <span class=\"date text-right\"><i class=\"fal fa-calendar-alt\"><\/i> 01-02-2023<\/span>\n    <a href=\"https:\/\/pb.edu.pl\/via-carpatia\/2023\/02\/01\/konkurs-wschodzacy-innowatorzy\/\" title=\"Konkurs Wschodz\u0105cy Innowatorzy\">\n      <div class=\"article-image\">\n        <img loading=\"lazy\" decoding=\"async\" width=\"480\" height=\"300\" src=\"https:\/\/pb.edu.pl\/via-carpatia\/wp-content\/uploads\/sites\/92\/2022\/12\/wschodzacy-innowatorzy-social-Czekamy-na-Wasze-pomysly-do-14-marca-1200x800-1-480x300.jpg\" class=\"img-fluid wp-post-image\" alt=\"Konkurs Wschodz\u0105cy Innowatorzy\" \/>      <\/div>\n      <h3>Konkurs Wschodz\u0105cy Innowatorzy<\/h3>\n      Zapraszamy uczni\u00f3w szk\u00f3\u0142 ponadpodstawowych...    <\/a>\n<\/article>          <\/div>\n                  <\/div>\n          <\/div>\n\n<p><a href=\"https:\/\/pb.edu.pl\/via-carpatia\/2022\/12\/19\/konkursu-wschodzacy-innowatorzy\/\">Szczeg\u00f3\u0142y dotycz\u0105ce Konkursu \u201eWschodz\u0105cy Innowatorzy\u201d<\/a><\/p>\n<p>Przed przyst\u0105pieniem do konkursu nale\u017cy zapozna\u0107 si\u0119 z tre\u015bci\u0105<br \/>\n<a class=\"pdf\" href=\"https:\/\/pb.edu.pl\/via-carpatia\/wp-content\/uploads\/sites\/92\/2023\/02\/Regulamin-Konkursu-Wschodzacy-Innowatorzy-17-02-2023.pdf\" target=\"_blank\" rel=\"noopener\">Regulamin Konkursu (PDF, 855 KB, otworzy si\u0119 w nowej karcie)<\/a>.<\/p>\n<p>Regulamin zosta\u0142 zmieniony 17 lutego 2023 r.<br \/>\n&nbsp;<\/p>\n<div class=\"h3\">Materia\u0142y do pobrania:<\/div>\n<p><a class=\"pdf\" href=\"https:\/\/pb.edu.pl\/via-carpatia\/wp-content\/uploads\/sites\/92\/2023\/03\/Plakat-wschodzacy-innowatorzy-new.pdf\" target=\"_blank\" rel=\"noopener\">Plakat Konkursu Wschodz\u0105cy Innowatorzy (PDF, 243 KB, otworzy si\u0119 w nowej karcie)<\/a>&nbsp;<br \/>\n&nbsp;<br \/>\n<strong>Zach\u0119camy do obejrzenia filmu z udzia\u0142em dr. hab. in\u017c. Miros\u0142awa \u015awiercza, prof. PB, Prorektora ds. Rozwoju Politechniki Bia\u0142ostockiej, kt\u00f3ry zach\u0119ca m\u0142odzie\u017c do zg\u0142aszania prac w konkursie \u201eWschodz\u0105cy Innowatorzy\u201d.<\/strong><\/p>\n<div class=\"ratio ratio-16x9\"><iframe loading=\"lazy\" title=\"Konkurs \u201eWschodz\u0105cy Innowatorzy\u201d! Politechnika Bia\u0142ostocka zaprasza m\u0142odzie\u017c do udzia\u0142u!\" width=\"500\" height=\"281\" src=\"https:\/\/www.youtube.com\/embed\/ojST8jY2yd0?feature=oembed\" frameborder=\"0\" allow=\"accelerometer; autoplay; clipboard-write; encrypted-media; gyroscope; picture-in-picture; web-share\" referrerpolicy=\"strict-origin-when-cross-origin\" allowfullscreen><\/iframe><\/div>\n<p><strong>Dr hab. in\u017c. Jaros\u0142aw Szusta, prof. PB, Prorektor ds. Studenckich Politechniki Bia\u0142ostockiej m\u00f3wi dlaczego warto wzi\u0105\u0107 udzia\u0142 w konkursie \u201eWschodz\u0105cy Innowatorzy\u201d.<\/strong><\/p>\n<div class=\"ratio ratio-16x9\"><iframe loading=\"lazy\" title=\"Dlaczego warto wzi\u0105\u0107 udzia\u0142? Konkurs \u201eWschodz\u0105cy Innowatorzy\u201d Politechniki Bia\u0142ostockiej!\" width=\"500\" height=\"281\" src=\"https:\/\/www.youtube.com\/embed\/oUJTVy7Not8?feature=oembed\" frameborder=\"0\" allow=\"accelerometer; autoplay; clipboard-write; encrypted-media; gyroscope; picture-in-picture; web-share\" referrerpolicy=\"strict-origin-when-cross-origin\" allowfullscreen><\/iframe><\/div>\n<p><strong>Mateusz Szymura &#8211; le\u015bnik, ekolog i pracownik Bia\u0142owieskiego Parku Narodowego prezentuje <\/strong><strong>zadanie zg\u0142oszone przez Bia\u0142owieski Park Narodowy.<\/strong><\/p>\n<div class=\"ratio ratio-16x9\"><iframe loading=\"lazy\" title=\"Mateusz Szymura: Chro\u0144 przyrod\u0119 w konkursie \u201eWschodz\u0105cy Innowatorzy\u201d Politechniki Bia\u0142ostockiej!\" width=\"500\" height=\"281\" src=\"https:\/\/www.youtube.com\/embed\/bz1hhHy_Txk?start=1&#038;feature=oembed\" frameborder=\"0\" allow=\"accelerometer; autoplay; clipboard-write; encrypted-media; gyroscope; picture-in-picture; web-share\" referrerpolicy=\"strict-origin-when-cross-origin\" allowfullscreen><\/iframe><\/div>\n<hr>\n<div class=\"h3\">Koordynator dzia\u0142ania projektowego<br \/>\nrealizowanego w Politechnice Bia\u0142ostockiej<\/div>\n<p>dr in\u017c. Wojciech Trzasko<br \/>\n<i class=\"fal fa-envelope\"><\/i> <a href=\"#\" rel=\"nofollow\"  onclick=\"this.href='mailto:' + 'w.trzasko' + '@' + 'pb.edu.pl'\">w.trzasko [at] pb.edu.pl<\/a>\n","protected":false},"excerpt":{"rendered":"<p>\u201eWschodz\u0105cy Innowatorzy\u201d to konkurs skierowany do uczni\u00f3w szk\u00f3\u0142 ponadpodstawowych, kt\u00f3ry polega na opracowaniu autorskiego rozwi\u0105zania zadania technicznego, zg\u0142oszonego przez jedn\u0105 z firm z regionu. I edycja konkursu trwa\u0142a od 6 lutego 2023 r. do 27 czerwca 2023 r.&nbsp; W konkursie og\u0142oszonym przez Politechnik\u0119 Bia\u0142ostock\u0105 przedsi\u0119biorstwa regionalne oraz instytucje ochrony przyrody zg\u0142osi\u0142y 17 praktycznych zada\u0144 do [&hellip;]<\/p>\n","protected":false},"author":2,"featured_media":0,"parent":586,"menu_order":1,"comment_status":"closed","ping_status":"closed","template":"","meta":{"_acf_changed":false,"ngg_post_thumbnail":0,"footnotes":""},"class_list":["post-1661","page","type-page","status-publish","hentry"],"acf":[],"_links":{"self":[{"href":"https:\/\/pb.edu.pl\/via-carpatia\/wp-json\/wp\/v2\/pages\/1661","targetHints":{"allow":["GET"]}}],"collection":[{"href":"https:\/\/pb.edu.pl\/via-carpatia\/wp-json\/wp\/v2\/pages"}],"about":[{"href":"https:\/\/pb.edu.pl\/via-carpatia\/wp-json\/wp\/v2\/types\/page"}],"author":[{"embeddable":true,"href":"https:\/\/pb.edu.pl\/via-carpatia\/wp-json\/wp\/v2\/users\/2"}],"replies":[{"embeddable":true,"href":"https:\/\/pb.edu.pl\/via-carpatia\/wp-json\/wp\/v2\/comments?post=1661"}],"version-history":[{"count":0,"href":"https:\/\/pb.edu.pl\/via-carpatia\/wp-json\/wp\/v2\/pages\/1661\/revisions"}],"up":[{"embeddable":true,"href":"https:\/\/pb.edu.pl\/via-carpatia\/wp-json\/wp\/v2\/pages\/586"}],"wp:attachment":[{"href":"https:\/\/pb.edu.pl\/via-carpatia\/wp-json\/wp\/v2\/media?parent=1661"}],"curies":[{"name":"wp","href":"https:\/\/api.w.org\/{rel}","templated":true}]}}