{"id":60,"date":"2020-02-20T14:11:46","date_gmt":"2020-02-20T13:11:46","guid":{"rendered":"https:\/\/pb.edu.pl\/ukw\/?page_id=60"},"modified":"2024-01-18T12:11:02","modified_gmt":"2024-01-18T11:11:02","slug":"formularze","status":"publish","type":"page","link":"https:\/\/pb.edu.pl\/ukw\/formularze\/","title":{"rendered":"Formularze"},"content":{"rendered":"<p><a class=\"pdf\" href=\"https:\/\/pb.edu.pl\/ukw\/wp-content\/uploads\/sites\/42\/2024\/01\/Karta-zgloszenia-oraz-zgoda-na-kandydowanie-w-wyborach-na-czlonka-KOLEGIUM-ELEKTOROW.pdf\" target=\"_blank\" data-id=\"336\" rel=\"noopener\">Karta zg\u0142oszenia oraz zgoda na kandydowanie w wyborach na cz\u0142onka KOLEGIUM ELEKTOR\u00d3W <span>(PDF, 214 KB, otworzy si\u0119 w nowej karcie)<\/span><\/a><\/p>\n<p><a class=\"pdf\" href=\"https:\/\/pb.edu.pl\/ukw\/wp-content\/uploads\/sites\/42\/2024\/01\/Karta-zgloszenia-oraz-zgoda-na-kandydowanie-w-wyborach-na-czlonka-SENATU.pdf\" target=\"_blank\" data-id=\"337\" rel=\"noopener\">Karta zg\u0142oszenia oraz zgoda na kandydowanie w wyborach na cz\u0142onka SENATU <span>(PDF, 214 KB, otworzy si\u0119 w nowej karcie)<\/span><\/a><\/p>\n<p><a class=\"pdf\" href=\"https:\/\/pb.edu.pl\/ukw\/wp-content\/uploads\/sites\/42\/2024\/01\/Zgoda-na-kandydowanie-w-wyborach-na-REKTORA-POLITECHNIKI-BIALOSTOCKIEJ.pdf\" target=\"_blank\" data-id=\"338\" rel=\"noopener\">Zgoda na kandydowanie w wyborach na REKTORA POLITECHNIKI BIA\u0141OSTOCKIEJ <span>(PDF, 196 KB, otworzy si\u0119 w nowej karcie)<\/span><\/a><\/p>\n","protected":false},"excerpt":{"rendered":"<p>Karta zg\u0142oszenia oraz zgoda na kandydowanie w wyborach na cz\u0142onka KOLEGIUM ELEKTOR\u00d3W (PDF, 214 KB,<\/p>\n","protected":false},"author":2,"featured_media":0,"parent":0,"menu_order":4,"comment_status":"closed","ping_status":"closed","template":"","meta":{"_acf_changed":false,"ngg_post_thumbnail":0,"footnotes":""},"class_list":["post-60","page","type-page","status-publish","hentry"],"acf":[],"_links":{"self":[{"href":"https:\/\/pb.edu.pl\/ukw\/wp-json\/wp\/v2\/pages\/60","targetHints":{"allow":["GET"]}}],"collection":[{"href":"https:\/\/pb.edu.pl\/ukw\/wp-json\/wp\/v2\/pages"}],"about":[{"href":"https:\/\/pb.edu.pl\/ukw\/wp-json\/wp\/v2\/types\/page"}],"author":[{"embeddable":true,"href":"https:\/\/pb.edu.pl\/ukw\/wp-json\/wp\/v2\/users\/2"}],"replies":[{"embeddable":true,"href":"https:\/\/pb.edu.pl\/ukw\/wp-json\/wp\/v2\/comments?post=60"}],"version-history":[{"count":0,"href":"https:\/\/pb.edu.pl\/ukw\/wp-json\/wp\/v2\/pages\/60\/revisions"}],"wp:attachment":[{"href":"https:\/\/pb.edu.pl\/ukw\/wp-json\/wp\/v2\/media?parent=60"}],"curies":[{"name":"wp","href":"https:\/\/api.w.org\/{rel}","templated":true}]}}