{"id":26,"date":"2020-02-18T11:39:17","date_gmt":"2020-02-18T10:39:17","guid":{"rendered":"https:\/\/pb.edu.pl\/ukw\/?page_id=26"},"modified":"2024-01-18T12:00:58","modified_gmt":"2024-01-18T11:00:58","slug":"sklad-komisji","status":"publish","type":"page","link":"https:\/\/pb.edu.pl\/ukw\/sklad-komisji\/","title":{"rendered":"Sk\u0142ad Komisji"},"content":{"rendered":"<ol>\n<li>prof. dr hab. in\u017c. Zbigniew Bartosiewicz &#8211; Przewodnicz\u0105cy \u2013 Instytut Informatyki Technicznej i&nbsp;Telekomunikacji, Wydzia\u0142 Informatyki;<\/li>\n<li>dr in\u017c. Mariusz Gnatowski \u2013 Wiceprzewodnicz\u0105cy &#8211; Instytut In\u017cynierii L\u0105dowej, Wydzia\u0142 Budownictwa i&nbsp;Nauk o&nbsp;\u015arodowisku;<\/li>\n<li>mgr Tomasz Klim \u2013 Sekretarz \u2013 przedstawiciel OZZPO.<\/li>\n<li>mgr in\u017c. Anna \u017bakowicz \u2013 Zast\u0119pca sekretarza\u2013 przedstawiciel ZZPT PB;<\/li>\n<li>dr hab. in\u017c. arch. Tomasz Kukawski, prof. PB \u2013 Instytut Sztuki, Wydzia\u0142 Architektury;<\/li>\n<li>dr hab. in\u017c. arch. Halina \u0141api\u0144ska, prof. PB \u2013 Instytut Architektury i Urbanistyki, Wydzia\u0142 Architektury;<\/li>\n<li>dr hab. in\u017c. Dariusz Boruszko, prof. PB \u2013 Instytut In\u017cynierii \u015arodowiska i Energetyki, Wydzia\u0142 Budownictwa i Nauk o \u015arodowisku;<\/li>\n<li>dr hab. in\u017c. Miko\u0142aj Jalinik, prof. PB \u2013 Instytut Nauk Le\u015bnych, Wydzia\u0142 Budownictwa i&nbsp;Nauk o \u015arodowisku;<\/li>\n<li>dr in\u017c. Marek Zar\u0119ba \u2013 Instytut Automatyki, Elektroniki i Elektrotechniki, Wydzia\u0142 Elektryczny;<\/li>\n<li>dr Agnieszka Konopelko \u2013 Instytut Nauk o Zarz\u0105dzaniu i Jako\u015bci, Wydzia\u0142 In\u017cynierii Zarz\u0105dzania;<\/li>\n<li>dr in\u017c. Ewa Kulesza \u2013 Instytut In\u017cynierii Mechanicznej, Wydzia\u0142 Mechaniczny;<\/li>\n<li>mgr Ma\u0142gorzata Zdrodowska \u2013 Instytut In\u017cynierii Biomedycznej, Wydzia\u0142 Mechaniczny;<\/li>\n<li>&nbsp;mgr in\u017c. Janina Panasewicz-Godlewska \u2013 przedstawiciel pracownik\u00f3w nieb\u0119d\u0105cych nauczycielami akademickimi;<\/li>\n<li>mgr Anna Kalisz \u2013 przedstawiciel pracownik\u00f3w jednostek og\u00f3lnouczelnianych;<\/li>\n<li>mgr in\u017c. Adriana Ma\u0142gorzata Dowbysz \u2013 przedstawiciel Samorz\u0105du Doktorant\u00f3w Politechniki Bia\u0142ostockiej;<\/li>\n<li>in\u017c. Krzysztof Moczulski \u2013 przedstawiciel Samorz\u0105du Student\u00f3w Politechniki Bia\u0142ostockiej;<\/li>\n<li>mgr Barbara Kowalska \u2013 przedstawiciel ZNP;<\/li>\n<li>dr in\u017c. Adam Ku\u017ama \u2013 przedstawiciel NSZZ \u201eSolidarno\u015b\u0107\u201d;<\/li>\n<li>dr in\u017c. Wojciech Zalewski \u2013 przedstawiciel WZZPB \u201eProgres\u201d.<\/li>\n<\/ol>\n","protected":false},"excerpt":{"rendered":"<p>prof. dr hab. in\u017c. Zbigniew Bartosiewicz &#8211; Przewodnicz\u0105cy \u2013 Instytut Informatyki Technicznej i&nbsp;Telekomunikacji, Wydzia\u0142 Informatyki;<\/p>\n","protected":false},"author":2,"featured_media":0,"parent":0,"menu_order":0,"comment_status":"closed","ping_status":"closed","template":"","meta":{"_acf_changed":false,"ngg_post_thumbnail":0,"footnotes":""},"class_list":["post-26","page","type-page","status-publish","hentry"],"acf":[],"_links":{"self":[{"href":"https:\/\/pb.edu.pl\/ukw\/wp-json\/wp\/v2\/pages\/26","targetHints":{"allow":["GET"]}}],"collection":[{"href":"https:\/\/pb.edu.pl\/ukw\/wp-json\/wp\/v2\/pages"}],"about":[{"href":"https:\/\/pb.edu.pl\/ukw\/wp-json\/wp\/v2\/types\/page"}],"author":[{"embeddable":true,"href":"https:\/\/pb.edu.pl\/ukw\/wp-json\/wp\/v2\/users\/2"}],"replies":[{"embeddable":true,"href":"https:\/\/pb.edu.pl\/ukw\/wp-json\/wp\/v2\/comments?post=26"}],"version-history":[{"count":0,"href":"https:\/\/pb.edu.pl\/ukw\/wp-json\/wp\/v2\/pages\/26\/revisions"}],"wp:attachment":[{"href":"https:\/\/pb.edu.pl\/ukw\/wp-json\/wp\/v2\/media?parent=26"}],"curies":[{"name":"wp","href":"https:\/\/api.w.org\/{rel}","templated":true}]}}