{"id":24,"date":"2020-02-18T11:38:58","date_gmt":"2020-02-18T10:38:58","guid":{"rendered":"https:\/\/pb.edu.pl\/ukw\/?page_id=24"},"modified":"2024-06-14T16:28:09","modified_gmt":"2024-06-14T14:28:09","slug":"wyniki","status":"publish","type":"page","link":"https:\/\/pb.edu.pl\/ukw\/wyniki\/","title":{"rendered":"Wyniki"},"content":{"rendered":"<p><a href=\"\/ukw\/wyniki\/#senat\">Wyniki wybor\u00f3w do Senatu Politechniki Bia\u0142ostockiej na kadencj\u0119 2024-2028<\/a><\/p>\n<p><a href=\"\/ukw\/wyniki\/#elektor\">Wyniki wybor\u00f3w do Kolegium Elektor\u00f3w Politechniki Bia\u0142ostockiej 2024-2028<\/a><\/p>\n<hr>\n<p>&nbsp;<\/p>\n<p><a name=\"senat\"><\/a> <\/p>\n<div class=\"h3\">WYNIKI WYBOR\u00d3W DO SENATU POLITECHNIKI BIA\u0141OSTOCKIEJ NA KADENCJ\u0118 2024-2028<\/div>\n<p>&nbsp;<\/p>\n<table class=\"table table-bordered\">\n<tbody>\n<tr>\n<td width=\"50%\"><strong>Profesorowie oraz profesorowie uczelni zatrudnieni na Wydziale Architektury<\/strong><br \/>\n&nbsp;<br \/>\n1. Tatiana Misijuk<br \/>\n2. Wojciech Niebrzydowski\n<\/td>\n<td width=\"50%\"><strong>Nauczyciele akademiccy zatrudnieni na Wydziale Architektury na stanowiskach innych ni\u017c profesorowie oraz profesorowie uczelni<\/strong><br \/>\n&nbsp;<br \/>\n1. Adam Jakimowicz<\/td>\n<\/tr>\n<tr>\n<td width=\"50%\"><strong>Profesorowie oraz profesorowie uczelni zatrudnieni na Wydziale Budownictwa i Nauk o \u015arodowisku<\/strong><br \/>\n&nbsp;<br \/>\n1. Izabela Bartkowska<br \/>\n2. Katarzyna Ignatowicz<br \/>\n3. Monika Kalinowska<br \/>\n4. Marta Kosior-Kazberuk (Rektor \u2013 elekt)<br \/>\n5. Dorota Anna Krawczyk<br \/>\n6. S\u0142awomir Obidzi\u0144ski<br \/>\n7. Jolanta Piekut<br \/>\n8. Jolanta Anna Prusiel\n<\/td>\n<td width=\"50%\"><strong>Nauczyciele akademiccy zatrudnieni na Wydziale Budownictwa i Nauk o \u015arodowisku na stanowiskach innych ni\u017c profesorowie oraz profesorowie uczelni<\/strong><br \/>\n&nbsp;<br \/>\n1. Dorota Dec<br \/>\n2. Katarzyna Kalinowska-Wichrowska<br \/>\n3. Julita Krassowska\n<\/td>\n<\/tr>\n<tr>\n<td width=\"50%\"><strong>Profesorowie oraz profesorowie uczelni zatrudnieni na Wydziale Elektrycznym<\/strong><br \/>\n&nbsp;<br \/>\n1. Marcin Kochanowicz<br \/>\n2. Andrzej Ruszewski<br \/>\n3. Wojciech Walendziuk\n<\/td>\n<td width=\"302\"><strong>Nauczyciele akademiccy zatrudnieni na Wydziale Elektrycznym na stanowiskach innych ni\u017c profesorowie oraz profesorowie uczelni<\/strong><br \/>\n&nbsp;<br \/>\n1. S\u0142awomir Kwie\u0107kowski\n<\/td>\n<\/tr>\n<tr>\n<td width=\"50%\"><strong>Profesorowie oraz profesorowie uczelni zatrudnieni na Wydziale Informatyki<\/strong><br \/>\n&nbsp;<br \/>\n1. Agnieszka Dru\u017cd\u017cel<br \/>\n2. Marek Kr\u0119towski<br \/>\n3. Ryszard Mazurek<br \/>\n4. Ireneusz Mrozek\n<\/td>\n<td width=\"50%\"><strong>Nauczyciele akademiccy zatrudnieni na Wydziale Informatyki na stanowiskach innych ni\u017c profesorowie oraz profesorowie uczelni<\/strong><br \/>\n&nbsp;<br \/>\n1. Krzysztof Jurczuk<\/td>\n<\/tr>\n<tr>\n<td width=\"50%\"><strong>Profesorowie oraz profesorowie uczelni zatrudnieni na Wydziale In\u017cynierii Zarz\u0105dzania<\/strong><br \/>\n&nbsp;<br \/>\n1. Joanna Ejdys<br \/>\n2. Ewa Gli\u0144ska<br \/>\n3. Wies\u0142aw Urban\n<\/td>\n<td width=\"50%\"><strong>Nauczyciele akademiccy zatrudnieni na Wydziale In\u017cynierii Zarz\u0105dzania na stanowiskach innych ni\u017c profesorowie oraz profesorowie uczelni<\/strong><br \/>\n&nbsp;<br \/>\n1. Urszula Kobyli\u0144ska<br \/>\n2. Julia Siderska\n<\/td>\n<\/tr>\n<tr>\n<td width=\"50%\"><strong>Profesorowie oraz profesorowie uczelni zatrudnieni na Wydziale Mechanicznym<\/strong><br \/>\n&nbsp;<br \/>\n1. Dariusz Butrymowicz<br \/>\n2. Jerzy Gagan<br \/>\n3. Micha\u0142 Kuciej<br \/>\n4. Romuald Mosdorf<br \/>\n5. Jolanta Pauk<br \/>\n6. Dariusz Szpica\n<\/td>\n<td width=\"50%\"><strong>Nauczyciele akademiccy zatrudnieni na Wydziale Mechanicznym na stanowiskach innych ni\u017c profesorowie oraz profesorowie uczelni<\/strong><br \/>\n&nbsp;<br \/>\n1. Adam Bajkowski<\/td>\n<\/tr>\n<tr>\n<td width=\"50%\"><strong>Pracownicy In\u017cynieryjno-Techniczni nieb\u0119d\u0105cy nauczycielami akademickimi<\/strong><br \/>\n&nbsp;<\/p>\n<p>1.Justyna Paszko<\/td>\n<td width=\"50%\"><strong>Nauczyciele akademiccy zatrudnieni w jednostkach og\u00f3lnouczelnianych Uczelni na stanowiskach innych ni\u017c profesorowie oraz profesorowie uczelni<\/strong><br \/>\n&nbsp;<br \/>\n1. Violetta Grabi\u0144ska\n<\/td>\n<\/tr>\n<tr>\n<td width=\"50%\"><strong>Pracownicy Administracji nieb\u0119d\u0105cy nauczycielami akademickimi<\/strong><br \/>\n&nbsp;<br \/>\n1. Jolanta Jarmo\u0142owicz<br \/>\n2. Wojciech Konopacki\n<\/td>\n<td width=\"50%\"><strong>Pracownicy Obs\u0142ugi nieb\u0119d\u0105cy nauczycielami akademickimi<\/strong><br \/>\n&nbsp;<br \/>\n1. Roman Iwaniuk<\/td>\n<\/tr>\n<tr>\n<td width=\"50%\"><strong>Studenci<\/strong><br \/>\n&nbsp;<br \/>\n1. Julia Buczy\u0144ska<br \/>\n2. Emilia Bujnowska<br \/>\n3. Kacper Chrost<br \/>\n4. Jakub Kuczy\u0144ski<br \/>\n5. Karolina Aleksandra Ledniowska<br \/>\n6. Mateusz Pieciul<br \/>\n7. Szymon Podziewski<br \/>\n8. Emilia Ramatowska<br \/>\n9. Tomasz Tumiel\n<\/td>\n<td width=\"302\"><strong>Doktoranci<\/strong><br \/>\n&nbsp;<br \/>\n1. Piotr Golonko<\/td>\n<\/tr>\n<\/tbody>\n<\/table>\n<p>&nbsp;<\/p>\n<p class=\"text-right\"><a href=\"#\">Wr\u00f3\u0107 do menu<\/a><\/p>\n<hr>\n<p><a name=\"elektor\"><\/a><br \/>\n&nbsp;<\/p>\n<div class=\"h3\">WYNIKI WYBOR\u00d3W DO KOLEGIUM ELEKTOR\u00d3W POLITECHNIKI BIA\u0141OSTOCKIEJ 2024-2028<\/div>\n<p>&nbsp;<\/p>\n<table class=\"table table-bordered\">\n<tbody>\n<tr>\n<td width=\"50%\"><strong>Profesorowie oraz profesorowie uczelni zatrudnieni na Wydziale Architektury <\/strong><br \/>\n&nbsp;<br \/>\n1.&nbsp; Agnieszka Duniewicz<br \/>\n2.&nbsp; Andrzej Dworakowski<br \/>\n3.&nbsp; Tatiana Misijuk<br \/>\n4.&nbsp; Wojciech Niebrzydowski &nbsp;<\/td>\n<td width=\"50%\"><strong>Nauczyciele akademiccy zatrudnieni na Wydziale Architektury na stanowiskach innych ni\u017c profesorowie oraz profesorowie uczelni <\/strong><br \/>\n&nbsp;<br \/>\n1.&nbsp; Adam Jakimowicz<br \/>\n2.&nbsp; Andrzej Tokajuk<\/td>\n<\/tr>\n<tr>\n<td><strong>Profesorowie oraz profesorowie uczelni zatrudnieni na Wydziale Budownictwa i Nauk o \u015arodowisku <\/strong><br \/>\n&nbsp;<br \/>\n1.&nbsp; Piotr Banaszuk<br \/>\n2.&nbsp; Izabela Bartkowska<br \/>\n3.&nbsp; El\u017cbieta Broniewicz<br \/>\n4.&nbsp; Miros\u0142aw Broniewicz<br \/>\n5.&nbsp; W\u0142adys\u0142aw Gardziejczyk<br \/>\n6.&nbsp; Katarzyna Ignatowicz<br \/>\n7.&nbsp; Monika Kalinowska<br \/>\n8.&nbsp; Dorota Anna Krawczyk<br \/>\n9.&nbsp; Aleh Marozau<br \/>\n10.&nbsp; S\u0142awomir Obidzi\u0144ski<br \/>\n11.&nbsp; Jolanta Piekut<br \/>\n12.&nbsp; Janina Piekutin<br \/>\n13.&nbsp; Jolanta Anna Prusiel<br \/>\n14.&nbsp; Anna Siemieniuk<br \/>\n15.&nbsp; Grzegorz \u015awiderski<br \/>\n16.&nbsp; Renata \u015awis\u0142ocka<br \/>\n17.&nbsp; Katarzyna Zabielska-Adamska &nbsp;<\/td>\n<td><strong>Nauczyciele akademiccy zatrudnieni na Wydziale Budownictwa i Nauk o \u015arodowisku na stanowiskach innych ni\u017c profesorowie oraz profesorowie uczelni <\/strong><br \/>\n&nbsp;<br \/>\n1.&nbsp; Beata Biernacka<br \/>\n2.&nbsp; Dorota Dec<br \/>\n3.&nbsp; Katarzyna Kalinowska-Wichrowska<br \/>\n4.&nbsp; Julita Krassowska<br \/>\n5.&nbsp; Ma\u0142gorzata Lelusz &nbsp;<\/td>\n<\/tr>\n<tr>\n<td><strong>Profesorowie oraz profesorowie uczelni zatrudnieni na Wydziale Elektrycznym <\/strong><br \/>\n&nbsp;<br \/>\n1.&nbsp; Bogus\u0142aw Butry\u0142o<br \/>\n2.&nbsp; Marcin Kochanowicz<br \/>\n3.&nbsp; Piotr Miluski<br \/>\n4.&nbsp; Andrzej Ruszewski<br \/>\n5.&nbsp; Andrzej Sikorski<br \/>\n6.&nbsp; Maciej Zajkowski<br \/>\n7.&nbsp; Jacek \u017bmojda &nbsp;<\/td>\n<td><strong>Nauczyciele akademiccy zatrudnieni na Wydziale Elektrycznym na stanowiskach innych ni\u017c profesorowie oraz profesorowie uczelni <\/strong><br \/>\n&nbsp;<br \/>\n1.&nbsp; Krzysztof Dmitruk<br \/>\n2.&nbsp; Grzegorz Ho\u0142dy\u0144ski<br \/>\n3.&nbsp; Roman Trochimczuk<\/td>\n<\/tr>\n<tr>\n<td><strong>Profesorowie oraz profesorowie uczelni zatrudnieni na Wydziale Informatyki <\/strong><br \/>\n&nbsp;<br \/>\n1.&nbsp; Agnieszka Dru\u017cd\u017cel<br \/>\n2.&nbsp; Ma\u0142gorzata Kr\u0119towska<br \/>\n3.&nbsp; Marek Kr\u0119towski<br \/>\n4.&nbsp; Agnieszka Malinowska<br \/>\n5.&nbsp; Ireneusz Mrozek<br \/>\n6.&nbsp; Ma\u0142gorzata Wyrwas<br \/>\n7.&nbsp; S\u0142awomir Zieli\u0144ski<\/td>\n<td><strong>Nauczyciele akademiccy zatrudnieni na Wydziale Informatyki na stanowiskach innych ni\u017c profesorowie oraz profesorowie uczelni <\/strong><br \/>\n&nbsp;<br \/>\n1.&nbsp; Krzysztof Jurczuk<br \/>\n2.&nbsp; Magdalena Kacprzak<br \/>\n3.&nbsp; Wojciech Kwedlo &nbsp;<\/td>\n<\/tr>\n<tr>\n<td><strong>Profesorowie oraz profesorowie uczelni zatrudnieni na Wydziale In\u017cynierii Zarz\u0105dzania <\/strong><br \/>\n&nbsp;<br \/>\n1.&nbsp; Katarzyna Czerewacz-Filipowicz<br \/>\n2.&nbsp; Ewa Gli\u0144ska<br \/>\n3.&nbsp; Katarzyna Halicka<br \/>\n4.&nbsp; Zbigniew Korzeb<br \/>\n5.&nbsp; Joanna Maria Moczyd\u0142owska<br \/>\n6.&nbsp; Wies\u0142aw Urban &nbsp;<\/td>\n<td><strong>Nauczyciele akademiccy zatrudnieni na Wydziale In\u017cynierii Zarz\u0105dzania na stanowiskach innych ni\u017c profesorowie oraz profesorowie uczelni <\/strong><br \/>\n&nbsp;<br \/>\n1.&nbsp; Urszula Kobyli\u0144ska<br \/>\n2.&nbsp; Ewa Rollnik-Sadowska<br \/>\n3.&nbsp; Danuta Szpilko<\/td>\n<\/tr>\n<tr>\n<td><strong>Profesorowie oraz profesorowie uczelni zatrudnieni na Wydziale Mechanicznym <\/strong><br \/>\n&nbsp;<br \/>\n1.&nbsp; Dariusz Butrymowicz<br \/>\n2.&nbsp; Jerzy Gagan<br \/>\n3.&nbsp; Andrzej Kazberuk<br \/>\n4.&nbsp; Micha\u0142 Kuciej<br \/>\n5.&nbsp; Krzysztof Kurzyd\u0142owski<br \/>\n6.&nbsp; Grzegorz Mieczkowski<br \/>\n7.&nbsp; Romuald Mosdorf<br \/>\n8.&nbsp; Piotr Mrozek<br \/>\n9.&nbsp; Jolanta Pauk<br \/>\n10.&nbsp; Ewa Paw\u0142uszewicz<br \/>\n11.&nbsp; Dariusz Szpica<\/td>\n<td><strong>Nauczyciele akademiccy zatrudnieni na Wydziale Mechanicznym na stanowiskach innych ni\u017c profesorowie oraz profesorowie uczelni <\/strong><br \/>\n&nbsp;<br \/>\n1.&nbsp; Adam Bajkowski<br \/>\n2.&nbsp; Jaros\u0142aw Czaban<br \/>\n3.&nbsp; Pawe\u0142 Dzienis<\/td>\n<\/tr>\n<tr>\n<td><strong>Pracownicy In\u017cynieryjno \u2013 Techniczni nieb\u0119d\u0105cy nauczycielami akademickimi <\/strong><br \/>\n&nbsp;<br \/>\n1.&nbsp; \u0141ukasz Paszko<\/td>\n<td><strong>Nauczyciele akademiccy zatrudnieni w jednostkach og\u00f3lnouczelnianych Uczelni na stanowiskach innych ni\u017c profesorowie oraz profesorowie uczelni <\/strong><br \/>\n&nbsp;<br \/>\n1.&nbsp; Violetta Grabi\u0144ska &nbsp;<\/td>\n<\/tr>\n<tr>\n<td><strong>Pracownicy Administracji nieb\u0119d\u0105cy nauczycielami akademickimi <\/strong><br \/>\n&nbsp;<br \/>\n1.&nbsp; Wioletta Obidzi\u0144ska<br \/>\n2.&nbsp; Marta P\u0142o\u0144ska-Wasie\u0144ko<br \/>\n3.&nbsp; Daniel \u0141ukasz Puch<br \/>\n4.&nbsp; Mariusz Seroka &nbsp;<\/td>\n<td><strong>Pracownicy Obs\u0142ugi nieb\u0119d\u0105cy nauczycielami akademickimi <\/strong><br \/>\n&nbsp;<br \/>\n1.&nbsp; Robert Daszczuk<br \/>\n2.&nbsp; Roman Iwaniuk<br \/>\n3.&nbsp; Andrzej Wasiluk &nbsp;<\/td>\n<\/tr>\n<tr>\n<td><strong>Studenci<\/strong><br \/>\n&nbsp;<br \/>\n1.&nbsp; Igor Aleksiuk<br \/>\n2.&nbsp; Adrian Bagi\u0144ski<br \/>\n3.&nbsp; Micha\u0142 Bobrowski<br \/>\n4.&nbsp; Julia Buczy\u0144ska<br \/>\n5.&nbsp; Kacper Chrost<br \/>\n6.&nbsp; Pawe\u0142 Jakimiuk<br \/>\n7.&nbsp; Olga Kraszewska<br \/>\n8.&nbsp; Marek Kulbacki<br \/>\n9.&nbsp; Gabriela Malinowska<br \/>\n10.&nbsp; Mateusz Perzan<br \/>\n11.&nbsp; Szymon Podziewski<br \/>\n12.&nbsp; Jakub Pruszy\u0144ski<br \/>\n13.&nbsp; Katarzyna Rogalska<br \/>\n14.&nbsp; Julia Skorbi\u0142owicz<br \/>\n15.&nbsp; Miko\u0142aj Sujeta<br \/>\n16.&nbsp; Krzysztof Szwabowski<br \/>\n17.&nbsp; Tomasz Tumiel<br \/>\n18.&nbsp; Adrian Twardowski<br \/>\n19.&nbsp; Filip Zalewski<\/td>\n<td><strong>Doktoranci<\/strong><br \/>\n&nbsp;<br \/>\n1.&nbsp; Mateusz Sumorek<\/td>\n<\/tr>\n<\/tbody>\n<\/table>\n<p>&nbsp;<\/p>\n<p class=\"text-right\"><a href=\"#\">Wr\u00f3\u0107 do menu<\/a><\/p>\n","protected":false},"excerpt":{"rendered":"<p>Wyniki wybor\u00f3w do Senatu Politechniki Bia\u0142ostockiej na kadencj\u0119 2024-2028 Wyniki wybor\u00f3w do Kolegium Elektor\u00f3w Politechniki<\/p>\n","protected":false},"author":2,"featured_media":0,"parent":0,"menu_order":2,"comment_status":"closed","ping_status":"closed","template":"","meta":{"_acf_changed":false,"ngg_post_thumbnail":0,"footnotes":""},"class_list":["post-24","page","type-page","status-publish","hentry"],"acf":[],"_links":{"self":[{"href":"https:\/\/pb.edu.pl\/ukw\/wp-json\/wp\/v2\/pages\/24","targetHints":{"allow":["GET"]}}],"collection":[{"href":"https:\/\/pb.edu.pl\/ukw\/wp-json\/wp\/v2\/pages"}],"about":[{"href":"https:\/\/pb.edu.pl\/ukw\/wp-json\/wp\/v2\/types\/page"}],"author":[{"embeddable":true,"href":"https:\/\/pb.edu.pl\/ukw\/wp-json\/wp\/v2\/users\/2"}],"replies":[{"embeddable":true,"href":"https:\/\/pb.edu.pl\/ukw\/wp-json\/wp\/v2\/comments?post=24"}],"version-history":[{"count":0,"href":"https:\/\/pb.edu.pl\/ukw\/wp-json\/wp\/v2\/pages\/24\/revisions"}],"wp:attachment":[{"href":"https:\/\/pb.edu.pl\/ukw\/wp-json\/wp\/v2\/media?parent=24"}],"curies":[{"name":"wp","href":"https:\/\/api.w.org\/{rel}","templated":true}]}}