{"id":11,"date":"2020-02-18T11:28:03","date_gmt":"2020-02-18T10:28:03","guid":{"rendered":"https:\/\/pb.edu.pl\/ukw\/?page_id=11"},"modified":"2024-01-17T19:45:21","modified_gmt":"2024-01-17T18:45:21","slug":"home","status":"publish","type":"page","link":"https:\/\/pb.edu.pl\/ukw\/","title":{"rendered":""},"content":{"rendered":"<h2>Wybory rektora i przedstawicieli organ\u00f3w kolegialnych w kadencji 2024-2028<\/h2>\n<p>&nbsp;<\/p>\n<div id=\"box-menu\" class=\"href\"><\/div>\n<div class=\"row\">\n<div class=\"col-sm-3\">\n<div class=\"panel panel-default panel-sport animated zoomIn\">\n<div class=\"panel-heading text-center\"><span class=\"lead\">Uchwa\u0142y<\/div>\n<div class=\"panel-body\">\n<div class=\"image\"><a title=\"Uchwa\u0142y Uczelnianej Komisji Wyborczej\" href=\"\/ukw\/uchwaly\/\"><img loading=\"lazy\" decoding=\"async\" src=\"https:\/\/pb.edu.pl\/ukw\/wp-content\/uploads\/sites\/42\/2020\/02\/PB_uchwaly.jpg\" alt=\"\" width=\"600\" height=\"363\" class=\"aligncenter size-full wp-image-35\" srcset=\"https:\/\/pb.edu.pl\/ukw\/wp-content\/uploads\/sites\/42\/2020\/02\/PB_uchwaly.jpg 600w, https:\/\/pb.edu.pl\/ukw\/wp-content\/uploads\/sites\/42\/2020\/02\/PB_uchwaly-300x182.jpg 300w\" sizes=\"auto, (max-width: 600px) 100vw, 600px\" \/><\/a><\/div>\n<\/div>\n<\/div>\n<\/div>\n<div class=\"col-sm-3\">\n<div class=\"panel panel-default panel-sport animated zoomIn\">\n<div class=\"panel-heading text-center\"><span class=\"lead\">Wyniki<\/div>\n<div class=\"panel-body\">\n<div class=\"image\"><a title=\"Wyniki wybor\u00f3w\" href=\"\/ukw\/wyniki\/\"><img loading=\"lazy\" decoding=\"async\" src=\"https:\/\/pb.edu.pl\/ukw\/wp-content\/uploads\/sites\/42\/2020\/02\/PB_komunikaty.jpg\" alt=\"\" width=\"600\" height=\"363\" class=\"aligncenter size-full wp-image-37\" srcset=\"https:\/\/pb.edu.pl\/ukw\/wp-content\/uploads\/sites\/42\/2020\/02\/PB_komunikaty.jpg 600w, https:\/\/pb.edu.pl\/ukw\/wp-content\/uploads\/sites\/42\/2020\/02\/PB_komunikaty-300x182.jpg 300w\" sizes=\"auto, (max-width: 600px) 100vw, 600px\" \/><\/a><\/div>\n<\/div>\n<\/div>\n<\/div>\n<div class=\"col-sm-3\">\n<div class=\"panel panel-default panel-sport animated zoomIn\">\n<div class=\"panel-heading text-center\"><span class=\"lead\">Formularze<\/div>\n<div class=\"panel-body\">\n<div class=\"image\"><a title=\"Formularze, o\u015bwiadczenia\" href=\"\/ukw\/formularze\/\"><img loading=\"lazy\" decoding=\"async\" src=\"https:\/\/pb.edu.pl\/ukw\/wp-content\/uploads\/sites\/42\/2020\/02\/PB_wyniki.jpg\" alt=\"formularz\" width=\"600\" height=\"363\" class=\"aligncenter size-full wp-image-36\" srcset=\"https:\/\/pb.edu.pl\/ukw\/wp-content\/uploads\/sites\/42\/2020\/02\/PB_wyniki.jpg 600w, https:\/\/pb.edu.pl\/ukw\/wp-content\/uploads\/sites\/42\/2020\/02\/PB_wyniki-300x182.jpg 300w\" sizes=\"auto, (max-width: 600px) 100vw, 600px\" \/><\/a><\/div>\n<\/div>\n<\/div>\n<\/div>\n<div class=\"col-sm-3\">\n<div class=\"panel panel-default panel-sport animated zoomIn\">\n<div class=\"panel-heading text-center\"><span class=\"lead\">Sk\u0142ad Komisji<\/div>\n<div class=\"panel-body\">\n<div class=\"image\"><a title=\"Sk\u0142ad Uczelnianej Komisji Wyborczej\" href=\"\/ukw\/sklad-komisji\/\"><img loading=\"lazy\" decoding=\"async\" src=\"https:\/\/pb.edu.pl\/ukw\/wp-content\/uploads\/sites\/42\/2020\/02\/PB_sklad.jpg\" alt=\"\" width=\"600\" height=\"363\" class=\"aligncenter size-full wp-image-34\" srcset=\"https:\/\/pb.edu.pl\/ukw\/wp-content\/uploads\/sites\/42\/2020\/02\/PB_sklad.jpg 600w, https:\/\/pb.edu.pl\/ukw\/wp-content\/uploads\/sites\/42\/2020\/02\/PB_sklad-300x182.jpg 300w\" sizes=\"auto, (max-width: 600px) 100vw, 600px\" \/><\/a><\/div>\n<\/div>\n<\/div>\n<\/div>\n<\/div>\n<p><!--\n\n\n<div id=\"komunikaty\" class=\"href\"><\/div>\n\n\n\n\n<div class=\"h1\">Komunikaty<\/div>\n\n\n[postbox view=\"list\"]\n--><\/p>\n","protected":false},"excerpt":{"rendered":"<p>Wybory rektora i przedstawicieli organ\u00f3w kolegialnych w kadencji 2024-2028 &nbsp; Uchwa\u0142y Wyniki Formularze Sk\u0142ad Komisji<\/p>\n","protected":false},"author":2,"featured_media":0,"parent":0,"menu_order":1,"comment_status":"closed","ping_status":"closed","template":"templates\/dzial.php","meta":{"_acf_changed":false,"ngg_post_thumbnail":0,"footnotes":""},"class_list":["post-11","page","type-page","status-publish","hentry"],"acf":[],"_links":{"self":[{"href":"https:\/\/pb.edu.pl\/ukw\/wp-json\/wp\/v2\/pages\/11","targetHints":{"allow":["GET"]}}],"collection":[{"href":"https:\/\/pb.edu.pl\/ukw\/wp-json\/wp\/v2\/pages"}],"about":[{"href":"https:\/\/pb.edu.pl\/ukw\/wp-json\/wp\/v2\/types\/page"}],"author":[{"embeddable":true,"href":"https:\/\/pb.edu.pl\/ukw\/wp-json\/wp\/v2\/users\/2"}],"replies":[{"embeddable":true,"href":"https:\/\/pb.edu.pl\/ukw\/wp-json\/wp\/v2\/comments?post=11"}],"version-history":[{"count":0,"href":"https:\/\/pb.edu.pl\/ukw\/wp-json\/wp\/v2\/pages\/11\/revisions"}],"wp:attachment":[{"href":"https:\/\/pb.edu.pl\/ukw\/wp-json\/wp\/v2\/media?parent=11"}],"curies":[{"name":"wp","href":"https:\/\/api.w.org\/{rel}","templated":true}]}}