{"id":919,"date":"2021-08-18T12:33:31","date_gmt":"2021-08-18T10:33:31","guid":{"rendered":"https:\/\/pb.edu.pl\/uci\/?page_id=919"},"modified":"2022-01-27T09:58:49","modified_gmt":"2022-01-27T08:58:49","slug":"legalis","status":"publish","type":"page","link":"https:\/\/pb.edu.pl\/uci\/uslugi\/legalis\/","title":{"rendered":"Legalis"},"content":{"rendered":"<div class=\"h3\">Legalis to system informacji prawnej w Polsce, stworzony i rozwijany przez Wydawnictwo C.H.Beck. Zawiera on autorskie tre\u015bci prawnik\u00f3w precyzyjnie powi\u0105zane z aktami prawnymi i orzeczeniami. Znale\u017a\u0107 tam mo\u017cna te\u017c m.in. specjalistyczne komentarze, monografie oraz opinie i artyku\u0142y problemowe z czasopism Wydawnictwa C.H.Beck oraz wydawnictw partnerskich.&nbsp;<\/div>\n<div>&nbsp;<\/div>\n<div><strong>Opcja logowania po IP<\/strong><\/div>\n<p>Dost\u0119p po IP dzia\u0142a w taki spos\u00f3b, \u017ce pracownicy wchodz\u0105 bezpo\u015brednio na stron\u0119 <a href=\"https:\/\/sip.legalis.pl\" target=\"_blank\" rel=\"noopener\">https:\/\/sip.legalis.pl<\/a> i otrzymuj\u0105 dost\u0119p bez logowania. Je\u015bli u\u017cytkownicy wejd\u0105 jednak na stron\u0119 <a href=\"http:\/\/www.legalis.pl\" target=\"_blank\" rel=\"noopener\">www.legalis.pl<\/a> powinni wybra\u0107 przycisk \u201eZaloguj\u201d, a nast\u0119pnie \u201eZaloguj po IP\u201d.<\/p>\n<ul>\n<li><strong>Logowanie do wersji internetowej (po IP)<\/strong>\n<ul>\n<li>Wejd\u017a na stron\u0119 legalis.pl i kliknij \u201eZaloguj\u201d<\/li>\n<li>Na wy\u015bwietlonej warstwie kliknij przycisk \u201eZaloguj po IP\u201d<\/li>\n<li>Korzystaj z aplikacji.<\/li>\n<\/ul>\n<\/li>\n<\/ul>\n<p><strong>Logowanie imienne (dost\u0119pne dla wybranej grupy u\u017cytkownik\u00f3w)<\/strong><\/p>\n<p>U\u017cytkownicy loguj\u0105 si\u0119 poprzez wej\u015bcie na stron\u0119 <a href=\"http:\/\/www.legalis.pl\" target=\"_blank\" rel=\"noopener\">www.legalis.pl<\/a> i wybieraj\u0105 przycisk zaloguj. Po tym u\u017cytkownicy wpisuj\u0105 swoje dane do logowania. W przypadku zapomnienia has\u0142a nale\u017cy klikn\u0105\u0107 w link (<a href=\"https:\/\/legalis.pl\/najczestsze-pytania-dotyczace-logowania\/\" target=\"_blank\" rel=\"noopener\">https:\/\/legalis.pl\/najczestsze-pytania-dotyczace-logowania\/<\/a>) &nbsp;lub po wej\u015bciu na stron\u0119 i klikni\u0119ciu przycisku zaloguj wybra\u0107 \u201ePOTRZEBUJESZ POMOCY Z LOGOWANIEM\u201d, po czym w polu \u201eZapomnia\u0142em has\u0142a\u201d wpisa\u0107 sw\u00f3j login \u2013 system wtedy automatycznie wy\u015ble link do resetu has\u0142a do u\u017cytkownika.<\/p>\n<p><strong>Wsparcie<\/strong><\/p>\n<p>Filmy instrukta\u017cowe &#8211;&nbsp;<a title=\"przejd\u017a do: Filmy i instrukcje - Legalis\" href=\"https:\/\/legalis.pl\/pomoc\/filmy-i-instrukcje\/\">zobacz<\/a><\/p>\n<p>Pytania i odpowiedzi &#8211; <a title=\"Przejd\u017a do: Pytania i odpowiedzi Legalis\" href=\"https:\/\/legalis.pl\/pomoc\/faq\/\">zobacz<\/a><\/p>\n<p>Instrukcja u\u017cytkownika programu Legalis &#8211; <a title=\"Pobierz Instrukcj\u0119 u\u017cytkownika Legalis\" href=\"https:\/\/legalis.pl\/wp-content\/uploads\/2021\/02\/Instrukcja-Uzytkownika-Systemu-Legalis.pdf\">pobierz<\/a><\/p>\n","protected":false},"excerpt":{"rendered":"<p>Legalis to system informacji prawnej w Polsce, stworzony i rozwijany przez Wydawnictwo C.H.Beck. Zawiera on<\/p>\n","protected":false},"author":3,"featured_media":0,"parent":97,"menu_order":6,"comment_status":"closed","ping_status":"closed","template":"","meta":{"_acf_changed":false,"ngg_post_thumbnail":0,"footnotes":""},"class_list":["post-919","page","type-page","status-publish","hentry"],"acf":[],"_links":{"self":[{"href":"https:\/\/pb.edu.pl\/uci\/wp-json\/wp\/v2\/pages\/919","targetHints":{"allow":["GET"]}}],"collection":[{"href":"https:\/\/pb.edu.pl\/uci\/wp-json\/wp\/v2\/pages"}],"about":[{"href":"https:\/\/pb.edu.pl\/uci\/wp-json\/wp\/v2\/types\/page"}],"author":[{"embeddable":true,"href":"https:\/\/pb.edu.pl\/uci\/wp-json\/wp\/v2\/users\/3"}],"replies":[{"embeddable":true,"href":"https:\/\/pb.edu.pl\/uci\/wp-json\/wp\/v2\/comments?post=919"}],"version-history":[{"count":0,"href":"https:\/\/pb.edu.pl\/uci\/wp-json\/wp\/v2\/pages\/919\/revisions"}],"up":[{"embeddable":true,"href":"https:\/\/pb.edu.pl\/uci\/wp-json\/wp\/v2\/pages\/97"}],"wp:attachment":[{"href":"https:\/\/pb.edu.pl\/uci\/wp-json\/wp\/v2\/media?parent=919"}],"curies":[{"name":"wp","href":"https:\/\/api.w.org\/{rel}","templated":true}]}}