{"id":75,"date":"2018-05-22T21:14:48","date_gmt":"2018-05-22T19:14:48","guid":{"rendered":"https:\/\/pb.edu.pl\/uci\/?page_id=75"},"modified":"2022-09-20T01:13:13","modified_gmt":"2022-09-19T23:13:13","slug":"eset-endpoint-security-suite","status":"publish","type":"page","link":"https:\/\/pb.edu.pl\/uci\/oprogramowanie\/eset-endpoint-security-suite\/","title":{"rendered":"ESET Endpoint Security Suite"},"content":{"rendered":"<p><strong>ESET Endpoint Security Suite<\/strong> integruje zaawansowan\u0105 ochron\u0119 silnika antywirusowego i antyspyware programu ESET Endpoint Antivirus &#8222;NOD32&#8221; z firewallem skanuj\u0105cym zar\u00f3wno ruch przychodz\u0105cy jak i wychodz\u0105cy, kt\u00f3ry zatrzymuje ataki haker\u00f3w na sie\u0107 uczelnian\u0105. Aplikacja zawiera modu\u0142 antywirusowy, antyspyware, antyspam, zapor\u0119 osobist\u0105 oraz HIP i filtr tre\u015bci, zapewniaj\u0105c ochron\u0119 przed wirusami,&nbsp;rootkitami, robakami, oprogramowaniem szpieguj\u0105cym, phishingiem i atakami&nbsp;drive-by download.<\/p>\n<div class=\"h3\">Informacje o licencji<\/div>\n<p>ESET Endpoint Security Suite udost\u0119pniany jest w ramach p\u0142atnej licencji terminowej, kt\u00f3ra jest sukcesywnie&nbsp;odnawiana.<\/p>\n<div class=\"h3\">Pobieranie i instalacja oprogramowania<\/div>\n<p>Aktualna&nbsp;wersja&nbsp;programu oraz klucze aktywacyjne s\u0105 dost\u0119pne u informatyk\u00f3w wydzia\u0142owych&nbsp;lub w Uczelnianym Centrum Informatycznym (wy\u0142\u0105cznie dla administracji centralnej).<br \/>\n&nbsp;<\/p>\n<p><strong><a href=\"http:\/\/www.eset.pl\/biznes\/pakiety\/ESET-Endpoint-Security-Suite\">Wi\u0119cej informacji o&nbsp;ESET Endpoint Security Suite<\/a><\/strong><\/p>\n","protected":false},"excerpt":{"rendered":"<p>ESET Endpoint Security Suite integruje zaawansowan\u0105 ochron\u0119 silnika antywirusowego i antyspyware programu ESET Endpoint Antivirus<\/p>\n","protected":false},"author":2,"featured_media":0,"parent":63,"menu_order":4,"comment_status":"closed","ping_status":"closed","template":"","meta":{"_acf_changed":false,"ngg_post_thumbnail":0,"footnotes":""},"class_list":["post-75","page","type-page","status-publish","hentry"],"acf":[],"_links":{"self":[{"href":"https:\/\/pb.edu.pl\/uci\/wp-json\/wp\/v2\/pages\/75","targetHints":{"allow":["GET"]}}],"collection":[{"href":"https:\/\/pb.edu.pl\/uci\/wp-json\/wp\/v2\/pages"}],"about":[{"href":"https:\/\/pb.edu.pl\/uci\/wp-json\/wp\/v2\/types\/page"}],"author":[{"embeddable":true,"href":"https:\/\/pb.edu.pl\/uci\/wp-json\/wp\/v2\/users\/2"}],"replies":[{"embeddable":true,"href":"https:\/\/pb.edu.pl\/uci\/wp-json\/wp\/v2\/comments?post=75"}],"version-history":[{"count":0,"href":"https:\/\/pb.edu.pl\/uci\/wp-json\/wp\/v2\/pages\/75\/revisions"}],"up":[{"embeddable":true,"href":"https:\/\/pb.edu.pl\/uci\/wp-json\/wp\/v2\/pages\/63"}],"wp:attachment":[{"href":"https:\/\/pb.edu.pl\/uci\/wp-json\/wp\/v2\/media?parent=75"}],"curies":[{"name":"wp","href":"https:\/\/api.w.org\/{rel}","templated":true}]}}