{"id":69,"date":"2018-05-22T21:09:46","date_gmt":"2018-05-22T19:09:46","guid":{"rendered":"https:\/\/pb.edu.pl\/uci\/?page_id=69"},"modified":"2025-02-03T10:44:39","modified_gmt":"2025-02-03T09:44:39","slug":"statistica","status":"publish","type":"page","link":"https:\/\/pb.edu.pl\/uci\/oprogramowanie\/statistica\/","title":{"rendered":"STATISTICA"},"content":{"rendered":"<p>Statistica jest uniwersalnym, zintegrowanym systemem s\u0142u\u017c\u0105cym do statystycznej analizy danych, tworzenia wykres\u00f3w, operowania na bazach danych, wykonywania transformacji danych<br \/>\ni tworzenia aplikacji. W sk\u0142ad systemu wchodzi wszechstronny zestaw zaawansowanych procedur analitycznych, stosowanych w nauce, biznesie, technice oraz zg\u0142\u0119bianiu danych.<\/p>\n<p>Szczeg\u00f3\u0142owe informacje dotycz\u0105ce instalacji znajduj\u0105 s\u0105 na stronie <a title=\"Przejd\u017a do: OneDrive - Statistica\" href=\"https:\/\/pbial-my.sharepoint.com\/:b:\/g\/personal\/uci_pbial_onmicrosoft_com\/EYnpr3Y9kz9NiKVsIr6jl-cBfWfxGSRojNRbpkPorA9s4g?e=vBfSlu\" target=\"_blank\" rel=\"noopener\">OneDrive &#8211; Statistica<\/a> (dost\u0119pne po zalogowaniu do us\u0142ugi Office 365).<\/p>\n<p><span data-teams=\"true\"><a href=\"https:\/\/docs.uci.pb.edu.pl\/licencje\/statistica.html\">Instrukcje instalacji Statistica<\/a> dost\u0119pne s\u0105 na stronie Dokumentacji UCI PB.<\/span><\/p>\n<div class=\"h3\">Informacje o oprogramowaniu:<\/div>\n<p>Od 1 pa\u017adziernika 2023 roku, u\u017cytkownicy maj\u0105 mo\u017cliwo\u015b\u0107 korzystania z najnowszych instalator\u00f3w programu Statistica, dost\u0119pnych w wersji edukacyjnej 13.3 PL oraz 14.1 ENG. Zakres licencji akademickiej typu Site License obejmuje pracownik\u00f3w, pracownie studenckie i student\u00f3w Politechniki Bia\u0142ostockiej, umo\u017cliwiaj\u0105c korzystanie z programu na maksymalnie 5000 stanowiskach indywidualnych. Ponadto pozwala na konfiguracj\u0119 sieciow\u0105 z mo\u017cliwo\u015bci\u0105 jednoczesnego korzystania maksymalnie 5000 u\u017cytkownikom.<\/p>\n<p>W przypadku wersji 14.1 udost\u0119pniony zosta\u0142 r\u00f3wnie\u017c pakiet j\u0119zykowy \u2013 Language Pack Statistica.<\/p>\n<p>Pakiety j\u0119zykowe Statistica oferuj\u0105 zlokalizowany graficzny interfejs u\u017cytkownika (GUI) dla r\u00f3\u017cnych komponent\u00f3w programu. Wszystkie elementy GUI, takie jak menu, okna dialogowe, nazwy p\u00f3l oraz etykiety produktu podstawowego, s\u0105 prezentowane w dost\u0119pnych j\u0119zykach po zastosowaniu odpowiednich pakiet\u00f3w j\u0119zykowych. Wersja 14.1 pakietu j\u0119zykowego obejmuje nast\u0119puj\u0105ce j\u0119zyki: francuski, niemiecki, japo\u0144ski oraz polski.<\/p>\n<p>Instrukcja instalacji pakietu dla polskiej wersji j\u0119zykowej w systemie Windows zosta\u0142a udost\u0119pniona na stronie <a title=\"OneDrive \u2013 Statistica\" href=\"https:\/\/pbial-my.sharepoint.com\/:u:\/g\/personal\/uci_pbial_onmicrosoft_com\/EX0H_IjqHH5JltjzbKNOiXgByO-3Ggc-SN6e0H8XqWWwnw?e=qSIsDX\">OneDrive \u2013 Statistica<\/a> (dost\u0119pnej po zalogowaniu do us\u0142ugi Office 365).<br \/>\nPo zainstalowaniu pakietu j\u0119zykowego istnieje mo\u017cliwo\u015b\u0107 zmiany wersji j\u0119zykowej programu z polskiej na angielsk\u0105 i odwrotnie.<\/p>\n<p><strong>Licencja jest wa\u017cna od 01.02.2025 r. do 31.01.2028 r.<\/strong><\/p>\n<p>Licencja obejmuje:<\/p>\n<ul>\n<li>Podstawowe statystyki i wykresy<\/li>\n<li>Zaawansowane metody statystyczne<\/li>\n<li><a title=\"Otworzy si\u0119 w nowej karcie\" href=\"http:\/\/www.statsoft.pl\/STATISTICA-Data-Miner\" target=\"_blank\" rel=\"noopener\">Data Miner<\/a><\/li>\n<li>QC (<a title=\"Otworzy si\u0119 w nowej karcie\" href=\"http:\/\/www.statsoft.pl\/STATISTICA-QC\" target=\"_blank\" rel=\"noopener\">Quality Control<\/a> \u2013 sterowanie jako\u015bci\u0105)<\/li>\n<li><a title=\"Otworzy si\u0119 w nowej karcie\" href=\"http:\/\/www.statsoft.pl\/Programy\/STATISTICA-Text-Miner\">Text Miner<\/a><\/li>\n<li>Process Optimization<\/li>\n<li>MSPC (Multivariate Statistical Process Control &#8211; wielowymiarowe sterowanie jako\u015bci\u0105 proces\u00f3w)<\/li>\n<li>SAL (<a title=\"Otworzy si\u0119 w nowej karcie\" href=\"http:\/\/www.statsoft.pl\/STATISTICA-SAL\" target=\"_blank\" rel=\"noopener\">Sequence, Association and Link Analysis<\/a>) \u2013 analiza sekwencji, asocjacji i skojarze\u0144)<\/li>\n<li>VEPAC (Variance Estimation and Precision) \u2013 szacowanie wariancji i precyzji)<\/li>\n<li><a title=\"Otworzy si\u0119 w nowej karcie\" href=\"http:\/\/www.statsoft.pl\/Programy\/Najczesciej-wybierane-programy\/STATISTICA-Reporting-Tables\" target=\"_blank\" rel=\"noopener\">Reporting Tables<\/a> (tabele raportuj\u0105ce)<\/li>\n<li><a title=\"Otworzy si\u0119 w nowej karcie\" href=\"http:\/\/www.statsoft.pl\/Programy\/STATISTICA-ETL\" target=\"_blank\" rel=\"noopener\">ETL (Extract, Transform and Load)<\/a><\/li>\n<li>Konstruktor regu\u0142<\/li>\n<li>WoE (Weight of Evidence \u2013 waga dowodu)<\/li>\n<\/ul>\n<blockquote><p><span style=\"color: inherit;font-family: inherit;font-size: 2rem\">Materia\u0142y pomocnicze<\/span><\/p><\/blockquote>\n<ul>\n<li><a href=\"http:\/\/www.statsoft.pl\/Czytelnia\"><em>www.statsoft.pl\/Czytelnia<\/em><\/a><br \/>\nInternetowa Czytelnia, czyli artyku\u0142y po\u015bwi\u0119cone tematyce statystycznej z przyk\u0142adami wykorzystania z programu <em>STATISTICA<\/em> w r\u00f3\u017cnych zastosowaniach.<\/li>\n<li><em><a href=\"http:\/\/www.statsoft.pl\/Uslugi\/Seminaria\/Webinaria-i-webcast\">www.statsoft.pl\/Uslugi\/Seminaria\/Webinaria-i-webcast<\/a><\/em><br \/>\nNagrania z internetowych prezentacji (webinari\u00f3w) przedstawiaj\u0105cych wykorzystanie programu STATISTICA w r\u00f3\u017cnych dziedzinach.<\/li>\n<li><em><a href=\"http:\/\/www.statsoft.pl\/textbook\/stathome.html\">www.statsoft.pl\/textbook\/stathome.html<\/a><\/em><br \/>\nInternetowy Podr\u0119cznik Statystyki, czyli kompendium wiedzy, kt\u00f3re u\u0142atwia zrozumie\u0107, a tak\u017ce stosowa\u0107 metody statystyczne.<\/li>\n<li><a href=\"http:\/\/www.statsoft.pl\/Zasoby\/Materialy-dodatkowe\/Pytania-i-odpowiedzi\/Instalacja-i-rejestracja\"><em>www.statsoft.pl\/Zasoby\/Materialy-dodatkowe\/Pytania-i-odpowiedzi<\/em><\/a><br \/>\nPytania i odpowiedzi (FAQ) dotycz\u0105ce instalacji\/rejestracji oraz najcz\u0119\u015bciej wykorzystywanych funkcji Statistica.<\/li>\n<\/ul>\n<div class=\"h3\">Pliki do pobrania<\/div>\n<p><a title=\"Otworzy si\u0119 w nowej karcie\" href=\"https:\/\/pbial-my.sharepoint.com\/:f:\/g\/personal\/uci_pbial_onmicrosoft_com\/EnXtrKWwCodCiFV7xQUaq7UBncSzfxpacl7i4pF0egyzwg?e=i110D0\" target=\"_blank\" rel=\"noopener\">Dokumentacja pakietu Statistica<\/a> (dost\u0119pne po zalogowaniu do us\u0142ugi Office 365).<\/p>\n","protected":false},"excerpt":{"rendered":"<p>Statistica jest uniwersalnym, zintegrowanym systemem s\u0142u\u017c\u0105cym do statystycznej analizy danych, tworzenia wykres\u00f3w, operowania na bazach<\/p>\n","protected":false},"author":2,"featured_media":0,"parent":63,"menu_order":2,"comment_status":"closed","ping_status":"closed","template":"","meta":{"_acf_changed":false,"ngg_post_thumbnail":0,"footnotes":""},"class_list":["post-69","page","type-page","status-publish","hentry"],"acf":[],"_links":{"self":[{"href":"https:\/\/pb.edu.pl\/uci\/wp-json\/wp\/v2\/pages\/69","targetHints":{"allow":["GET"]}}],"collection":[{"href":"https:\/\/pb.edu.pl\/uci\/wp-json\/wp\/v2\/pages"}],"about":[{"href":"https:\/\/pb.edu.pl\/uci\/wp-json\/wp\/v2\/types\/page"}],"author":[{"embeddable":true,"href":"https:\/\/pb.edu.pl\/uci\/wp-json\/wp\/v2\/users\/2"}],"replies":[{"embeddable":true,"href":"https:\/\/pb.edu.pl\/uci\/wp-json\/wp\/v2\/comments?post=69"}],"version-history":[{"count":0,"href":"https:\/\/pb.edu.pl\/uci\/wp-json\/wp\/v2\/pages\/69\/revisions"}],"up":[{"embeddable":true,"href":"https:\/\/pb.edu.pl\/uci\/wp-json\/wp\/v2\/pages\/63"}],"wp:attachment":[{"href":"https:\/\/pb.edu.pl\/uci\/wp-json\/wp\/v2\/media?parent=69"}],"curies":[{"name":"wp","href":"https:\/\/api.w.org\/{rel}","templated":true}]}}