{"id":620,"date":"2020-09-30T22:09:41","date_gmt":"2020-09-30T20:09:41","guid":{"rendered":"https:\/\/pb.edu.pl\/uci\/?page_id=620"},"modified":"2021-11-09T20:20:36","modified_gmt":"2021-11-09T19:20:36","slug":"aktualnosci","status":"publish","type":"page","link":"https:\/\/pb.edu.pl\/uci\/aktualnosci\/","title":{"rendered":"Aktualno\u015bci"},"content":{"rendered":"\t\t<div class=\"box news-box \">\n\t\t<div class=\"row\">\n\t\t\t\n\t\t\t\n\t\t\t\t\n\t\t\t\t\t\t\t\t\t\t<div class=\"col-sm-3\">\n\t\t\t\t\t\t\t\n<article class=\"format-standard\">\n    <span class=\"date text-right\"><i class=\"fal fa-calendar-alt\"><\/i> 08-04-2026<\/span>\n    <a href=\"https:\/\/pb.edu.pl\/uci\/2026\/04\/08\/spotkanie-copilot-chat-w-praktyce-studenckiej\/\">\n      <div class=\"article-image\">\n        <img loading=\"lazy\" decoding=\"async\" width=\"480\" height=\"300\" src=\"https:\/\/pb.edu.pl\/uci\/wp-content\/uploads\/sites\/17\/2026\/04\/Zebrania-Copilot-Chat-w-praktyce-studenckiej-1200-x-800-px-480x300.png\" class=\"attachment-medium-image-16x10 size-medium-image-16x10 wp-post-image\" alt=\"\" \/>      <\/div>\n      <h3>Copilot dla student\u00f3w<\/h3>\n      Spotkanie Copilot Chat w praktyce studenckiejma na celu pokazanie, w jaki    <\/a>\n<\/article>\t\t\t\t\t\t<\/div>\n\t\t\t\t\t\t\t\t\t\t\t<div class=\"col-sm-3\">\n\t\t\t\t\t\t\t\n<article class=\"format-standard\">\n    <span class=\"date text-right\"><i class=\"fal fa-calendar-alt\"><\/i> 25-03-2026<\/span>\n    <a href=\"https:\/\/pb.edu.pl\/uci\/2026\/03\/25\/prace-serwisowe-w-systemach-baza-dokumentow-i-publiczna-baza-dokumentow-27-03\/\">\n      <div class=\"article-image\">\n        <img loading=\"lazy\" decoding=\"async\" width=\"480\" height=\"300\" src=\"https:\/\/pb.edu.pl\/uci\/wp-content\/uploads\/sites\/17\/2025\/11\/Prace-serwisowe-utrudniony-dostep-do-systemu-Baza-Dokumentow-3-480x300.png\" class=\"attachment-medium-image-16x10 size-medium-image-16x10 wp-post-image\" alt=\"\" \/>      <\/div>\n      <h3>Prace serwisowe w systemach Baza Dokument\u00f3w i Publiczna Baza Dokument\u00f3w \u2013 27.03<\/h3>\n      Uprzejmie informujemy, \u017ce w dniu 27.03.2025 (pi\u0105tek), w godzinach od 7:30    <\/a>\n<\/article>\t\t\t\t\t\t<\/div>\n\t\t\t\t\t\t\t\t\t\t\t<div class=\"col-sm-3\">\n\t\t\t\t\t\t\t\n<article class=\"format-standard\">\n    <span class=\"date text-right\"><i class=\"fal fa-calendar-alt\"><\/i> 23-03-2026<\/span>\n    <a href=\"https:\/\/pb.edu.pl\/uci\/2026\/03\/23\/prace-serwisowe-w-tetame-23-03\/\">\n      <div class=\"article-image\">\n        <img loading=\"lazy\" decoding=\"async\" width=\"480\" height=\"300\" src=\"https:\/\/pb.edu.pl\/uci\/wp-content\/uploads\/sites\/17\/2024\/03\/Prace_serwisowe-480x300.jpg\" class=\"attachment-medium-image-16x10 size-medium-image-16x10 wp-post-image\" alt=\"\" srcset=\"https:\/\/pb.edu.pl\/uci\/wp-content\/uploads\/sites\/17\/2024\/03\/Prace_serwisowe-480x300.jpg 480w, https:\/\/pb.edu.pl\/uci\/wp-content\/uploads\/sites\/17\/2024\/03\/Prace_serwisowe-300x188.jpg 300w, https:\/\/pb.edu.pl\/uci\/wp-content\/uploads\/sites\/17\/2024\/03\/Prace_serwisowe-1024x640.jpg 1024w, https:\/\/pb.edu.pl\/uci\/wp-content\/uploads\/sites\/17\/2024\/03\/Prace_serwisowe-768x480.jpg 768w, https:\/\/pb.edu.pl\/uci\/wp-content\/uploads\/sites\/17\/2024\/03\/Prace_serwisowe.jpg 1080w\" sizes=\"auto, (max-width: 480px) 100vw, 480px\" \/>      <\/div>\n      <h3>Prace serwisowe w TetaME \u2013 23.03<\/h3>\n      Uprzejmie informujemy, \u017ce w dniu 23.03.2026 (poniedzia\u0142ek), w godzinach od 18:00    <\/a>\n<\/article>\t\t\t\t\t\t<\/div>\n\t\t\t\t\t\t\t\t\t\t\t<div class=\"col-sm-3\">\n\t\t\t\t\t\t\t\n<article class=\"format-standard\">\n    <span class=\"date text-right\"><i class=\"fal fa-calendar-alt\"><\/i> 10-03-2026<\/span>\n    <a href=\"https:\/\/pb.edu.pl\/uci\/2026\/03\/10\/prace-serwisowe-na-platformach-moodle\/\">\n      <div class=\"article-image\">\n        <img loading=\"lazy\" decoding=\"async\" width=\"480\" height=\"300\" src=\"https:\/\/pb.edu.pl\/uci\/wp-content\/uploads\/sites\/17\/2025\/04\/prace_serwisowe_Moodle-480x300.jpg\" class=\"attachment-medium-image-16x10 size-medium-image-16x10 wp-post-image\" alt=\"\" srcset=\"https:\/\/pb.edu.pl\/uci\/wp-content\/uploads\/sites\/17\/2025\/04\/prace_serwisowe_Moodle-480x300.jpg 480w, https:\/\/pb.edu.pl\/uci\/wp-content\/uploads\/sites\/17\/2025\/04\/prace_serwisowe_Moodle-300x188.jpg 300w, https:\/\/pb.edu.pl\/uci\/wp-content\/uploads\/sites\/17\/2025\/04\/prace_serwisowe_Moodle-1024x640.jpg 1024w, https:\/\/pb.edu.pl\/uci\/wp-content\/uploads\/sites\/17\/2025\/04\/prace_serwisowe_Moodle-768x480.jpg 768w, https:\/\/pb.edu.pl\/uci\/wp-content\/uploads\/sites\/17\/2025\/04\/prace_serwisowe_Moodle.jpg 1080w\" sizes=\"auto, (max-width: 480px) 100vw, 480px\" \/>      <\/div>\n      <h3>Prace serwisowe na platformach Moodle<\/h3>\n      Uprzejmie informujemy, \u017ce w dniu 16 marca (w godzinach 19-22) planowana    <\/a>\n<\/article>\t\t\t\t\t\t<\/div>\n\t\t\t\t\t\t\t\t\t\t\t<div class=\"col-sm-3\">\n\t\t\t\t\t\t\t\n<article class=\"format-standard\">\n    <span class=\"date text-right\"><i class=\"fal fa-calendar-alt\"><\/i> 03-03-2026<\/span>\n    <a href=\"https:\/\/pb.edu.pl\/uci\/2026\/03\/03\/prace-serwisowe-w-tetame-03-03\/\">\n      <div class=\"article-image\">\n        <img loading=\"lazy\" decoding=\"async\" width=\"480\" height=\"300\" src=\"https:\/\/pb.edu.pl\/uci\/wp-content\/uploads\/sites\/17\/2024\/03\/Prace_serwisowe-480x300.jpg\" class=\"attachment-medium-image-16x10 size-medium-image-16x10 wp-post-image\" alt=\"\" srcset=\"https:\/\/pb.edu.pl\/uci\/wp-content\/uploads\/sites\/17\/2024\/03\/Prace_serwisowe-480x300.jpg 480w, https:\/\/pb.edu.pl\/uci\/wp-content\/uploads\/sites\/17\/2024\/03\/Prace_serwisowe-300x188.jpg 300w, https:\/\/pb.edu.pl\/uci\/wp-content\/uploads\/sites\/17\/2024\/03\/Prace_serwisowe-1024x640.jpg 1024w, https:\/\/pb.edu.pl\/uci\/wp-content\/uploads\/sites\/17\/2024\/03\/Prace_serwisowe-768x480.jpg 768w, https:\/\/pb.edu.pl\/uci\/wp-content\/uploads\/sites\/17\/2024\/03\/Prace_serwisowe.jpg 1080w\" sizes=\"auto, (max-width: 480px) 100vw, 480px\" \/>      <\/div>\n      <h3>Prace serwisowe w TetaME \u2013 03.03<\/h3>\n      Uprzejmie informujemy, \u017ce w dniu 03.03.2026 (wtorek), w godzinach od 19:00    <\/a>\n<\/article>\t\t\t\t\t\t<\/div>\n\t\t\t\t\t\t\t\t\t\t\t<div class=\"col-sm-3\">\n\t\t\t\t\t\t\t\n<article class=\"format-standard\">\n    <span class=\"date text-right\"><i class=\"fal fa-calendar-alt\"><\/i> 24-02-2026<\/span>\n    <a href=\"https:\/\/pb.edu.pl\/uci\/2026\/02\/24\/prace-serwisowe-w-tetame-24-02\/\">\n      <div class=\"article-image\">\n        <img loading=\"lazy\" decoding=\"async\" width=\"480\" height=\"300\" src=\"https:\/\/pb.edu.pl\/uci\/wp-content\/uploads\/sites\/17\/2024\/03\/Prace_serwisowe-480x300.jpg\" class=\"attachment-medium-image-16x10 size-medium-image-16x10 wp-post-image\" alt=\"\" srcset=\"https:\/\/pb.edu.pl\/uci\/wp-content\/uploads\/sites\/17\/2024\/03\/Prace_serwisowe-480x300.jpg 480w, https:\/\/pb.edu.pl\/uci\/wp-content\/uploads\/sites\/17\/2024\/03\/Prace_serwisowe-300x188.jpg 300w, https:\/\/pb.edu.pl\/uci\/wp-content\/uploads\/sites\/17\/2024\/03\/Prace_serwisowe-1024x640.jpg 1024w, https:\/\/pb.edu.pl\/uci\/wp-content\/uploads\/sites\/17\/2024\/03\/Prace_serwisowe-768x480.jpg 768w, https:\/\/pb.edu.pl\/uci\/wp-content\/uploads\/sites\/17\/2024\/03\/Prace_serwisowe.jpg 1080w\" sizes=\"auto, (max-width: 480px) 100vw, 480px\" \/>      <\/div>\n      <h3>Prace serwisowe w TetaME \u2013 24.02<\/h3>\n      Uprzejmie informujemy, \u017ce w dniu 24.02.2026 (wtorek), w godzinach od 18:00    <\/a>\n<\/article>\t\t\t\t\t\t<\/div>\n\t\t\t\t\t\t\t\t\t\t\t<div class=\"col-sm-3\">\n\t\t\t\t\t\t\t\n<article class=\"format-standard\">\n    <span class=\"date text-right\"><i class=\"fal fa-calendar-alt\"><\/i> 17-02-2026<\/span>\n    <a href=\"https:\/\/pb.edu.pl\/uci\/2026\/02\/17\/prace-serwisowe-w-tetame-17-02\/\">\n      <div class=\"article-image\">\n        <img loading=\"lazy\" decoding=\"async\" width=\"480\" height=\"300\" src=\"https:\/\/pb.edu.pl\/uci\/wp-content\/uploads\/sites\/17\/2024\/03\/Prace_serwisowe-480x300.jpg\" class=\"attachment-medium-image-16x10 size-medium-image-16x10 wp-post-image\" alt=\"\" srcset=\"https:\/\/pb.edu.pl\/uci\/wp-content\/uploads\/sites\/17\/2024\/03\/Prace_serwisowe-480x300.jpg 480w, https:\/\/pb.edu.pl\/uci\/wp-content\/uploads\/sites\/17\/2024\/03\/Prace_serwisowe-300x188.jpg 300w, https:\/\/pb.edu.pl\/uci\/wp-content\/uploads\/sites\/17\/2024\/03\/Prace_serwisowe-1024x640.jpg 1024w, https:\/\/pb.edu.pl\/uci\/wp-content\/uploads\/sites\/17\/2024\/03\/Prace_serwisowe-768x480.jpg 768w, https:\/\/pb.edu.pl\/uci\/wp-content\/uploads\/sites\/17\/2024\/03\/Prace_serwisowe.jpg 1080w\" sizes=\"auto, (max-width: 480px) 100vw, 480px\" \/>      <\/div>\n      <h3>Prace serwisowe w TetaME \u2013 17.02<\/h3>\n      Uprzejmie informujemy, \u017ce w dniu 17.02.2026 (wtorek), w godzinach od 19:00    <\/a>\n<\/article>\t\t\t\t\t\t<\/div>\n\t\t\t\t\t\t\t\t\t\t\t<div class=\"col-sm-3\">\n\t\t\t\t\t\t\t\n<article class=\"format-standard\">\n    <span class=\"date text-right\"><i class=\"fal fa-calendar-alt\"><\/i> 09-02-2026<\/span>\n    <a href=\"https:\/\/pb.edu.pl\/uci\/2026\/02\/09\/prace-serwisowe-13-02\/\">\n      <div class=\"article-image\">\n        <img loading=\"lazy\" decoding=\"async\" width=\"480\" height=\"300\" src=\"https:\/\/pb.edu.pl\/uci\/wp-content\/uploads\/sites\/17\/2026\/02\/Prace-serwisowe-w-systemie-SRS-3-480x300.png\" class=\"attachment-medium-image-16x10 size-medium-image-16x10 wp-post-image\" alt=\"\" \/>      <\/div>\n      <h3>Prace serwisowe w systemie SRS - 13.02<\/h3>\n      Uprzejmie informujemy, \u017ce w dniu 13 luty (pi\u0105tek), w godzinach od    <\/a>\n<\/article>\t\t\t\t\t\t<\/div>\n\t\t\t\t\t\t\t\t\t\t\t<div class=\"col-sm-3\">\n\t\t\t\t\t\t\t\n<article class=\"format-standard\">\n    <span class=\"date text-right\"><i class=\"fal fa-calendar-alt\"><\/i> 27-01-2026<\/span>\n    <a href=\"https:\/\/pb.edu.pl\/uci\/2026\/01\/27\/aktualizacja-systemu-usos-i-systemow-satelitarnych-9\/\">\n      <div class=\"article-image\">\n        <img loading=\"lazy\" decoding=\"async\" width=\"480\" height=\"300\" src=\"https:\/\/pb.edu.pl\/uci\/wp-content\/uploads\/sites\/17\/2025\/06\/USOS-i-satelitarne-480x300.png\" class=\"attachment-medium-image-16x10 size-medium-image-16x10 wp-post-image\" alt=\"\" \/>      <\/div>\n      <h3>Aktualizacja systemu USOS i system\u00f3w satelitarnych<\/h3>\n      Uprzejmie informujemy, \u017ce w zwi\u0105zku z aktualizacj\u0105 system\u00f3w USOSowych, dnia 27.01.2026    <\/a>\n<\/article>\t\t\t\t\t\t<\/div>\n\t\t\t\t\t\t\t\t\t\t\t<div class=\"col-sm-3\">\n\t\t\t\t\t\t\t\n<article class=\"format-standard\">\n    <span class=\"date text-right\"><i class=\"fal fa-calendar-alt\"><\/i> 16-01-2026<\/span>\n    <a href=\"https:\/\/pb.edu.pl\/uci\/2026\/01\/16\/rekrutacja-do-zespolu-it\/\">\n      <div class=\"article-image\">\n        <img loading=\"lazy\" decoding=\"async\" width=\"480\" height=\"300\" src=\"https:\/\/pb.edu.pl\/uci\/wp-content\/uploads\/sites\/17\/2026\/01\/ZATRUDNIAMY-POZIOM-1920-x-1080-480x300.png\" class=\"attachment-medium-image-16x10 size-medium-image-16x10 wp-post-image\" alt=\"\" \/>      <\/div>\n      <h3>Rekrutacja do zespo\u0142u IT<\/h3>\n      Uczelniane Centrum Informatyczne Politechniki Bia\u0142ostockiej&nbsp; poszukuje kandydatek\/kandydat\u00f3w na stanowiska: &nbsp; &nbsp;    <\/a>\n<\/article>\t\t\t\t\t\t<\/div>\n\t\t\t\t\t\t\t\t\t\t\t<div class=\"col-sm-3\">\n\t\t\t\t\t\t\t\n<article class=\"format-standard\">\n    <span class=\"date text-right\"><i class=\"fal fa-calendar-alt\"><\/i> 16-01-2026<\/span>\n    <a href=\"https:\/\/pb.edu.pl\/uci\/2026\/01\/16\/prace-serwisowe-w-tetame-16-01\/\">\n      <div class=\"article-image\">\n        <img loading=\"lazy\" decoding=\"async\" width=\"480\" height=\"300\" src=\"https:\/\/pb.edu.pl\/uci\/wp-content\/uploads\/sites\/17\/2024\/03\/Prace_serwisowe-480x300.jpg\" class=\"attachment-medium-image-16x10 size-medium-image-16x10 wp-post-image\" alt=\"\" srcset=\"https:\/\/pb.edu.pl\/uci\/wp-content\/uploads\/sites\/17\/2024\/03\/Prace_serwisowe-480x300.jpg 480w, https:\/\/pb.edu.pl\/uci\/wp-content\/uploads\/sites\/17\/2024\/03\/Prace_serwisowe-300x188.jpg 300w, https:\/\/pb.edu.pl\/uci\/wp-content\/uploads\/sites\/17\/2024\/03\/Prace_serwisowe-1024x640.jpg 1024w, https:\/\/pb.edu.pl\/uci\/wp-content\/uploads\/sites\/17\/2024\/03\/Prace_serwisowe-768x480.jpg 768w, https:\/\/pb.edu.pl\/uci\/wp-content\/uploads\/sites\/17\/2024\/03\/Prace_serwisowe.jpg 1080w\" sizes=\"auto, (max-width: 480px) 100vw, 480px\" \/>      <\/div>\n      <h3>Prace serwisowe w TetaME \u2013 16.01<\/h3>\n      Uprzejmie informujemy, \u017ce w dniu 16.01.2026 (pi\u0105tek), w godzinach od 19:00    <\/a>\n<\/article>\t\t\t\t\t\t<\/div>\n\t\t\t\t\t\t\t\t\t\t\t<div class=\"col-sm-3\">\n\t\t\t\t\t\t\t\n<article class=\"format-standard\">\n    <span class=\"date text-right\"><i class=\"fal fa-calendar-alt\"><\/i> 05-12-2025<\/span>\n    <a href=\"https:\/\/pb.edu.pl\/uci\/2025\/12\/05\/prace-serwisowe-w-ansys-8-grudnia\/\">\n      <div class=\"article-image\">\n        <img loading=\"lazy\" decoding=\"async\" width=\"480\" height=\"300\" src=\"https:\/\/pb.edu.pl\/uci\/wp-content\/uploads\/sites\/17\/2025\/06\/Ansys-480x300.png\" class=\"attachment-medium-image-16x10 size-medium-image-16x10 wp-post-image\" alt=\"\" \/>      <\/div>\n      <h3>Prace serwisowe w Ansys \u2013 8 grudnia<\/h3>\n      Uprzejmie informujemy, \u017ce w dniu 8 grudnia (poniedzia\u0142ek), w godzinach od    <\/a>\n<\/article>\t\t\t\t\t\t<\/div>\n\t\t\t\t\t\n\t\t\t\t\n\t\t\t\t\t<\/div>\n\t\t\n\t<nav class=\"navigation pagination\" aria-label=\"Stronicowanie wpis\u00f3w\">\n\t\t<h2 class=\"screen-reader-text\">Stronicowanie wpis\u00f3w<\/h2>\n\t\t<div class=\"nav-links\"><span aria-current=\"page\" class=\"page-numbers current\">1<\/span>\n<a class=\"page-numbers\" href=\"https:\/\/pb.edu.pl\/uci\/wp-json\/wp\/v2\/pages\/620\/page\/2\/\">2<\/a>\n<a class=\"page-numbers\" href=\"https:\/\/pb.edu.pl\/uci\/wp-json\/wp\/v2\/pages\/620\/page\/3\/\">3<\/a>\n<span class=\"page-numbers dots\">&hellip;<\/span>\n<a class=\"page-numbers\" href=\"https:\/\/pb.edu.pl\/uci\/wp-json\/wp\/v2\/pages\/620\/page\/17\/\">17<\/a>\n<a class=\"next page-numbers\" href=\"https:\/\/pb.edu.pl\/uci\/wp-json\/wp\/v2\/pages\/620\/page\/2\/\">Nast\u0119pne<\/a><\/div>\n\t<\/nav>\t\t\t<\/div>\n\n","protected":false},"excerpt":{"rendered":"","protected":false},"author":2,"featured_media":0,"parent":0,"menu_order":0,"comment_status":"closed","ping_status":"closed","template":"","meta":{"_acf_changed":false,"ngg_post_thumbnail":0,"footnotes":""},"class_list":["post-620","page","type-page","status-publish","hentry"],"acf":[],"_links":{"self":[{"href":"https:\/\/pb.edu.pl\/uci\/wp-json\/wp\/v2\/pages\/620","targetHints":{"allow":["GET"]}}],"collection":[{"href":"https:\/\/pb.edu.pl\/uci\/wp-json\/wp\/v2\/pages"}],"about":[{"href":"https:\/\/pb.edu.pl\/uci\/wp-json\/wp\/v2\/types\/page"}],"author":[{"embeddable":true,"href":"https:\/\/pb.edu.pl\/uci\/wp-json\/wp\/v2\/users\/2"}],"replies":[{"embeddable":true,"href":"https:\/\/pb.edu.pl\/uci\/wp-json\/wp\/v2\/comments?post=620"}],"version-history":[{"count":0,"href":"https:\/\/pb.edu.pl\/uci\/wp-json\/wp\/v2\/pages\/620\/revisions"}],"wp:attachment":[{"href":"https:\/\/pb.edu.pl\/uci\/wp-json\/wp\/v2\/media?parent=620"}],"curies":[{"name":"wp","href":"https:\/\/api.w.org\/{rel}","templated":true}]}}