{"id":57,"date":"2018-05-22T21:01:25","date_gmt":"2018-05-22T19:01:25","guid":{"rendered":"https:\/\/pb.edu.pl\/uci\/?page_id=57"},"modified":"2024-01-15T12:05:12","modified_gmt":"2024-01-15T11:05:12","slug":"biuletyn-informacji-publicznej","status":"publish","type":"page","link":"https:\/\/pb.edu.pl\/uci\/zasoby-informatyczne\/biuletyn-informacji-publicznej\/","title":{"rendered":"Biuletyn Informacji Publicznej"},"content":{"rendered":"<p><a href=\"https:\/\/bip.pb.edu.pl\/?event=informacja&amp;id=15489\">Biuletyn Informacji Publicznej (BIP)<\/a> jest platform\u0105 elektroniczn\u0105 stworzon\u0105 w celu powszechnego udost\u0119pniania informacji publicznej. Sk\u0142ada si\u0119 z witryn www, na kt\u00f3rych podmioty wykonuj\u0105ce zadania publiczne udost\u0119pniaj\u0105 informacje zgodnie z polskim prawem.<\/p>\n<p>Aby opublikowa\u0107 informacje na stronie BIP, konieczne jest dostarczenie w formie papierowej wype\u0142nionej Karty Informacyjnej, kt\u00f3ra jest za\u0142\u0105cznikiem nr 2 do Zarz\u0105dzenia nr 936 Rektora PB z dnia 14 marca 2019 roku.<\/p>\n<div class=\"h4\">Zarz\u0105dzenia Rektora dotycz\u0105ce Dost\u0119pno\u015bci Cyfrowej<\/div>\n<p><a title=\"Otworzy si\u0119 w nowej karcie\" href=\"https:\/\/bip.pb.edu.pl\/?event=informacja&amp;id=15489\" target=\"_blank\" rel=\"noopener\">Zarz\u0105dzenie nr 936 Rektora PB z dnia 14 marca 2019 roku<\/a> &#8211; w sprawie zasad publikacji w Biuletynie Informacji Publicznej Politechniki Bia\u0142ostockiej.<\/p>\n<p><a class=\"docx\" title=\"pobierz plik\" href=\"https:\/\/pb.edu.pl\/uci\/wp-content\/uploads\/sites\/17\/2022\/12\/Zalacznik-nr-2-do-Zarzadzenia-936-z-14.03.2019-r.-Karta-Informacyjna.docx\" data-id=\"2612\">Za\u0142\u0105cznik nr 2 do Zarz\u0105dzenia 936 z 14.03.2019 r. &#8211; Karta Informacyjna (DOCX, 25 KB)<\/a><\/p>\n<div class=\"h4\">Kr\u00f3tki poradnik<\/div>\n<div>\n<p><a href=\"https:\/\/docs.uci.pb.edu.pl\/dostepnosc\/dostepnosc.html\">Kr\u00f3tki poradnik tworzenia dokument\u00f3w dost\u0119pnych cyfrowo w MS Word<\/a> w skr\u00f3cie przedstawia praktyczne wskaz\u00f3wki oraz kroki, <strong>jak przygotowa\u0107 tre\u015bci w publikacjach na stronie Biuletynu Informacji Publicznej (BIP)<\/strong>. Zawiera informacje o strukturze tekstu, nag\u0142\u00f3wkach, stylach, listach, tabelach, oraz tworzeniu tekstu alternatywnego dla element\u00f3w graficznych. Celem jest u\u0142atwienie procesu i minimalizacja b\u0142\u0119d\u00f3w.<\/p>\n<\/div>\n<div class=\"h4\">Dost\u0119pno\u015b\u0107 Cyfrowa na Politechnice Bia\u0142ostockiej<\/div>\n<div>\n<p>Strona <a href=\"https:\/\/pb.edu.pl\/dostepnosc-cyfrowa\/\">Dost\u0119pno\u015b\u0107 Cyfrowa<\/a> zosta\u0142a stworzona z my\u015bl\u0105 o problematyce zwi\u0105zanej z dost\u0119pno\u015bci\u0105 cyfrow\u0105 na Politechnice Bia\u0142ostockiej. Znajdziesz tu zarz\u0105dzenia Rektora, kt\u00f3re reguluj\u0105 kwestie zwi\u0105zane z zapewnieniem dost\u0119pno\u015bci cyfrowej, a tak\u017ce link prowadz\u0105cy do dedykowanej strony na gov.pl, gdzie dost\u0119pne s\u0105 szczeg\u00f3\u0142owe informacje i materia\u0142y dotycz\u0105ce dost\u0119pno\u015bci cyfrowej.<\/p>\n<\/div>\n<div class=\"h4\">\n<p>Pami\u0119tajmy!<\/p>\n<\/div>\n<div>\n<p>Dokumenty przygotowane zgodnie z zasadami dost\u0119pno\u015bci cyfrowej to nie tylko norma, to kluczowa wizyt\u00f3wka uczelni, \u015bwiadcz\u0105ca o zaanga\u017cowaniu w jako\u015b\u0107, profesjonalizm i otwarto\u015b\u0107 na wszystkich odbiorc\u00f3w.<\/p>\n<p>Przypominamy, \u017ce zgodnie z <a class=\"fui-Link ___1rxvrpe f2hkw1w f3rmtva f1ewtqcl fyind8e f1k6fduh f1w7gpdv fk6fouc fjoy568 figsok6 f1hu3pq6 f11qmguv f19f4twv f1tyq0we f1g0x7ka fhxju0i f1qch9an f1cnd47f fqv5qza f1vmzxwi f1o700av f13mvf36 f1cmlufx f9n3di6 f1ids18y f1tx3yz7 f1deo86v f1eh06m1 f1iescvh fhgqx19 f1olyrje f1p93eir f1nev41a f1h8hb77 f1lqvz6u f10aw75t fsle3fq f17ae5zn\" title=\"https:\/\/bip.pb.edu.pl\/index.php?event=informacja&amp;id=20982\" href=\"https:\/\/bip.pb.edu.pl\/index.php?event=informacja&amp;id=20982\" target=\"_blank\" rel=\"noreferrer noopener\" aria-label=\"Link Zarz\u0105dzeniem nr 1177 Rektora PB z dnia 18 wrze\u015bnia 2020 roku\">Zarz\u0105dzeniem nr 1177 Rektora PB z dnia 18 wrze\u015bnia 2020 roku<\/a>, wszelkie publikowane elementy na stronach internetowych podlegaj\u0105 obowi\u0105zkowi tworzenia tre\u015bci dost\u0119pnych cyfrowo. <strong>Odpowiedzialno\u015b\u0107 za cyfrow\u0105 dost\u0119pno\u015b\u0107 dokumentu spoczywa na osobie go przygotowuj\u0105cej.<\/strong><\/p>\n<p>Zgodnie z <a class=\"fui-Link ___1rxvrpe f2hkw1w f3rmtva f1ewtqcl fyind8e f1k6fduh f1w7gpdv fk6fouc fjoy568 figsok6 f1hu3pq6 f11qmguv f19f4twv f1tyq0we f1g0x7ka fhxju0i f1qch9an f1cnd47f fqv5qza f1vmzxwi f1o700av f13mvf36 f1cmlufx f9n3di6 f1ids18y f1tx3yz7 f1deo86v f1eh06m1 f1iescvh fhgqx19 f1olyrje f1p93eir f1nev41a f1h8hb77 f1lqvz6u f10aw75t fsle3fq f17ae5zn\" title=\"https:\/\/bip.pb.edu.pl\/?event=informacja&amp;id=15489\" href=\"https:\/\/bip.pb.edu.pl\/?event=informacja&amp;id=15489\" target=\"_blank\" rel=\"noreferrer noopener\" aria-label=\"Link Zarz\u0105dzeniem nr 936\/2019 \u00a7 4 Rektora PB z dnia 14 marca 2019 roku\">Zarz\u0105dzeniem nr 936\/2019 \u00a7 4 Rektora PB z dnia 14 marca 2019 roku<\/a>, pracownicy odpowiedzialni za przekazywanie informacji do publikacji na stronie BIP w ramach swoich kompetencji <strong>s\u0105 zobowi\u0105zani do ich regularnej aktualizacji i odpowiadaj\u0105 r\u00f3wnie\u017c za czytelno\u015b\u0107 informacji publikowanych w BIP.<\/strong><\/p>\n<\/div>\n<div class=\"h4\">Kontakt<\/div>\n<p>W razie pyta\u0144 lub problem\u00f3w <a title=\"\" href=\"https:\/\/bip.pb.edu.pl\/?event=kontakt\" target=\"_blank\" rel=\"noopener\">redakcja BIP<\/a> pozostaje do dyspozycji.<\/p>\n","protected":false},"excerpt":{"rendered":"<p>Biuletyn Informacji Publicznej (BIP) jest platform\u0105 elektroniczn\u0105 stworzon\u0105 w celu powszechnego udost\u0119pniania informacji publicznej. Sk\u0142ada<\/p>\n","protected":false},"author":2,"featured_media":0,"parent":28,"menu_order":6,"comment_status":"closed","ping_status":"closed","template":"","meta":{"_acf_changed":false,"ngg_post_thumbnail":0,"footnotes":""},"class_list":["post-57","page","type-page","status-publish","hentry"],"acf":[],"_links":{"self":[{"href":"https:\/\/pb.edu.pl\/uci\/wp-json\/wp\/v2\/pages\/57","targetHints":{"allow":["GET"]}}],"collection":[{"href":"https:\/\/pb.edu.pl\/uci\/wp-json\/wp\/v2\/pages"}],"about":[{"href":"https:\/\/pb.edu.pl\/uci\/wp-json\/wp\/v2\/types\/page"}],"author":[{"embeddable":true,"href":"https:\/\/pb.edu.pl\/uci\/wp-json\/wp\/v2\/users\/2"}],"replies":[{"embeddable":true,"href":"https:\/\/pb.edu.pl\/uci\/wp-json\/wp\/v2\/comments?post=57"}],"version-history":[{"count":0,"href":"https:\/\/pb.edu.pl\/uci\/wp-json\/wp\/v2\/pages\/57\/revisions"}],"up":[{"embeddable":true,"href":"https:\/\/pb.edu.pl\/uci\/wp-json\/wp\/v2\/pages\/28"}],"wp:attachment":[{"href":"https:\/\/pb.edu.pl\/uci\/wp-json\/wp\/v2\/media?parent=57"}],"curies":[{"name":"wp","href":"https:\/\/api.w.org\/{rel}","templated":true}]}}