{"id":51,"date":"2018-05-22T20:54:31","date_gmt":"2018-05-22T18:54:31","guid":{"rendered":"https:\/\/pb.edu.pl\/uci\/?page_id=51"},"modified":"2022-09-01T14:16:50","modified_gmt":"2022-09-01T12:16:50","slug":"system-irk","status":"publish","type":"page","link":"https:\/\/pb.edu.pl\/uci\/zasoby-informatyczne\/system-irk\/","title":{"rendered":"System IRK"},"content":{"rendered":"<p><strong>Internetowa Rekrutacja Kandydat\u00f3w (IRK)<\/strong><\/p>\n<p>Pierwszy kontakt kandydata z jego przysz\u0142\u0105 uczelni\u0105 rozpoczyna si\u0119 od zapoznania si\u0119 z kompleksow\u0105 ofert\u0105 prowadzonych studi\u00f3w, wymaga\u0144 stawianych kandydatom podczas rekrutacji. System&nbsp;IRK stowarzyszony z USOS zapewnia:<\/p>\n<ul>\n<li>pe\u0142n\u0105 informacj\u0119 o przebiegu procesu kwalifikacji zarejestrowanego kandydata, od zapisania si\u0119 na kierunek, obliczenie wysoko\u015bci i wniesienie op\u0142aty rekrutacyjnej, pozycj\u0119 na li\u015bcie rankingowej i otrzymanie wyniku post\u0119powania, wydrukowanie podania na studia (ankiety osobowej) po przyj\u0119cie na studia,&nbsp;<\/li>\n<li>pozyskanie i przetworzenie z Systemu Informacji O\u015bwiatowej (SIO, <a href=\"https:\/\/sio.gov.pl\/\">https:\/\/sio.gov.pl<\/a>) nast\u0119puj\u0105cych danych kandydat\u00f3w, kt\u00f3rzy wyrazili zgod\u0119 na przetwarzanie ich danych w celach rekrutacyjnych:&nbsp;\n<ul>\n<li>wynik\u00f3w maturalnych na \u015bwiadectwach dojrza\u0142o\u015bci zdawanych w trybie nowej matury i aneksach,&nbsp;<\/li>\n<li>otrzymanych tytu\u0142\u00f3w laureat\u00f3w i finalist\u00f3w olimpiad,&nbsp;<\/li>\n<li>numer\u00f3w dokument\u00f3w,&nbsp;<\/li>\n<li>nazw uko\u0144czonych szk\u00f3\u0142 \u015brednich,&nbsp;<\/li>\n<\/ul>\n<\/li>\n<li>przeprowadzenie kwalifikacji kandydat\u00f3w z wykorzystaniem funkcji obliczaj\u0105cych wyniki na podstawie egzamin\u00f3w maturalnych i wewn\u0119trznych (przeprowadzonych przez uczelni\u0119),&nbsp;<\/li>\n<li>przetwarzanie zdj\u0119\u0107 kandydat\u00f3w niezb\u0119dnych do Elektronicznej Legitymacji Studenckiej (ELS),&nbsp;<\/li>\n<li>komunikowanie si\u0119 komisji rekrutacyjnych z kandydatami, odpowiedzi na zg\u0142aszane pytania i w\u0105tpliwo\u015bci na specjalnym forum dyskusyjnym,&nbsp;<\/li>\n<li>drukowanie dokument\u00f3w z post\u0119powania kwalifikacyjnego: protoko\u0142y, decyzje, sprawozdania,&nbsp;<\/li>\n<li>raportowanie o stanie rekrutacji i udost\u0119pnianie statystyk.&nbsp;<\/li>\n<\/ul>\n<p><a href=\"https:\/\/irk.pb.edu.pl\/\">Internetowa Rejestracja Kandydat\u00f3w<\/a><\/p>\n","protected":false},"excerpt":{"rendered":"<p>Internetowa Rekrutacja Kandydat\u00f3w (IRK) Pierwszy kontakt kandydata z jego przysz\u0142\u0105 uczelni\u0105 rozpoczyna si\u0119 od zapoznania<\/p>\n","protected":false},"author":2,"featured_media":0,"parent":28,"menu_order":5,"comment_status":"closed","ping_status":"closed","template":"","meta":{"_acf_changed":false,"ngg_post_thumbnail":0,"footnotes":""},"class_list":["post-51","page","type-page","status-publish","hentry"],"acf":[],"_links":{"self":[{"href":"https:\/\/pb.edu.pl\/uci\/wp-json\/wp\/v2\/pages\/51","targetHints":{"allow":["GET"]}}],"collection":[{"href":"https:\/\/pb.edu.pl\/uci\/wp-json\/wp\/v2\/pages"}],"about":[{"href":"https:\/\/pb.edu.pl\/uci\/wp-json\/wp\/v2\/types\/page"}],"author":[{"embeddable":true,"href":"https:\/\/pb.edu.pl\/uci\/wp-json\/wp\/v2\/users\/2"}],"replies":[{"embeddable":true,"href":"https:\/\/pb.edu.pl\/uci\/wp-json\/wp\/v2\/comments?post=51"}],"version-history":[{"count":0,"href":"https:\/\/pb.edu.pl\/uci\/wp-json\/wp\/v2\/pages\/51\/revisions"}],"up":[{"embeddable":true,"href":"https:\/\/pb.edu.pl\/uci\/wp-json\/wp\/v2\/pages\/28"}],"wp:attachment":[{"href":"https:\/\/pb.edu.pl\/uci\/wp-json\/wp\/v2\/media?parent=51"}],"curies":[{"name":"wp","href":"https:\/\/api.w.org\/{rel}","templated":true}]}}