{"id":461,"date":"2019-10-31T10:36:25","date_gmt":"2019-10-31T09:36:25","guid":{"rendered":"https:\/\/pb.edu.pl\/uci\/?page_id=461"},"modified":"2025-09-04T08:26:55","modified_gmt":"2025-09-04T06:26:55","slug":"mobilny-usos-pb","status":"publish","type":"page","link":"https:\/\/pb.edu.pl\/uci\/aplikacje\/mobilny-usos-pb\/","title":{"rendered":"Mobilny USOS PB"},"content":{"rendered":"<p><strong>Mobilny USOS PB jest przeznaczony dla student\u00f3w i pracownik\u00f3w Politechniki Bia\u0142ostockiej. Aplikacja, w polskiej i angielskiej wersji j\u0119zykowej, dost\u0119pna jest na urz\u0105dzenia z systemem Android oraz <\/strong><strong>iOS. Do poprawnego korzystania z aplikacji wymagane jest konto w serwisach uczelnianych PB (tzw. konto CAS).<\/strong><\/p>\n<p><strong>Mobilny USOS 2.0<\/strong>&nbsp;to nowoczesna wersja oficjalnej aplikacji mobilnej zintegrowanej z systemem USOS (Uniwersytecki System Obs\u0142ugi Studi\u00f3w), dost\u0119pna ju\u017c dla spo\u0142eczno\u015bci akademickiej Politechniki Bia\u0142ostockiej. Aplikacja dost\u0119pna jest na system Android. Zapewnia wygodny, bezpieczny i szybki dost\u0119p do najwa\u017cniejszych funkcji studenckich i dydaktycznych \u2013 z ka\u017cdego miejsca i o ka\u017cdej porze.<\/p>\n<h4 class=\"h4\">Aplikacj\u0119 mo\u017cna pobra\u0107:<br \/>\n&#8211; ze sklepu Play: <a title=\"Przejd\u017a do: Aplikacja Mobilny USOS 2.0\" href=\"https:\/\/play.google.com\/store\/apps\/details?id=pl.edu.usos.mobilny&amp;pcampaignid=web_share\">Mobilny USOS 2.0<\/a>&nbsp;<br \/>\n&#8211; z iStore: <a title=\"Przejd\u017a do: Sklep iStore\" href=\"https:\/\/apps.apple.com\/pl\/app\/mobilny-usos-2-0\/id6747705479?l=pl\" target=\"_blank\" rel=\"noopener noreferrer\">MobilnyUSOSPB iOS<\/a><\/h4>\n<pre>Uwaga! Aktualizacja aplikacji Mobilny USOS na iOS - Pobierz aplikacj\u0119 w wersji 2.0<\/pre>\n<div>&nbsp;<\/div>\n<p>Aplikacja Mobilny USOS PB, udost\u0119pnia m.in. nast\u0119puj\u0105ce modu\u0142y:<\/p>\n<ul>\n<li>grupy zaj\u0119ciowe \u2013 czyli informacje o przedmiocie, prowadz\u0105cych i uczestnikach zaj\u0119\u0107; miejsce, w kt\u00f3rym odbywaj\u0105 si\u0119 zaj\u0119cia mo\u017cna sprawdzi\u0107 na mapach Google, a terminy spotka\u0144 doda\u0107 do u\u017cywanego na kom\u00f3rce kalendarza,<\/li>\n<li>oceny\/protoko\u0142y \u2013 w tym module student zobaczy wszystkie uzyskane oceny, natomiast pracownik b\u0119dzie m\u00f3g\u0142 dopisa\u0107 oceny do protoko\u0142u. System na bie\u017c\u0105co prze\u015ble powiadomienia o nowych ocenach,<\/li>\n<li>sprawdziany \u2013 tu student zobaczy swoje punkty z kolokwi\u00f3w i prac zaliczeniowych, a pracownik b\u0119dzie m\u00f3g\u0142 wpisa\u0107 punkty, oceny i komentarze oraz zmieni\u0107 widoczno\u015b\u0107 sprawdzianu. System na bie\u017c\u0105co prze\u015ble powiadomienia o nowych wynikach,<\/li>\n<li>ankiety \u2013 student mo\u017ce wype\u0142ni\u0107 tu kwestionariusz, a pracownik b\u0119dzie m\u00f3g\u0142 na bie\u017c\u0105co obserwowa\u0107 liczb\u0119 wype\u0142nionych ankiet,<\/li>\n<li>USOSmail \u2013 modu\u0142 umo\u017cliwia wys\u0142anie wiadomo\u015bci do uczestnik\u00f3w jednej lub wielu grup zaj\u0119ciowych,<\/li>\n<li>moje legitymacje \u2013 student zobaczy tu awers i rewers swojej elektronicznej legitymacji studenckiej, doktorant \u2013 legitymacj\u0119 doktoranta, a pracownik \u2013 legitymacj\u0119 pracownika. Uwaga! Zdj\u0119cie legitymacji dost\u0119pne w aplikacji nie daje uprawnie\u0144 do korzystania ze zni\u017cek,<\/li>\n<li>mLegitymacja &#8211; mo\u017cliwo\u015b\u0107 zamawiania elektronicznej wersji legitymacji za po\u015brednictwem USOSweb,<\/li>\n<li>moje eID \u2013 tu przechowywane s\u0105 dane PESEL, numer indeksu, numer ELS\/ELD\/ELP, kod PBN, ORCID itp. Dane dost\u0119pne s\u0105 jako kod QR i kod paskowy,<\/li>\n<li>przydatne informacje \u2013 w tym module widoczne s\u0105 informacje, kt\u00f3re uczelnia uzna za szczeg\u00f3lnie u\u017cyteczne, np. dane kontaktowe sekcji studenckiej dziekanatu, samorz\u0105du studenckiego,<\/li>\n<li>aktualno\u015bci \u2013 bie\u017c\u0105cy wgl\u0105d w wiadomo\u015bci przesy\u0142ane i przygotowane przez upowa\u017cnione do tego osoby (dziekana, pracownika sekcji studenckiej, samorz\u0105d studencki itp.),<\/li>\n<li>wyszukiwarka \u2013 mo\u017cna przez ni\u0105 wyszuka\u0107 student\u00f3w, pracownik\u00f3w, przedmioty,<\/li>\n<li>plan zaj\u0119\u0107 \u2013 umo\u017cliwia wgl\u0105d w plan zaj\u0119\u0107 (domy\u015blnie jest to plan z dnia bie\u017c\u0105cego, ale dost\u0119pne s\u0105 te\u017c opcje \u201ejutro\u201d, \u201eca\u0142y tydzie\u0144\u201d, \u201eprzysz\u0142y tydzie\u0144\u201d i \u201edowolny tydzie\u0144\u201d.<\/li>\n<\/ul>\n<p><strong>Aplikacja zosta\u0142a dostosowana do potrzeb naszej Uczelni przez pracownik\u00f3w Uczelnianego Centrum Informatycznego Politechniki Bia\u0142ostockiej i jest nadal rozwijana. Sukcesywnie dodawane b\u0119d\u0105 jej kolejne funkcjonalno\u015bci. Zesp\u00f3\u0142 programist\u00f3w USOS jest te\u017c otwarty na uwagi u\u017cytkownik\u00f3w. Prosimy je wysy\u0142a\u0107 poprzez: <a title=\"Przejd\u017a do: Helpdesk\" href=\"https:\/\/pb.edu.pl\/uci\/helpdesk-zglaszanie-problemow-z-obsluga-systemow\/\">Helpdesk \u2013 zg\u0142aszanie problem\u00f3w z obs\u0142ug\u0105 system\u00f3w i us\u0142ug<\/a><a href=\"mailto:musos@uci.pb.edu.pl\" target=\"_blank\" rel=\"noopener noreferrer\">.<\/a><\/strong><\/p>\n<div id='gallery-1' class='gallery galleryid-461 gallery-columns-4 gallery-size-full'><figure class='gallery-item'>\n\t\t\t<div class='gallery-icon portrait'>\n\t\t\t\t<a href='https:\/\/pb.edu.pl\/uci\/wp-content\/uploads\/sites\/17\/2019\/09\/g\u0142\u00f3wne_menu.png'><img loading=\"lazy\" decoding=\"async\" width=\"521\" height=\"927\" src=\"https:\/\/pb.edu.pl\/uci\/wp-content\/uploads\/sites\/17\/2019\/09\/g\u0142\u00f3wne_menu.png\" class=\"attachment-full size-full\" alt=\"okno menu g\u0142\u00f3wne aplikacji Mobilny USOS PB\" srcset=\"https:\/\/pb.edu.pl\/uci\/wp-content\/uploads\/sites\/17\/2019\/09\/g\u0142\u00f3wne_menu.png 521w, https:\/\/pb.edu.pl\/uci\/wp-content\/uploads\/sites\/17\/2019\/09\/g\u0142\u00f3wne_menu-169x300.png 169w\" sizes=\"auto, (max-width: 521px) 100vw, 521px\" \/><\/a>\n\t\t\t<\/div><\/figure><figure class='gallery-item'>\n\t\t\t<div class='gallery-icon portrait'>\n\t\t\t\t<a href='https:\/\/pb.edu.pl\/uci\/wp-content\/uploads\/sites\/17\/2019\/09\/grupy.png'><img loading=\"lazy\" decoding=\"async\" width=\"521\" height=\"927\" src=\"https:\/\/pb.edu.pl\/uci\/wp-content\/uploads\/sites\/17\/2019\/09\/grupy.png\" class=\"attachment-full size-full\" alt=\"okno Grupy aplikacji Mobilny USOS PB\" srcset=\"https:\/\/pb.edu.pl\/uci\/wp-content\/uploads\/sites\/17\/2019\/09\/grupy.png 521w, https:\/\/pb.edu.pl\/uci\/wp-content\/uploads\/sites\/17\/2019\/09\/grupy-169x300.png 169w\" sizes=\"auto, (max-width: 521px) 100vw, 521px\" \/><\/a>\n\t\t\t<\/div><\/figure><figure class='gallery-item'>\n\t\t\t<div class='gallery-icon portrait'>\n\t\t\t\t<a href='https:\/\/pb.edu.pl\/uci\/wp-content\/uploads\/sites\/17\/2019\/09\/login.png'><img loading=\"lazy\" decoding=\"async\" width=\"521\" height=\"927\" src=\"https:\/\/pb.edu.pl\/uci\/wp-content\/uploads\/sites\/17\/2019\/09\/login.png\" class=\"attachment-full size-full\" alt=\"okno logowania aplikacji Mobilny USOS PB\" srcset=\"https:\/\/pb.edu.pl\/uci\/wp-content\/uploads\/sites\/17\/2019\/09\/login.png 521w, https:\/\/pb.edu.pl\/uci\/wp-content\/uploads\/sites\/17\/2019\/09\/login-169x300.png 169w\" sizes=\"auto, (max-width: 521px) 100vw, 521px\" \/><\/a>\n\t\t\t<\/div><\/figure><figure class='gallery-item'>\n\t\t\t<div class='gallery-icon portrait'>\n\t\t\t\t<a href='https:\/\/pb.edu.pl\/uci\/wp-content\/uploads\/sites\/17\/2019\/09\/mapa.png'><img loading=\"lazy\" decoding=\"async\" width=\"521\" height=\"927\" src=\"https:\/\/pb.edu.pl\/uci\/wp-content\/uploads\/sites\/17\/2019\/09\/mapa.png\" class=\"attachment-full size-full\" alt=\"okno Mapy aplikacji Mobilny USOS PB\" srcset=\"https:\/\/pb.edu.pl\/uci\/wp-content\/uploads\/sites\/17\/2019\/09\/mapa.png 521w, https:\/\/pb.edu.pl\/uci\/wp-content\/uploads\/sites\/17\/2019\/09\/mapa-169x300.png 169w\" sizes=\"auto, (max-width: 521px) 100vw, 521px\" \/><\/a>\n\t\t\t<\/div><\/figure><figure class='gallery-item'>\n\t\t\t<div class='gallery-icon portrait'>\n\t\t\t\t<a href='https:\/\/pb.edu.pl\/uci\/wp-content\/uploads\/sites\/17\/2019\/09\/oceny.png'><img loading=\"lazy\" decoding=\"async\" width=\"521\" height=\"927\" src=\"https:\/\/pb.edu.pl\/uci\/wp-content\/uploads\/sites\/17\/2019\/09\/oceny.png\" class=\"attachment-full size-full\" alt=\"okno oceny aplikacji Mobilny USOS PB\" srcset=\"https:\/\/pb.edu.pl\/uci\/wp-content\/uploads\/sites\/17\/2019\/09\/oceny.png 521w, https:\/\/pb.edu.pl\/uci\/wp-content\/uploads\/sites\/17\/2019\/09\/oceny-169x300.png 169w\" sizes=\"auto, (max-width: 521px) 100vw, 521px\" \/><\/a>\n\t\t\t<\/div><\/figure><figure class='gallery-item'>\n\t\t\t<div class='gallery-icon portrait'>\n\t\t\t\t<a href='https:\/\/pb.edu.pl\/uci\/wp-content\/uploads\/sites\/17\/2019\/09\/oceny2.png'><img loading=\"lazy\" decoding=\"async\" width=\"521\" height=\"927\" src=\"https:\/\/pb.edu.pl\/uci\/wp-content\/uploads\/sites\/17\/2019\/09\/oceny2.png\" class=\"attachment-full size-full\" alt=\"okno oceny aplikacji Mobilny USOS PB\" srcset=\"https:\/\/pb.edu.pl\/uci\/wp-content\/uploads\/sites\/17\/2019\/09\/oceny2.png 521w, https:\/\/pb.edu.pl\/uci\/wp-content\/uploads\/sites\/17\/2019\/09\/oceny2-169x300.png 169w\" sizes=\"auto, (max-width: 521px) 100vw, 521px\" \/><\/a>\n\t\t\t<\/div><\/figure><figure class='gallery-item'>\n\t\t\t<div class='gallery-icon portrait'>\n\t\t\t\t<a href='https:\/\/pb.edu.pl\/uci\/wp-content\/uploads\/sites\/17\/2019\/09\/ustawienia.png'><img loading=\"lazy\" decoding=\"async\" width=\"521\" height=\"927\" src=\"https:\/\/pb.edu.pl\/uci\/wp-content\/uploads\/sites\/17\/2019\/09\/ustawienia.png\" class=\"attachment-full size-full\" alt=\"okno ustawienia aplikacji Mobilny USOS PB\" srcset=\"https:\/\/pb.edu.pl\/uci\/wp-content\/uploads\/sites\/17\/2019\/09\/ustawienia.png 521w, https:\/\/pb.edu.pl\/uci\/wp-content\/uploads\/sites\/17\/2019\/09\/ustawienia-169x300.png 169w\" sizes=\"auto, (max-width: 521px) 100vw, 521px\" \/><\/a>\n\t\t\t<\/div><\/figure>\n\t\t<\/div>\n\n<p><em>Aplikacja Mobilny USOS jest w\u0142asno\u015bci\u0105 Uniwersytetu Warszawskiego i Mi\u0119dzyuniwersyteckiego Centrum Informatyzacji. Powsta\u0142a w ramach projektu \u201ee-UW \u2013 rozw\u00f3j e-us\u0142ug Uniwersytetu Warszawskiego zwi\u0105zanych z edukacj\u0105\u201d, kt\u00f3ry jest wsp\u00f3\u0142finansowany ze \u015brodk\u00f3w Regionalnego Programu Operacyjnego Wojew\u00f3dztwa Mazowieckiego 2014-2020. Projekt jest realizowany w latach 2016-2019.<\/em><\/p>\n","protected":false},"excerpt":{"rendered":"<p>Mobilny USOS PB jest przeznaczony dla student\u00f3w i pracownik\u00f3w Politechniki Bia\u0142ostockiej. Aplikacja, w polskiej i<\/p>\n","protected":false},"author":3,"featured_media":0,"parent":3175,"menu_order":1,"comment_status":"closed","ping_status":"closed","template":"","meta":{"_acf_changed":false,"ngg_post_thumbnail":0,"footnotes":""},"class_list":["post-461","page","type-page","status-publish","hentry"],"acf":[],"_links":{"self":[{"href":"https:\/\/pb.edu.pl\/uci\/wp-json\/wp\/v2\/pages\/461","targetHints":{"allow":["GET"]}}],"collection":[{"href":"https:\/\/pb.edu.pl\/uci\/wp-json\/wp\/v2\/pages"}],"about":[{"href":"https:\/\/pb.edu.pl\/uci\/wp-json\/wp\/v2\/types\/page"}],"author":[{"embeddable":true,"href":"https:\/\/pb.edu.pl\/uci\/wp-json\/wp\/v2\/users\/3"}],"replies":[{"embeddable":true,"href":"https:\/\/pb.edu.pl\/uci\/wp-json\/wp\/v2\/comments?post=461"}],"version-history":[{"count":0,"href":"https:\/\/pb.edu.pl\/uci\/wp-json\/wp\/v2\/pages\/461\/revisions"}],"up":[{"embeddable":true,"href":"https:\/\/pb.edu.pl\/uci\/wp-json\/wp\/v2\/pages\/3175"}],"wp:attachment":[{"href":"https:\/\/pb.edu.pl\/uci\/wp-json\/wp\/v2\/media?parent=461"}],"curies":[{"name":"wp","href":"https:\/\/api.w.org\/{rel}","templated":true}]}}