{"id":45,"date":"2018-05-22T20:49:09","date_gmt":"2018-05-22T18:49:09","guid":{"rendered":"https:\/\/pb.edu.pl\/uci\/?page_id=45"},"modified":"2020-12-28T23:33:45","modified_gmt":"2020-12-28T22:33:45","slug":"o-systemie-usosweb","status":"publish","type":"page","link":"https:\/\/pb.edu.pl\/uci\/zasoby-informatyczne\/system-usosweb\/o-systemie-usosweb\/","title":{"rendered":"O systemie USOSweb"},"content":{"rendered":"<div class=\"h2\">USOSweb \u2013 Wirtualny dziekanat<\/div>\n<p>Aplikacja stowarzyszona USOSweb powsta\u0142a jako pierwsza i oferuje najwi\u0119ksz\u0105 liczb\u0119 us\u0142ug. Pozwala na przeniesienie na p\u0142aszczyzn\u0119 elektroniczn\u0105 wielu czynno\u015bci i procedur wykonywanych przez nauczycieli akademickich i student\u00f3w, kt\u00f3re s\u0105 zwi\u0105zane z organizacj\u0105 i dokumentacj\u0105 przebiegu studi\u00f3w.<\/p>\n<p>Kilka najwa\u017cniejszych czynno\u015bci mo\u017cliwych do wykonania:<\/p>\n<ol>\n<li>przez pracownik\u00f3w prowadz\u0105cych zaj\u0119cia:\n<ul>\n<li>sprawdzanie planu prowadzonych zaj\u0119\u0107 i prowadzenie planu zaj\u0119\u0107 \u201ew\u0142asnych\u201d,<\/li>\n<li>otrzymanie list uczestnik\u00f3w grup zaj\u0119ciowych, eksport danych,<\/li>\n<li>wystawianie ocen i zalicze\u0144, drukowanie i zatwierdzanie protoko\u0142\u00f3w,<\/li>\n<\/ul>\n<\/li>\n<li>przez student\u00f3w:\n<ul>\n<li>sprawdzanie planu zaj\u0119\u0107, uzyskanych ocen i zalicze\u0144, uzupe\u0142nianie osi\u0105gni\u0119\u0107 przedmiotowych i punktowych,<\/li>\n<li>wype\u0142nianie ankiet dotycz\u0105cych procesu dydaktycznego czy uczestniczenie w wyborach organizowanych w ramach systemu USOSweb,<\/li>\n<li>uzyskiwanie informacji o p\u0142atno\u015bciach za us\u0142ugi edukacyjne, otrzymanej pomocy materialnej itp.,<\/li>\n<li>komunikowanie si\u0119 z uczestnikami swoich grup zaj\u0119ciowych i ich prowadz\u0105cymi.<\/li>\n<\/ul>\n<\/li>\n<\/ol>\n<p>Ponadto ka\u017cdy mo\u017ce zapozna\u0107 si\u0119 z oferowanymi przedmiotami, wymaganiami dydaktycznymi na poszczeg\u00f3lnych kierunkach studi\u00f3w, struktur\u0105 uczelni, wyszuka\u0107 pracownik\u00f3w.<\/p>\n<p>Szczeg\u00f3\u0142owe informacje na temat systemu i jego zastosowa\u0144 mo\u017cna znale\u017a\u0107 nie tylko w dokumentacji, ale tak\u017ce w nowatorskich e-podr\u0119cznikach dost\u0119pnych w systemie Pomocy.<br \/>\n&nbsp;<\/p>\n<p><a href=\"https:\/\/pb.edu.pl\/uci\/zasoby-informatyczne\/system-usosweb\/o-systemie-usosweb\/ankiety-w-usosweb\/\">Jak wype\u0142ni\u0107 ankiet\u0119 w systemie USOSweb?<\/a><\/p>\n","protected":false},"excerpt":{"rendered":"<p>USOSweb \u2013 Wirtualny dziekanat Aplikacja stowarzyszona USOSweb powsta\u0142a jako pierwsza i oferuje najwi\u0119ksz\u0105 liczb\u0119 us\u0142ug.<\/p>\n","protected":false},"author":2,"featured_media":0,"parent":43,"menu_order":1,"comment_status":"closed","ping_status":"closed","template":"","meta":{"_acf_changed":false,"ngg_post_thumbnail":0,"footnotes":""},"class_list":["post-45","page","type-page","status-publish","hentry"],"acf":[],"_links":{"self":[{"href":"https:\/\/pb.edu.pl\/uci\/wp-json\/wp\/v2\/pages\/45","targetHints":{"allow":["GET"]}}],"collection":[{"href":"https:\/\/pb.edu.pl\/uci\/wp-json\/wp\/v2\/pages"}],"about":[{"href":"https:\/\/pb.edu.pl\/uci\/wp-json\/wp\/v2\/types\/page"}],"author":[{"embeddable":true,"href":"https:\/\/pb.edu.pl\/uci\/wp-json\/wp\/v2\/users\/2"}],"replies":[{"embeddable":true,"href":"https:\/\/pb.edu.pl\/uci\/wp-json\/wp\/v2\/comments?post=45"}],"version-history":[{"count":0,"href":"https:\/\/pb.edu.pl\/uci\/wp-json\/wp\/v2\/pages\/45\/revisions"}],"up":[{"embeddable":true,"href":"https:\/\/pb.edu.pl\/uci\/wp-json\/wp\/v2\/pages\/43"}],"wp:attachment":[{"href":"https:\/\/pb.edu.pl\/uci\/wp-json\/wp\/v2\/media?parent=45"}],"curies":[{"name":"wp","href":"https:\/\/api.w.org\/{rel}","templated":true}]}}