{"id":4164,"date":"2024-11-20T01:36:11","date_gmt":"2024-11-20T00:36:11","guid":{"rendered":"https:\/\/pb.edu.pl\/uci\/?page_id=4164"},"modified":"2025-01-20T15:00:03","modified_gmt":"2025-01-20T14:00:03","slug":"teams-spotkania-wirtualne","status":"publish","type":"page","link":"https:\/\/pb.edu.pl\/uci\/uslugi\/office-365\/teams-spotkania-wirtualne\/","title":{"rendered":"Teams &#8211; spotkania wirtualne"},"content":{"rendered":"<p>Microsoft Teams to us\u0142uga oparta na chmurze Microsoft zawieraj\u0105ca zestaw narz\u0119dzi i us\u0142ug wspieraj\u0105cych prac\u0119 zespo\u0142ow\u0105.<\/p>\n<p>&nbsp;<\/p>\n<p>Istnieje mo\u017cliwo\u015b\u0107 pobrania aplikacji Microsoft Teams na komputery i urz\u0105dzenia mobilne:<\/p>\n<p><a title=\"otworzy si\u0119 w nowej karcie\" href=\"https:\/\/www.microsoft.com\/pl-pl\/microsoft-365\/microsoft-teams\/download-app#desktopAppDownloadregion\" target=\"_blank\" rel=\"noopener noreferrer\">Pobierz aplikacj\u0119 Teams do u\u017cytku s\u0142u\u017cbowego na sw\u00f3j komputer<\/a><\/p>\n<p><a title=\"otworzy si\u0119 w nowej karcie\" href=\"https:\/\/www.microsoft.com\/pl-pl\/microsoft-365\/microsoft-teams\/download-app#office-SmsEmail-ntsjwrn\" target=\"_blank\" rel=\"noopener noreferrer\">Pobierz aplikacj\u0119 mobiln\u0105 Teams<\/a><\/p>\n<p>&nbsp;<\/p>\n<p>Spotkania w aplikacji Teams nie s\u0105 rejestrowane automatycznie. Mog\u0105 by\u0107 rejestrowane o ile uczestnik spotkania w\u0142\u0105czy nagrywanie. Wszystkie pliki nagrane w us\u0142udze MS Teams s\u0105 automatycznie udost\u0119pniane w us\u0142ugach Microsoft (Stream, SharePoint lub OneDrive) i tam s\u0105 przechowywane, a\u017c do usuni\u0119cia przez nagrywaj\u0105cego lub zgodnie z polityk\u0105 us\u0142ugi po up\u0142ywie 30 dni.<\/p>\n<p>Nagrywaj\u0105cy (jako w\u0142a\u015bciciel nagrania) jest odpowiedzialny za ustawienie opcji dost\u0119pno\u015bci nagrania. Co wa\u017cne, nagranie powinno by\u0107 dost\u0119pne tylko dla os\u00f3b bior\u0105cych udzia\u0142 w spotkaniu o ile przepisy wydzia\u0142owe nie reguluj\u0105 tego inaczej. <strong>Nie mo\u017cna udost\u0119pnia\u0107 nagra\u0144 w ramach ca\u0142ej organizacji lub ca\u0142ego zespo\u0142u bez zgody os\u00f3b nagrywanych gdy\u017c jest to r\u00f3wnoznaczne ze z\u0142amaniem zasad RODO. <\/strong>Natomiast osoby, kt\u00f3re nie wyra\u017caj\u0105 zgody na wykorzystanie do cel\u00f3w s\u0142u\u017cbowych swojego wizerunku lub g\u0142osu proszone s\u0105 o wy\u0142\u0105czenie kamer i mikrofon\u00f3w podczas spotkania.&nbsp;&nbsp;<\/p>\n<p>&nbsp;<\/p>\n<p>Rozszerzona instrukcja obs\u0142ugi dost\u0119pna jest na stronie:&nbsp;<a title=\"\" href=\"https:\/\/docs.uci.pb.edu.pl\/o365\/teams_instrukcja.html#dostep-do-teams\">TEAMS &#8211; instrukcja &#8211; dokumentacja<\/a><\/p>\n","protected":false},"excerpt":{"rendered":"<p>Microsoft Teams to us\u0142uga oparta na chmurze Microsoft zawieraj\u0105ca zestaw narz\u0119dzi i us\u0142ug wspieraj\u0105cych prac\u0119<\/p>\n","protected":false},"author":3,"featured_media":0,"parent":100,"menu_order":0,"comment_status":"closed","ping_status":"closed","template":"","meta":{"_acf_changed":false,"ngg_post_thumbnail":0,"footnotes":""},"class_list":["post-4164","page","type-page","status-publish","hentry"],"acf":[],"_links":{"self":[{"href":"https:\/\/pb.edu.pl\/uci\/wp-json\/wp\/v2\/pages\/4164","targetHints":{"allow":["GET"]}}],"collection":[{"href":"https:\/\/pb.edu.pl\/uci\/wp-json\/wp\/v2\/pages"}],"about":[{"href":"https:\/\/pb.edu.pl\/uci\/wp-json\/wp\/v2\/types\/page"}],"author":[{"embeddable":true,"href":"https:\/\/pb.edu.pl\/uci\/wp-json\/wp\/v2\/users\/3"}],"replies":[{"embeddable":true,"href":"https:\/\/pb.edu.pl\/uci\/wp-json\/wp\/v2\/comments?post=4164"}],"version-history":[{"count":0,"href":"https:\/\/pb.edu.pl\/uci\/wp-json\/wp\/v2\/pages\/4164\/revisions"}],"up":[{"embeddable":true,"href":"https:\/\/pb.edu.pl\/uci\/wp-json\/wp\/v2\/pages\/100"}],"wp:attachment":[{"href":"https:\/\/pb.edu.pl\/uci\/wp-json\/wp\/v2\/media?parent=4164"}],"curies":[{"name":"wp","href":"https:\/\/api.w.org\/{rel}","templated":true}]}}