{"id":4150,"date":"2024-11-20T01:06:31","date_gmt":"2024-11-20T00:06:31","guid":{"rendered":"https:\/\/pb.edu.pl\/uci\/?page_id=4150"},"modified":"2025-01-20T12:23:18","modified_gmt":"2025-01-20T11:23:18","slug":"logowanie-do-office365","status":"publish","type":"page","link":"https:\/\/pb.edu.pl\/uci\/uslugi\/office-365\/logowanie-do-office365\/","title":{"rendered":"Logowanie do Office365"},"content":{"rendered":"<div class=\"h3\">Instrukcja dla studenta\/doktoranta\/s\u0142uchacza studi\u00f3w podyplomowych\/kursanta\/ucznia<\/div>\n<p>Aby skorzysta\u0107 z us\u0142ug Microsoft Office365 nale\u017cy:<\/p>\n<ol>\n<li>Wej\u015b\u0107 na stron\u0119 do logowania: <a title=\"Przejd x do: Office.com\" href=\"https:\/\/www.office.com\">https:\/\/office.com<\/a><\/li>\n<li>Wprowadzi\u0107 login, kt\u00f3ry wyst\u0119puje w postaci:&nbsp;\n<ol>\n<li>studenci: identyfikator@student.pb.edu.pl<br \/>\nUwaga! W celu u\u0142atwienia komunikacji z kadr\u0105 dydaktyczn\u0105 do konta <span data-teams=\"true\">zosta\u0142 utworzony alias pocztowy: imi\u0119.nazwisko.numer_albumu@student.pb.edu.pl.<br \/>\n<\/span>Alias nie jest nazw\u0105 konta i nie s\u0142u\u017cy do logowania.&nbsp;<\/li>\n<li>s\u0142uchacze szko\u0142y doktorskiej\/doktoranci: imie.nazwisko@sd.pb.edu.pl,<\/li>\n<li>s\u0142uchacz studi\u00f3w podyplomowych: imi\u0119.nazwisko@podyplomowe.pb.edu.pl,<\/li>\n<li>kursant: imie.nazwisko@kursy.pb.edu.pl,<\/li>\n<li>ucze\u0144: imie.nazwisko@liceum.pb.edu.pl.<\/li>\n<\/ol>\n<\/li>\n<li>Wprowad\u017a has\u0142o startowe, kt\u00f3re zosta\u0142o przes\u0142ane na adres e-mail podany podczas procesu rekrutacji.<\/li>\n<li>Podaj dodatkow\u0105 metod\u0119 uwierzytelniania.&nbsp;UCI rekomenduje instalacj\u0119 oprogramowania <a title=\"Przejd\u017a do: Authenticator\" href=\"https:\/\/docs.uci.pb.edu.pl\/aplikacje\/authenticator.html?highlight=authenticator\">Authenticator<\/a>.<\/li>\n<\/ol>\n<p>&nbsp;<\/p>\n<div class=\"h3\">Instrukcja dla pracownik\u00f3w<\/div>\n<div>\n<p>Aby skorzysta\u0107 z us\u0142ug Microsoft Office365 nale\u017cy:<\/p>\n<ol>\n<li>Wej\u015b\u0107 na stron\u0119 do logowania: <a title=\"Przejd x do: Office.com\" href=\"https:\/\/www.office.com\">https:\/\/office.com.<\/a><\/li>\n<li>Wprowadzi\u0107 login, kt\u00f3ry wyst\u0119puje w postaci:&nbsp;\n<ol>\n<li>imie.nazwisko@st.pb.edu.pl<\/li>\n<li>i.nazwisko@st.pb.edu.pl<br \/>Uwaga! Prefiks jest to\u017csamy z tym posiadanym w us\u0142udze podstawowej poczty uczelnianej.<\/li>\n<\/ol>\n<\/li>\n<li>Wprowad\u017a has\u0142o startowe, kt\u00f3re zosta\u0142o przes\u0142ane na podstawowy, s\u0142u\u017cbowy adres e-mail.<\/li>\n<li>Podaj dodatkow\u0105 metod\u0119 uwierzytelniania.&nbsp;UCI rekomenduje instalacj\u0119 oprogramowania <a title=\"Przejd\u017a do: Authenticator\" href=\"https:\/\/docs.uci.pb.edu.pl\/aplikacje\/authenticator.html?highlight=authenticator\">Authenticator<\/a>.<\/li>\n<\/ol>\n<\/div>\n","protected":false},"excerpt":{"rendered":"<p>Instrukcja dla studenta\/doktoranta\/s\u0142uchacza studi\u00f3w podyplomowych\/kursanta\/ucznia Aby skorzysta\u0107 z us\u0142ug Microsoft Office365 nale\u017cy: Wej\u015b\u0107 na stron\u0119<\/p>\n","protected":false},"author":3,"featured_media":0,"parent":100,"menu_order":0,"comment_status":"closed","ping_status":"closed","template":"","meta":{"_acf_changed":false,"ngg_post_thumbnail":0,"footnotes":""},"class_list":["post-4150","page","type-page","status-publish","hentry"],"acf":[],"_links":{"self":[{"href":"https:\/\/pb.edu.pl\/uci\/wp-json\/wp\/v2\/pages\/4150","targetHints":{"allow":["GET"]}}],"collection":[{"href":"https:\/\/pb.edu.pl\/uci\/wp-json\/wp\/v2\/pages"}],"about":[{"href":"https:\/\/pb.edu.pl\/uci\/wp-json\/wp\/v2\/types\/page"}],"author":[{"embeddable":true,"href":"https:\/\/pb.edu.pl\/uci\/wp-json\/wp\/v2\/users\/3"}],"replies":[{"embeddable":true,"href":"https:\/\/pb.edu.pl\/uci\/wp-json\/wp\/v2\/comments?post=4150"}],"version-history":[{"count":0,"href":"https:\/\/pb.edu.pl\/uci\/wp-json\/wp\/v2\/pages\/4150\/revisions"}],"up":[{"embeddable":true,"href":"https:\/\/pb.edu.pl\/uci\/wp-json\/wp\/v2\/pages\/100"}],"wp:attachment":[{"href":"https:\/\/pb.edu.pl\/uci\/wp-json\/wp\/v2\/media?parent=4150"}],"curies":[{"name":"wp","href":"https:\/\/api.w.org\/{rel}","templated":true}]}}