{"id":4146,"date":"2024-11-20T01:04:27","date_gmt":"2024-11-20T00:04:27","guid":{"rendered":"https:\/\/pb.edu.pl\/uci\/?page_id=4146"},"modified":"2025-01-20T12:27:45","modified_gmt":"2025-01-20T11:27:45","slug":"resetowanie-hasla-w-office365","status":"publish","type":"page","link":"https:\/\/pb.edu.pl\/uci\/uslugi\/office-365\/resetowanie-hasla-w-office365\/","title":{"rendered":"Resetowanie has\u0142a w Office365"},"content":{"rendered":"<div class=\"h3\">Procedura resetu has\u0142a dla student\u00f3w\/s\u0142uchaczy szko\u0142y doktorskiej\/s\u0142uchaczy studi\u00f3w podyplomowych\/kursant\u00f3w<\/div>\n<div>&nbsp;<\/div>\n<div>\n<p>Studenci, s\u0142uchacze szko\u0142y doktorskiej, s\u0142uchacze studi\u00f3w podyplomowych oraz kursanci maj\u0105 mo\u017cliwo\u015b\u0107 wys\u0142ania pro\u015bby o reset has\u0142a poprzez system USOSweb.<\/p>\n<\/div>\n<div>\n<p>W tym celu nale\u017cy zalogowa\u0107 si\u0119 w systemie <a title=\"\" href=\"https:\/\/usosweb.pb.edu.pl\">USOSweb<\/a> i przej\u015b\u0107 do zak\u0142adki <strong>M\u00f3j USOSweb (1)<\/strong>, a nast\u0119pnie do informacji o Office365. Po wci\u015bni\u0119ciu przycisku <strong>Resetuj has\u0142o (2)<\/strong> do Uczelnianego Centrum Informatycznego zostanie przes\u0142ane zlecenie resetu.<\/p>\n<p><img loading=\"lazy\" decoding=\"async\" class=\"aligncenter wp-image-2055 size-full\" src=\"https:\/\/pb.edu.pl\/uci\/wp-content\/uploads\/sites\/17\/2021\/03\/Reset_hasla.png\" alt=\"Reset has\u0142a w Usosweb\" width=\"864\" height=\"685\" srcset=\"https:\/\/pb.edu.pl\/uci\/wp-content\/uploads\/sites\/17\/2021\/03\/Reset_hasla.png 864w, https:\/\/pb.edu.pl\/uci\/wp-content\/uploads\/sites\/17\/2021\/03\/Reset_hasla-300x238.png 300w, https:\/\/pb.edu.pl\/uci\/wp-content\/uploads\/sites\/17\/2021\/03\/Reset_hasla-768x609.png 768w\" sizes=\"auto, (max-width: 864px) 100vw, 864px\" \/><\/p>\n<p>&nbsp;<\/p>\n<p>Na prywatn\u0105 skrzynk\u0119 pocztow\u0105 podan\u0105 w systemie USOSweb zostan\u0105 wys\u0142ane nowe dane logowania.<\/p>\n<p>Opcja &#8222;RESETUJ HAS\u0141O&#8221; dost\u0119pna jest tylko dla aktywnych u\u017cytkownik\u00f3w, kt\u00f3rzy zostali wpisani na aktualny cykl dydaktyczny (czyli semestr letni lub zimowy).<br \/>\n&nbsp;<br \/>\n<strong>Has\u0142a resetowane s\u0105 w dni robocze (w godzinach 8:00 &#8211; 15:00).<\/strong><\/p>\n<p class=\"h4\">Uwaga! Zmiana has\u0142a w us\u0142udze Office365 powoduje zmian\u0119 has\u0142a r\u00f3wnie\u017c w eduroam.<\/p>\n<div>&nbsp;<\/div>\n<p>&nbsp;<\/p>\n<\/div>\n<div class=\"h3\">Procedura resetu has\u0142a dla pracownik\u00f3w<\/div>\n<div>Resetowanie hase\u0142 dla pracownik\u00f3w Uczelni odbywa si\u0119 poprzez system zg\u0142oszeniowy Helpdesk:&nbsp;<a title=\"Przejd\u017a do: System Helpdesk\" href=\"https:\/\/pb.edu.pl\/uci\/helpdesk-zglaszanie-problemow-z-obsluga-systemow\/\">https:\/\/pb.edu.pl\/uci\/helpdesk-zglaszanie-problemow-z-obsluga-systemow\/<\/a><\/div>\n<div>&nbsp;<\/div>\n<div>\n<div>\n<p><strong>Has\u0142a resetowane s\u0105 w dni robocze (w godzinach 8:00 &#8211; 15:00).<\/strong><\/p>\n<\/div>\n<\/div>\n<p>&nbsp;<\/p>\n<div class=\"h3\">Procedura resetu has\u0142a dla uczni\u00f3w ALO<\/div>\n<div>Resetowanie hase\u0142 dla uczni\u00f3w ALO odbywa si\u0119 poprzez system zg\u0142oszeniowy Helpdesk: <a title=\"Przejd\u017a do: System Helpdesk\" href=\"https:\/\/pb.edu.pl\/uci\/helpdesk-zglaszanie-problemow-z-obsluga-systemow\/\">https:\/\/pb.edu.pl\/uci\/helpdesk-zglaszanie-problemow-z-obsluga-systemow\/<\/a><\/div>\n<div>&nbsp;<\/div>\n<div>\n<div>\n<p><strong>Has\u0142a resetowane s\u0105 w dni robocze (w godzinach 8:00 &#8211; 15:00).<\/strong><\/p>\n<\/div>\n<p>&nbsp;<\/p>\n<\/div>\n","protected":false},"excerpt":{"rendered":"<p>Procedura resetu has\u0142a dla student\u00f3w\/s\u0142uchaczy szko\u0142y doktorskiej\/s\u0142uchaczy studi\u00f3w podyplomowych\/kursant\u00f3w &nbsp; Studenci, s\u0142uchacze szko\u0142y doktorskiej, s\u0142uchacze<\/p>\n","protected":false},"author":3,"featured_media":0,"parent":100,"menu_order":0,"comment_status":"closed","ping_status":"closed","template":"","meta":{"_acf_changed":false,"ngg_post_thumbnail":0,"footnotes":""},"class_list":["post-4146","page","type-page","status-publish","hentry"],"acf":[],"_links":{"self":[{"href":"https:\/\/pb.edu.pl\/uci\/wp-json\/wp\/v2\/pages\/4146","targetHints":{"allow":["GET"]}}],"collection":[{"href":"https:\/\/pb.edu.pl\/uci\/wp-json\/wp\/v2\/pages"}],"about":[{"href":"https:\/\/pb.edu.pl\/uci\/wp-json\/wp\/v2\/types\/page"}],"author":[{"embeddable":true,"href":"https:\/\/pb.edu.pl\/uci\/wp-json\/wp\/v2\/users\/3"}],"replies":[{"embeddable":true,"href":"https:\/\/pb.edu.pl\/uci\/wp-json\/wp\/v2\/comments?post=4146"}],"version-history":[{"count":0,"href":"https:\/\/pb.edu.pl\/uci\/wp-json\/wp\/v2\/pages\/4146\/revisions"}],"up":[{"embeddable":true,"href":"https:\/\/pb.edu.pl\/uci\/wp-json\/wp\/v2\/pages\/100"}],"wp:attachment":[{"href":"https:\/\/pb.edu.pl\/uci\/wp-json\/wp\/v2\/media?parent=4146"}],"curies":[{"name":"wp","href":"https:\/\/api.w.org\/{rel}","templated":true}]}}