{"id":4144,"date":"2024-11-20T00:56:38","date_gmt":"2024-11-19T23:56:38","guid":{"rendered":"https:\/\/pb.edu.pl\/uci\/?page_id=4144"},"modified":"2025-01-20T14:54:31","modified_gmt":"2025-01-20T13:54:31","slug":"poczta-w-office-365-i-inne-aplikacje","status":"publish","type":"page","link":"https:\/\/pb.edu.pl\/uci\/uslugi\/office-365\/poczta-w-office-365-i-inne-aplikacje\/","title":{"rendered":"Poczta w Office365 i inne aplikacje"},"content":{"rendered":"<p>Przypominamy, \u017ce spo\u0142eczno\u015b\u0107 akademicka Politechniki Bia\u0142ostockiej posiada elektroniczn\u0105 poczt\u0119 w us\u0142udze MS Office365.<\/p>\n<p>W celu rozpocz\u0119cia korzystania z pakietu MS Office, <strong>w tym z poczty elektronicznej<\/strong>, nale\u017cy zalogowa\u0107 si\u0119 do witryny <a title=\"\" href=\"https:\/\/www.office.com\">MS Office <\/a><strong>(1)<\/strong>.<\/p>\n<p>W lewym g\u00f3rnym rogu nale\u017cy wybra\u0107 opcj\u0119 \u201eUruchamianie aplikacji\u201d <strong>(2)<\/strong> a nast\u0119pnie \u201eOutlook\u201d <strong>(3)<\/strong>.<\/p>\n<p><a href=\"https:\/\/pb.edu.pl\/uci\/wp-content\/uploads\/sites\/17\/2022\/02\/2022_01_27_logowanie-do-poczty_900px.jpg\"><img decoding=\"async\" class=\"aligncenter wp-image-1462 size-full\" src=\"https:\/\/pb.edu.pl\/uci\/wp-content\/uploads\/sites\/17\/2022\/02\/2022_01_27_logowanie-do-poczty_900px.jpg\" alt=\"Poczta w Office\"><\/a><\/p>\n<p>Szczeg\u00f3\u0142owe informacje dot. poczty dost\u0119pne s\u0105 na stronie: <a title=\"Przejd\u017a do: Poczta w Office365\" href=\"https:\/\/docs.uci.pb.edu.pl\/o365\/pocztast.html\">Poczta Outlook &#8211; Docs UCI PB &#8211; dokumentacja<\/a><\/p>\n<p>&nbsp;<\/p>\n<p>Po zalogowaniu w us\u0142udze Office365 istnieje mo\u017cliwo\u015b\u0107 przej\u015bcia do pozosta\u0142ych aplikacji. Mowa tu m.in. o Teams, OneDrive, SharePoint itd.<\/p>\n","protected":false},"excerpt":{"rendered":"<p>Przypominamy, \u017ce spo\u0142eczno\u015b\u0107 akademicka Politechniki Bia\u0142ostockiej posiada elektroniczn\u0105 poczt\u0119 w us\u0142udze MS Office365. W celu<\/p>\n","protected":false},"author":3,"featured_media":0,"parent":100,"menu_order":0,"comment_status":"closed","ping_status":"closed","template":"","meta":{"_acf_changed":false,"ngg_post_thumbnail":0,"footnotes":""},"class_list":["post-4144","page","type-page","status-publish","hentry"],"acf":[],"_links":{"self":[{"href":"https:\/\/pb.edu.pl\/uci\/wp-json\/wp\/v2\/pages\/4144","targetHints":{"allow":["GET"]}}],"collection":[{"href":"https:\/\/pb.edu.pl\/uci\/wp-json\/wp\/v2\/pages"}],"about":[{"href":"https:\/\/pb.edu.pl\/uci\/wp-json\/wp\/v2\/types\/page"}],"author":[{"embeddable":true,"href":"https:\/\/pb.edu.pl\/uci\/wp-json\/wp\/v2\/users\/3"}],"replies":[{"embeddable":true,"href":"https:\/\/pb.edu.pl\/uci\/wp-json\/wp\/v2\/comments?post=4144"}],"version-history":[{"count":0,"href":"https:\/\/pb.edu.pl\/uci\/wp-json\/wp\/v2\/pages\/4144\/revisions"}],"up":[{"embeddable":true,"href":"https:\/\/pb.edu.pl\/uci\/wp-json\/wp\/v2\/pages\/100"}],"wp:attachment":[{"href":"https:\/\/pb.edu.pl\/uci\/wp-json\/wp\/v2\/media?parent=4144"}],"curies":[{"name":"wp","href":"https:\/\/api.w.org\/{rel}","templated":true}]}}