{"id":3977,"date":"2024-07-19T10:28:48","date_gmt":"2024-07-19T08:28:48","guid":{"rendered":"https:\/\/pb.edu.pl\/uci\/?page_id=3977"},"modified":"2026-01-28T13:55:55","modified_gmt":"2026-01-28T12:55:55","slug":"o-nas","status":"publish","type":"page","link":"https:\/\/pb.edu.pl\/uci\/o-nas\/","title":{"rendered":"O nas"},"content":{"rendered":"<div class=\"h2\"><a href=\"https:\/\/pb.edu.pl\/uci\/o-nas-w-etr\/\">Informacje o Uczelnianym Centrum Informatycznym w tek\u015bcie \u0142atwym do czytania \u2013 ETR<br \/>\n(EASY TO READ)<\/a><\/div>\n<p><img loading=\"lazy\" decoding=\"async\" class=\"alignleft wp-image-4017\" src=\"https:\/\/pb.edu.pl\/uci\/wp-content\/uploads\/sites\/17\/2024\/07\/Pracownicy_UCI-300x188.jpg\" alt=\"Pracownicy Uczelnianego Centrum Informatycznego\" width=\"401\" height=\"251\" srcset=\"https:\/\/pb.edu.pl\/uci\/wp-content\/uploads\/sites\/17\/2024\/07\/Pracownicy_UCI-300x188.jpg 300w, https:\/\/pb.edu.pl\/uci\/wp-content\/uploads\/sites\/17\/2024\/07\/Pracownicy_UCI-1024x640.jpg 1024w, https:\/\/pb.edu.pl\/uci\/wp-content\/uploads\/sites\/17\/2024\/07\/Pracownicy_UCI-768x480.jpg 768w, https:\/\/pb.edu.pl\/uci\/wp-content\/uploads\/sites\/17\/2024\/07\/Pracownicy_UCI-1536x960.jpg 1536w, https:\/\/pb.edu.pl\/uci\/wp-content\/uploads\/sites\/17\/2024\/07\/Pracownicy_UCI-2048x1280.jpg 2048w, https:\/\/pb.edu.pl\/uci\/wp-content\/uploads\/sites\/17\/2024\/07\/Pracownicy_UCI-480x300.jpg 480w\" sizes=\"auto, (max-width: 401px) 100vw, 401px\" \/><\/p>\n<div class=\"h4\"><strong>Uczelniane Centrum Informatyczne (UCI)<\/strong><\/div>\n<p>Jest og\u00f3lnouczelnian\u0105 jednostk\u0105 Politechniki Bia\u0142ostockiej, odpowiedzialn\u0105 za kompleksow\u0105 informatyzacj\u0119 uczelni. Nasz\u0105 misj\u0105 jest dostarczanie niezawodnych, nowoczesnych rozwi\u0105za\u0144 IT, kt\u00f3re wspieraj\u0105 procesy edukacyjne, badawcze i administracyjne.<\/p>\n<div class=\"h4\"><strong>Zakres dzia\u0142alno\u015bci<\/strong><\/div>\n<p>UCI wdra\u017ca i administruje systemami oraz oprogramowaniem IT, kt\u00f3re usprawniaj\u0105 procesy edukacyjne i zarz\u0105dcze. Zapewniamy wsparcie techniczne, rozw\u00f3j i utrzymanie system\u00f3w informatycznych umo\u017cliwiaj\u0105cych efektywne zarz\u0105dzanie uczelni\u0105. Inwestujemy w rozw\u00f3j naszych pracownik\u00f3w i student\u00f3w poprzez szkolenia wewn\u0119trzne i zewn\u0119trzne, organizowane przez naszych partner\u00f3w technologicznych. Dbamy r\u00f3wnie\u017c o bezpiecze\u0144stwo danych naszych u\u017cytkownik\u00f3w.<\/p>\n<div class=\"h4\">\n<p>&nbsp;<\/p>\n<p>Nasze g\u0142\u00f3wne zadania:<\/p>\n<\/div>\n<ul style=\"list-style-type: disc\">\n<li><strong>Opiniowanie i wdra\u017canie system\u00f3w informatycznych<\/strong> wspomagaj\u0105cych zarz\u0105dzanie uczelni\u0105 oraz proces dydaktyczny.<\/li>\n<li><strong>Tworzenie specyfikacji technicznych<\/strong>, udzia\u0142 w przetargach i pracach wdro\u017ceniowych.<\/li>\n<li><strong>Monitorowanie i analiza<\/strong> wykorzystania zasob\u00f3w IT w procesie dydaktycznym, ze szczeg\u00f3lnym uwzgl\u0119dnieniem zdalnego kszta\u0142cenia.<\/li>\n<li><strong>Zarz\u0105dzanie i administracja<\/strong> systemami informatycznymi, w tym systemami bibliotecznymi.<\/li>\n<li><strong>Obs\u0142uga informatyczna<\/strong> system\u00f3w elektronicznych legitymacji oraz podpisu elektronicznego.<\/li>\n<li><strong>Nadz\u00f3r nad systemem antyplagiatowym<\/strong> i transfer danych do zintegrowanych system\u00f3w informacji.<\/li>\n<li><strong>Wsp\u00f3\u0142praca z jednostkami uczelni<\/strong> w zakresie zabezpieczenia danych.<\/li>\n<li>Wprowadzanie informacji na strony <strong>Biuletynu Informacji Publicznej Politechniki Bia\u0142ostockiej<\/strong>.<\/li>\n<li><strong>Zarz\u0105dzanie sprz\u0119tem komputerowym, oprogramowaniem<\/strong> oraz zdalnym dost\u0119pem do baz danych Biblioteki.<\/li>\n<\/ul>\n<div class=\"h4\"><strong>Struktura<\/strong><\/div>\n<p><strong>UCI tworz\u0105 pracownicy jednostki centralnej oraz dw\u00f3ch sekcji<\/strong>: Sekcji ERP, Sekcji Obs\u0142ugi Studi\u00f3w i Sekcji System\u00f3w Bibliotecznych.<\/p>\n<ul style=\"list-style-type: disc\">\n<li><strong>Sekcja System\u00f3w Bibliotecznych<\/strong><br \/>\nSekcja zapewnia prawid\u0142owe funkcjonowanie i obs\u0142ug\u0119 system\u00f3w bibliotecznych, w szczeg\u00f3lno\u015bci zintegrowanego systemu bibliotecznego ALEPH oraz systemu OMEGA-PSIR. System ALEPH, wdro\u017cony w 1995 roku, automatyzuje wszystkie procesy biblioteczne, natomiast uruchomiona w 2016 roku wyszukiwarka naukowa Primo umo\u017cliwia przeszukiwanie wszystkich zasob\u00f3w biblioteki w jednym okienku, optymalizuj\u0105c proces wyszukiwania potrzebnych publikacji.<br \/>\nSekcja System\u00f3w Bibliotecznych UCI sprawuje nadz\u00f3r techniczny tak\u017ce nad Baz\u0105 Wiedzy PB. Uruchomiony w 2019 roku system, s\u0142u\u017cy do rejestracji i gromadzenia dorobku naukowego uczelni. Wi\u0119cej o jej zakresie mo\u017cna przeczyta\u0107 na <a href=\"https:\/\/bazawiedzy.pb.edu.pl\/about\/site.seam?affil=&amp;lang=pl\">dedykowanej stronie<\/a>.<\/li>\n<\/ul>\n<ul style=\"list-style-type: disc\">\n<li><strong>Sekcja ERP<\/strong><br \/>\nSekcja zajmuje si\u0119 obs\u0142ug\u0105 systemu Teta, wspieraj\u0105cego automatyzacj\u0119 proces\u00f3w kadrowo-p\u0142acowych oraz innych kluczowych proces\u00f3w zarz\u0105dczych w uczelni. W ramach systemu dzia\u0142a portal pracowniczy umo\u017cliwiaj\u0105cy elektroniczne pobieranie dokument\u00f3w PIT oraz pask\u00f3w wynagrodze\u0144.<\/li>\n<li><strong>Sekcja Obs\u0142ugi Studi\u00f3w<\/strong><br \/>\nSekcja odpowiada za obs\u0142ug\u0119 system\u00f3w informatycznych wspieraj\u0105cych procesy studenckie. Obs\u0142uguje systemy takie jak USOS (Uniwersytecki System Obs\u0142ugi Studi\u00f3w), USOSweb, APD (Archiwum Prac Dyplomowych), IRK (Internetowa Rekrutacja Kandydat\u00f3w), automatyzuj\u0105ce ewidencj\u0119 student\u00f3w, rozliczanie semestr\u00f3w, stypendia, planowanie zaj\u0119\u0107, proces dyplomowania i rekrutacji na studia. Zajmuje si\u0119 tak\u017ce migracj\u0105 danych do systemu POL-on oraz obs\u0142ug\u0105 certyfikat\u00f3w kwalifikowanych.&nbsp;<\/p>\n<p>&nbsp;<\/li>\n<\/ul>\n<div class=\"h4\"><strong>Status prawny<\/strong><\/div>\n<p>UCI zosta\u0142o powo\u0142ane <a href=\"https:\/\/bip.pb.edu.pl\/index.php?event=informacja&amp;id=10025\">Zarz\u0105dzeniem nr 80 Rektora Politechniki Bia\u0142ostockiej z dnia 12 grudnia 2008 roku<\/a>. Dzia\u0142a na podstawie <a href=\"https:\/\/bip.pb.edu.pl\/index.php?event=informacja&amp;id=21225\">Regulaminu organizacyjnego Politechniki Bia\u0142ostockiej<\/a>, b\u0119d\u0105cego za\u0142\u0105cznikiem do Zarz\u0105dzenia Nr 1010 Rektora Politechniki Bia\u0142ostockiej z dnia 1 pa\u017adziernika 2019 roku i jest jednostk\u0105 bezpo\u015brednio podleg\u0142\u0105 Rektorowi.<br \/>\nNa mocy <a href=\"https:\/\/bip.pb.edu.pl\/?event=informacja&amp;id=21064\">Zarz\u0105dzenia nr 7\/2024 Rektora Politechniki Bia\u0142ostockiej z dnia 25 stycznia 2024 roku<\/a>, w UCI funkcjonuj\u0105 trzy sekcje: Sekcja ERP, Sekcja Obs\u0142ugi Studi\u00f3w oraz Sekcja System\u00f3w Bibliotecznych.<\/p>\n<div class=\"h4\"><strong>Kontakt <\/strong><\/div>\n<p>Jeste\u015bmy dost\u0119pni przez <a href=\"https:\/\/pb.edu.pl\/uci\/helpdesk-zglaszanie-problemow-z-obsluga-systemow\/\">formularz Helpdesk<\/a>, telefon, e-mail oraz osobi\u015bcie w naszych biurach na kampusie.<\/p>\n<div class=\"h4\"><strong>Lokalizacja <\/strong><\/div>\n<ul style=\"list-style-type: disc\">\n<li><strong>Dzia\u0142 UCI, Sekcja ERP oraz Sekcja Obs\u0142ugi Studi\u00f3w<\/strong>: Budynek Rektoratu, cz\u0119\u015b\u0107 B, ul. Wiejska 45A, pokoje B01-B05.&nbsp;<\/li>\n<li><strong>Dzia\u0142 UCI oraz Sekcja System\u00f3w Bibliotecznych<\/strong>: Centrum Nowoczesnego Kszta\u0142cenia PB, ul. Zwierzyniecka 16, pokoje P-1\/09 &#8211; P-1\/10.<\/li>\n<li><a href=\"https:\/\/pb.edu.pl\/uczelnia\/mapa-kampusu\/miasteczko-akademickie-plan-przestrzenny\/\">Mapa kampusu.<\/a><\/li>\n<\/ul>\n<p>Chcesz nas znale\u017a\u0107, ale nie wiesz jak? Wypr\u00f3buj <a href=\"https:\/\/pb.edu.pl\/uci\/aplikacje\/aplikacja-zonifero-odnajdz-sie-na-pb\/\">aplikacj\u0119 Zonifero<\/a>, przewodnik po przestrzeni Politechniki Bia\u0142ostockiej, kt\u00f3ry wspiera student\u00f3w, pracownik\u00f3w i go\u015bci w codziennym funkcjonowaniu na uczelni.<\/p>\n","protected":false},"excerpt":{"rendered":"<p>Informacje o Uczelnianym Centrum Informatycznym w tek\u015bcie \u0142atwym do czytania \u2013 ETR (EASY TO READ)<\/p>\n","protected":false},"author":88,"featured_media":4017,"parent":0,"menu_order":0,"comment_status":"closed","ping_status":"closed","template":"","meta":{"_acf_changed":false,"ngg_post_thumbnail":0,"footnotes":""},"class_list":["post-3977","page","type-page","status-publish","has-post-thumbnail","hentry"],"acf":[],"_links":{"self":[{"href":"https:\/\/pb.edu.pl\/uci\/wp-json\/wp\/v2\/pages\/3977","targetHints":{"allow":["GET"]}}],"collection":[{"href":"https:\/\/pb.edu.pl\/uci\/wp-json\/wp\/v2\/pages"}],"about":[{"href":"https:\/\/pb.edu.pl\/uci\/wp-json\/wp\/v2\/types\/page"}],"author":[{"embeddable":true,"href":"https:\/\/pb.edu.pl\/uci\/wp-json\/wp\/v2\/users\/88"}],"replies":[{"embeddable":true,"href":"https:\/\/pb.edu.pl\/uci\/wp-json\/wp\/v2\/comments?post=3977"}],"version-history":[{"count":22,"href":"https:\/\/pb.edu.pl\/uci\/wp-json\/wp\/v2\/pages\/3977\/revisions"}],"predecessor-version":[{"id":5440,"href":"https:\/\/pb.edu.pl\/uci\/wp-json\/wp\/v2\/pages\/3977\/revisions\/5440"}],"wp:featuredmedia":[{"embeddable":true,"href":"https:\/\/pb.edu.pl\/uci\/wp-json\/wp\/v2\/media\/4017"}],"wp:attachment":[{"href":"https:\/\/pb.edu.pl\/uci\/wp-json\/wp\/v2\/media?parent=3977"}],"curies":[{"name":"wp","href":"https:\/\/api.w.org\/{rel}","templated":true}]}}