{"id":366,"date":"2019-04-26T14:31:34","date_gmt":"2019-04-26T12:31:34","guid":{"rendered":"https:\/\/pb.edu.pl\/uci\/?page_id=366"},"modified":"2025-01-27T10:57:19","modified_gmt":"2025-01-27T09:57:19","slug":"ankiety-w-usosweb","status":"publish","type":"page","link":"https:\/\/pb.edu.pl\/uci\/zasoby-informatyczne\/system-usosweb\/o-systemie-usosweb\/ankiety-w-usosweb\/","title":{"rendered":"Ankiety w USOSweb"},"content":{"rendered":"<p>Ankiety znajduj\u0105 si\u0119 w module s\u0142u\u017c\u0105cym do przeprowadzania ankiet dost\u0119pnym na stronie&nbsp;<a href=\"https:\/\/usosweb.pb.edu.pl\">usosweb.pb.edu.pl.<\/a>&nbsp;Zaloguj si\u0119 do systemu u\u017cywaj\u0105c przycisku logowania, kt\u00f3ry znajduje si\u0119 w prawym g\u00f3rnym rogu strony.<\/p>\n<div class=\"h4\">Pami\u0119taj! Ankiety s\u0105 w pe\u0142ni anonimowe.<\/div>\n<p><a href=\"https:\/\/pb.edu.pl\/uci\/wp-content\/uploads\/sites\/17\/2019\/04\/1usos-1.png\"><img loading=\"lazy\" decoding=\"async\" class=\"aligncenter wp-image-386\" src=\"https:\/\/pb.edu.pl\/uci\/wp-content\/uploads\/sites\/17\/2019\/04\/1usos-1-300x233.png\" alt=\"okno systemu usosweb - widok  przycisku logowania, kt\u00f3ry znajduje si\u0119 w prawym g\u00f3rnym rogu strony\" width=\"600\" height=\"465\" srcset=\"https:\/\/pb.edu.pl\/uci\/wp-content\/uploads\/sites\/17\/2019\/04\/1usos-1-300x233.png 300w, https:\/\/pb.edu.pl\/uci\/wp-content\/uploads\/sites\/17\/2019\/04\/1usos-1-768x596.png 768w, https:\/\/pb.edu.pl\/uci\/wp-content\/uploads\/sites\/17\/2019\/04\/1usos-1-1024x794.png 1024w, https:\/\/pb.edu.pl\/uci\/wp-content\/uploads\/sites\/17\/2019\/04\/1usos-1.png 1306w\" sizes=\"auto, (max-width: 600px) 100vw, 600px\" \/><\/a><\/p>\n<p>&nbsp;<br \/>\nZostaniesz przekierowany do Centralnego Systemu Uwierzytelniania. W odpowiednie miejsca wpisz dane do logowania.<br \/>\n&nbsp;<br \/>\n<a href=\"https:\/\/pb.edu.pl\/uci\/wp-content\/uploads\/sites\/17\/2019\/04\/2usos.png\"><img loading=\"lazy\" decoding=\"async\" class=\"aligncenter wp-image-369\" src=\"https:\/\/pb.edu.pl\/uci\/wp-content\/uploads\/sites\/17\/2019\/04\/2usos-300x232.png\" alt=\"widok Centralnego Systemu Uwierzytelniania\" width=\"600\" height=\"463\" srcset=\"https:\/\/pb.edu.pl\/uci\/wp-content\/uploads\/sites\/17\/2019\/04\/2usos-300x232.png 300w, https:\/\/pb.edu.pl\/uci\/wp-content\/uploads\/sites\/17\/2019\/04\/2usos-768x593.png 768w, https:\/\/pb.edu.pl\/uci\/wp-content\/uploads\/sites\/17\/2019\/04\/2usos-1024x791.png 1024w, https:\/\/pb.edu.pl\/uci\/wp-content\/uploads\/sites\/17\/2019\/04\/2usos.png 1308w\" sizes=\"auto, (max-width: 600px) 100vw, 600px\" \/><\/a><br \/>\n&nbsp;<br \/>\nPrzejd\u017a do Ankiet<br \/>\n&nbsp;<br \/>\n<a href=\"https:\/\/pb.edu.pl\/uci\/wp-content\/uploads\/sites\/17\/2019\/04\/ankiety-1.png\"><img loading=\"lazy\" decoding=\"async\" class=\"aligncenter wp-image-384\" src=\"https:\/\/pb.edu.pl\/uci\/wp-content\/uploads\/sites\/17\/2019\/04\/ankiety-1-300x232.png\" alt=\"Widok panelu USOSweb\" width=\"600\" height=\"465\" srcset=\"https:\/\/pb.edu.pl\/uci\/wp-content\/uploads\/sites\/17\/2019\/04\/ankiety-1-300x232.png 300w, https:\/\/pb.edu.pl\/uci\/wp-content\/uploads\/sites\/17\/2019\/04\/ankiety-1-768x595.png 768w, https:\/\/pb.edu.pl\/uci\/wp-content\/uploads\/sites\/17\/2019\/04\/ankiety-1-1024x793.png 1024w, https:\/\/pb.edu.pl\/uci\/wp-content\/uploads\/sites\/17\/2019\/04\/ankiety-1.png 1307w\" sizes=\"auto, (max-width: 600px) 100vw, 600px\" \/><\/a><br \/>\n&nbsp;<br \/>\nWy\u015bwietlona zostanie lista przedmiot\u00f3w do kt\u00f3rych mo\u017cna wype\u0142ni\u0107 ankiet\u0119. Aby rozpocz\u0105\u0107 wype\u0142nianie nale\u017cy przy ka\u017cdym przedmiocie wybra\u0107 ocen\u0119 i ewentualnie dopisa\u0107 uwagi. Aby zako\u0144czy\u0107 wype\u0142nianie ankiety wci\u015bnij \u201eZapisz\u201d.<br \/>\n&nbsp;<br \/>\n<a href=\"https:\/\/pb.edu.pl\/uci\/wp-content\/uploads\/sites\/17\/2019\/04\/1ankiety-1.png\"><img loading=\"lazy\" decoding=\"async\" class=\"aligncenter wp-image-387\" src=\"https:\/\/pb.edu.pl\/uci\/wp-content\/uploads\/sites\/17\/2019\/04\/1ankiety-1-300x232.png\" alt=\"Widok ankiet kt\u00f3re mo\u017cna uzupe\u0142ni\u0107\" width=\"600\" height=\"464\" srcset=\"https:\/\/pb.edu.pl\/uci\/wp-content\/uploads\/sites\/17\/2019\/04\/1ankiety-1-300x232.png 300w, https:\/\/pb.edu.pl\/uci\/wp-content\/uploads\/sites\/17\/2019\/04\/1ankiety-1-768x594.png 768w, https:\/\/pb.edu.pl\/uci\/wp-content\/uploads\/sites\/17\/2019\/04\/1ankiety-1-1024x792.png 1024w, https:\/\/pb.edu.pl\/uci\/wp-content\/uploads\/sites\/17\/2019\/04\/1ankiety-1.png 1308w\" sizes=\"auto, (max-width: 600px) 100vw, 600px\" \/><\/a><br \/>\n&nbsp;<br \/>\nJe\u017celi wszystkie ankiety zosta\u0142y wype\u0142nione poprawnie, Twoja lista ankiet powinna by\u0107 pusta.&nbsp;<\/p>\n<p>Po zako\u0144czonym procesie wype\u0142niania ankiet, mo\u017cesz zapozna\u0107 si\u0119 z ich wynikami. Znajdziesz je w zak\u0142adce &#8222;Wyniki ankiet&#8221;.<br \/>\n&nbsp;<br \/>\n<a href=\"https:\/\/pb.edu.pl\/uci\/wp-content\/uploads\/sites\/17\/2019\/04\/wyniki_ankiet.png\"><img loading=\"lazy\" decoding=\"async\" class=\"aligncenter wp-image-380\" src=\"https:\/\/pb.edu.pl\/uci\/wp-content\/uploads\/sites\/17\/2019\/04\/wyniki_ankiet-300x232.png\" alt=\"widok panelu wyniki ankiet\" width=\"600\" height=\"464\" srcset=\"https:\/\/pb.edu.pl\/uci\/wp-content\/uploads\/sites\/17\/2019\/04\/wyniki_ankiet-300x232.png 300w, https:\/\/pb.edu.pl\/uci\/wp-content\/uploads\/sites\/17\/2019\/04\/wyniki_ankiet-768x593.png 768w, https:\/\/pb.edu.pl\/uci\/wp-content\/uploads\/sites\/17\/2019\/04\/wyniki_ankiet-1024x791.png 1024w, https:\/\/pb.edu.pl\/uci\/wp-content\/uploads\/sites\/17\/2019\/04\/wyniki_ankiet.png 1307w\" sizes=\"auto, (max-width: 600px) 100vw, 600px\" \/><\/a><\/p>\n<p>&nbsp;<\/p>\n","protected":false},"excerpt":{"rendered":"<p>Ankiety znajduj\u0105 si\u0119 w module s\u0142u\u017c\u0105cym do przeprowadzania ankiet dost\u0119pnym na stronie&nbsp;usosweb.pb.edu.pl.&nbsp;Zaloguj si\u0119 do systemu<\/p>\n","protected":false},"author":3,"featured_media":0,"parent":45,"menu_order":4,"comment_status":"closed","ping_status":"closed","template":"","meta":{"_acf_changed":false,"ngg_post_thumbnail":0,"footnotes":""},"class_list":["post-366","page","type-page","status-publish","hentry"],"acf":[],"_links":{"self":[{"href":"https:\/\/pb.edu.pl\/uci\/wp-json\/wp\/v2\/pages\/366","targetHints":{"allow":["GET"]}}],"collection":[{"href":"https:\/\/pb.edu.pl\/uci\/wp-json\/wp\/v2\/pages"}],"about":[{"href":"https:\/\/pb.edu.pl\/uci\/wp-json\/wp\/v2\/types\/page"}],"author":[{"embeddable":true,"href":"https:\/\/pb.edu.pl\/uci\/wp-json\/wp\/v2\/users\/3"}],"replies":[{"embeddable":true,"href":"https:\/\/pb.edu.pl\/uci\/wp-json\/wp\/v2\/comments?post=366"}],"version-history":[{"count":0,"href":"https:\/\/pb.edu.pl\/uci\/wp-json\/wp\/v2\/pages\/366\/revisions"}],"up":[{"embeddable":true,"href":"https:\/\/pb.edu.pl\/uci\/wp-json\/wp\/v2\/pages\/45"}],"wp:attachment":[{"href":"https:\/\/pb.edu.pl\/uci\/wp-json\/wp\/v2\/media?parent=366"}],"curies":[{"name":"wp","href":"https:\/\/api.w.org\/{rel}","templated":true}]}}