{"id":34,"date":"2018-05-22T20:45:03","date_gmt":"2018-05-22T18:45:03","guid":{"rendered":"https:\/\/pb.edu.pl\/uci\/?page_id=34"},"modified":"2025-09-03T09:26:51","modified_gmt":"2025-09-03T07:26:51","slug":"aktualizacje-usos","status":"publish","type":"page","link":"https:\/\/pb.edu.pl\/uci\/zasoby-informatyczne\/system-usos\/aktualizacje-usos\/","title":{"rendered":"Aktualizacje USOS"},"content":{"rendered":"<div class=\"h2\">Pliki do pobrania dost\u0119pne <a title=\"Przejd\u017a do: Aktualizacje USOS\" href=\"https:\/\/pbial-my.sharepoint.com\/:f:\/r\/personal\/uci_pbial_onmicrosoft_com\/Documents\/Pliki%20UCI\/Aktualizacje%20USOS?csf=1&amp;web=1&amp;e=fxEJzq\" target=\"_blank\" rel=\"noopener\">tutaj.<\/a><br \/>\n<span style=\"font-size: 12pt\">Uwaga: Pliki s\u0105 dost\u0119pne po zalogowaniu danymi do Office365.<\/span><\/div>\n","protected":false},"excerpt":{"rendered":"<p>Pliki do pobrania dost\u0119pne tutaj. Uwaga: Pliki s\u0105 dost\u0119pne po zalogowaniu danymi do Office365.<\/p>\n","protected":false},"author":2,"featured_media":0,"parent":30,"menu_order":2,"comment_status":"closed","ping_status":"closed","template":"","meta":{"_acf_changed":false,"ngg_post_thumbnail":0,"footnotes":""},"class_list":["post-34","page","type-page","status-publish","hentry"],"acf":[],"_links":{"self":[{"href":"https:\/\/pb.edu.pl\/uci\/wp-json\/wp\/v2\/pages\/34","targetHints":{"allow":["GET"]}}],"collection":[{"href":"https:\/\/pb.edu.pl\/uci\/wp-json\/wp\/v2\/pages"}],"about":[{"href":"https:\/\/pb.edu.pl\/uci\/wp-json\/wp\/v2\/types\/page"}],"author":[{"embeddable":true,"href":"https:\/\/pb.edu.pl\/uci\/wp-json\/wp\/v2\/users\/2"}],"replies":[{"embeddable":true,"href":"https:\/\/pb.edu.pl\/uci\/wp-json\/wp\/v2\/comments?post=34"}],"version-history":[{"count":0,"href":"https:\/\/pb.edu.pl\/uci\/wp-json\/wp\/v2\/pages\/34\/revisions"}],"up":[{"embeddable":true,"href":"https:\/\/pb.edu.pl\/uci\/wp-json\/wp\/v2\/pages\/30"}],"wp:attachment":[{"href":"https:\/\/pb.edu.pl\/uci\/wp-json\/wp\/v2\/media?parent=34"}],"curies":[{"name":"wp","href":"https:\/\/api.w.org\/{rel}","templated":true}]}}