{"id":3171,"date":"2023-12-13T13:21:58","date_gmt":"2023-12-13T12:21:58","guid":{"rendered":"https:\/\/pb.edu.pl\/uci\/?page_id=3171"},"modified":"2023-12-14T10:59:42","modified_gmt":"2023-12-14T09:59:42","slug":"aplikacja-zonifero-odnajdz-sie-na-pb","status":"publish","type":"page","link":"https:\/\/pb.edu.pl\/uci\/aplikacje\/aplikacja-zonifero-odnajdz-sie-na-pb\/","title":{"rendered":"Aplikacja Zonifero"},"content":{"rendered":"<div class=\"h3\">Zonifero &#8211; Tw\u00f3j Przewodnik Po Przestrzeni Politechniki Bia\u0142ostockiej!<\/div>\n<p>Szukasz laboratorium, sali wyk\u0142adowej na wydziale czy najbli\u017cszego punktu ksero? Zainstaluj aplikacj\u0119 Zonifero na swoim telefonie i \u0142atwo odnajd\u017a si\u0119 w przestrzeniach uczelni.<\/p>\n<p>Z jedn\u0105 z kluczowych funkcji aplikacji Zonifero jest wirtualna mapa uczelni, u\u0142atwiaj\u0105ca lokalizacj\u0119 sal wyk\u0142adowych czy laboratori\u00f3w. Czy zdarzy\u0142o Ci si\u0119 kiedy\u015b sp\u00f3\u017ani\u0107 na zaj\u0119cia z powodu trudno\u015bci w odnalezieniu sali? Z Zonifero to ju\u017c przesz\u0142o\u015b\u0107. Aplikacja umo\u017cliwia sprawn\u0105 nawigacj\u0119 mi\u0119dzy salami, pracowniami, a tak\u017ce r\u00f3\u017cnymi wydzia\u0142ami.<\/p>\n<p>Dzi\u0119ki wirtualnej mapie szybko znajdziesz kluczowe miejsca dla studenta, takie jak dziekanat, biuro karier, gabinet wyk\u0142adowcy czy bufet. Ponadto modu\u0142 FAQ pozwoli Ci dowiedzie\u0107 si\u0119, gdzie zg\u0142osi\u0107 si\u0119 z konkretnymi dokumentami, odebra\u0107 legitymacj\u0119 czy indeks.<\/p>\n<p>Aplikacja dost\u0119pna jest zar\u00f3wno na urz\u0105dzenia z systemem <a href=\"https:\/\/play.google.com\/store\/apps\/details?id=com.softwarehut.officeapp.softwarehut&amp;hl=pl\">Android<\/a>, jak i <a href=\"https:\/\/itunes.apple.com\/pl\/app\/zonifero\/id1189756256?l=pl&amp;mt=8\">iOS<\/a>.<\/p>\n<p>Alternatywnie, skorzystaj z poni\u017cszego kodu QR, kt\u00f3ry bezpo\u015brednio przeniesie Ci\u0119 do strony, gdzie mo\u017cesz pobra\u0107 aplikacj\u0119.<\/p>\n<p><img loading=\"lazy\" decoding=\"async\" class=\"alignnone size-full wp-image-3172\" src=\"https:\/\/pb.edu.pl\/uci\/wp-content\/uploads\/sites\/17\/2023\/12\/qr-zonifero.png\" alt=\"Kod QR Zonifero\" width=\"200\" height=\"200\" srcset=\"https:\/\/pb.edu.pl\/uci\/wp-content\/uploads\/sites\/17\/2023\/12\/qr-zonifero.png 200w, https:\/\/pb.edu.pl\/uci\/wp-content\/uploads\/sites\/17\/2023\/12\/qr-zonifero-150x150.png 150w\" sizes=\"auto, (max-width: 200px) 100vw, 200px\" \/><\/p>\n<p>&nbsp;<\/p>\n<p><strong>Instrukcja:<\/strong><\/p>\n<p>Instrukcja instalacji i obs\u0142ugi krok po kroku znajduje si\u0119 na stronie: <a title=\"\" href=\"https:\/\/docs.uci.pb.edu.pl\/aplikacje\/zonifero.html\">Zonifero &#8211; instrukcja i obs\u0142uga krok po kroku<\/a><\/p>\n<p><strong>Helpdesk<\/strong>:<\/p>\n<p>Wszelkie sugestie dotycz\u0105ce aktualizacji map prosimy zg\u0142asza\u0107, korzystaj\u0105c z formularza <a title=\"\" href=\"https:\/\/pb.edu.pl\/uci\/helpdesk-zglaszanie-problemow-z-obsluga-systemow\/\">Helpdesk<\/a>, natomiast wszelkie uwagi dotycz\u0105ce aplikacji i jej funkcjonalno\u015bci prosimy kierowa\u0107 na adres: support@zonifero.com lub pisemnie na adres SoftwareHut sp z o.o., ul. Sienkiewicza 110, 15-005 Bia\u0142ystok.<\/p>\n","protected":false},"excerpt":{"rendered":"<p>Zonifero &#8211; Tw\u00f3j Przewodnik Po Przestrzeni Politechniki Bia\u0142ostockiej! Szukasz laboratorium, sali wyk\u0142adowej na wydziale czy<\/p>\n","protected":false},"author":88,"featured_media":0,"parent":3175,"menu_order":0,"comment_status":"closed","ping_status":"closed","template":"","meta":{"_acf_changed":false,"ngg_post_thumbnail":0,"footnotes":""},"class_list":["post-3171","page","type-page","status-publish","hentry"],"acf":[],"_links":{"self":[{"href":"https:\/\/pb.edu.pl\/uci\/wp-json\/wp\/v2\/pages\/3171","targetHints":{"allow":["GET"]}}],"collection":[{"href":"https:\/\/pb.edu.pl\/uci\/wp-json\/wp\/v2\/pages"}],"about":[{"href":"https:\/\/pb.edu.pl\/uci\/wp-json\/wp\/v2\/types\/page"}],"author":[{"embeddable":true,"href":"https:\/\/pb.edu.pl\/uci\/wp-json\/wp\/v2\/users\/88"}],"replies":[{"embeddable":true,"href":"https:\/\/pb.edu.pl\/uci\/wp-json\/wp\/v2\/comments?post=3171"}],"version-history":[{"count":0,"href":"https:\/\/pb.edu.pl\/uci\/wp-json\/wp\/v2\/pages\/3171\/revisions"}],"up":[{"embeddable":true,"href":"https:\/\/pb.edu.pl\/uci\/wp-json\/wp\/v2\/pages\/3175"}],"wp:attachment":[{"href":"https:\/\/pb.edu.pl\/uci\/wp-json\/wp\/v2\/media?parent=3171"}],"curies":[{"name":"wp","href":"https:\/\/api.w.org\/{rel}","templated":true}]}}