{"id":3112,"date":"2023-11-16T13:32:17","date_gmt":"2023-11-16T12:32:17","guid":{"rendered":"https:\/\/pb.edu.pl\/uci\/?page_id=3112"},"modified":"2023-11-16T13:46:37","modified_gmt":"2023-11-16T12:46:37","slug":"cype","status":"publish","type":"page","link":"https:\/\/pb.edu.pl\/uci\/oprogramowanie\/cype\/","title":{"rendered":"CYPE"},"content":{"rendered":"<p>Zgodnie z podpisan\u0105 umow\u0105 na bie\u017c\u0105cy rok akademicki, studenci oraz kadra dydaktyczna Politechniki Bia\u0142ostockiej otrzymuj\u0105 bezp\u0142atny dost\u0119p do wersji Campus wszystkich program\u00f3w CYPE.<\/p>\n<p>To doskona\u0142a okazja do wykorzystania tych zaawansowanych narz\u0119dzi podczas zaj\u0119\u0107 zwi\u0105zanych z architektur\u0105, in\u017cynieri\u0105 i budownictwem, za po\u015brednictwem dowolnego po\u0142\u0105czenia internetowego. Wszystko, co nale\u017cy zrobi\u0107, to pobra\u0107 pe\u0142n\u0105 wersj\u0119 oprogramowania <a href=\"http:\/\/downloads.en.cype.com\/\">ze strony CYP<\/a>E i zainstalowa\u0107 wersj\u0119 Campus na swoim komputerze. Alternatywnie, dost\u0119pne jest r\u00f3wnie\u017c pobranie oprogramowania ze strony <a href=\"https:\/\/store.bimserver.center\/pl\/\">Bimserver.center.<\/a><\/p>\n<p>Aby otrzyma\u0107 indywidualn\u0105 licencj\u0119 elektroniczn\u0105, prosimy o rejestracj\u0119 poprzez formularz dost\u0119pny na stronie <a href=\"https:\/\/www.cype.edu.es\/campus\/?centro=pb.edu.Poland\">CYPE.edu<\/a>. Zweryfikowane s\u0105 nast\u0119puj\u0105ce domeny e-mail:<\/p>\n<ul>\n<li>@pb.edu.pl,<\/li>\n<li>@st.pb.edu.pl,<\/li>\n<li>@sd.pb.edu.pl,<\/li>\n<li>@student.pb.edu.pl.<\/li>\n<\/ul>\n<p>Po zako\u0144czeniu rejestracji ka\u017cdy z u\u017cytkownik\u00f3w otrzyma kod dost\u0119pu w ci\u0105gu oko\u0142o 24-72 godzin. Nale\u017cy pami\u0119ta\u0107 o jednorazowej rejestracji, aby przyspieszy\u0107 proces.<\/p>\n<p>W razie jakichkolwiek pyta\u0144, czy potrzeby pomocy technicznej ze strony CYPE prosimy o kontakt pod adresem support.edu.en@cype.com, korzystaj\u0105c z instytucjonalnego adresu e-mail u\u017cytego podczas rejestracji.<\/p>\n<p>Oprogramowanie CYPE jest zarz\u0105dzane przez <a title=\"\" href=\"https:\/\/pb.edu.pl\/uci\/pracownicy\/\">Uczelniane Centrum Informatyczne<\/a>, a jego obs\u0142ug\u0105 zajmuje si\u0119 Tomasz Juszczuk<\/p>\n<i class=\"fa fa-phone\" aria-hidden=\"true\"><\/i> 85 746 9126, <i class=\"fa fa-envelope-o\" aria-hidden=\"true\"><\/i> <a href=\"#\" rel=\"nofollow\"  onclick=\"this.href='mailto:' + 't.juszczuk' + '@' + 'pb.edu.pl'\">t.juszczuk [at] pb.edu.pl<\/a>\n<p>&nbsp;<\/p>\n<p>Zach\u0119camy do korzystania z nowych mo\u017cliwo\u015bci, jakie niesie za sob\u0105 dost\u0119p do program\u00f3w CYPE.<\/p>\n","protected":false},"excerpt":{"rendered":"<p>Zgodnie z podpisan\u0105 umow\u0105 na bie\u017c\u0105cy rok akademicki, studenci oraz kadra dydaktyczna Politechniki Bia\u0142ostockiej otrzymuj\u0105<\/p>\n","protected":false},"author":88,"featured_media":0,"parent":63,"menu_order":0,"comment_status":"closed","ping_status":"closed","template":"","meta":{"_acf_changed":false,"ngg_post_thumbnail":0,"footnotes":""},"class_list":["post-3112","page","type-page","status-publish","hentry"],"acf":[],"_links":{"self":[{"href":"https:\/\/pb.edu.pl\/uci\/wp-json\/wp\/v2\/pages\/3112","targetHints":{"allow":["GET"]}}],"collection":[{"href":"https:\/\/pb.edu.pl\/uci\/wp-json\/wp\/v2\/pages"}],"about":[{"href":"https:\/\/pb.edu.pl\/uci\/wp-json\/wp\/v2\/types\/page"}],"author":[{"embeddable":true,"href":"https:\/\/pb.edu.pl\/uci\/wp-json\/wp\/v2\/users\/88"}],"replies":[{"embeddable":true,"href":"https:\/\/pb.edu.pl\/uci\/wp-json\/wp\/v2\/comments?post=3112"}],"version-history":[{"count":0,"href":"https:\/\/pb.edu.pl\/uci\/wp-json\/wp\/v2\/pages\/3112\/revisions"}],"up":[{"embeddable":true,"href":"https:\/\/pb.edu.pl\/uci\/wp-json\/wp\/v2\/pages\/63"}],"wp:attachment":[{"href":"https:\/\/pb.edu.pl\/uci\/wp-json\/wp\/v2\/media?parent=3112"}],"curies":[{"name":"wp","href":"https:\/\/api.w.org\/{rel}","templated":true}]}}