{"id":2941,"date":"2023-05-31T12:36:31","date_gmt":"2023-05-31T10:36:31","guid":{"rendered":"https:\/\/pb.edu.pl\/uci\/?page_id=2941"},"modified":"2025-06-12T11:59:31","modified_gmt":"2025-06-12T09:59:31","slug":"ansys","status":"publish","type":"page","link":"https:\/\/pb.edu.pl\/uci\/oprogramowanie\/ansys\/","title":{"rendered":"ANSYS"},"content":{"rendered":"<div class=\"h3\">\n<p><img loading=\"lazy\" decoding=\"async\" class=\"size-medium wp-image-954 alignleft\" src=\"https:\/\/pb.edu.pl\/uci\/wp-content\/uploads\/sites\/17\/2021\/09\/ansys-logo-yellow-skew-black-text-300x97.jpg\" alt=\"Logo Ansys\" width=\"300\" height=\"97\" srcset=\"https:\/\/pb.edu.pl\/uci\/wp-content\/uploads\/sites\/17\/2021\/09\/ansys-logo-yellow-skew-black-text-300x97.jpg 300w, https:\/\/pb.edu.pl\/uci\/wp-content\/uploads\/sites\/17\/2021\/09\/ansys-logo-yellow-skew-black-text-768x248.jpg 768w, https:\/\/pb.edu.pl\/uci\/wp-content\/uploads\/sites\/17\/2021\/09\/ansys-logo-yellow-skew-black-text.jpg 792w\" sizes=\"auto, (max-width: 300px) 100vw, 300px\" \/>1 wrze\u015bnia 2021 r. Uczelniane Centrum Informatyczne przej\u0119\u0142o zarz\u0105dzanie serwerem licencji ANSYS.<br \/>\n<a href=\"https:\/\/docs.uci.pb.edu.pl\/licencje\/ansysinstalacja.html\"> Instrukcje instalacji Ansys<\/a> dost\u0119pne s\u0105 na stronie Dokumentacji UCI PB. Mo\u017cna do niej przej\u015b\u0107 z g\u0142\u00f3wnej strony UCI poprzez zak\u0142adk\u0119 \u201e<a title=\"\" href=\"https:\/\/pb.edu.pl\/uci\/\">E-instrukcje do system\u00f3w<\/a>\u201d.<\/p>\n<\/div>\n<p>Obecna licencja Ansys Academic Multiphisics Campus Solutions to pakiet wszystkich dost\u0119pnych modu\u0142\u00f3w ANSYS, z kt\u00f3rych mog\u0105 korzysta\u0107 pracownicy, doktoranci i studenci uczelni do cel\u00f3w badawczych i dydaktycznych. Roczny, bezp\u0142atny dost\u0119p do licencji kampusowej obejmuje 25 stanowisk naukowych oraz 250 stanowisk dydaktycznych.<\/p>\n<p>Licencje w ANSYS Academic Campus 25\/250 obejmuj\u0105 mi\u0119dzyinnymi:<\/p>\n<ul>\n<li>25 * ANSYS Academic Research Mechanical and CFD<\/li>\n<li>25 * ANSYS Academic Research HF<\/li>\n<li>25 * ANSYS Academic Research EM<\/li>\n<li>25 * ANSYS Academic Research Redhawk NX<\/li>\n<li>25 * ANSYS Academic Research PowerArtist XP<\/li>\n<li>250 * ANSYS Academic Teaching Mechanical &amp; CFD<\/li>\n<li>250 * ANSYS Academic Teaching HF<\/li>\n<li>250 * ANSYS Academic Teaching EM<\/li>\n<li>250 * ANSYS Academic Teaching Redhawk SD<\/li>\n<li>250 * ANSYS Academic Teaching PowerArtist PT<\/li>\n<li>128 * ANSYS Academic Research HPC<\/li>\n<\/ul>\n<p>Powy\u017csze licencje s\u0105 od siebie niezale\u017cne, czyli u\u017cytkownicy mog\u0105 r\u00f3wnolegle z nich korzysta\u0107. S\u0105 one uzupe\u0142nieniem wcze\u015bniej uruchomionej licencji ANSYS Academic Multiphysics Campus Solution (10\/100).<\/p>\n<p>&nbsp;<\/p>\n<p><span class=\"ui-provider bta btb c d e f g h i j k l m n o p q r s t btc btd w x y z ab ac ae af ag ah ai aj ak\" dir=\"ltr\">ANSYS stale integruje nowo zakupione technologie jak np. RockyDEM<\/span>, dlatego tabele mog\u0105 by\u0107 nieaktualne.<\/p>\n<p><a class=\"pdf\" href=\"https:\/\/pb.edu.pl\/uci\/wp-content\/uploads\/sites\/17\/2023\/05\/Ansys-Multiphysics-Campus-Solution-Brochure_v1.0.pdf\" target=\"_blank\" rel=\"noopener\" data-id=\"2945\">Ansys Multiphysics Campus Solution Brochure_v1.0 (PDF, 75 KB, otworzy si\u0119 w nowej karcie)<\/a><\/p>\n<p><a class=\"pdf\" href=\"https:\/\/pb.edu.pl\/uci\/wp-content\/uploads\/sites\/17\/2023\/05\/Academic.product.bundle.reference.table_.4.11.23.pdf\" target=\"_blank\" rel=\"noopener\" data-id=\"2947\">Academic.product.bundle.reference.table.4.11.23 (PDF, 617 KB, otworzy si\u0119 w nowej karcie)<\/a><\/p>\n<p>&nbsp;<\/p>\n<p>Zg\u0142oszenia dot. licencjonowania nale\u017cy wysy\u0142a\u0107 przy pomocy&nbsp;<a class=\"reference external\" href=\"https:\/\/pb.edu.pl\/uci\/helpdesk-zglaszanie-problemow-z-obsluga-systemow\/\">formularza<\/a>. Pozwoli to na szybsz\u0105 reakcj\u0119 i przekierowanie zg\u0142oszenia do w\u0142a\u015bciwej osoby.<\/p>\n<p><img loading=\"lazy\" decoding=\"async\" class=\"wp-image-4652 size-medium alignnone\" src=\"https:\/\/pb.edu.pl\/uci\/wp-content\/uploads\/sites\/17\/2025\/06\/GRANTASel_638146666105319057_HasThumb-300x159.png\" alt=\"\" width=\"300\" height=\"159\" srcset=\"https:\/\/pb.edu.pl\/uci\/wp-content\/uploads\/sites\/17\/2025\/06\/GRANTASel_638146666105319057_HasThumb-300x159.png 300w, https:\/\/pb.edu.pl\/uci\/wp-content\/uploads\/sites\/17\/2025\/06\/GRANTASel_638146666105319057_HasThumb.png 351w\" sizes=\"auto, (max-width: 300px) 100vw, 300px\" \/><\/p>\n<p>W okresie <strong>od 9 czerwca do 15 stycznia 2026<\/strong> spo\u0142eczno\u015b\u0107 akademicka Politechniki Bia\u0142ostockiej b\u0119dzie mia\u0142a mo\u017cliwo\u015b\u0107 testowania pakietu <strong>Ansys Granata<\/strong>.<\/p>\n<p>Ansys GRANTA to specjalistyczne oprogramowanie edukacyjne wspieraj\u0105ce nauczanie in\u017cynierii materia\u0142owej, projektowania, nauk \u015bcis\u0142ych oraz zr\u00f3wnowa\u017conego rozwoju na uczelniach wy\u017cszych i w szko\u0142ach technicznych. Jest to narz\u0119dzie stworzone z my\u015bl\u0105 o studentach i wyk\u0142adowcach, kt\u00f3re umo\u017cliwia interaktywne poznawanie, por\u00f3wnywanie i wyb\u00f3r materia\u0142\u00f3w oraz proces\u00f3w technologicznych w kontek\u015bcie projektowania produkt\u00f3w i rozwi\u0105zywania problem\u00f3w in\u017cynierskich.<\/p>\n<p>Pliki instalacyjne dost\u0119pne s\u0105 w poni\u017cszym linku:<\/p>\n<p><a id=\"menur362\" class=\"fui-Link ___1q1shib f2hkw1w f3rmtva f1ewtqcl fyind8e f1k6fduh f1w7gpdv fk6fouc fjoy568 figsok6 f1s184ao f1mk8lai fnbmjn9 f1o700av f13mvf36 f1cmlufx f9n3di6 f1ids18y f1tx3yz7 f1deo86v f1eh06m1 f1iescvh fhgqx19 f1olyrje f1p93eir f1nev41a f1h8hb77 f1lqvz6u f10aw75t fsle3fq f17ae5zn\" title=\"Przejd\u017a do:\" href=\"https:\/\/pbial-my.sharepoint.com\/:u:\/g\/personal\/a_kasianowicz_st_pb_edu_pl\/EZpnfwt0kBNPmK4udtjFmSYBVfsyIKRd1vQBC3Kt9rJPKQ?e=kuOrDP\" target=\"_blank\" rel=\"noreferrer noopener\" aria-label=\"Link GRANTASELECTOR_2025R1_SP1_WINX64.zip\">GRANTASELECTOR_2025R1_SP1_WINX64.zip<\/a><\/p>\n<p>&nbsp;<\/p>\n<p><img loading=\"lazy\" decoding=\"async\" class=\"size-medium wp-image-955 aligncenter\" src=\"https:\/\/pb.edu.pl\/uci\/wp-content\/uploads\/sites\/17\/2021\/09\/Logo-MESco-bez-Ansys-300x55.png\" alt=\"Logo MESco\" width=\"300\" height=\"55\" srcset=\"https:\/\/pb.edu.pl\/uci\/wp-content\/uploads\/sites\/17\/2021\/09\/Logo-MESco-bez-Ansys-300x55.png 300w, https:\/\/pb.edu.pl\/uci\/wp-content\/uploads\/sites\/17\/2021\/09\/Logo-MESco-bez-Ansys-768x140.png 768w, https:\/\/pb.edu.pl\/uci\/wp-content\/uploads\/sites\/17\/2021\/09\/Logo-MESco-bez-Ansys.png 916w\" sizes=\"auto, (max-width: 300px) 100vw, 300px\" \/><\/p>\n","protected":false},"excerpt":{"rendered":"<p>1 wrze\u015bnia 2021 r. Uczelniane Centrum Informatyczne przej\u0119\u0142o zarz\u0105dzanie serwerem licencji ANSYS. Instrukcje instalacji Ansys<\/p>\n","protected":false},"author":88,"featured_media":0,"parent":63,"menu_order":0,"comment_status":"closed","ping_status":"closed","template":"","meta":{"_acf_changed":false,"ngg_post_thumbnail":0,"footnotes":""},"class_list":["post-2941","page","type-page","status-publish","hentry"],"acf":[],"_links":{"self":[{"href":"https:\/\/pb.edu.pl\/uci\/wp-json\/wp\/v2\/pages\/2941","targetHints":{"allow":["GET"]}}],"collection":[{"href":"https:\/\/pb.edu.pl\/uci\/wp-json\/wp\/v2\/pages"}],"about":[{"href":"https:\/\/pb.edu.pl\/uci\/wp-json\/wp\/v2\/types\/page"}],"author":[{"embeddable":true,"href":"https:\/\/pb.edu.pl\/uci\/wp-json\/wp\/v2\/users\/88"}],"replies":[{"embeddable":true,"href":"https:\/\/pb.edu.pl\/uci\/wp-json\/wp\/v2\/comments?post=2941"}],"version-history":[{"count":0,"href":"https:\/\/pb.edu.pl\/uci\/wp-json\/wp\/v2\/pages\/2941\/revisions"}],"up":[{"embeddable":true,"href":"https:\/\/pb.edu.pl\/uci\/wp-json\/wp\/v2\/pages\/63"}],"wp:attachment":[{"href":"https:\/\/pb.edu.pl\/uci\/wp-json\/wp\/v2\/media?parent=2941"}],"curies":[{"name":"wp","href":"https:\/\/api.w.org\/{rel}","templated":true}]}}