{"id":1936,"date":"2022-08-11T10:57:43","date_gmt":"2022-08-11T08:57:43","guid":{"rendered":"https:\/\/pb.edu.pl\/uci\/?page_id=1936"},"modified":"2023-04-12T10:29:59","modified_gmt":"2023-04-12T08:29:59","slug":"moodle-pb","status":"publish","type":"page","link":"https:\/\/pb.edu.pl\/uci\/uslugi\/moodle-pb\/","title":{"rendered":"Moodle PB"},"content":{"rendered":"<div class=\"h3\">\n<p><span data-contrast=\"auto\">Czym jest platforma Moodle?<\/span><\/p>\n<\/div>\n<p><span id=\"page3R_mcid11\" class=\"markedContent\"><span dir=\"ltr\" role=\"presentation\">Moodle<\/span> <span dir=\"ltr\" role=\"presentation\">to<\/span> <span dir=\"ltr\" role=\"presentation\">najpopularniejszy system zarz\u0105dzania kszta\u0142ceniem online (LMS<\/span> <span dir=\"ltr\" role=\"presentation\">\u2013<\/span> <span dir=\"ltr\" role=\"presentation\">ang.<\/span> <span dir=\"ltr\" role=\"presentation\">Learning <\/span><span dir=\"ltr\" role=\"presentation\">Management System<\/span><span dir=\"ltr\" role=\"presentation\">)<\/span><span dir=\"ltr\" role=\"presentation\">. S\u0142owo \u201eMoodle\u201d to skr\u00f3t nazwy angielskiej \u2013<br role=\"presentation\">\u201eModular Object-Oriented Dynamic Learning Environment\u201d &#8211; \u201cModu\u0142owe, Dynamiczne, Zorientowane Obiektowo \u015arodowisko Nauczania\u201d.<\/span><\/span><\/p>\n<p><span data-contrast=\"auto\"><strong>Moodle PB<\/strong> to\u202fwirtualne \u015brodowisko kszta\u0142cenia, kt\u00f3re s\u0142u\u017cy do\u202frealizacji nauczania zdalnego, wspomaga proces uczenia si\u0119 i\u202fumo\u017cliwia komunikacj\u0119 z\u202fuczestnikami kurs\u00f3w. System jest elastycznym rozwi\u0105zaniem, kt\u00f3re pozwala na tworzenie interaktywnych kurs\u00f3w, publikacj\u0119 materia\u0142\u00f3w dydaktycznych, tj. tekst\u00f3w, link\u00f3w do zasob\u00f3w, obraz\u00f3w, tworzenia spotka\u0144 online itp. Platforma stwarza mo\u017cliwo\u015b\u0107 monitorowania wiedzy i\u202fumiej\u0119tno\u015bci. Ponadto aktywnie wspiera proces edukacyjny student\u00f3w. Platforma e-learningowa Moodle PB spe\u0142nia najnowsze standardy SCORM, dzi\u0119ki czemu w \u0142atwy i szybki spos\u00f3b mo\u017cna przenosi\u0107 opracowane tre\u015bci pomi\u0119dzy r\u00f3\u017cnymi rozwi\u0105zaniami e-learningowymi.<\/span><\/p>\n<div class=\"h3\">Adres uczelnianej platformy Moodle: <a title=\"Przejd\u017a do Moodle\" href=\"https:\/\/moodle.pb.edu.pl\/\">https:\/\/moodle.pb.edu.pl\/<\/a><\/div>\n<p><strong>U\u017cytkownikami platformy Moodle PB s\u0105:<\/strong><\/p>\n<ul>\n<li><span data-ccp-props=\"{&quot;201341983&quot;:0,&quot;335559739&quot;:160,&quot;335559740&quot;:259}\">nauczyciele akademiccy \u2013 chc\u0105cy wykorzysta\u0107 funkcjonalno\u015bci platformy Moodle;<\/span><\/li>\n<li><span data-ccp-props=\"{&quot;201341983&quot;:0,&quot;335559739&quot;:160,&quot;335559740&quot;:259}\">studenci, doktoranci, s\u0142uchacze;<\/span><\/li>\n<li><span data-ccp-props=\"{&quot;201341983&quot;:0,&quot;335559739&quot;:160,&quot;335559740&quot;:259}\">w\u0142adze Uczelni i administratorzy.<br \/>\n<\/span><\/li>\n<\/ul>\n<p><strong>Czy jeste\u015b na tym serwisie po raz pierwszy?<\/strong><\/p>\n<p>Aby zalogowa\u0107 si\u0119 na platform\u0119 Moodle PB, nale\u017cy przej\u015b\u0107 na stron\u0119 i wybierz \u201eZaloguj\u201d.<\/p>\n<p>Wszyscy pracownicy i studenci Politechniki Bia\u0142ostockiej, kt\u00f3rzy posiadaj\u0105 konto w systemie USOSweb mog\u0105, przy zaznaczonej opcji logowania \u201eCAS\u201d, wybra\u0107 przycisk \u201eZaloguj si\u0119\u201d. Zostaniemy przekierowani do strony logowania Centralnego Systemu Uwierzytelniania, na kt\u00f3rej nale\u017cy wprowadzi\u0107 login i has\u0142o. Dane logowania s\u0105 takie same jak do systemu USOSweb.<\/p>\n<p><span data-ccp-props=\"{&quot;201341983&quot;:0,&quot;335559739&quot;:160,&quot;335559740&quot;:259}\"><strong>Jak utworzy\u0107 kurs w Moodle PB? <\/strong>(dot. nauczycieli akademickich)<br \/>\n<\/span><\/p>\n<p><span data-ccp-props=\"{&quot;201341983&quot;:0,&quot;335559739&quot;:160,&quot;335559740&quot;:259}\">Kursy w Moodle PB tworzone s\u0105 z poziomu <a title=\"Otworzy si\u0119 w nowej karcie\" href=\"https:\/\/usosweb.pb.edu.pl\" target=\"_blank\" rel=\"noopener\">USOSweb<\/a>. Po zalogowaniu si\u0119 na stronie nale\u017cy przej\u015b\u0107 do zak\u0142adki \u201eM\u00f3j USOSweb\u201d, a nast\u0119pnie \u201eZaj\u0119cia pracownika\u201d. Wybierz przedmiot, kt\u00f3rego kurs ma by\u0107 utworzony w Moodle. W cz\u0119\u015bci &#8222;Moodle&#8221; pojawia si\u0119 mo\u017cliwo\u015b\u0107 &#8222;utw\u00f3rz kurs w Moodle&#8221; z mo\u017cliwo\u015bci\u0105 wyboru grup. Wybierz i czekaj na potwierdzenie jego za\u0142o\u017cenia. Informacja o tym, \u017ce kurs jest gotowy pojawi si\u0119 w systemie USOSweb wraz z linkiem &#8222;przejd\u017a do kursu w Moodle&#8221;. Nazwa kursu oraz jego uczestnicy (wraz z prowadz\u0105cym) zostan\u0105 wyeksportowani do Moodle PB.<\/span><\/p>\n<p>Instrukcje obs\u0142ugi dost\u0119pne s\u0105 na stronie: <a title=\"Przejd\u017a do: Moodle - instrukcje\" href=\"https:\/\/docs.uci.pb.edu.pl\/moodle\/moodle.html\">Moodle podr\u0119cznik \u2014 Docs UCI PB &#8211; dokumentacja<\/a><\/p>\n<p><strong>Helpdesk<\/strong><\/p>\n<p>Zg\u0142oszenia dot. pracy w serwicie Moodle nale\u017cy wysy\u0142a\u0107 przy pomocy <a id=\"yui_3_17_2_1_1661950440267_1127\" href=\"https:\/\/pb.edu.pl\/uci\/helpdesk-zglaszanie-problemow-z-obsluga-systemow\/\">formularza<\/a>. Pozwoli to na szybsz\u0105 reakcj\u0119 i przekierowanie zg\u0142oszenia do w\u0142a\u015bciwej osoby.<\/p>\n<p>&nbsp;<\/p>\n<p><span data-ccp-props=\"{&quot;201341983&quot;:0,&quot;335559739&quot;:160,&quot;335559740&quot;:259}\"><strong>Prawo uczelniane:<\/strong><\/span><\/p>\n<p><a title=\"Otworzy si\u0119 w nowej karcie\" href=\"https:\/\/www.bip.pb.edu.pl\/index.php?event=informacja&amp;id=18909\" target=\"_blank\" rel=\"noopener\">Zarz\u0105dzenie nr 1179<\/a> Rektora Politechniki Bia\u0142ostockiej z dnia 29 wrze\u015bnia 2020 roku<\/p>\n<p><a title=\"Otworzy si\u0119 w nowej karcie\" href=\"https:\/\/bip.pb.edu.pl\/?event=informacja&amp;id=17792\" target=\"_blank\" rel=\"noopener\">Zarz\u0105dzenie nr 1171<\/a> Rektora Politechniki Bia\u0142ostockiej z dnia 17 wrze\u015bnia 2020 roku<\/p>\n<p><a title=\"Otworzy si\u0119 w nowej karcie\" href=\"https:\/\/bip.pb.edu.pl\/index.php?event=informacja&amp;id=18198\" target=\"_blank\" rel=\"noopener\">Zarz\u0105dzenie nr 3\/2021<\/a> Rektora Politechniki Bia\u0142ostockiej z dnia 19 stycznia 2021 roku<\/p>\n<p><a title=\"Przejd\u017a do: Zarz\u0105dzenie nr 25\/2023 z dnia 28.02.2023 r. w sprawie wprowadzenia w \u017cycie Instrukcji Zarz\u0105dzania Systemem Moodle oraz Regulaminu korzystania z platformy e-learningowej Moodle\" href=\"https:\/\/bip.pb.edu.pl\/index.php?event=informacja&amp;id=20196\">Zarz\u0105dzenie nr 25\/2023<\/a> Rektora Politechniki Bia\u0142ostockiej z dnia 28 lutego 2023 roku w sprawie wprowadzenia w \u017cycie Instrukcji Zarz\u0105dzania Systemem Moodle oraz Regulaminu korzystania z platformy e-learningowej Moodle w Politechnice Bia\u0142ostockiej &nbsp;<\/p>\n","protected":false},"excerpt":{"rendered":"<p>Czym jest platforma Moodle? Moodle to najpopularniejszy system zarz\u0105dzania kszta\u0142ceniem online (LMS \u2013 ang. Learning<\/p>\n","protected":false},"author":88,"featured_media":0,"parent":97,"menu_order":0,"comment_status":"closed","ping_status":"closed","template":"","meta":{"_acf_changed":false,"ngg_post_thumbnail":0,"footnotes":""},"class_list":["post-1936","page","type-page","status-publish","hentry"],"acf":[],"_links":{"self":[{"href":"https:\/\/pb.edu.pl\/uci\/wp-json\/wp\/v2\/pages\/1936","targetHints":{"allow":["GET"]}}],"collection":[{"href":"https:\/\/pb.edu.pl\/uci\/wp-json\/wp\/v2\/pages"}],"about":[{"href":"https:\/\/pb.edu.pl\/uci\/wp-json\/wp\/v2\/types\/page"}],"author":[{"embeddable":true,"href":"https:\/\/pb.edu.pl\/uci\/wp-json\/wp\/v2\/users\/88"}],"replies":[{"embeddable":true,"href":"https:\/\/pb.edu.pl\/uci\/wp-json\/wp\/v2\/comments?post=1936"}],"version-history":[{"count":0,"href":"https:\/\/pb.edu.pl\/uci\/wp-json\/wp\/v2\/pages\/1936\/revisions"}],"up":[{"embeddable":true,"href":"https:\/\/pb.edu.pl\/uci\/wp-json\/wp\/v2\/pages\/97"}],"wp:attachment":[{"href":"https:\/\/pb.edu.pl\/uci\/wp-json\/wp\/v2\/media?parent=1936"}],"curies":[{"name":"wp","href":"https:\/\/api.w.org\/{rel}","templated":true}]}}