{"id":1797,"date":"2022-05-10T11:25:28","date_gmt":"2022-05-10T09:25:28","guid":{"rendered":"https:\/\/pb.edu.pl\/uci\/?page_id=1797"},"modified":"2024-10-02T23:06:59","modified_gmt":"2024-10-02T21:06:59","slug":"mlegitymacja","status":"publish","type":"page","link":"https:\/\/pb.edu.pl\/uci\/uslugi\/mlegitymacja\/","title":{"rendered":"mLegitymacja"},"content":{"rendered":"<p>Studenci Politechniki Bia\u0142ostockiej mog\u0105 zamawia\u0107 elektroniczne wersje swoich legitymacji za po\u015brednictwem USOSweb i udost\u0119pnionego tam modu\u0142u mLegitymacji.<\/p>\n<p>mLegitymacja studencka to mobilna wersja dokumentu (Elektronicznej Legitymacji Studenckiej), potwierdzaj\u0105ca status studenta i uprawniaj\u0105ca do korzystania z ustawowych ulg. Mobilna legitymacja studencka jest pe\u0142noprawnym odpowiednikiem plastikowej Elektronicznej Legitymacji Studenckiej (\u00a7 20 ust. 1 pkt 2 <a title=\"Otworzy si\u0119 w nowej karcie\" href=\"http:\/\/isap.sejm.gov.pl\/isap.nsf\/DocDetails.xsp?id=WDU20180001861\" target=\"_blank\" rel=\"noopener\">rozporz\u0105dzenia MNiSW z dnia 27 wrze\u015bnia 2018 r. w sprawie studi\u00f3w<\/a>). Nie oznacza to jednak, \u017ce znika obowi\u0105zek posiadania tradycyjnego dokumentu. mLegitymacja pe\u0142ni funkcj\u0119 uzupe\u0142niaj\u0105c\u0105. Pozwala np. potwierdzi\u0107 status studenta w sytuacji, gdy dana osoba nie ma przy sobie fizycznego dokumentu. Wa\u017cna jest w okresie wa\u017cno\u015bci ELS (\u00a7 21 ust. 4 <a title=\"Otworzy si\u0119 w nowej karcie\" href=\"http:\/\/isap.sejm.gov.pl\/isap.nsf\/DocDetails.xsp?id=WDU20180001861\" target=\"_blank\" rel=\"noopener\">rozporz\u0105dzenia MNiSW z dnia 27 wrze\u015bnia 2018 r. w sprawie studi\u00f3w<\/a>).<\/p>\n<p>Jej uruchomienie jest mo\u017cliwe dzi\u0119ki bezp\u0142atnej aplikacji mObywatel, dost\u0119pnej zar\u00f3wno dla u\u017cytkownik\u00f3w urz\u0105dze\u0144 z systemem Android, jak i iOS.<\/p>\n<div>&nbsp;<\/div>\n<div class=\"h3\">Czym jest mObywatel?<\/div>\n<p>Aplikacja mObywatel to cyfrowy portfel na dokumenty i us\u0142ugi. Dzi\u0119ki aplikacji mo\u017cna bezpiecznie pobiera\u0107 i okazywa\u0107 swoje dane, realizowa\u0107 eRecepty bez podawania numeru PESEL, potwierdzi\u0107 uprawnienia kierowcy, sprawdzi\u0107 punkty karne, okaza\u0107 i sprawdzi\u0107 dane swojego samochodu, a tak\u017ce korzysta\u0107 z mLegitymacji studenckiej.<\/p>\n<p>Wi\u0119cej o mLegitymacji: <a title=\"Przejd\u017a do: mLegitymacja na Serwisie Rzeczypospolitej Polskiej\" href=\"https:\/\/www.gov.pl\/web\/mobywatel\/mlegitymacja-studencka\" target=\"_blank\" rel=\"noopener\">https:\/\/www.gov.pl\/web\/mobywatel\/mlegitymacja-studencka<\/a><\/p>\n<p>Wszelkie informacje zwi\u0105zane z uruchomieniem mLegitymacji w Politechnice Bia\u0142ostockiej znajduj\u0105 si\u0119 na <a title=\"Otworzy si\u0119 w nowej karcie\" href=\"https:\/\/docs.uci.pb.edu.pl\/usos\/mlegitymacje.html\" target=\"_blank\" rel=\"noopener\">stronie www<\/a>.<\/p>\n<div>&nbsp;<\/div>\n<div>ENG version&nbsp;<\/div>\n<div><a href=\"https:\/\/pb.edu.pl\/uci\/2022\/04\/20\/mlegitymacja-for-but\/\">mLegitymacja for BUT \u2013 Uczelniane Centrum Informatyczne Politechniki Bia\u0142ostockiej (pb.edu.pl)<\/a><\/div>\n","protected":false},"excerpt":{"rendered":"<p>Studenci Politechniki Bia\u0142ostockiej mog\u0105 zamawia\u0107 elektroniczne wersje swoich legitymacji za po\u015brednictwem USOSweb i udost\u0119pnionego tam<\/p>\n","protected":false},"author":88,"featured_media":0,"parent":97,"menu_order":0,"comment_status":"closed","ping_status":"closed","template":"","meta":{"_acf_changed":false,"ngg_post_thumbnail":0,"footnotes":""},"class_list":["post-1797","page","type-page","status-publish","hentry"],"acf":[],"_links":{"self":[{"href":"https:\/\/pb.edu.pl\/uci\/wp-json\/wp\/v2\/pages\/1797","targetHints":{"allow":["GET"]}}],"collection":[{"href":"https:\/\/pb.edu.pl\/uci\/wp-json\/wp\/v2\/pages"}],"about":[{"href":"https:\/\/pb.edu.pl\/uci\/wp-json\/wp\/v2\/types\/page"}],"author":[{"embeddable":true,"href":"https:\/\/pb.edu.pl\/uci\/wp-json\/wp\/v2\/users\/88"}],"replies":[{"embeddable":true,"href":"https:\/\/pb.edu.pl\/uci\/wp-json\/wp\/v2\/comments?post=1797"}],"version-history":[{"count":0,"href":"https:\/\/pb.edu.pl\/uci\/wp-json\/wp\/v2\/pages\/1797\/revisions"}],"up":[{"embeddable":true,"href":"https:\/\/pb.edu.pl\/uci\/wp-json\/wp\/v2\/pages\/97"}],"wp:attachment":[{"href":"https:\/\/pb.edu.pl\/uci\/wp-json\/wp\/v2\/media?parent=1797"}],"curies":[{"name":"wp","href":"https:\/\/api.w.org\/{rel}","templated":true}]}}