{"id":173,"date":"2018-05-23T11:27:55","date_gmt":"2018-05-23T09:27:55","guid":{"rendered":"https:\/\/pb.edu.pl\/uci\/?page_id=173"},"modified":"2025-01-27T10:56:58","modified_gmt":"2025-01-27T09:56:58","slug":"wypelnianie-ankiety-w-usosweb","status":"publish","type":"page","link":"https:\/\/pb.edu.pl\/uci\/zasoby-informatyczne\/system-usosweb\/o-systemie-usosweb\/wypelnianie-ankiety-w-usosweb\/","title":{"rendered":"Wype\u0142nianie ankiety w USOSweb"},"content":{"rendered":"<p>1. W polu nawigacji przegl\u0105darki nale\u017cy wpisa\u0107 adres usosweb.pb.edu.pl a nast\u0119pnie przej\u015b\u0107 na stron\u0119 logowania.<\/p>\n<p>2. Kolejny krok to zalogowanie do systemu USOSweb.<\/p>\n<p>3. Po zalogowaniu nale\u017cy przej\u015b\u0107 na stron\u0119 &#8222;DLA STUDENT\u00d3W&#8221;.<\/p>\n<p>4. Nast\u0119pnie nale\u017cy przej\u015b\u0107 do ankiet.<\/p>\n<p>5. Wy\u015bwietlona zostanie lista przedmiot\u00f3w do kt\u00f3rych mo\u017cna wype\u0142ni\u0107 ankiet\u0119. Aby rozpocz\u0105\u0107 wype\u0142nianie nale\u017cy przy konkretnym przedmiocie klikn\u0105\u0107 przycisk wype\u0142nij ankiet\u0119.<\/p>\n<p>6. Po wybraniu odpowiedzi wystarczy klikn\u0105\u0107 przycisk &#8222;Zapisz odpowied\u017a&#8221; aby zako\u0144czy\u0107 wype\u0142nianie ankiety.<\/p>\n","protected":false},"excerpt":{"rendered":"<p>1. W polu nawigacji przegl\u0105darki nale\u017cy wpisa\u0107 adres usosweb.pb.edu.pl a nast\u0119pnie przej\u015b\u0107 na stron\u0119 logowania.<\/p>\n","protected":false},"author":2,"featured_media":0,"parent":45,"menu_order":1,"comment_status":"closed","ping_status":"closed","template":"","meta":{"_acf_changed":false,"ngg_post_thumbnail":0,"footnotes":""},"class_list":["post-173","page","type-page","status-publish","hentry"],"acf":[],"_links":{"self":[{"href":"https:\/\/pb.edu.pl\/uci\/wp-json\/wp\/v2\/pages\/173","targetHints":{"allow":["GET"]}}],"collection":[{"href":"https:\/\/pb.edu.pl\/uci\/wp-json\/wp\/v2\/pages"}],"about":[{"href":"https:\/\/pb.edu.pl\/uci\/wp-json\/wp\/v2\/types\/page"}],"author":[{"embeddable":true,"href":"https:\/\/pb.edu.pl\/uci\/wp-json\/wp\/v2\/users\/2"}],"replies":[{"embeddable":true,"href":"https:\/\/pb.edu.pl\/uci\/wp-json\/wp\/v2\/comments?post=173"}],"version-history":[{"count":0,"href":"https:\/\/pb.edu.pl\/uci\/wp-json\/wp\/v2\/pages\/173\/revisions"}],"up":[{"embeddable":true,"href":"https:\/\/pb.edu.pl\/uci\/wp-json\/wp\/v2\/pages\/45"}],"wp:attachment":[{"href":"https:\/\/pb.edu.pl\/uci\/wp-json\/wp\/v2\/media?parent=173"}],"curies":[{"name":"wp","href":"https:\/\/api.w.org\/{rel}","templated":true}]}}