{"id":146,"date":"2018-05-22T22:45:23","date_gmt":"2018-05-22T20:45:23","guid":{"rendered":"https:\/\/pb.edu.pl\/uci\/?page_id=146"},"modified":"2026-03-17T10:27:11","modified_gmt":"2026-03-17T09:27:11","slug":"pracownicy","status":"publish","type":"page","link":"https:\/\/pb.edu.pl\/uci\/pracownicy\/","title":{"rendered":"Kontakt"},"content":{"rendered":"<div class=\"panel-group\" id=\"custom-collapse-0\">\n<div class=\"panel panel-default\">\n\t\t\t\t<div class=\"panel-heading\">\n\t\t\t\t\t<div class=\"panel-title\">\n\t\t\t\t\t\t<a class=\"collapsed h4\" data-toggle=\"collapse\" data-parent=\"#custom-collapse-0\" href=\"#custom-collapse-0-0\">Uczelniane Centrum Informatyczne<\/a>\n\t\t\t\t\t<\/div>\n\t\t\t\t<\/div>\n\t\t\t\t<div id=\"custom-collapse-0-0\" class=\"panel-collapse collapse\">\n\t\t\t\t\t<div class=\"panel-body\">\n<div class=\"h3\">Kierownik:<\/div>\n<div class=\"h4\"><strong>mgr in\u017c. Marcin Rodzianko<\/strong><\/div>\n<i class=\"fal fa-phone\" aria-hidden=\"true\"><\/i> 85 746 9775, <i class=\"fal fa-mobile\" aria-hidden=\"true\"><\/i> 797 355 110, <i class=\"fal fa-envelope\" aria-hidden=\"true\"><\/i> <a href=\"#\" rel=\"nofollow\"  onclick=\"this.href='mailto:' + 'm.rodzianko' + '@' + 'pb.edu.pl'\">m.rodzianko [at] pb.edu.pl<\/a>\n<div class=\"h3\">Z-ca kierownika:<\/div>\n<div class=\"h4\"><strong>mgr&nbsp;Magdalena Wasilewska<\/strong><\/div>\n<p>Centrum Nowoczesnego Kszta\u0142cenia (CNK), pok\u00f3j P-1\/09<\/p>\n<p>administrator: Office 365, Mobilny USOS PB, Moodle, CRU, LEX, BIP<\/p>\n<i class=\"fal fa-phone\" aria-hidden=\"true\"><\/i> 85 746 9126, <i class=\"fal fa-mobile\" aria-hidden=\"true\"><\/i> 692 099 135, <i class=\"fal fa-envelope\" aria-hidden=\"true\"><\/i> <a href=\"#\" rel=\"nofollow\"  onclick=\"this.href='mailto:' + 'm.wasilewska' + '@' + 'pb.edu.pl'\">m.wasilewska [at] pb.edu.pl<\/a>\n<p>&nbsp;<\/p>\n<div class=\"h4\"><strong>mgr in\u017c. Tomasz Juszczuk<\/strong><\/div>\n<p>Centrum Nowoczesnego Kszta\u0142cenia (CNK), pok\u00f3j P-1\/10<\/p>\n<p>administrator: ALEPH, EZproxy, MRBS, PB-GUEST, ESET, AD<br \/>\nadministrator serwer\u00f3w licencji: MatLab, Ansys, Statistica<\/p>\n<i class=\"fal fa-phone\" aria-hidden=\"true\"><\/i> 85 746 7077, <i class=\"fal fa-envelope\" aria-hidden=\"true\"><\/i> <a href=\"#\" rel=\"nofollow\"  onclick=\"this.href='mailto:' + 't.juszczuk' + '@' + 'pb.edu.pl'\">t.juszczuk [at] pb.edu.pl<\/a>\n<p>&nbsp;<\/p>\n<div class=\"h4\"><strong>mgr in\u017c. Rados\u0142aw Kapica<\/strong><\/div>\n<p>administrator: LEX, Office 365, Baza Dokument\u00f3w PB, Planista, System Rezerwacji Sal<\/p>\n<i class=\"fal fa-phone\" aria-hidden=\"true\"><\/i> <span data-teams=\"true\">85 746 9625<\/span>, <i class=\"fal fa-envelope\" aria-hidden=\"true\"><\/i> <a href=\"#\" rel=\"nofollow\"  onclick=\"this.href='mailto:' + 'r.kapica' + '@' + 'pb.edu.pl'\">r.kapica [at] pb.edu.pl<\/a>\n<p>&nbsp;<\/p>\n<div class=\"h4\"><strong>Adam Kasianowicz<\/strong><\/div>\n<p>Centrum Nowoczesnego Kszta\u0142cenia (CNK), pok\u00f3j P-1\/10&nbsp;<\/p>\n<p>administrator: Planista, Moodle, System Rezerwacji Sal<br \/>\nadministrator serwer\u00f3w licencji: Matlab, Ansys, Statistica<\/p>\n<i class=\"fal fa-phone\" aria-hidden=\"true\"><\/i> 85 746 9126, <i class=\"fal fa-envelope\" aria-hidden=\"true\"><\/i> <a href=\"#\" rel=\"nofollow\"  onclick=\"this.href='mailto:' + 'a.kasianowicz' + '@' + 'pb.edu.pl'\">a.kasianowicz [at] pb.edu.pl<\/a>\n<p>&nbsp;<\/p>\n<div class=\"h4\"><strong>Marcin Kie\u0142bowicz<\/strong><\/div>\n<p>Centrum Nowoczesnego Kszta\u0142cenia (CNK), pok\u00f3j P-1\/10&nbsp;<\/p>\n<p>administrator: USOSweb, APD, Office 365, ESET, PB-GUEST, CRU, AD<\/p>\n<i class=\"fal fa-phone\" aria-hidden=\"true\"><\/i> 85 746 7077, <i class=\"fal fa-mobile\" aria-hidden=\"true\"><\/i> 513 135 683, <i class=\"fal fa-envelope\" aria-hidden=\"true\"><\/i><a href=\"#\" rel=\"nofollow\"  onclick=\"this.href='mailto:' + ' m.kielbowicz' + '@' + 'pb.edu.pl'\"> m.kielbowicz [at] pb.edu.pl<\/a>\n<p>&nbsp;<\/p>\n<div class=\"h4\"><strong>Aneta Mazur<\/strong><\/div>\n<p><span class=\"ui-provider a b c d e f g h i j k l m n o p q r s t u v w x y z ab ac ae af ag ah ai aj ak\" dir=\"ltr\">publikator w systemie BIP<\/span><\/p>\n<i class=\"fal fa-phone\" aria-hidden=\"true\"><\/i> 85 746 9775, <i class=\"fal fa-envelope\" aria-hidden=\"true\"><\/i> <a href=\"#\" rel=\"nofollow\"  onclick=\"this.href='mailto:' + 'a.mazur' + '@' + 'pb.edu.pl'\">a.mazur [at] pb.edu.pl<\/a>\n<p>&nbsp;<\/p>\n<div class=\"h4\"><strong>mgr in\u017c. Dominika Misiewicz<\/strong><\/div>\n<p>Centrum Nowoczesnego Kszta\u0142cenia (CNK), pok\u00f3j P-1\/09<\/p>\n<p>administrator: Office 365, Moodle<\/p>\n<i class=\"fal fa-phone\" aria-hidden=\"true\"><\/i> 85 746 9126, <i class=\"fal fa-envelope\" aria-hidden=\"true\"><\/i> <a href=\"#\" rel=\"nofollow\"  onclick=\"this.href='mailto:' + 'd.misiewicz' + '@' + 'pb.edu.pl'\">d.misiewicz [at] pb.edu.pl<\/a>\n<p>&nbsp;<\/p>\n<div class=\"h4\"><strong>Leszek Zdrodowski<\/strong><\/div>\n<p>Studium J\u0119zyk\u00f3w Obcych, pok\u00f3j P1\/03<\/p>\n<p>administrator serwer\u00f3w licencji: Matlab, Ansys, Statistica<br \/>\nadministrator: Baza Dokument\u00f3w PB&nbsp;<br \/>\nwsparcie techniczne Studium J\u0119zyk\u00f3w Obcych<\/p>\n<i class=\"fal fa-phone\" aria-hidden=\"true\"><\/i> 85 746 9068, <i class=\"fal fa-envelope\" aria-hidden=\"true\"><\/i> <a href=\"#\" rel=\"nofollow\"  onclick=\"this.href='mailto:' + 'l.zdrodowski' + '@' + 'pb.edu.pl'\">l.zdrodowski [at] pb.edu.pl<\/a>\n<\/div>\n\t\t\t\t<\/div>\n\t\t\t<\/div>\n<div class=\"panel panel-default\">\n\t\t\t\t<div class=\"panel-heading\">\n\t\t\t\t\t<div class=\"panel-title\">\n\t\t\t\t\t\t<a class=\"collapsed h4\" data-toggle=\"collapse\" data-parent=\"#custom-collapse-0\" href=\"#custom-collapse-0-1\">Sekcja ERP<\/a>\n\t\t\t\t\t<\/div>\n\t\t\t\t<\/div>\n\t\t\t\t<div id=\"custom-collapse-0-1\" class=\"panel-collapse collapse\">\n\t\t\t\t\t<div class=\"panel-body\">\n<div class=\"h3\">Kierownik:<\/div>\n<div class=\"h4\"><strong>mgr in\u017c. Krzysztof Kukie\u0142ko<\/strong><\/div>\n<i class=\"fal fa-phone\" aria-hidden=\"true\"><\/i> 85 746 9189, <i class=\"fal fa-envelope\" aria-hidden=\"true\"><\/i> <a href=\"#\" rel=\"nofollow\"  onclick=\"this.href='mailto:' + 'k.kukielko' + '@' + 'pb.edu.pl'\">k.kukielko [at] pb.edu.pl<\/a>\n<p>&nbsp;<\/p>\n<div class=\"h4\"><strong>in\u017c. Ryszard Magnuszewski<\/strong><\/div>\n<p>administrator: TETA, DOCS<\/p>\n<i class=\"fal fa-phone\" aria-hidden=\"true\"><\/i> 85 746 9189, <i class=\"fal fa-envelope\" aria-hidden=\"true\"><\/i> <a href=\"#\" rel=\"nofollow\"  onclick=\"this.href='mailto:' + 'r.magnuszewski' + '@' + 'pb.edu.pl'\">r.magnuszewski [at] pb.edu.pl<\/a>\n<p>&nbsp;<\/p>\n<div class=\"h4\"><strong>mgr in\u017c. Wioleta Zera<\/strong><\/div>\n<p>administrator: TETA<\/p>\n<i class=\"fal fa-phone\" aria-hidden=\"true\"><\/i> 85 746 9189, <i class=\"fal fa-envelope\" aria-hidden=\"true\"><\/i> <a href=\"#\" rel=\"nofollow\"  onclick=\"this.href='mailto:' + 'w.zera' + '@' + 'pb.edu.pl'\">w.zera [at] pb.edu.pl<\/a>\n<\/div>\n\t\t\t\t<\/div>\n\t\t\t<\/div>\n<div class=\"panel panel-default\">\n\t\t\t\t<div class=\"panel-heading\">\n\t\t\t\t\t<div class=\"panel-title\">\n\t\t\t\t\t\t<a class=\"collapsed h4\" data-toggle=\"collapse\" data-parent=\"#custom-collapse-0\" href=\"#custom-collapse-0-2\">Sekcja Obs\u0142ugi Studi\u00f3w<\/a>\n\t\t\t\t\t<\/div>\n\t\t\t\t<\/div>\n\t\t\t\t<div id=\"custom-collapse-0-2\" class=\"panel-collapse collapse\">\n\t\t\t\t\t<div class=\"panel-body\">\n<div class=\"h3\">Kierownik:<\/div>\n<div class=\"h4\"><strong>mgr in\u017c. Marek Opacki<\/strong><\/div>\n<i class=\"fal fa-phone\" aria-hidden=\"true\"><\/i> 85 746 9025, <i class=\"fal fa-envelope\" aria-hidden=\"true\"><\/i> <a href=\"#\" rel=\"nofollow\"  onclick=\"this.href='mailto:' + 'm.opacki' + '@' + 'pb.edu.pl'\">m.opacki [at] pb.edu.pl<\/a>\n<p>&nbsp;<\/p>\n<div class=\"h4\"><strong>mgr in\u017c. Robert Klim<\/strong><\/div>\n<p>programista<br \/>\nadministrator: IRK, ODOorganizer<\/p>\n<i class=\"fal fa-mobile\" aria-hidden=\"true\"><\/i> 797 355 114, <i class=\"fal fa-envelope\" aria-hidden=\"true\"><\/i> <a href=\"#\" rel=\"nofollow\"  onclick=\"this.href='mailto:' + 'r.klim' + '@' + 'pb.edu.pl'\">r.klim [at] pb.edu.pl<\/a>\n<p>&nbsp;<\/p>\n<div class=\"h4\"><strong>mgr Pawe\u0142 Kondzior<\/strong><\/div>\n<p>programista<\/p>\n<i class=\"fal fa-phone\" aria-hidden=\"true\"><\/i> 85 746 9774, <i class=\"fal fa-envelope\" aria-hidden=\"true\"><\/i> <a href=\"#\" rel=\"nofollow\"  onclick=\"this.href='mailto:' + 'pawel.kondzior' + '@' + 'pb.edu.pl'\">pawel.kondzior [at] pb.edu.pl<\/a>\n<p>&nbsp;<\/p>\n<div class=\"h4\"><strong>mgr in\u017c. Katarzyna Ko\u015bciuk<\/strong><\/div>\n<p>administrator: USOS, USOSweb, APD<br \/>\npublikator w systemie BIP<\/p>\n<i class=\"fal fa-phone\" aria-hidden=\"true\"><\/i> 85 746 9025, <i class=\"fal fa-envelope\" aria-hidden=\"true\"><\/i> <a href=\"#\" rel=\"nofollow\"  onclick=\"this.href='mailto:' + 'k.kosciuk' + '@' + 'pb.edu.pl'\">k.kosciuk [at] pb.edu.pl<\/a>\n<p>&nbsp;<\/p>\n<div class=\"h4\"><strong>in\u017c. Rados\u0142aw Olszewski<\/strong><\/div>\n<p>administrator: IRK, Office 365<\/p>\n<i class=\"fal fa-phone\" aria-hidden=\"true\"><\/i> 85 746 9625, <i class=\"fal fa-envelope\" aria-hidden=\"true\"><\/i> <a href=\"#\" rel=\"nofollow\"  onclick=\"this.href='mailto:' + 'r.olszewski' + '@' + 'pb.edu.pl'\">r.olszewski [at] pb.edu.pl<\/a>\n<p>&nbsp;<br \/>\n<\/div>\n\t\t\t\t<\/div>\n\t\t\t<\/div>\n<div class=\"panel panel-default\">\n\t\t\t\t<div class=\"panel-heading\">\n\t\t\t\t\t<div class=\"panel-title\">\n\t\t\t\t\t\t<a class=\"collapsed h4\" data-toggle=\"collapse\" data-parent=\"#custom-collapse-0\" href=\"#custom-collapse-0-3\">Sekcja System\u00f3w Bibliotecznych<\/a>\n\t\t\t\t\t<\/div>\n\t\t\t\t<\/div>\n\t\t\t\t<div id=\"custom-collapse-0-3\" class=\"panel-collapse collapse\">\n\t\t\t\t\t<div class=\"panel-body\">\n<div class=\"h3\">Kierownik:<\/div>\n<div class=\"h4\"><strong>mgr Justyna Paszko<\/strong><\/div>\n<p>administrator: ALEPH<br \/>\nobs\u0142uga informatyczna Biblioteki PB<\/p>\n<i class=\"fal fa-phone\" aria-hidden=\"true\"><\/i> 85 746 9328, <i class=\"fal fa-mobile\" aria-hidden=\"true\"><\/i> 797 990 782, <i class=\"fal fa-envelope\" aria-hidden=\"true\"><\/i> <a href=\"#\" rel=\"nofollow\"  onclick=\"this.href='mailto:' + 'j.paszko' + '@' + 'pb.edu.pl'\">j.paszko [at] pb.edu.pl<\/a>\n<p>&nbsp;<\/p>\n<div class=\"h4\"><strong>mgr Piotr Jastrz\u0119bski<\/strong><\/div>\n<p>administrator: Omega-PSIR<br \/>\nobs\u0142uga informatyczna Biblioteki PB<\/p>\n<i class=\"fal fa-phone\" aria-hidden=\"true\"><\/i> 85 746 9328, <i class=\"fal fa-envelope\" aria-hidden=\"true\"><\/i> <a href=\"#\" rel=\"nofollow\"  onclick=\"this.href='mailto:' + 'piotr.jastrzebski' + '@' + 'pb.edu.pl'\">piotr.jastrzebski [at] pb.edu.pl<\/a>\n<p>&nbsp;<\/p>\n<div class=\"h4\"><strong>Eugene Bachura<\/strong><\/div>\n<p>administrator: ALEPH<br \/>\nobs\u0142uga informatyczna Biblioteki PB<\/p>\n<i class=\"fal fa-phone\" aria-hidden=\"true\"><\/i> 85 746 9328, <i class=\"fal fa-envelope\" aria-hidden=\"true\"><\/i> <a href=\"#\" rel=\"nofollow\"  onclick=\"this.href='mailto:' + 'eugene.bachura' + '@' + 'pb.edu.pl'\">eugene.bachura [at] pb.edu.pl<\/a>\n<p>&nbsp;<br \/>\n<\/div>\n\t\t\t\t<\/div>\n\t\t\t<\/div>\n<\/div>\n","protected":false},"excerpt":{"rendered":"","protected":false},"author":2,"featured_media":0,"parent":0,"menu_order":6,"comment_status":"closed","ping_status":"closed","template":"","meta":{"_acf_changed":false,"ngg_post_thumbnail":0,"footnotes":""},"class_list":["post-146","page","type-page","status-publish","hentry"],"acf":[],"_links":{"self":[{"href":"https:\/\/pb.edu.pl\/uci\/wp-json\/wp\/v2\/pages\/146","targetHints":{"allow":["GET"]}}],"collection":[{"href":"https:\/\/pb.edu.pl\/uci\/wp-json\/wp\/v2\/pages"}],"about":[{"href":"https:\/\/pb.edu.pl\/uci\/wp-json\/wp\/v2\/types\/page"}],"author":[{"embeddable":true,"href":"https:\/\/pb.edu.pl\/uci\/wp-json\/wp\/v2\/users\/2"}],"replies":[{"embeddable":true,"href":"https:\/\/pb.edu.pl\/uci\/wp-json\/wp\/v2\/comments?post=146"}],"version-history":[{"count":8,"href":"https:\/\/pb.edu.pl\/uci\/wp-json\/wp\/v2\/pages\/146\/revisions"}],"predecessor-version":[{"id":5491,"href":"https:\/\/pb.edu.pl\/uci\/wp-json\/wp\/v2\/pages\/146\/revisions\/5491"}],"wp:attachment":[{"href":"https:\/\/pb.edu.pl\/uci\/wp-json\/wp\/v2\/media?parent=146"}],"curies":[{"name":"wp","href":"https:\/\/api.w.org\/{rel}","templated":true}]}}