{"id":142,"date":"2018-05-22T22:44:49","date_gmt":"2018-05-22T20:44:49","guid":{"rendered":"https:\/\/pb.edu.pl\/uci\/?page_id=142"},"modified":"2026-02-04T08:40:02","modified_gmt":"2026-02-04T07:40:02","slug":"o-nas-w-etr","status":"publish","type":"page","link":"https:\/\/pb.edu.pl\/uci\/o-nas-w-etr\/","title":{"rendered":"O nas w ETR"},"content":{"rendered":"<div class=\"h3\">Informacja o Uczelnianym Centrum Informatycznym w tek\u015bcie \u0142atwym do czytania \u2013 ETR<\/div>\n<div class=\"h3\">Czym zajmuje si\u0119 Uczelniane Centrum Informatyczne?<\/div>\n<p>Uczelniane Centrum Informatyczne, <strong>w skr\u00f3cie UCI<\/strong>,<br \/>\nzajmuje si\u0119 us\u0142ugami informatycznymi w Politechnice Bia\u0142ostockiej.<\/p>\n<p>Wprowadza rozwi\u0105zania cyfrowe, kt\u00f3re usprawniaj\u0105 prac\u0119 uczelni.&nbsp;<\/p>\n<p>W tym tek\u015bcie u\u017cywamy skr\u00f3tu UCI.<\/p>\n<p>W sk\u0142ad UCI wchodz\u0105 3 sekcje: Sekcja ERP, Sekcja Obs\u0142ugi Studi\u00f3w oraz Sekcja System\u00f3w Bibliotecznych.<\/p>\n<div class=\"h3\">G\u0142\u00f3wne zadania UCI<\/div>\n<p>UCI obs\u0142uguje systemy, kt\u00f3re pomagaj\u0105 zarz\u0105dza\u0107 uczelni\u0105 i uczy\u0107 si\u0119 online.<\/p>\n<p>Systemy UCI:<\/p>\n<ul style=\"list-style-type: disc\">\n<li>pomagaj\u0105 w rekrutacji nowych student\u00f3w,<\/li>\n<li>wspieraj\u0105 zarz\u0105dzanie uczelni\u0105,<\/li>\n<li>u\u0142atwiaj\u0105 dost\u0119p do nauki,<\/li>\n<li>poprawiaj\u0105 bezpiecze\u0144stwo danych.<\/li>\n<\/ul>\n<p>Pracownicy UCI pomagaj\u0105 studentom i pracownikom w korzystaniu z system\u00f3w informatycznych.<\/p>\n<div class=\"h3\">UCI zarz\u0105dza r\u00f3\u017cnymi systemami na Politechnice Bia\u0142ostockiej.<\/div>\n<p>Systemy te to:<\/p>\n<ul style=\"list-style-type: disc\">\n<li>IRK: Internetowa Rekrutacja Kandydat\u00f3w<\/li>\n<li>USOS: Uniwersytecki System Obs\u0142ugi Studi\u00f3w<\/li>\n<li>APD: Archiwum Prac Dyplomowych<\/li>\n<li>Office 365: Zbi\u00f3r aplikacji i us\u0142ug firmy Microsoft<\/li>\n<li>Moodle: Wirtualne \u015brodowisko kszta\u0142cenia<\/li>\n<li>TETA: System kadrowo-p\u0142acowy<\/li>\n<li>OmegaPsir: System do udost\u0119pniania publikacji naukowych<\/li>\n<li>Aleph: Zintegrowany system biblioteczny<\/li>\n<li>Matlab i Ansys: Specjalistyczne oprogramowania naukowe<\/li>\n<li>Zonifero: Wirtualna mapa uczelni<\/li>\n<\/ul>\n<div class=\"h3\">Kontakt z UCI<\/div>\n<p>Kierownikiem UCI jest Marcin Rodzianko.<br \/>\nW pracy pomaga mu kadra kierownicza oraz pracownicy.<\/p>\n<p>Jak si\u0119 skontaktowa\u0107 z UCI:<\/p>\n<ul style=\"list-style-type: disc\">\n<li>Zadzwo\u0144 pod numer: <i class=\"fal fa-phone\" aria-hidden=\"true\"><\/i> 85 746 9775<\/li>\n<li>Wy\u015blij email na adres: <i class=\"fal fa-envelope\" aria-hidden=\"true\"><\/i> <a href=\"#\" rel=\"nofollow\"  onclick=\"this.href='mailto:' + 'uci' + '@' + 'pb.edu.pl'\">uci [at] pb.edu.pl<\/a><\/li>\n<li>Przyjd\u017a osobi\u015bcie do biura w Budynku Rektoratu, pok\u00f3j B01-B05, ul. Wiejska 45A w Bia\u0142ymstoku.<\/li>\n<li>Biuro jest otwarte od poniedzia\u0142ku do pi\u0105tku w godzinach od 7:30 do 15:30.<\/li>\n<\/ul>\n<p><a title=\"\" href=\"https:\/\/pb.edu.pl\/uci\/\">Kliknij tutaj, aby odwiedzi\u0107 stron\u0119 internetow\u0105 Uczelnianego Centrum Informatycznego.<\/a><\/p>\n<div class=\"h3\">Jak zg\u0142asza\u0107 problemy z systemami<\/div>\n<p>Je\u015bli masz problem z systemami, zg\u0142o\u015b to przez formularz Helpdesk.<\/p>\n<p><a href=\"https:\/\/pb.edu.pl\/uci\/helpdesk-zglaszanie-problemow-z-obsluga-systemow\/\">Kliknij tutaj, aby zg\u0142osi\u0107 problem. <\/a><\/p>\n<div class=\"h3\">Informacje o specjalnych us\u0142ugach dla os\u00f3b z niepe\u0142nosprawno\u015bciami<\/div>\n<p>Na uczelni mamy aplikacj\u0119 Zonifero.<\/p>\n<p>Jest to wirtualna mapa uczelni, kt\u00f3ra pomaga w przemieszczaniu si\u0119 po uczelni.<\/p>\n<p>Dzi\u0119ki Zonifero mo\u017cesz znale\u017a\u0107 wa\u017cne miejsca, takie jak wydzia\u0142y, dziekanaty i sale zaj\u0119ciowe.<\/p>\n<p>W zak\u0142adce <strong>Udogodnienia<\/strong> znajdziesz list\u0119 sprz\u0119tu do pracy i nauki,<br \/>\nkt\u00f3ry mo\u017cesz wypo\u017cyczy\u0107.<\/p>\n<p>Na przyk\u0142ad:<\/p>\n<ul style=\"list-style-type: disc\">\n<li>czytnik ekranu,<\/li>\n<li>powi\u0119kszona klawiatura dla os\u00f3b s\u0142abowidz\u0105cych,<\/li>\n<li>urz\u0105dzenia wspomagaj\u0105ce s\u0142yszenie.<\/li>\n<\/ul>\n<p><a href=\"https:\/\/docs.uci.pb.edu.pl\/aplikacje\/zonifero.html\">Jak zainstalowa\u0107 i obs\u0142ugiwa\u0107 aplikacj\u0119 Zonifero, znajdziesz tutaj.<\/a><\/p>\n","protected":false},"excerpt":{"rendered":"<p>Informacja o Uczelnianym Centrum Informatycznym w tek\u015bcie \u0142atwym do czytania \u2013 ETR Czym zajmuje si\u0119<\/p>\n","protected":false},"author":2,"featured_media":0,"parent":0,"menu_order":4,"comment_status":"closed","ping_status":"closed","template":"","meta":{"_acf_changed":false,"ngg_post_thumbnail":0,"footnotes":""},"class_list":["post-142","page","type-page","status-publish","hentry"],"acf":[],"_links":{"self":[{"href":"https:\/\/pb.edu.pl\/uci\/wp-json\/wp\/v2\/pages\/142","targetHints":{"allow":["GET"]}}],"collection":[{"href":"https:\/\/pb.edu.pl\/uci\/wp-json\/wp\/v2\/pages"}],"about":[{"href":"https:\/\/pb.edu.pl\/uci\/wp-json\/wp\/v2\/types\/page"}],"author":[{"embeddable":true,"href":"https:\/\/pb.edu.pl\/uci\/wp-json\/wp\/v2\/users\/2"}],"replies":[{"embeddable":true,"href":"https:\/\/pb.edu.pl\/uci\/wp-json\/wp\/v2\/comments?post=142"}],"version-history":[{"count":10,"href":"https:\/\/pb.edu.pl\/uci\/wp-json\/wp\/v2\/pages\/142\/revisions"}],"predecessor-version":[{"id":5446,"href":"https:\/\/pb.edu.pl\/uci\/wp-json\/wp\/v2\/pages\/142\/revisions\/5446"}],"wp:attachment":[{"href":"https:\/\/pb.edu.pl\/uci\/wp-json\/wp\/v2\/media?parent=142"}],"curies":[{"name":"wp","href":"https:\/\/api.w.org\/{rel}","templated":true}]}}