{"id":1395,"date":"2021-12-11T11:47:10","date_gmt":"2021-12-11T10:47:10","guid":{"rendered":"https:\/\/pb.edu.pl\/uci\/?page_id=1395"},"modified":"2025-01-14T20:59:24","modified_gmt":"2025-01-14T19:59:24","slug":"azure-dev-tools-for-teaching","status":"publish","type":"page","link":"https:\/\/pb.edu.pl\/uci\/oprogramowanie\/azure-dev-tools-for-teaching\/","title":{"rendered":"Azure Dev Tools for Teaching"},"content":{"rendered":"<p>Politechnika Bia\u0142ostocka przyst\u0105pi\u0142a do programu <strong>Microsoft Azure Dev Tools for Teaching <\/strong>(wcze\u015bniejsza nazwa MSDN AA, Microsoft Imagine), w ramach kt\u00f3rego studenci oraz pracownicy naukowo-dydaktyczni otrzymuj\u0105 bezp\u0142atny dost\u0119p do oprogramowania firmy Microsoft, platformy Azure oraz innych zasob\u00f3w.<\/p>\n<div class=\"h4\"><strong>Czym jest program Azure Dev Tools?<br \/>\n<\/strong><\/div>\n<p>Program <strong>Microsoft Azure&nbsp;Dev&nbsp;Tools for Teaching<\/strong> oferuje dost\u0119p do korzy\u015bci maj\u0105cych na celu wspieranie dzia\u0142a\u0144 z zakresu edukacji i nauczania, niekomercyjnych bada\u0144 naukowych, projektowania, opracowywania, testowania i demonstrowania aplikacji umo\u017cliwiaj\u0105cych realizacj\u0119 powy\u017cszych cel\u00f3w.<\/p>\n<div class=\"h4\"><strong>Jak si\u0119 dosta\u0107 do narz\u0119dzi Azure?<\/strong><\/div>\n<p>Logowanie:<a title=\"Przejd\u017a do: narz\u0119dzia developerskie\" href=\"https:\/\/signup.azure.com\/studentverification?offerType=3\" target=\"_blank\" rel=\"noopener\">https:\/\/signup.azure.com\/studentverification?offerType=3<\/a><\/p>\n<p><strong>Uwagi:&nbsp;<\/strong><\/p>\n<ol>\n<li>Tylko studenci oraz pracownicy naukowo-dydaktyczni mog\u0105 zarejestrowa\u0107 si\u0119 w programie.<\/li>\n<li>Do rejestracji nale\u017cy u\u017cy\u0107 adresu e-mail w domenach: student.pb.edu.pl, st.pb.edu.pl.<\/li>\n<li>Microsoft b\u0119dzie weryfikowa\u0142 status akademicki u\u017cytkownika raz na 12 miesi\u0119cy.<\/li>\n<li>Q&amp;A czyli odpowiedzi na cz\u0119sto zadawane pytania &#8211; <a style=\"background-color: #ffffff;font-size: 1.5rem\" href=\"https:\/\/azureforeducation.microsoft.com\/en-us\/institutions\/devtoolsfaq\">https:\/\/azureforeducation.microsoft.com\/en-us\/institutions\/devtoolsfaq<\/a><\/li>\n<li>Support dla Administratora i U\u017cytkownika subskrypcji &#8211; <a style=\"background-color: #ffffff;font-size: 1.5rem\" href=\"https:\/\/azureforeducation.microsoft.com\/en-us\/institutions\/Contact\">https:\/\/azureforeducation.microsoft.com\/en-us\/institutions\/Contact<\/a><\/li>\n<li>Informacje szczeg\u00f3\u0142owe Microsoft: <a href=\"https:\/\/learn.microsoft.com\/pl-pl\/azure\/education-hub\/azure-dev-tools-teaching\/about-program\">Co to jest program Azure Dev Tools for Teaching? | Microsoft Learn<\/a><\/li>\n<li>Spo\u0142eczno\u015b\u0107 akademicka PB mo\u017ce korzysta\u0107 z kompleksowych materia\u0142\u00f3w szkoleniowych udost\u0119pnionych w \u015brodowisku <a title=\"Link zostanie otwarty w nowym oknie\" href=\"https:\/\/learn.microsoft.com\/pl-pl\/training\/browse\/?products=azure\" target=\"_blank\" rel=\"noopener noreferrer\">Microsoft Learn<\/a>.<\/li>\n<\/ol>\n<div class=\"h4\"><strong>Dost\u0119pne oprogramowanie:<\/strong><\/div>\n<p>W programie Azure Dev Tools for Teaching dost\u0119pny jest najnowszy system operacyjny Windows oraz:<\/p>\n<ul>\n<li>najnowsze oprogramowanie Microsoft,<\/li>\n<li>dost\u0119pne aktualizacje i pakiety j\u0119zykowe,<\/li>\n<li>narz\u0119dzia programistyczne,<\/li>\n<li>najnowsze systemy operacyjne,<\/li>\n<li>systemy serwerowe i bazodanowe,<\/li>\n<li>programy narz\u0119dziowe,<\/li>\n<li>programy edukacyjne.<\/li>\n<\/ul>\n<div class=\"h4\"><strong>Lista oprogramowania<\/strong><\/div>\n<div role=\"row\" aria-describedby=\"fxc-gc-row-footer_0_69\">\n<div role=\"gridcell\">Dost\u0119pne s\u0105 m.in. takie aplikacje:<\/div>\n<div role=\"gridcell\"><a href=\"https:\/\/portal.azure.com\/?Microsoft_Azure_Education_correlationId=f7615a85-29a4-4868-9ef7-132e73e1c3e9\">Windows 11 Education N (updated Nov 2021) &#8211; DVD<\/a><\/div>\n<div role=\"gridcell\"><a href=\"https:\/\/portal.azure.com\/?Microsoft_Azure_Education_correlationId=f7615a85-29a4-4868-9ef7-132e73e1c3e9\">Windows 10 Education, version 21H1 \u2013 DVD<\/a>&nbsp;<\/div>\n<\/div>\n<div role=\"row\" aria-describedby=\"fxc-gc-row-footer_0_70\">\n<div role=\"gridcell\"><a href=\"https:\/\/portal.azure.com\/?Microsoft_Azure_Education_correlationId=f7615a85-29a4-4868-9ef7-132e73e1c3e9\">Windows 10 Education, version 21H1 \u2013 DVD<\/a>&nbsp;<\/div>\n<\/div>\n<div role=\"row\" aria-describedby=\"fxc-gc-row-footer_0_71\">\n<div role=\"gridcell\"><a href=\"https:\/\/portal.azure.com\/?Microsoft_Azure_Education_correlationId=f7615a85-29a4-4868-9ef7-132e73e1c3e9\">Access 2016<\/a>&nbsp;<\/div>\n<\/div>\n<div role=\"row\" aria-describedby=\"fxc-gc-row-footer_0_72\">\n<div role=\"gridcell\"><a href=\"https:\/\/portal.azure.com\/?Microsoft_Azure_Education_correlationId=f7615a85-29a4-4868-9ef7-132e73e1c3e9\">Windows 10, version 2004 or 20H2 10C Local Experience Packs (LXPs) (released Nov 2020)<\/a>&nbsp;<\/div>\n<\/div>\n<div role=\"row\" aria-describedby=\"fxc-gc-row-footer_0_73\">\n<div role=\"gridcell\"><a href=\"https:\/\/portal.azure.com\/?Microsoft_Azure_Education_correlationId=f7615a85-29a4-4868-9ef7-132e73e1c3e9\">Windows 10, version 2004 or 20H2 11C Local Experience Packs (LXPs) (released Dec 2020) &#8211; DVD<\/a>&nbsp;<\/div>\n<\/div>\n<div role=\"row\" aria-describedby=\"fxc-gc-row-footer_0_74\">\n<div role=\"gridcell\"><a href=\"https:\/\/portal.azure.com\/?Microsoft_Azure_Education_correlationId=f7615a85-29a4-4868-9ef7-132e73e1c3e9\">Windows 10, version 2004 or 20H2 4B Local Experience Packs (LXPs) (released April 2021) &#8211; DVD<\/a>&nbsp;<\/div>\n<\/div>\n<div role=\"row\" aria-describedby=\"fxc-gc-row-footer_0_75\">\n<div role=\"gridcell\"><a href=\"https:\/\/portal.azure.com\/?Microsoft_Azure_Education_correlationId=f7615a85-29a4-4868-9ef7-132e73e1c3e9\">Windows 10, version 2004 or 20H2 Language Packs (released May 2020)<\/a>&nbsp;<\/div>\n<\/div>\n<div role=\"row\" aria-describedby=\"fxc-gc-row-footer_0_76\">\n<div role=\"gridcell\"><a href=\"https:\/\/portal.azure.com\/?Microsoft_Azure_Education_correlationId=f7615a85-29a4-4868-9ef7-132e73e1c3e9\">Windows 10, version 2004 or 20H2&nbsp;9B&nbsp;Local Experience Packs (LXPs) (released Oct 2020)<\/a>&nbsp;<\/div>\n<\/div>\n<div role=\"row\" aria-describedby=\"fxc-gc-row-footer_0_77\">\n<div role=\"gridcell\"><a href=\"https:\/\/portal.azure.com\/?Microsoft_Azure_Education_correlationId=f7615a85-29a4-4868-9ef7-132e73e1c3e9\">Windows 10, version 2004 or 20H2&nbsp;9C&nbsp;Local Experience Packs (LXPs) (released Oct 2020)<\/a>&nbsp;<\/div>\n<\/div>\n<div role=\"row\" aria-describedby=\"fxc-gc-row-footer_0_78\">\n<div role=\"gridcell\"><a href=\"https:\/\/portal.azure.com\/?Microsoft_Azure_Education_correlationId=f7615a85-29a4-4868-9ef7-132e73e1c3e9\">Windows 10, version 2004&nbsp;or 20H2 1C&nbsp;Local Experience Packs (LXPs) (released Feb 2021) &#8211; DVD<\/a>&nbsp;<\/div>\n<\/div>\n<div role=\"row\" aria-describedby=\"fxc-gc-row-footer_0_79\">\n<div role=\"gridcell\"><a href=\"https:\/\/portal.azure.com\/?Microsoft_Azure_Education_correlationId=f7615a85-29a4-4868-9ef7-132e73e1c3e9\">Windows 10, version 2004&nbsp;or 20H2 2C&nbsp;Local Experience Packs (LXPs) (released Mar 2021) &#8211; DVD<\/a>&nbsp;<\/div>\n<\/div>\n<div role=\"row\" aria-describedby=\"fxc-gc-row-footer_0_80\">\n<div role=\"gridcell\"><a href=\"https:\/\/portal.azure.com\/?Microsoft_Azure_Education_correlationId=f7615a85-29a4-4868-9ef7-132e73e1c3e9\">Windows 10, version 2004 or 20H2 4C Local Experience Packs (LXPs) (released May 2021) &#8211; DVD<\/a>&nbsp;<\/div>\n<\/div>\n<div role=\"row\" aria-describedby=\"fxc-gc-row-footer_0_81\">\n<div role=\"gridcell\">\n<div title=\"Windows 10, version 2004 or 20H2 5C Local Experience Packs (LXPs) (released June 2021) - DVD\"><a href=\"https:\/\/portal.azure.com\/?Microsoft_Azure_Education_correlationId=f7615a85-29a4-4868-9ef7-132e73e1c3e9\">Windows 10, version 2004 or 20H2 5C Local Experience Packs (LXPs) (released June 2021) &#8211; DVD<\/a><\/div>\n<\/div>\n<\/div>\n<div role=\"row\" aria-describedby=\"fxc-gc-row-footer_0_82\">\n<div role=\"gridcell\"><a href=\"https:\/\/portal.azure.com\/?Microsoft_Azure_Education_correlationId=f7615a85-29a4-4868-9ef7-132e73e1c3e9\">Windows 10, version 2004 or 20H2 7C Local Experience Packs (LXPs) (Updated August 2021) &#8211; DVD<\/a>&nbsp;<\/div>\n<\/div>\n<div role=\"row\" aria-describedby=\"fxc-gc-row-footer_0_83\">\n<div role=\"gridcell\"><a href=\"https:\/\/portal.azure.com\/?Microsoft_Azure_Education_correlationId=f7615a85-29a4-4868-9ef7-132e73e1c3e9\">Windows 10, version 2004 or 20H2 8C Local Experience Packs (LXPs) (Updated September 2021) &#8211; DVD<\/a>&nbsp;<\/div>\n<\/div>\n<div role=\"row\" aria-describedby=\"fxc-gc-row-footer_0_84\">\n<div role=\"gridcell\"><a href=\"https:\/\/portal.azure.com\/?Microsoft_Azure_Education_correlationId=f7615a85-29a4-4868-9ef7-132e73e1c3e9\">Windows 10, version 2004 or 20H2 9C Local Experience Packs (LXPs) (Updated October 2021) &#8211; DVD<\/a>&nbsp;<\/div>\n<\/div>\n<div role=\"row\" aria-describedby=\"fxc-gc-row-footer_0_85\">\n<div role=\"gridcell\"><a href=\"https:\/\/portal.azure.com\/?Microsoft_Azure_Education_correlationId=f7615a85-29a4-4868-9ef7-132e73e1c3e9\">Windows 10, version 2004 or 20H2 10C Local Experience Packs (LXPs) (updated November 2021) &#8211; DVD<\/a>&nbsp;<\/div>\n<\/div>\n<div role=\"row\" aria-describedby=\"fxc-gc-row-footer_0_86\">\n<div role=\"gridcell\"><a href=\"https:\/\/portal.azure.com\/?Microsoft_Azure_Education_correlationId=f7615a85-29a4-4868-9ef7-132e73e1c3e9\">Windows Server 2016 Datacenter (64-bitowy)<\/a>&nbsp;<\/div>\n<\/div>\n<div role=\"row\" aria-describedby=\"fxc-gc-row-footer_0_87\">\n<div role=\"gridcell\"><a href=\"https:\/\/portal.azure.com\/?Microsoft_Azure_Education_correlationId=f7615a85-29a4-4868-9ef7-132e73e1c3e9\">Windows Server 2016 Datacenter (64-bitowy)<\/a>&nbsp;<\/div>\n<\/div>\n<div role=\"row\" aria-describedby=\"fxc-gc-row-footer_0_88\">\n<div role=\"gridcell\"><a href=\"https:\/\/portal.azure.com\/?Microsoft_Azure_Education_correlationId=f7615a85-29a4-4868-9ef7-132e73e1c3e9\">Windows Server 2022 Datacenter<\/a>&nbsp;<\/div>\n<\/div>\n<div role=\"row\" aria-describedby=\"fxc-gc-row-footer_0_89\">\n<div role=\"gridcell\"><a href=\"https:\/\/portal.azure.com\/?Microsoft_Azure_Education_correlationId=f7615a85-29a4-4868-9ef7-132e73e1c3e9\">Windows Server 2019 Datacenter (updated Sept 2019)<\/a>&nbsp;<\/div>\n<\/div>\n<div role=\"row\" aria-describedby=\"fxc-gc-row-footer_0_90\">\n<div role=\"gridcell\"><a href=\"https:\/\/portal.azure.com\/?Microsoft_Azure_Education_correlationId=f7615a85-29a4-4868-9ef7-132e73e1c3e9\">Windows Server 2022 Datacenter<\/a>&nbsp;<\/div>\n<\/div>\n<div role=\"row\" aria-describedby=\"fxc-gc-row-footer_0_91\">\n<div role=\"gridcell\"><a href=\"https:\/\/portal.azure.com\/?Microsoft_Azure_Education_correlationId=f7615a85-29a4-4868-9ef7-132e73e1c3e9\">Windows Server 2019 Datacenter (updated Sept 2019)<\/a>&nbsp;<\/div>\n<\/div>\n<div role=\"row\" aria-describedby=\"fxc-gc-row-footer_0_92\">\n<div role=\"gridcell\"><a href=\"https:\/\/portal.azure.com\/?Microsoft_Azure_Education_correlationId=f7615a85-29a4-4868-9ef7-132e73e1c3e9\">Access 2016<\/a>&nbsp;<\/div>\n<\/div>\n<div role=\"row\" aria-describedby=\"fxc-gc-row-footer_0_93\">\n<div role=\"gridcell\"><a href=\"https:\/\/portal.azure.com\/?Microsoft_Azure_Education_correlationId=f7615a85-29a4-4868-9ef7-132e73e1c3e9\">Windows Server 2019 Essentials (updated Sept 2019)<\/a>&nbsp;<\/div>\n<\/div>\n<div role=\"row\" aria-describedby=\"fxc-gc-row-footer_0_94\">\n<div role=\"gridcell\"><a href=\"https:\/\/portal.azure.com\/?Microsoft_Azure_Education_correlationId=f7615a85-29a4-4868-9ef7-132e73e1c3e9\">Windows Server 2019 Essentials (updated Sept 2019)<\/a>&nbsp;<\/div>\n<\/div>\n<div role=\"row\" aria-describedby=\"fxc-gc-row-footer_0_95\">\n<div role=\"gridcell\"><a href=\"https:\/\/portal.azure.com\/?Microsoft_Azure_Education_correlationId=f7615a85-29a4-4868-9ef7-132e73e1c3e9\">Funkcje systemu Windows Server 2019 na \u017c\u0105danie (64-bitowe)<\/a>&nbsp;<\/div>\n<\/div>\n<div role=\"row\" aria-describedby=\"fxc-gc-row-footer_0_96\">\n<div role=\"gridcell\"><a href=\"https:\/\/portal.azure.com\/?Microsoft_Azure_Education_correlationId=f7615a85-29a4-4868-9ef7-132e73e1c3e9\">Pakiet j\u0119zykowy systemu Windows Server 2019 (64-bitowy)<\/a>&nbsp;<\/div>\n<\/div>\n<div role=\"row\" aria-describedby=\"fxc-gc-row-footer_0_97\">\n<div role=\"gridcell\"><a href=\"https:\/\/portal.azure.com\/?Microsoft_Azure_Education_correlationId=f7615a85-29a4-4868-9ef7-132e73e1c3e9\">Windows Server 2022 Standard<\/a>&nbsp;<\/div>\n<\/div>\n<div role=\"row\" aria-describedby=\"fxc-gc-row-footer_0_98\">\n<div role=\"gridcell\"><a href=\"https:\/\/portal.azure.com\/?Microsoft_Azure_Education_correlationId=f7615a85-29a4-4868-9ef7-132e73e1c3e9\">Windows Server 2019 Standard (updated Sept 2019)<\/a>&nbsp;<\/div>\n<\/div>\n<div role=\"row\" aria-describedby=\"fxc-gc-row-footer_0_99\">\n<div role=\"gridcell\"><a href=\"https:\/\/portal.azure.com\/?Microsoft_Azure_Education_correlationId=f7615a85-29a4-4868-9ef7-132e73e1c3e9\">Windows Server 2022 Standard<\/a>&nbsp;<\/div>\n<\/div>\n<div role=\"row\" aria-describedby=\"fxc-gc-row-footer_0_100\">\n<div role=\"gridcell\"><a href=\"https:\/\/portal.azure.com\/?Microsoft_Azure_Education_correlationId=f7615a85-29a4-4868-9ef7-132e73e1c3e9\">Windows Server 2019 Standard (updated Sept 2019)<\/a>&nbsp;<\/div>\n<\/div>\n<div role=\"row\" aria-describedby=\"fxc-gc-row-footer_0_101\">\n<div role=\"gridcell\"><a href=\"https:\/\/portal.azure.com\/?Microsoft_Azure_Education_correlationId=f7615a85-29a4-4868-9ef7-132e73e1c3e9\">Access 2021<\/a>&nbsp;<\/div>\n<\/div>\n<div role=\"row\" aria-describedby=\"fxc-gc-row-footer_0_102\">\n<div role=\"gridcell\"><a href=\"https:\/\/portal.azure.com\/?Microsoft_Azure_Education_correlationId=f7615a85-29a4-4868-9ef7-132e73e1c3e9\">Access 2021<\/a>&nbsp;<\/div>\n<\/div>\n<div role=\"row\" aria-describedby=\"fxc-gc-row-footer_0_103\">\n<div role=\"gridcell\"><a href=\"https:\/\/portal.azure.com\/?Microsoft_Azure_Education_correlationId=f7615a85-29a4-4868-9ef7-132e73e1c3e9\">Access 2019<\/a><\/div>\n<\/div>\n<div class=\"fxc-gc-row fxc-gc-row_0 azc-br-muted fxs-portal-hover\" role=\"row\" aria-describedby=\"fxc-gc-row-footer_0_5\">\n<div class=\"fxc-gc-row-content fxc-gc-row-content_0\">\n<div id=\"fxc-gc-cell-content_0_25\" class=\"fxc-gc-cell fxc-gc-columncell_0_0\" role=\"gridcell\">\n<div class=\"fxc-gcflink fxc-gc-text\"><a class=\"fxc-gcflink-link\" href=\"https:\/\/portal.azure.com\/?Microsoft_Azure_Education_correlationId=a55a68d3-425a-499d-ab27-88394fad3b71#\">SQL Server 2019 Developer<\/a><\/div>\n<\/div>\n<div id=\"fxc-gc-cell-content_0_26\" class=\"fxc-gc-cell fxc-gc-columncell_0_1\" role=\"gridcell\"><a class=\"fxc-gcflink-link\" style=\"background-color: #ffffff;font-size: 1.5rem\" href=\"https:\/\/portal.azure.com\/?Microsoft_Azure_Education_correlationId=a55a68d3-425a-499d-ab27-88394fad3b71#\">Visual Studio Enterprise 2019<\/a><\/div>\n<\/div>\n<\/div>\n<div class=\"fxc-gc-row fxc-gc-row_0 azc-br-muted fxs-portal-hover\" role=\"row\" aria-describedby=\"fxc-gc-row-footer_0_6\">\n<div class=\"fxc-gc-row-content fxc-gc-row-content_0\">\n<div id=\"fxc-gc-cell-content_0_31\" class=\"fxc-gc-cell fxc-gc-columncell_0_1\" role=\"gridcell\"><a class=\"fxc-gcflink-link\" style=\"background-color: #ffffff;font-size: 1.5rem\" href=\"https:\/\/portal.azure.com\/?Microsoft_Azure_Education_correlationId=a55a68d3-425a-499d-ab27-88394fad3b71#\">Visual Studio Enterprise Edition 2022<\/a><\/div>\n<\/div>\n<\/div>\n<div class=\"fxc-gc-row fxc-gc-row_0 azc-br-muted fxs-portal-hover\" role=\"row\" aria-describedby=\"fxc-gc-row-footer_0_7\">\n<div class=\"fxc-gc-row-content fxc-gc-row-content_0\">\n<div id=\"fxc-gc-cell-content_0_36\" class=\"fxc-gc-cell fxc-gc-columncell_0_1\" role=\"gridcell\">&nbsp;<\/div>\n<div id=\"fxc-gc-cell-content_0_39\" class=\"fxc-gc-cell fxc-gc-columncell_0_4\" role=\"gridcell\">\n<div>&nbsp;<\/div>\n<div class=\"fxc-gc-text\"><strong style=\"color: inherit;font-family: inherit;font-size: 1.8rem\">Warunki korzystania:<\/strong><\/div>\n<\/div>\n<\/div>\n<\/div>\n<p>Oprogramowanie mo\u017ce by\u0107 instalowane wy\u0142\u0105cznie na prywatnych komputerach student\u00f3w oraz pracownik\u00f3w naukowo-dydaktycznych.<br \/>\nKorzystanie z oprogramowania w laboratoriach komputerowych jest mo\u017cliwe w ramach opisanych poni\u017cej cel\u00f3w.<\/p>\n<p>Studenci oraz pracownicy naukowi mog\u0105 u\u017cywa\u0107 z udost\u0119pnionego w ramach programu ADT4T oprogramowania jedynie w celach niekomercyjnych.<\/p>\n<p>Zalicza si\u0119 do nich:<\/p>\n<ul>\n<li>edukacja w\u0142asna,<\/li>\n<li>badania i projektowanie,<\/li>\n<li>tworzenie i testowanie rozwi\u0105za\u0144,<\/li>\n<li>projekty w ramach zaj\u0119\u0107 przewidzianych programem przedmiotu, dla kt\u00f3rego oprogramowanie zosta\u0142o udost\u0119pnione lub projekt\u00f3w w\u0142asnych.<\/li>\n<\/ul>\n<p>Nie jest dozwolone u\u017cywanie udost\u0119pnianego oprogramowania do tworzenia oprogramowania, projekt\u00f3w i rozwi\u0105za\u0144 w ramach przedsi\u0119wzi\u0119\u0107 maj\u0105cych przynosi\u0107 dochody. Za prawid\u0142owe korzystanie z oprogramowania odpowiada Licencjobiorca (student, pracownik naukowo-dydaktyczny). Nie wolno odsprzedawa\u0107, udost\u0119pnia\u0107, przypisywa\u0107 ani w inny spos\u00f3b przenosi\u0107 oprogramowania oraz kluczy produkt\u00f3w. Dzia\u0142ania dotycz\u0105ce kluczy s\u0105 monitorowane.<\/p>\n<p>W przypadku ustania zale\u017cno\u015bci mi\u0119dzy studentem a Politechnik\u0105 Bia\u0142ostock\u0105, na mocy kt\u00f3rej student posiada\u0142 mo\u017cliwo\u015b\u0107 u\u017cywania udost\u0119pnianego oprogramowania, osoba ta traci mo\u017cliwo\u015b\u0107 uaktualniania oprogramowania na swoim komputerze osobistym, zachowuje jednak mo\u017cliwo\u015b\u0107 dalszego u\u017cywania udost\u0119pnionego w ramach programu oprogramowania wy\u0142\u0105cznie w celach samokszta\u0142cenia, oraz wykonywania projekt\u00f3w &nbsp;niekomercyjnych i niedochodowych .<\/p>\n<p>Naruszenie warunk\u00f3w korzystania z oprogramowani z programu Microsoft Azure Dev Tool for Teaching poci\u0105ga za sob\u0105 automatycznie utrat\u0119 zgody na u\u017cywanie oprogramowania u\u017cyczonego w ramach programu i jest jednoznaczne z konieczno\u015bci\u0105 natychmiastowego zaprzestania u\u017cywania oprogramowania i jego usuni\u0119cia z komputera osobistego studenta lub pracownika. Niezale\u017cnie od powy\u017cszego naruszenie warunk\u00f3w licencji mo\u017ce spowodowa\u0107 podj\u0119cie krok\u00f3w na drodze karnej lub cywilnej przez odpowiednie organy.<\/p>\n<div class=\"h4\"><strong>Wsparcie:<\/strong><\/div>\n<p>W przypadku problem\u00f3w z dost\u0119pem do uczelnianego konta e-mail, &nbsp;wymaganego podczas rejestracji w programie <strong>Microsoft Azure Dev Tools for Teaching<\/strong> prosimy o przes\u0142anie zg\u0142oszenia na adres: uci@pb.edu.pl.<\/p>\n<p>&nbsp;<\/p>\n","protected":false},"excerpt":{"rendered":"<p>Politechnika Bia\u0142ostocka przyst\u0105pi\u0142a do programu Microsoft Azure Dev Tools for Teaching (wcze\u015bniejsza nazwa MSDN AA,<\/p>\n","protected":false},"author":3,"featured_media":0,"parent":63,"menu_order":0,"comment_status":"closed","ping_status":"closed","template":"","meta":{"_acf_changed":false,"ngg_post_thumbnail":0,"footnotes":""},"class_list":["post-1395","page","type-page","status-publish","hentry"],"acf":[],"_links":{"self":[{"href":"https:\/\/pb.edu.pl\/uci\/wp-json\/wp\/v2\/pages\/1395","targetHints":{"allow":["GET"]}}],"collection":[{"href":"https:\/\/pb.edu.pl\/uci\/wp-json\/wp\/v2\/pages"}],"about":[{"href":"https:\/\/pb.edu.pl\/uci\/wp-json\/wp\/v2\/types\/page"}],"author":[{"embeddable":true,"href":"https:\/\/pb.edu.pl\/uci\/wp-json\/wp\/v2\/users\/3"}],"replies":[{"embeddable":true,"href":"https:\/\/pb.edu.pl\/uci\/wp-json\/wp\/v2\/comments?post=1395"}],"version-history":[{"count":0,"href":"https:\/\/pb.edu.pl\/uci\/wp-json\/wp\/v2\/pages\/1395\/revisions"}],"up":[{"embeddable":true,"href":"https:\/\/pb.edu.pl\/uci\/wp-json\/wp\/v2\/pages\/63"}],"wp:attachment":[{"href":"https:\/\/pb.edu.pl\/uci\/wp-json\/wp\/v2\/media?parent=1395"}],"curies":[{"name":"wp","href":"https:\/\/api.w.org\/{rel}","templated":true}]}}