{"id":120,"date":"2018-05-22T22:05:03","date_gmt":"2018-05-22T20:05:03","guid":{"rendered":"https:\/\/pb.edu.pl\/uci\/?page_id=120"},"modified":"2023-11-30T15:39:30","modified_gmt":"2023-11-30T14:39:30","slug":"lex","status":"publish","type":"page","link":"https:\/\/pb.edu.pl\/uci\/uslugi\/lex\/","title":{"rendered":"LEX"},"content":{"rendered":"<div class=\"h3\"><a title=\"\" href=\"https:\/\/www.lex.pl\">LEX<\/a> to kompletny i codziennie aktualizowany zbi\u00f3r prawa, orzecznictwa i pi\u015bmiennictwa prawniczego. Pozwala on na przeszukiwanie serwisu za pomoc\u0105 innowacyjnej wyszukiwarki LEX Search, kt\u00f3ra powsta\u0142a w oparciu o sztuczn\u0105 inteligencj\u0119. Wyniki wyszukiwania s\u0105 precyzyjniej dopasowane do zapytania respondenta. Ponadto umo\u017cliwia dost\u0119p do najwy\u017cszej jako\u015bci wiedzy w odpowiednim miejscu i czasie. Udost\u0119pnione s\u0105 r\u00f3wnie\u017c wysokiej jako\u015bci merytorycznej szkolenia online (webinaria) oraz infolinie z dy\u017curami ekspert\u00f3w z wielu dziedzin.<\/div>\n<div>&nbsp;<\/div>\n<p><strong>System informacji prawnej zapewnia dost\u0119p do:<\/strong><\/p>\n<ul style=\"list-style-type: disc\">\n<li>akt\u00f3w prawnych opublikowanych w Dzienniku Ustaw i Monitorze Polskim;<\/li>\n<li>metryk i ujednoliconych tekst\u00f3w akt\u00f3w prawnych opublikowanych w Dziennikach Urz\u0119dowych;<\/li>\n<li>wybranych projekt\u00f3w ustaw wraz z uzasadnieniami;<\/li>\n<li>orzecze\u0144 s\u0105dowych:\n<ul style=\"list-style-type: square\">\n<li>publikowanych w zbiorach urz\u0119dowych m.in.: Orzecznictwo S\u0105du Najwy\u017cszego, Orzecznictwo Najwy\u017cszego S\u0105du Administracyjnego, Orzecznictwo Trybuna\u0142u Konstytucyjnego;<\/li>\n<li>publikowanych w zbiorach nieurz\u0119dowych m.in.: Biuletyn Skarbowy, Monitor Podatkowy, Monitor Prawniczy, Orzecznictwo S\u0105d\u00f3w Apelacyjnych, Przegl\u0105d Orzecznictwa Podatkowego, Wokanda;<\/li>\n<li>pochodz\u0105cych z baz orzecze\u0144 s\u0105d\u00f3w dost\u0119pnych na stronach internetowych;<\/li>\n<\/ul>\n<\/li>\n<li>orzecze\u0144 administracji m.in.: samorz\u0105dowych kolegi\u00f3w odwo\u0142awczych, regionalnych izb obrachunkowych, rozstrzygni\u0119cia nadzorcze wojewody;<\/li>\n<li>pism urz\u0119dowych ministerstw, organ\u00f3w centralnych i innych podmiot\u00f3w administracji publicznej;<\/li>\n<li>urz\u0119dowych wzor\u00f3w pism pochodz\u0105cych z dziennik\u00f3w urz\u0119dowych;<\/li>\n<li>zestawie\u0144, czyli dokument\u00f3w zawieraj\u0105cych zestawienia danych z akt\u00f3w prawnych;<\/li>\n<li>danych teleadresowych s\u0105d\u00f3w, urz\u0119d\u00f3w i innych instytucji dzia\u0142aj\u0105cych na terenie Rzeczypospolitej Polskiej.<\/li>\n<\/ul>\n<div class=\"h2\"><span style=\"font-size: 14pt\">Dost\u0119p do systemu LEX<\/span><\/div>\n<p>Dost\u0119p do LEX dla pracownik\u00f3w PB mo\u017cliwy jest z komputer\u00f3w s\u0142u\u017cbowych na terenie uczelni bez konieczno\u015bci logowania (tzw. dost\u0119p po IP). Wystarczy wej\u015b\u0107 na stron\u0119 <a title=\"\" href=\"http:\/\/www.ip.lex.pl\/\">www.ip.lex.pl<\/a><\/p>\n<p>Aby skorzysta\u0107 z pe\u0142nego zakresu funkcji, takich jak akt\u00f3wka, historia, alerty, prosimy o zalogowanie si\u0119 na swoje konto za pomoc\u0105 adresu e-mail i has\u0142a.<\/p>\n<p>W przypadku braku konta zach\u0119camy do bezp\u0142atnej rejestracji, klikaj\u0105c na link <em>Za\u0142\u00f3\u017c konto<\/em> i podaj\u0105c s\u0142u\u017cbowy adres e-mail w domenie @pb.edu.pl. Nast\u0119pnie prosimy post\u0119powa\u0107 zgodnie ze wskaz\u00f3wkami dost\u0119pnymi na stronie. Szczeg\u00f3\u0142owe informacje odno\u015bnie <a title=\"\" href=\"https:\/\/pomoc.wolterskluwer.pl\/logowanie-do-lex-dostep-przez-ip-oraz-dodatkowa-autoryzacja\/\">dost\u0119pu do LEX znajduj\u0105 si\u0119 na stronie pomocy<\/a>.<\/p>\n<div class=\"h2\"><span style=\"font-size: 14pt\">Elementy sk\u0142adowe systemu LEX<\/span><\/div>\n<div class=\"table-responsive\">\n<table class=\"table table-striped table borderless\" style=\"width: auto\">\n<thead>\n<tr style=\"border: 0\">\n<th style=\"text-align: left;vertical-align: middle\">Dost\u0119p dla pracownik\u00f3w Politechniki Bia\u0142ostockiej&nbsp;<\/th>\n<th style=\"text-align: left;vertical-align: middle\">&nbsp;<\/th>\n<\/tr>\n<\/thead>\n<tbody>\n<tr>\n<td>LEX Akademia Optimum<\/p>\n<p>LEX Kadry Standard +<\/p>\n<p>LEX Zam\u00f3wienia Publiczne Standard +<\/p>\n<p>LEX Prawo O\u015bwiatowe Standard +<\/p>\n<p>LEX Urz\u0105d i Obywatele Standard +<\/p>\n<p>LEX Monografie Prawo Cywilne<\/p>\n<p>LEX Monografie Prawo Publiczne<\/p>\n<p>LEX Monografie Prawo Pracy<\/p>\n<p>LEX Komentarze Prawo Cywilne<\/p>\n<p>LEX Komentarze Prawo Pracy<\/p>\n<div>\n<p><!--ScriptorStartFragment--><\/p>\n<div class=\"scriptor-paragraph\">LEX Komentarze Prawo Publiczne<\/div>\n<p><!--ScriptorEndFragment--><\/p>\n<\/div>\n<\/td>\n<td>&nbsp;<\/td>\n<\/tr>\n<\/tbody>\n<\/table>\n<\/div>\n<div>\n<div class=\"h2\"><span style=\"font-size: 14pt\">Informacje o licencji<\/span><\/div>\n<p>System LEX jest obj\u0119ty licencj\u0105 terminow\u0105, kt\u00f3ra jest corocznie odnawiana.<\/p>\n<\/div>\n<div class=\"h4\"><span style=\"font-size: 14pt\">Szkolenia<\/span><\/div>\n<div>Firma Wolters Kluwer w\u0142a\u015bciciel programu LEX cyklicznie organizuje bezp\u0142atne szkolenia z obs\u0142ugi programu. Serdecznie zach\u0119camy do korzystania z tej formy wsparcia: <a title=\"\" href=\"https:\/\/szkolenia.wolterskluwer.pl\/katalog-szkolen\/szkolenia-online,5,rodzaj.html\">Szkolenia online \/ Wolters Kluwer.<\/a><\/div>\n<div>&nbsp;<\/div>\n<div>\n<p>Szczeg\u00f3lnie polecamy (dla ka\u017cdego ze szkole\u0144 do wyboru jest kilka termin\u00f3w):<\/p>\n<\/div>\n<ul>\n<li><a title=\"\" href=\"https:\/\/szkolenia.wolterskluwer.pl\/karta-szkolenia\/pierwsze-kroki-z-programem-lex-podstawy-obslugi,1196.html\">&#8222;Pierwsze kroki&#8221; z programem LEX- podstawy obs\u0142ugi<\/a><\/li>\n<li><a title=\"\" href=\"https:\/\/szkolenia.wolterskluwer.pl\/karta-szkolenia\/personalizacja-ustawien-serwisu-lex,701.html\">Personalizacja ustawie\u0144 serwisu LEX<\/a><\/li>\n<li><a title=\"\" href=\"https:\/\/szkolenia.wolterskluwer.pl\/karta-szkolenia\/wyszukiwanie-w-serwisie-lex,686.html\">Wyszukiwanie w serwisie LEX<\/a><\/li>\n<li><a title=\"\" href=\"https:\/\/szkolenia.wolterskluwer.pl\/karta-szkolenia\/praca-z-dokumentami-w-serwisie-lex,685.html\">Praca z dokumentami w serwisie LEX<\/a><\/li>\n<\/ul>\n<div class=\"h4\"><span style=\"font-size: 14pt\">Samouczek<\/span><\/div>\n<p><!--ScriptorStartFragment--><a href=\"https:\/\/szkolenia.wolterskluwer.pl\/katalog-szkolen\/szkolenia-online,5,rodzaj.html\"><span role=\"link\">Szkolenia online \/ Wolters Kluwer<\/span><\/a> <!--ScriptorEndFragment--><\/p>\n<p><a href=\"http:\/\/bit.ly\/2VCu7Ds\">Logowanie i rejestracja do systemu LEX<\/a><\/p>\n<p><a href=\"http:\/\/bit.ly\/2Hnk3UK\">LEX \u2013 Sprawne wyszukiwanie<\/a><\/p>\n<p><!--ScriptorStartFragment--><a href=\"https:\/\/pomoc.wolterskluwer.pl\/wyszukiwanie-dokumentow-indeksy-branzowe\/\"><span role=\"link\">Wyszukiwanie dokument\u00f3w: Indeksy bran\u017cowe<\/span><\/a> <!--ScriptorEndFragment--><\/p>\n<p><a href=\"http:\/\/bit.ly\/2VCpFoe\">Ustawienia u\u017cytkownika i nawigacja<\/a><\/p>\n<p><a href=\"http:\/\/bit.ly\/2Yz8ukz\">Wygodna praca z dokumentami<\/a><\/p>\n<p><a href=\"http:\/\/bit.ly\/2W1pAK6\">Ustawienia paneli oraz pulpitu LEX<\/a><\/p>\n<p><a href=\"http:\/\/bit.ly\/2LGS084\">Notatki \u2013 przejrzysty spos\u00f3b wy\u015bwietlania notatek do akt\u00f3w prawnych<\/a><\/p>\n<p><!--ScriptorStartFragment--><a href=\"https:\/\/pomoc.wolterskluwer.pl\/\"><span role=\"link\">Pomoc Wolters Kluwer<\/span><\/a> <!--ScriptorEndFragment--><\/p>\n<p>&nbsp;<\/p>\n<div>\n<p><!--ScriptorStartFragment--><\/p>\n<div class=\"scriptor-paragraph\">W razie pyta\u0144 b\u0105d\u017a potrzeby wsparcia technicznego prosimy o kontakt z Uczelnianym Centrum Informatycznym za po\u015brednictwem formularza <a href=\"https:\/\/pb.edu.pl\/uci\/helpdesk-zglaszanie-problemow-z-obsluga-systemow\/\"><span role=\"link\">HelpDesk<\/span><\/a>.<\/div>\n<div class=\"scriptor-paragraph\">Odpowiedzialnym za administrowanie oprogramowaniem LEX jest Rados\u0142aw Kapica z UCI PB.<!--ScriptorEndFragment--><\/div>\n<\/div>\n","protected":false},"excerpt":{"rendered":"<p>LEX to kompletny i codziennie aktualizowany zbi\u00f3r prawa, orzecznictwa i pi\u015bmiennictwa prawniczego. Pozwala on na<\/p>\n","protected":false},"author":2,"featured_media":3161,"parent":97,"menu_order":5,"comment_status":"closed","ping_status":"closed","template":"","meta":{"_acf_changed":false,"ngg_post_thumbnail":0,"footnotes":""},"class_list":["post-120","page","type-page","status-publish","has-post-thumbnail","hentry"],"acf":[],"_links":{"self":[{"href":"https:\/\/pb.edu.pl\/uci\/wp-json\/wp\/v2\/pages\/120","targetHints":{"allow":["GET"]}}],"collection":[{"href":"https:\/\/pb.edu.pl\/uci\/wp-json\/wp\/v2\/pages"}],"about":[{"href":"https:\/\/pb.edu.pl\/uci\/wp-json\/wp\/v2\/types\/page"}],"author":[{"embeddable":true,"href":"https:\/\/pb.edu.pl\/uci\/wp-json\/wp\/v2\/users\/2"}],"replies":[{"embeddable":true,"href":"https:\/\/pb.edu.pl\/uci\/wp-json\/wp\/v2\/comments?post=120"}],"version-history":[{"count":0,"href":"https:\/\/pb.edu.pl\/uci\/wp-json\/wp\/v2\/pages\/120\/revisions"}],"up":[{"embeddable":true,"href":"https:\/\/pb.edu.pl\/uci\/wp-json\/wp\/v2\/pages\/97"}],"wp:featuredmedia":[{"embeddable":true,"href":"https:\/\/pb.edu.pl\/uci\/wp-json\/wp\/v2\/media\/3161"}],"wp:attachment":[{"href":"https:\/\/pb.edu.pl\/uci\/wp-json\/wp\/v2\/media?parent=120"}],"curies":[{"name":"wp","href":"https:\/\/api.w.org\/{rel}","templated":true}]}}