{"id":110,"date":"2018-05-22T21:57:49","date_gmt":"2018-05-22T19:57:49","guid":{"rendered":"https:\/\/pb.edu.pl\/uci\/?page_id=110"},"modified":"2026-03-26T13:07:34","modified_gmt":"2026-03-26T12:07:34","slug":"elektroniczna-legitymacja-studencka","status":"publish","type":"page","link":"https:\/\/pb.edu.pl\/uci\/uslugi\/elektroniczna-legitymacja-studencka\/","title":{"rendered":"Elektroniczna Legitymacja Studencka"},"content":{"rendered":"<p><strong>Elektroniczna Legitymacja Studencka (ELS) <\/strong>zosta\u0142a wprowadzona <a href=\"https:\/\/isap.sejm.gov.pl\/isap.nsf\/DocDetails.xsp?id=WDU20250001220\">Rozporz\u0105dzenie Ministra Nauki i Szkolnictwa Wy\u017cszego z dnia 29 sierpnia 2025 r. w sprawie studi\u00f3w<\/a> (Dz.U. 2025 poz. 1220).<\/p>\n<p>ELS&nbsp;ma form\u0119 karty z tworzywa sztucznego z wbudowanym uk\u0142adem elektronicznym stykowym i bezstykowym, a jej wz\u00f3r graficzny jest jednolity dla wszystkich uczelni i zosta\u0142 okre\u015blony w ww. rozporz\u0105dzeniu.&nbsp;Zawiera: zdj\u0119cie, dane osobowe, termin wa\u017cno\u015bci dokumentu, potwierdzony niewielkim hologramem oraz widoczny zapis uprawnie\u0144 do ulg przys\u0142uguj\u0105cych studentom.<\/p>\n<p>Legitymacja zgodnie z rozporz\u0105dzeniem s\u0142u\u017cy jako&nbsp;<strong>dokument&nbsp;po\u015bwiadczaj\u0105cy&nbsp;status&nbsp;studenta<\/strong>. Dodatkowo wykorzystywana jest jako<strong> karta biblioteczna i<\/strong> <strong>karta miejska<\/strong>.<br \/>\n&nbsp;<\/p>\n<p><a href=\"https:\/\/pb.edu.pl\/uci\/wp-content\/uploads\/sites\/17\/2026\/03\/obraz-2.png\"><img loading=\"lazy\" decoding=\"async\" class=\"wp-image-5498 size-full alignleft\" src=\"https:\/\/pb.edu.pl\/uci\/wp-content\/uploads\/sites\/17\/2026\/03\/obraz-2.png\" alt=\"\" width=\"412\" height=\"268\" srcset=\"https:\/\/pb.edu.pl\/uci\/wp-content\/uploads\/sites\/17\/2026\/03\/obraz-2.png 412w, https:\/\/pb.edu.pl\/uci\/wp-content\/uploads\/sites\/17\/2026\/03\/obraz-2-300x195.png 300w\" sizes=\"auto, (max-width: 412px) 100vw, 412px\" \/><\/a><\/p>\n<p><a href=\"https:\/\/pb.edu.pl\/uci\/wp-content\/uploads\/sites\/17\/2026\/03\/obraz-1.png\"><img loading=\"lazy\" decoding=\"async\" class=\"wp-image-5500 size-full aligncenter\" src=\"https:\/\/pb.edu.pl\/uci\/wp-content\/uploads\/sites\/17\/2026\/03\/obraz-1.png\" alt=\"\" width=\"412\" height=\"276\" srcset=\"https:\/\/pb.edu.pl\/uci\/wp-content\/uploads\/sites\/17\/2026\/03\/obraz-1.png 412w, https:\/\/pb.edu.pl\/uci\/wp-content\/uploads\/sites\/17\/2026\/03\/obraz-1-300x201.png 300w\" sizes=\"auto, (max-width: 412px) 100vw, 412px\" \/><\/a><\/p>\n<p>&nbsp;<\/p>\n<p>Og\u00f3ln\u0105 obs\u0142ug\u0105 Elektronicznych Legitymacji Studenckich w&nbsp;Politechnice Bia\u0142ostockiej zajmuj\u0105 si\u0119 <strong>Dziekanaty<\/strong> poszczeg\u00f3lnych wydzia\u0142\u00f3w.&nbsp;<\/p>\n<p>W kwestii instalacji oprogramowania do obs\u0142ugi ELS prosimy o kontakt z mgr in\u017c. Markiem Opackim:<br \/>\nul. Wiejska 45 A, pok. 020B<br \/>\n15-351 Bia\u0142ystok<br \/>\n<i class=\"fa fa-phone\" aria-hidden=\"true\"><\/i> (85) 746 9025<br \/>\n<i class=\"fa fa-envelope-o\" aria-hidden=\"true\"><\/i> <a href=\"#\" rel=\"nofollow\"  onclick=\"this.href='mailto:' + 'els' + '@' + 'uci.pb.edu.pl'\">els [at] uci.pb.edu.pl<\/a>\n<div class=\"h2\">Pliki do pobrania:<\/div>\n<p><a class=\"pdf\" title=\"\" href=\"https:\/\/pb.edu.pl\/uci\/wp-content\/uploads\/sites\/17\/2026\/03\/D20251220.pdf\" rel=\"noopener noreferrer\">Rozporz\u0105dzenie Ministra Nauki i Szkolnictwa Wy\u017cszego z dnia 29 sierpnia 2025 r. w sprawie studi\u00f3w (481 KB)<\/a><\/p>\n","protected":false},"excerpt":{"rendered":"<p>Elektroniczna Legitymacja Studencka (ELS) zosta\u0142a wprowadzona Rozporz\u0105dzenie Ministra Nauki i Szkolnictwa Wy\u017cszego z dnia 29<\/p>\n","protected":false},"author":2,"featured_media":0,"parent":97,"menu_order":4,"comment_status":"closed","ping_status":"closed","template":"","meta":{"_acf_changed":false,"ngg_post_thumbnail":0,"footnotes":""},"class_list":["post-110","page","type-page","status-publish","hentry"],"acf":[],"_links":{"self":[{"href":"https:\/\/pb.edu.pl\/uci\/wp-json\/wp\/v2\/pages\/110","targetHints":{"allow":["GET"]}}],"collection":[{"href":"https:\/\/pb.edu.pl\/uci\/wp-json\/wp\/v2\/pages"}],"about":[{"href":"https:\/\/pb.edu.pl\/uci\/wp-json\/wp\/v2\/types\/page"}],"author":[{"embeddable":true,"href":"https:\/\/pb.edu.pl\/uci\/wp-json\/wp\/v2\/users\/2"}],"replies":[{"embeddable":true,"href":"https:\/\/pb.edu.pl\/uci\/wp-json\/wp\/v2\/comments?post=110"}],"version-history":[{"count":3,"href":"https:\/\/pb.edu.pl\/uci\/wp-json\/wp\/v2\/pages\/110\/revisions"}],"predecessor-version":[{"id":5514,"href":"https:\/\/pb.edu.pl\/uci\/wp-json\/wp\/v2\/pages\/110\/revisions\/5514"}],"up":[{"embeddable":true,"href":"https:\/\/pb.edu.pl\/uci\/wp-json\/wp\/v2\/pages\/97"}],"wp:attachment":[{"href":"https:\/\/pb.edu.pl\/uci\/wp-json\/wp\/v2\/media?parent=110"}],"curies":[{"name":"wp","href":"https:\/\/api.w.org\/{rel}","templated":true}]}}