{"id":11,"date":"2018-05-22T16:44:37","date_gmt":"2018-05-22T14:44:37","guid":{"rendered":"https:\/\/pb.edu.pl\/uci\/?page_id=11"},"modified":"2026-01-13T12:56:10","modified_gmt":"2026-01-13T11:56:10","slug":"uczelniane-centrum-informatyczne","status":"publish","type":"page","link":"https:\/\/pb.edu.pl\/uci\/","title":{"rendered":""},"content":{"rendered":"<p>&nbsp;<\/p>\n<div class=\"row\">\n<div class=\"col-sm-6 text-center\"><a class=\"button text-center animated zoomIn lead\" style=\"width: 100%\" href=\"https:\/\/docs.uci.pb.edu.pl\/\" target=\"_blank\" rel=\"noopener\"><strong>E-instrukcje do system\u00f3w<\/strong><\/a><\/div>\n<div class=\"col-sm-6 text-center\"><a class=\"button text-center animated zoomIn lead\" style=\"width: 100%\" title=\"\" href=\"https:\/\/cert.pl\/uploads\/docs\/CERT_Polska_Bezpieczna_poczta_i_konta_spolecznosciowe.pdf\" target=\"_blank\" rel=\"noopener\"><strong>Cyfrowe bezpiecze\u0144stwo<\/strong><\/a><\/div>\n<\/div>\n<div class=\"row\">\n<div class=\"col-sm-6 text-center\"><a class=\"button text-center animated zoomIn lead\" style=\"width: 100%\" title=\"Webinary\" href=\"https:\/\/pb.edu.pl\/uci\/webinary\/\" target=\"_blank\" rel=\"noopener\"><strong>Webinary<\/strong><\/a><\/div>\n<div class=\"col-sm-6 text-center\"><a class=\"button text-center animated zoomIn lead\" style=\"width: 100%\" title=\"\" href=\"https:\/\/pb.edu.pl\/uci\/helpdesk-zglaszanie-problemow-z-obsluga-systemow\/\"><strong>Helpdesk &#8211; system zg\u0142osze\u0144<\/strong><\/a><\/div>\n<\/div>\n<div id=\"aktualnosci\" class=\"href\">&nbsp;<\/div>\n<p>&nbsp;<\/p>\n<div class=\"row\">\n<div class=\"col-md-3\">\n<h2 style=\"font-size: 3rem\"><a style=\"text-decoration: none\" title=\"poka\u017c wszystkie\" href=\"\/uci\/polecamy\/\">Polecamy <i class=\"fa fa-caret-right\" aria-hidden=\"true\"><\/i><\/a><\/h2>\n\t\t<div class=\"box news-box swiper-box\">\n\t\t<div class=\"row\">\n\t\t\t\n\t\t\t\n\t\t\t\t\t\t\t\t<div class=\"col-sm-12\">\n\t\t\t\t<div class=\"swiper-container\">\n\t\t\t\t\t<div class=\"swiper-wrapper\">\n\t\t\t\t\n\t\t\t\t\t\t\t\t\t<div class=\"swiper-slide\">\n\t\t\t\t\t\t\n<article class=\"format-standard\">\n    <span class=\"date text-right\"><i class=\"fal fa-calendar-alt\"><\/i> 26-03-2026<\/span>\n    <a href=\"https:\/\/pb.edu.pl\/uci\/polecamy\/20-przeglad-cyfrowy-uci\/\">\n      <div class=\"article-image\">\n        <img loading=\"lazy\" decoding=\"async\" width=\"480\" height=\"300\" src=\"https:\/\/pb.edu.pl\/uci\/wp-content\/uploads\/sites\/17\/2024\/01\/2024-01_UCI_www_2160-1350_zielony-480x300.jpg\" class=\"attachment-medium-image-16x10 size-medium-image-16x10 wp-post-image\" alt=\"\" srcset=\"https:\/\/pb.edu.pl\/uci\/wp-content\/uploads\/sites\/17\/2024\/01\/2024-01_UCI_www_2160-1350_zielony-480x300.jpg 480w, https:\/\/pb.edu.pl\/uci\/wp-content\/uploads\/sites\/17\/2024\/01\/2024-01_UCI_www_2160-1350_zielony-300x188.jpg 300w, https:\/\/pb.edu.pl\/uci\/wp-content\/uploads\/sites\/17\/2024\/01\/2024-01_UCI_www_2160-1350_zielony-1024x640.jpg 1024w, https:\/\/pb.edu.pl\/uci\/wp-content\/uploads\/sites\/17\/2024\/01\/2024-01_UCI_www_2160-1350_zielony-768x480.jpg 768w, https:\/\/pb.edu.pl\/uci\/wp-content\/uploads\/sites\/17\/2024\/01\/2024-01_UCI_www_2160-1350_zielony-1536x960.jpg 1536w, https:\/\/pb.edu.pl\/uci\/wp-content\/uploads\/sites\/17\/2024\/01\/2024-01_UCI_www_2160-1350_zielony-2048x1280.jpg 2048w\" sizes=\"auto, (max-width: 480px) 100vw, 480px\" \/>      <\/div>\n      <h3>20. Przegl\u0105d Cyfrowy UCI<\/h3>\n      W marcowym wydaniu \u201ePrzegl\u0105du Cyfrowego\u201d zebrali\u015bmy najwa\u017cniejsze informacje dotycz\u0105ce narz\u0119dzi cyfrowych    <\/a>\n<\/article>\t\t\t\t\t<\/div>\n\t\t\t\t\t\t\t\t\t<div class=\"swiper-slide\">\n\t\t\t\t\t\t\n<article class=\"format-standard\">\n    <span class=\"date text-right\"><i class=\"fal fa-calendar-alt\"><\/i> 26-02-2026<\/span>\n    <a href=\"https:\/\/pb.edu.pl\/uci\/polecamy\/19-przeglad-cyfrowy-uci-pb\/\">\n      <div class=\"article-image\">\n        <img loading=\"lazy\" decoding=\"async\" width=\"480\" height=\"300\" src=\"https:\/\/pb.edu.pl\/uci\/wp-content\/uploads\/sites\/17\/2024\/01\/2024-01_UCI_www_2160-1350_zielony-480x300.jpg\" class=\"attachment-medium-image-16x10 size-medium-image-16x10 wp-post-image\" alt=\"\" srcset=\"https:\/\/pb.edu.pl\/uci\/wp-content\/uploads\/sites\/17\/2024\/01\/2024-01_UCI_www_2160-1350_zielony-480x300.jpg 480w, https:\/\/pb.edu.pl\/uci\/wp-content\/uploads\/sites\/17\/2024\/01\/2024-01_UCI_www_2160-1350_zielony-300x188.jpg 300w, https:\/\/pb.edu.pl\/uci\/wp-content\/uploads\/sites\/17\/2024\/01\/2024-01_UCI_www_2160-1350_zielony-1024x640.jpg 1024w, https:\/\/pb.edu.pl\/uci\/wp-content\/uploads\/sites\/17\/2024\/01\/2024-01_UCI_www_2160-1350_zielony-768x480.jpg 768w, https:\/\/pb.edu.pl\/uci\/wp-content\/uploads\/sites\/17\/2024\/01\/2024-01_UCI_www_2160-1350_zielony-1536x960.jpg 1536w, https:\/\/pb.edu.pl\/uci\/wp-content\/uploads\/sites\/17\/2024\/01\/2024-01_UCI_www_2160-1350_zielony-2048x1280.jpg 2048w\" sizes=\"auto, (max-width: 480px) 100vw, 480px\" \/>      <\/div>\n      <h3>19. Przegl\u0105d Cyfrowy UCI PB<\/h3>\n      Codzienne transakcje akademickie \u0142atwiejsze dzi\u0119ki eP\u0142atno\u015bciom Ministerstwo Cyfryzacji wprowadza w\u0142a\u015bnie obs\u0142ug\u0119    <\/a>\n<\/article>\t\t\t\t\t<\/div>\n\t\t\t\t\t\t\t\t\t<div class=\"swiper-slide\">\n\t\t\t\t\t\t\n<article class=\"format-standard\">\n    <span class=\"date text-right\"><i class=\"fal fa-calendar-alt\"><\/i> 28-01-2026<\/span>\n    <a href=\"https:\/\/pb.edu.pl\/uci\/polecamy\/18-przeglad-cyfrowy-uci-pb\/\">\n      <div class=\"article-image\">\n        <img loading=\"lazy\" decoding=\"async\" width=\"480\" height=\"300\" src=\"https:\/\/pb.edu.pl\/uci\/wp-content\/uploads\/sites\/17\/2024\/01\/2024-01_UCI_www_2160-1350_zielony-480x300.jpg\" class=\"attachment-medium-image-16x10 size-medium-image-16x10 wp-post-image\" alt=\"\" srcset=\"https:\/\/pb.edu.pl\/uci\/wp-content\/uploads\/sites\/17\/2024\/01\/2024-01_UCI_www_2160-1350_zielony-480x300.jpg 480w, https:\/\/pb.edu.pl\/uci\/wp-content\/uploads\/sites\/17\/2024\/01\/2024-01_UCI_www_2160-1350_zielony-300x188.jpg 300w, https:\/\/pb.edu.pl\/uci\/wp-content\/uploads\/sites\/17\/2024\/01\/2024-01_UCI_www_2160-1350_zielony-1024x640.jpg 1024w, https:\/\/pb.edu.pl\/uci\/wp-content\/uploads\/sites\/17\/2024\/01\/2024-01_UCI_www_2160-1350_zielony-768x480.jpg 768w, https:\/\/pb.edu.pl\/uci\/wp-content\/uploads\/sites\/17\/2024\/01\/2024-01_UCI_www_2160-1350_zielony-1536x960.jpg 1536w, https:\/\/pb.edu.pl\/uci\/wp-content\/uploads\/sites\/17\/2024\/01\/2024-01_UCI_www_2160-1350_zielony-2048x1280.jpg 2048w\" sizes=\"auto, (max-width: 480px) 100vw, 480px\" \/>      <\/div>\n      <h3>18. Przegl\u0105d Cyfrowy UCI PB<\/h3>\n      Na pocz\u0105tku 2026 roku, w dobie dynamicznego rozwoju AI i nowych    <\/a>\n<\/article>\t\t\t\t\t<\/div>\n\t\t\t\t\n\t\t\t\t\t\t\t\t\t<\/div>\n\n\t\t\t\t\t<div class=\"swiper-button-prev\" title=\"poprzedni\"><i class=\"fa fa-angle-left\" aria-hidden=\"true\"><\/i><\/div>\n\t\t\t\t\t<div class=\"swiper-button-next\" title=\"nast\u0119pny\"><i class=\"fa fa-angle-right\" aria-hidden=\"true\"><\/i><\/div>\n\t\t\t\t<\/div>\n\t\t\t\t<\/div>\n\t\t\t\t\n\t\t\t\t\t<\/div>\n\t\t\t\t\t<\/div>\n\n<\/div>\n<div class=\"col-md-9\">\n<h2 style=\"font-size: 3rem\"><a style=\"text-decoration: none\" title=\"poka\u017c wszystkie\" href=\"\/uci\/aktualnosci\/\">Aktualno\u015bci <i class=\"fa fa-caret-right\" aria-hidden=\"true\"><\/i><\/a><\/h2>\n\t\t<div class=\"box news-box \">\n\t\t<div class=\"row\">\n\t\t\t\n\t\t\t\n\t\t\t\t\n\t\t\t\t\t\t\t\t\t\t<div class=\"col-sm-4\">\n\t\t\t\t\t\t\t\n<article class=\"format-standard\">\n    <span class=\"date text-right\"><i class=\"fal fa-calendar-alt\"><\/i> 08-04-2026<\/span>\n    <a href=\"https:\/\/pb.edu.pl\/uci\/2026\/04\/08\/spotkanie-copilot-chat-w-praktyce-studenckiej\/\">\n      <div class=\"article-image\">\n        <img loading=\"lazy\" decoding=\"async\" width=\"480\" height=\"300\" src=\"https:\/\/pb.edu.pl\/uci\/wp-content\/uploads\/sites\/17\/2026\/04\/Zebrania-Copilot-Chat-w-praktyce-studenckiej-1200-x-800-px-480x300.png\" class=\"attachment-medium-image-16x10 size-medium-image-16x10 wp-post-image\" alt=\"\" \/>      <\/div>\n      <h3>Copilot dla student\u00f3w<\/h3>\n      Spotkanie Copilot Chat w praktyce studenckiejma na celu pokazanie, w jaki    <\/a>\n<\/article>\t\t\t\t\t\t<\/div>\n\t\t\t\t\t\t\t\t\t\t\t<div class=\"col-sm-4\">\n\t\t\t\t\t\t\t\n<article class=\"format-standard\">\n    <span class=\"date text-right\"><i class=\"fal fa-calendar-alt\"><\/i> 25-03-2026<\/span>\n    <a href=\"https:\/\/pb.edu.pl\/uci\/2026\/03\/25\/prace-serwisowe-w-systemach-baza-dokumentow-i-publiczna-baza-dokumentow-27-03\/\">\n      <div class=\"article-image\">\n        <img loading=\"lazy\" decoding=\"async\" width=\"480\" height=\"300\" src=\"https:\/\/pb.edu.pl\/uci\/wp-content\/uploads\/sites\/17\/2025\/11\/Prace-serwisowe-utrudniony-dostep-do-systemu-Baza-Dokumentow-3-480x300.png\" class=\"attachment-medium-image-16x10 size-medium-image-16x10 wp-post-image\" alt=\"\" \/>      <\/div>\n      <h3>Prace serwisowe w systemach Baza Dokument\u00f3w i Publiczna Baza Dokument\u00f3w \u2013 27.03<\/h3>\n      Uprzejmie informujemy, \u017ce w dniu 27.03.2025 (pi\u0105tek), w godzinach od 7:30    <\/a>\n<\/article>\t\t\t\t\t\t<\/div>\n\t\t\t\t\t\t\t\t\t\t\t<div class=\"col-sm-4\">\n\t\t\t\t\t\t\t\n<article class=\"format-standard\">\n    <span class=\"date text-right\"><i class=\"fal fa-calendar-alt\"><\/i> 23-03-2026<\/span>\n    <a href=\"https:\/\/pb.edu.pl\/uci\/2026\/03\/23\/prace-serwisowe-w-tetame-23-03\/\">\n      <div class=\"article-image\">\n        <img loading=\"lazy\" decoding=\"async\" width=\"480\" height=\"300\" src=\"https:\/\/pb.edu.pl\/uci\/wp-content\/uploads\/sites\/17\/2024\/03\/Prace_serwisowe-480x300.jpg\" class=\"attachment-medium-image-16x10 size-medium-image-16x10 wp-post-image\" alt=\"\" srcset=\"https:\/\/pb.edu.pl\/uci\/wp-content\/uploads\/sites\/17\/2024\/03\/Prace_serwisowe-480x300.jpg 480w, https:\/\/pb.edu.pl\/uci\/wp-content\/uploads\/sites\/17\/2024\/03\/Prace_serwisowe-300x188.jpg 300w, https:\/\/pb.edu.pl\/uci\/wp-content\/uploads\/sites\/17\/2024\/03\/Prace_serwisowe-1024x640.jpg 1024w, https:\/\/pb.edu.pl\/uci\/wp-content\/uploads\/sites\/17\/2024\/03\/Prace_serwisowe-768x480.jpg 768w, https:\/\/pb.edu.pl\/uci\/wp-content\/uploads\/sites\/17\/2024\/03\/Prace_serwisowe.jpg 1080w\" sizes=\"auto, (max-width: 480px) 100vw, 480px\" \/>      <\/div>\n      <h3>Prace serwisowe w TetaME \u2013 23.03<\/h3>\n      Uprzejmie informujemy, \u017ce w dniu 23.03.2026 (poniedzia\u0142ek), w godzinach od 18:00    <\/a>\n<\/article>\t\t\t\t\t\t<\/div>\n\t\t\t\t\t\n\t\t\t\t\n\t\t\t\t\t<\/div>\n\t\t\t\t\t<\/div>\n\n<\/div>\n<\/div>\n\t\t<div class=\"box news-box \">\n\t\t<div class=\"row\">\n\t\t\t\n\t\t\t\n\t\t\t\t\n\t\t\t\t\t\t\t\t\t\t<div class=\"col-sm-3\">\n\t\t\t\t\t\t\t\n<article class=\"format-standard\">\n    <span class=\"date text-right\"><i class=\"fal fa-calendar-alt\"><\/i> 10-03-2026<\/span>\n    <a href=\"https:\/\/pb.edu.pl\/uci\/2026\/03\/10\/prace-serwisowe-na-platformach-moodle\/\">\n      <div class=\"article-image\">\n        <img loading=\"lazy\" decoding=\"async\" width=\"480\" height=\"300\" src=\"https:\/\/pb.edu.pl\/uci\/wp-content\/uploads\/sites\/17\/2025\/04\/prace_serwisowe_Moodle-480x300.jpg\" class=\"attachment-medium-image-16x10 size-medium-image-16x10 wp-post-image\" alt=\"\" srcset=\"https:\/\/pb.edu.pl\/uci\/wp-content\/uploads\/sites\/17\/2025\/04\/prace_serwisowe_Moodle-480x300.jpg 480w, https:\/\/pb.edu.pl\/uci\/wp-content\/uploads\/sites\/17\/2025\/04\/prace_serwisowe_Moodle-300x188.jpg 300w, https:\/\/pb.edu.pl\/uci\/wp-content\/uploads\/sites\/17\/2025\/04\/prace_serwisowe_Moodle-1024x640.jpg 1024w, https:\/\/pb.edu.pl\/uci\/wp-content\/uploads\/sites\/17\/2025\/04\/prace_serwisowe_Moodle-768x480.jpg 768w, https:\/\/pb.edu.pl\/uci\/wp-content\/uploads\/sites\/17\/2025\/04\/prace_serwisowe_Moodle.jpg 1080w\" sizes=\"auto, (max-width: 480px) 100vw, 480px\" \/>      <\/div>\n      <h3>Prace serwisowe na platformach Moodle<\/h3>\n      Uprzejmie informujemy, \u017ce w dniu 16 marca (w godzinach 19-22) planowana    <\/a>\n<\/article>\t\t\t\t\t\t<\/div>\n\t\t\t\t\t\t\t\t\t\t\t<div class=\"col-sm-3\">\n\t\t\t\t\t\t\t\n<article class=\"format-standard\">\n    <span class=\"date text-right\"><i class=\"fal fa-calendar-alt\"><\/i> 03-03-2026<\/span>\n    <a href=\"https:\/\/pb.edu.pl\/uci\/2026\/03\/03\/prace-serwisowe-w-tetame-03-03\/\">\n      <div class=\"article-image\">\n        <img loading=\"lazy\" decoding=\"async\" width=\"480\" height=\"300\" src=\"https:\/\/pb.edu.pl\/uci\/wp-content\/uploads\/sites\/17\/2024\/03\/Prace_serwisowe-480x300.jpg\" class=\"attachment-medium-image-16x10 size-medium-image-16x10 wp-post-image\" alt=\"\" srcset=\"https:\/\/pb.edu.pl\/uci\/wp-content\/uploads\/sites\/17\/2024\/03\/Prace_serwisowe-480x300.jpg 480w, https:\/\/pb.edu.pl\/uci\/wp-content\/uploads\/sites\/17\/2024\/03\/Prace_serwisowe-300x188.jpg 300w, https:\/\/pb.edu.pl\/uci\/wp-content\/uploads\/sites\/17\/2024\/03\/Prace_serwisowe-1024x640.jpg 1024w, https:\/\/pb.edu.pl\/uci\/wp-content\/uploads\/sites\/17\/2024\/03\/Prace_serwisowe-768x480.jpg 768w, https:\/\/pb.edu.pl\/uci\/wp-content\/uploads\/sites\/17\/2024\/03\/Prace_serwisowe.jpg 1080w\" sizes=\"auto, (max-width: 480px) 100vw, 480px\" \/>      <\/div>\n      <h3>Prace serwisowe w TetaME \u2013 03.03<\/h3>\n      Uprzejmie informujemy, \u017ce w dniu 03.03.2026 (wtorek), w godzinach od 19:00    <\/a>\n<\/article>\t\t\t\t\t\t<\/div>\n\t\t\t\t\t\t\t\t\t\t\t<div class=\"col-sm-3\">\n\t\t\t\t\t\t\t\n<article class=\"format-standard\">\n    <span class=\"date text-right\"><i class=\"fal fa-calendar-alt\"><\/i> 24-02-2026<\/span>\n    <a href=\"https:\/\/pb.edu.pl\/uci\/2026\/02\/24\/prace-serwisowe-w-tetame-24-02\/\">\n      <div class=\"article-image\">\n        <img loading=\"lazy\" decoding=\"async\" width=\"480\" height=\"300\" src=\"https:\/\/pb.edu.pl\/uci\/wp-content\/uploads\/sites\/17\/2024\/03\/Prace_serwisowe-480x300.jpg\" class=\"attachment-medium-image-16x10 size-medium-image-16x10 wp-post-image\" alt=\"\" srcset=\"https:\/\/pb.edu.pl\/uci\/wp-content\/uploads\/sites\/17\/2024\/03\/Prace_serwisowe-480x300.jpg 480w, https:\/\/pb.edu.pl\/uci\/wp-content\/uploads\/sites\/17\/2024\/03\/Prace_serwisowe-300x188.jpg 300w, https:\/\/pb.edu.pl\/uci\/wp-content\/uploads\/sites\/17\/2024\/03\/Prace_serwisowe-1024x640.jpg 1024w, https:\/\/pb.edu.pl\/uci\/wp-content\/uploads\/sites\/17\/2024\/03\/Prace_serwisowe-768x480.jpg 768w, https:\/\/pb.edu.pl\/uci\/wp-content\/uploads\/sites\/17\/2024\/03\/Prace_serwisowe.jpg 1080w\" sizes=\"auto, (max-width: 480px) 100vw, 480px\" \/>      <\/div>\n      <h3>Prace serwisowe w TetaME \u2013 24.02<\/h3>\n      Uprzejmie informujemy, \u017ce w dniu 24.02.2026 (wtorek), w godzinach od 18:00    <\/a>\n<\/article>\t\t\t\t\t\t<\/div>\n\t\t\t\t\t\t\t\t\t\t\t<div class=\"col-sm-3\">\n\t\t\t\t\t\t\t\n<article class=\"format-standard\">\n    <span class=\"date text-right\"><i class=\"fal fa-calendar-alt\"><\/i> 17-02-2026<\/span>\n    <a href=\"https:\/\/pb.edu.pl\/uci\/2026\/02\/17\/prace-serwisowe-w-tetame-17-02\/\">\n      <div class=\"article-image\">\n        <img loading=\"lazy\" decoding=\"async\" width=\"480\" height=\"300\" src=\"https:\/\/pb.edu.pl\/uci\/wp-content\/uploads\/sites\/17\/2024\/03\/Prace_serwisowe-480x300.jpg\" class=\"attachment-medium-image-16x10 size-medium-image-16x10 wp-post-image\" alt=\"\" srcset=\"https:\/\/pb.edu.pl\/uci\/wp-content\/uploads\/sites\/17\/2024\/03\/Prace_serwisowe-480x300.jpg 480w, https:\/\/pb.edu.pl\/uci\/wp-content\/uploads\/sites\/17\/2024\/03\/Prace_serwisowe-300x188.jpg 300w, https:\/\/pb.edu.pl\/uci\/wp-content\/uploads\/sites\/17\/2024\/03\/Prace_serwisowe-1024x640.jpg 1024w, https:\/\/pb.edu.pl\/uci\/wp-content\/uploads\/sites\/17\/2024\/03\/Prace_serwisowe-768x480.jpg 768w, https:\/\/pb.edu.pl\/uci\/wp-content\/uploads\/sites\/17\/2024\/03\/Prace_serwisowe.jpg 1080w\" sizes=\"auto, (max-width: 480px) 100vw, 480px\" \/>      <\/div>\n      <h3>Prace serwisowe w TetaME \u2013 17.02<\/h3>\n      Uprzejmie informujemy, \u017ce w dniu 17.02.2026 (wtorek), w godzinach od 19:00    <\/a>\n<\/article>\t\t\t\t\t\t<\/div>\n\t\t\t\t\t\n\t\t\t\t\n\t\t\t\t\t<\/div>\n\t\t\t\t\t<\/div>\n\n<div id=\"box-menu\" class=\"href\">&nbsp;<\/div>\n<p><a name=\"tu-skacz\"><\/a><br \/>\n<div class=\"row\">\n<div class=\"col-md-4\">\n\t<div class=\"boxlink animated zoomIn \">\n\t\t<a href=\"\/uci\/pracownicy\/\" class=\"no-icon\">\n\t\t\t<div class=\"boxlink-title\">Kontakt<span><\/span><\/div>\n\t\t\t<div class=\"boxlink-content\">\n\t\t\t\t<img decoding=\"async\" class=\"aligncenter wp-image-534 size-full\" src=\"https:\/\/pb.edu.pl\/uci\/wp-content\/uploads\/sites\/17\/2018\/05\/pracownicy.jpg\" alt=\"\">\t\t\t<\/div>\n\t\t<\/a>\n\t<\/div>\n\n<\/div>\n<div class=\"col-md-4\">\n\t<div class=\"boxlink animated zoomIn \">\n\t\t<a href=\"https:\/\/pb.edu.pl\/kontakt\/obsluga-informatyczna-politechniki-bialostockiej\/\" class=\"no-icon\">\n\t\t\t<div class=\"boxlink-title\">Obs\u0142uga informatyczna PB<span><\/span><\/div>\n\t\t\t<div class=\"boxlink-content\">\n\t\t\t\t<img decoding=\"async\" class=\"aligncenter wp-image-534 size-full\" src=\"https:\/\/pb.edu.pl\/uci\/wp-content\/uploads\/sites\/17\/2018\/10\/obsluga-pb.jpg\" alt=\"\">\t\t\t<\/div>\n\t\t<\/a>\n\t<\/div>\n\n<\/div>\n<div class=\"col-md-4\">\n\t<div class=\"boxlink animated zoomIn \">\n\t\t<a href=\"\/uci\/pliki-do-pobrania\/\" class=\"no-icon\">\n\t\t\t<div class=\"boxlink-title\">Pliki do pobrania<span><\/span><\/div>\n\t\t\t<div class=\"boxlink-content\">\n\t\t\t\t<img decoding=\"async\" class=\"aligncenter wp-image-534 size-full\" src=\"https:\/\/pb.edu.pl\/uci\/wp-content\/uploads\/sites\/17\/2018\/05\/pliki-do-pobrania.jpg\" alt=\"\">\t\t\t<\/div>\n\t\t<\/a>\n\t<\/div>\n\n<\/div>\n<\/div>\n","protected":false},"excerpt":{"rendered":"<p>&nbsp; E-instrukcje do system\u00f3w Cyfrowe bezpiecze\u0144stwo Webinary Helpdesk &#8211; system zg\u0142osze\u0144 &nbsp; &nbsp; &nbsp;<\/p>\n","protected":false},"author":1,"featured_media":1296,"parent":0,"menu_order":0,"comment_status":"closed","ping_status":"closed","template":"templates\/reprezentacyjna-4_8.php","meta":{"_acf_changed":false,"ngg_post_thumbnail":0,"footnotes":""},"class_list":["post-11","page","type-page","status-publish","has-post-thumbnail","hentry"],"acf":[],"_links":{"self":[{"href":"https:\/\/pb.edu.pl\/uci\/wp-json\/wp\/v2\/pages\/11","targetHints":{"allow":["GET"]}}],"collection":[{"href":"https:\/\/pb.edu.pl\/uci\/wp-json\/wp\/v2\/pages"}],"about":[{"href":"https:\/\/pb.edu.pl\/uci\/wp-json\/wp\/v2\/types\/page"}],"author":[{"embeddable":true,"href":"https:\/\/pb.edu.pl\/uci\/wp-json\/wp\/v2\/users\/1"}],"replies":[{"embeddable":true,"href":"https:\/\/pb.edu.pl\/uci\/wp-json\/wp\/v2\/comments?post=11"}],"version-history":[{"count":0,"href":"https:\/\/pb.edu.pl\/uci\/wp-json\/wp\/v2\/pages\/11\/revisions"}],"wp:featuredmedia":[{"embeddable":true,"href":"https:\/\/pb.edu.pl\/uci\/wp-json\/wp\/v2\/media\/1296"}],"wp:attachment":[{"href":"https:\/\/pb.edu.pl\/uci\/wp-json\/wp\/v2\/media?parent=11"}],"curies":[{"name":"wp","href":"https:\/\/api.w.org\/{rel}","templated":true}]}}