{"id":104,"date":"2018-05-22T21:50:19","date_gmt":"2018-05-22T19:50:19","guid":{"rendered":"https:\/\/pb.edu.pl\/uci\/?page_id=104"},"modified":"2025-05-28T11:40:31","modified_gmt":"2025-05-28T09:40:31","slug":"poczta-elektroniczna","status":"publish","type":"page","link":"https:\/\/pb.edu.pl\/uci\/uslugi\/poczta-elektroniczna\/","title":{"rendered":"Poczta elektroniczna"},"content":{"rendered":"<p>UCI zajmuje si\u0119 <a href=\"https:\/\/pb.edu.pl\/uci\/uslugi\/office-365\/poczta-w-office-365-i-inne-aplikacje\/\">poczt\u0105 student\u00f3w i doktorant\u00f3w w us\u0142udze M365<\/a> <\/p>\n<p>Wszelkie informacje odno\u015bnie poczty elektronicznej na Uczelni znajduj\u0105 si\u0119 na stronie: <a href=\"https:\/\/pb.edu.pl\/serwery-pocztowe\/\">https:\/\/pb.edu.pl\/serwery-pocztowe\/ <\/a><\/p>\n","protected":false},"excerpt":{"rendered":"<p>UCI zajmuje si\u0119 poczt\u0105 student\u00f3w i doktorant\u00f3w w us\u0142udze M365 Wszelkie informacje odno\u015bnie poczty elektronicznej<\/p>\n","protected":false},"author":2,"featured_media":0,"parent":97,"menu_order":3,"comment_status":"closed","ping_status":"closed","template":"","meta":{"_acf_changed":false,"ngg_post_thumbnail":0,"footnotes":""},"class_list":["post-104","page","type-page","status-publish","hentry"],"acf":[],"_links":{"self":[{"href":"https:\/\/pb.edu.pl\/uci\/wp-json\/wp\/v2\/pages\/104","targetHints":{"allow":["GET"]}}],"collection":[{"href":"https:\/\/pb.edu.pl\/uci\/wp-json\/wp\/v2\/pages"}],"about":[{"href":"https:\/\/pb.edu.pl\/uci\/wp-json\/wp\/v2\/types\/page"}],"author":[{"embeddable":true,"href":"https:\/\/pb.edu.pl\/uci\/wp-json\/wp\/v2\/users\/2"}],"replies":[{"embeddable":true,"href":"https:\/\/pb.edu.pl\/uci\/wp-json\/wp\/v2\/comments?post=104"}],"version-history":[{"count":0,"href":"https:\/\/pb.edu.pl\/uci\/wp-json\/wp\/v2\/pages\/104\/revisions"}],"up":[{"embeddable":true,"href":"https:\/\/pb.edu.pl\/uci\/wp-json\/wp\/v2\/pages\/97"}],"wp:attachment":[{"href":"https:\/\/pb.edu.pl\/uci\/wp-json\/wp\/v2\/media?parent=104"}],"curies":[{"name":"wp","href":"https:\/\/api.w.org\/{rel}","templated":true}]}}