{"id":102,"date":"2018-05-22T21:47:32","date_gmt":"2018-05-22T19:47:32","guid":{"rendered":"https:\/\/pb.edu.pl\/uci\/?page_id=102"},"modified":"2024-01-12T13:07:45","modified_gmt":"2024-01-12T12:07:45","slug":"eduroam","status":"publish","type":"page","link":"https:\/\/pb.edu.pl\/uci\/uslugi\/eduroam\/","title":{"rendered":"EDUROAM"},"content":{"rendered":"<p>Wszelkie informacje zwi\u0105zane z funkcjonowaniem us\u0142ugi eduroam w Politechnice Bia\u0142ostockiej znajduj\u0105 si\u0119 na stronie www:<\/p>\n<p><a href=\"http:\/\/eduroam.pb.edu.pl\/\">eduroam.pb.edu.pl<\/a><\/p>\n<div class=\"h3 h4\">Uwaga studenci ! Zmiana has\u0142a w us\u0142udze Office365 powoduje zmian\u0119 has\u0142a r\u00f3wnie\u017c w eduroam.<\/div>\n","protected":false},"excerpt":{"rendered":"<p>Wszelkie informacje zwi\u0105zane z funkcjonowaniem us\u0142ugi eduroam w Politechnice Bia\u0142ostockiej znajduj\u0105 si\u0119 na stronie www:<\/p>\n","protected":false},"author":2,"featured_media":0,"parent":97,"menu_order":2,"comment_status":"closed","ping_status":"closed","template":"","meta":{"_acf_changed":false,"ngg_post_thumbnail":0,"footnotes":""},"class_list":["post-102","page","type-page","status-publish","hentry"],"acf":[],"_links":{"self":[{"href":"https:\/\/pb.edu.pl\/uci\/wp-json\/wp\/v2\/pages\/102","targetHints":{"allow":["GET"]}}],"collection":[{"href":"https:\/\/pb.edu.pl\/uci\/wp-json\/wp\/v2\/pages"}],"about":[{"href":"https:\/\/pb.edu.pl\/uci\/wp-json\/wp\/v2\/types\/page"}],"author":[{"embeddable":true,"href":"https:\/\/pb.edu.pl\/uci\/wp-json\/wp\/v2\/users\/2"}],"replies":[{"embeddable":true,"href":"https:\/\/pb.edu.pl\/uci\/wp-json\/wp\/v2\/comments?post=102"}],"version-history":[{"count":0,"href":"https:\/\/pb.edu.pl\/uci\/wp-json\/wp\/v2\/pages\/102\/revisions"}],"up":[{"embeddable":true,"href":"https:\/\/pb.edu.pl\/uci\/wp-json\/wp\/v2\/pages\/97"}],"wp:attachment":[{"href":"https:\/\/pb.edu.pl\/uci\/wp-json\/wp\/v2\/media?parent=102"}],"curies":[{"name":"wp","href":"https:\/\/api.w.org\/{rel}","templated":true}]}}