{"id":100,"date":"2018-05-22T21:46:10","date_gmt":"2018-05-22T19:46:10","guid":{"rendered":"https:\/\/pb.edu.pl\/uci\/?page_id=100"},"modified":"2025-01-27T11:00:45","modified_gmt":"2025-01-27T10:00:45","slug":"office-365","status":"publish","type":"page","link":"https:\/\/pb.edu.pl\/uci\/uslugi\/office-365\/","title":{"rendered":"Office365"},"content":{"rendered":"<div class=\"h3\">Czym jest Office365?<\/div>\n<p><strong>Office365 w planie A3<\/strong> jest wersj\u0105 pakietu Office dost\u0119pn\u0105 online oraz offline, oferuj\u0105c\u0105 funkcjonalno\u015bci takie, jak:<\/p>\n<ul>\n<li>poczta elektroniczna (adres e-mail), czyli kontrola nad wiadomo\u015bciami e-mail dzi\u0119ki aplikacji internetowej <strong>Outlook<\/strong> i skrzynce pocztowej o pojemno\u015bci 100 GB. Instrukcja dost\u0119pu do poczty poprzez stron\u0119 www znajduje si\u0119 na stronie <a title=\"Przejd\u017a do: Instrukcja logowania do poczty s\u0142u\u017cbowej\/studenckiej\" href=\"https:\/\/docs.uci.pb.edu.pl\/o365\/pocztast.html\">https:\/\/docs.uci.pb.edu.pl\/o365\/pocztast.html<\/a>;<\/li>\n<li>spotkania online i konferencje wideo, a tak\u017ce aplikacje potrzebne w instytucji edukacyjnej do lepszej wsp\u00f3\u0142pracy i zwi\u0119kszania zaanga\u017cowania dost\u0119pne s\u0105 w us\u0142udze <strong>Teams<\/strong>;<\/li>\n<li>standardowe aplikacje biurowe <strong>Word, Excel, PowerPoint<\/strong> dost\u0119pne online i offline umo\u017cliwiaj\u0105ce wsp\u00f3\u0142prac\u0119 dzi\u0119ki funkcjom wsp\u00f3\u0142tworzenia w czasie rzeczywistym, autozapisu i \u0142atwego udost\u0119pniania;<\/li>\n<li>organizowanie informacji dzi\u0119ki notesowi cyfrowemu w aplikacji <strong>OneNote;<\/strong><\/li>\n<li>przestrze\u0144 dyskowa <strong>OneDrive (1TB)<\/strong>.<\/li>\n<\/ul>\n<p>Szczeg\u00f3\u0142owy opis aplikacji i us\u0142ug Office365 w planie A3 dost\u0119pny jest na stronie internetowej <a title=\"Przejd\u017a do: Opis planu Office365 A1\" href=\"https:\/\/products.office.com\/pl-pl\/academic\/compare-office-365-education-plans\">Opis planu Office365 A3<\/a> , w zak\u0142adce plan Office365 A3.<\/p>\n<p>&nbsp;<\/p>\n<hr>\n<div class=\"h3\">Office365 dla student\u00f3w Politechniki Bia\u0142ostockiej<\/div>\n<div class=\"h4\">Od 24 marca 2020 roku wszyscy studenci Politechniki Bia\u0142ostockiej na mocy zarz\u0105dzenia Rektora Politechniki Bia\u0142ostockiej uzyskuj\u0105 dost\u0119p do elektronicznej poczty studenckiej oraz us\u0142ugi MS Office365.<\/div>\n<p><a title=\"Przejd x do: BIP - Zarz\u0105dzenie 1098\" href=\"https:\/\/bip.pb.edu.pl\/index.php?event=informacja&amp;id=17106\">Zarz\u0105dzenie nr 1098<\/a> wesz\u0142o w \u017cycie 24 marca 2020 roku. Wynika z niego, \u017ce elektroniczna poczta studencka jest oficjalnym kana\u0142em komunikacji ze studentami, doktorantami i uczestnikami studi\u00f3w podyplomowych w trakcie realizacji zaj\u0119\u0107 z wykorzystaniem metod i technik kszta\u0142cenia na odleg\u0142o\u015b\u0107.<\/p>\n<p>W zwi\u0105zku z powy\u017cszym wszyscy studenci, doktoranci oraz uczestnicy studi\u00f3w podyplomowych Politechniki Bia\u0142ostockiej w celu u\u0142atwienia realizacji zaj\u0119\u0107 z wykorzystaniem metod i technik kszta\u0142cenia na odleg\u0142o\u015b\u0107, otrzymuj\u0105 dost\u0119p do elektronicznej poczty studenckiej w systemie MS Office365. Zasady korzystania z poczty studenckiej okre\u015bla \u201eRegulamin korzystania z elektronicznej poczty studenckiej\u201d. Tym samym s\u0105 zobowi\u0105zani do korzystania z niej.<\/p>\n<p>Studentom pierwszego semestru studi\u00f3w pierwszego i drugiego stopnia, dane dost\u0119powe do Office365 (w tym poczty elektronicznej) przesy\u0142ane s\u0105 na adres e-mail podany podczas rekrutacji. &nbsp;<\/p>\n<p>Wyrejestrowanie z us\u0142ugi nast\u0105pi automatycznie po utracie statusu studenta, doktoranta lub uczestnika studi\u00f3w podyplomowych. Mo\u017cliwe jest przej\u015bcie do us\u0142ugi dla absolwent\u00f3w, po wys\u0142aniu wiadomo\u015bci na adres: <a href=\"#\" rel=\"nofollow\"  onclick=\"this.href='mailto:' + 'office365' + '@' + 'uci.pb.edu.pl'\">office365 [at] uci.pb.edu.pl<\/a> z pro\u015bb\u0105 o przeniesienie us\u0142ugi. Konto absolwenta daje prawo do korzystania jedynie z poczty elektronicznej, bez us\u0142ug dost\u0119pnych w MS Office365.<\/p>\n<p>Reklamacje, uwagi, komentarze oraz pytania dotycz\u0105ce dzia\u0142ania elektronicznej poczty studenckiej nale\u017cy kierowa\u0107 do Uczelnianego Centrum Informatyki PB, ul. Wiejska 45A, Bia\u0142ystok, tel. (85) 746 9126 lub (85) 746 7077, <i class=\"fa fa-envelope-o\" aria-hidden=\"true\"><\/i> <a href=\"#\" rel=\"nofollow\"  onclick=\"this.href='mailto:' + 'office365' + '@' + 'uci.pb.edu.pl'\">office365 [at] uci.pb.edu.pl<\/a>.<\/p>\n<p>Wszelkie problemy z dzia\u0142aniem us\u0142ug Office365 prosimy zg\u0142asza\u0107 poprzez <a href=\"https:\/\/pb.edu.pl\/uci\/helpdesk-zglaszanie-problemow-z-obsluga-systemow\/\">formularz Helpdesk<\/a>.<\/p>\n<p>&nbsp;<\/p>\n<hr>\n<div>&nbsp;<\/div>\n<div class=\"h3\">Office365 dla pracownik\u00f3w Politechniki Bia\u0142ostockiej<\/div>\n<div class=\"h4\">Uproszczona procedura zak\u0142adania konta dla pracownik\u00f3w<\/div>\n<p>Pracownik przesy\u0142a pro\u015bb\u0119 o utworzenie konta w MS Office365 <span style=\"text-decoration: underline\">przy pomocy s\u0142u\u017cbowego e-maila lub systemu USOSweb<\/span> na adres: <a href=\"#\" rel=\"nofollow\"  onclick=\"this.href='mailto:' + 'office365' + '@' + 'uci.pb.edu.pl'\">office365 [at] uci.pb.edu.pl<\/a>.<\/p>\n<p>W wiadomo\u015bci nale\u017cy poda\u0107 tylko imi\u0119 i nazwisko wnioskuj\u0105cego.<\/p>\n<p>Wszelkie problemy z dzia\u0142aniem us\u0142ug Office365 prosimy zg\u0142asza\u0107 poprzez <a href=\"https:\/\/pb.edu.pl\/uci\/helpdesk-zglaszanie-problemow-z-obsluga-systemow\/\">formularz Helpdesk<\/a>.<br \/>\n&nbsp;<\/p>\n<hr>\n<p>&nbsp;<\/p>\n<p>Zasady ochrony prywatno\u015bci firmy Microsoft: <a title=\"Przejd\u017a do: Zasady ochrony prywatno\u015bci firmy Microsoft\" href=\"https:\/\/aka.ms\/teamsprivacy\">https:\/\/aka.ms\/teamsprivacy<\/a><\/p>\n<p>&nbsp;<\/p>\n<div class=\"h3\">\n<hr>\n<div class=\"h3\">&nbsp;<\/div>\n<p>BAZA WIEDZY FIRMY MICROSOFT<\/p>\n<\/div>\n<p><a href=\"https:\/\/support.microsoft.com\/pl-pl\/office\/microsoft-teams-%e2%80%94-film-szkoleniowy-4f108e54-240b-4351-8084-b1089f0d21d7?ui=pl-pl&amp;rs=pl-pl&amp;ad=pl\"><strong>Filmy instrukta\u017cowe przygotowane przez Microsoft<\/strong><\/a><\/p>\n<p><a href=\"https:\/\/www.youtube.com\/playlist?list=PLiluTszfwwMIJIFfhEZ58DCh36vY-QeLe\">Video od Microsoft Education<\/a><\/p>\n<p><a href=\"http:\/\/bit.ly\/Office_logowanie\">Jak si\u0119 zalogowa\u0107 do Office<\/a><\/p>\n<p><a href=\"https:\/\/bit.ly\/30AHWTt\">Co to jest Teams<\/a><\/p>\n<p><a href=\"http:\/\/bit.ly\/CzatTeams\">Rozmawianie na czacie i udost\u0119pnianie plik\u00f3w w aplikacji Teams<\/a><\/p>\n<p><a href=\"http:\/\/bit.ly\/SpotkaniaWirtualne\">Spotkania wirtualne<\/a><\/p>\n<p><a href=\"http:\/\/bit.ly\/ZadaniaTeams\">Zadania w Teams<\/a><\/p>\n<p><a href=\"http:\/\/bit.ly\/MobilnyTeams\">Konfigurowanie aplikacji Teams na urz\u0105dzenia mobilne<\/a><br \/>\n&nbsp;<\/p>\n<p>&nbsp;<\/p>\n<p><strong>Prawo uczelniane:<\/strong><\/p>\n<div class=\"h5\"><a title=\"Przejd\u017a do biuletynu informacji publicznej\" href=\"https:\/\/bip.pb.edu.pl\/index.php?event=informacja&amp;id=17106\" target=\"_blank\" rel=\"noopener noreferrer\">Zarz\u0105dzenie nr 1098 Rektora Politechniki Bia\u0142ostockiej z dnia 24 marca 2020 roku w sprawie korzystania z elektronicznej poczty studenckiej oraz us\u0142ugi MS Office365 \u015bwiadczonej w Politechnice Bia\u0142ostockiej <i class=\"fa fa-external-link\" aria-hidden=\"true\"><\/i><\/a><\/div>\n<p>&nbsp;<\/p>\n","protected":false},"excerpt":{"rendered":"<p>Czym jest Office365? Office365 w planie A3 jest wersj\u0105 pakietu Office dost\u0119pn\u0105 online oraz offline,<\/p>\n","protected":false},"author":2,"featured_media":0,"parent":97,"menu_order":1,"comment_status":"closed","ping_status":"closed","template":"","meta":{"_acf_changed":false,"ngg_post_thumbnail":0,"footnotes":""},"class_list":["post-100","page","type-page","status-publish","hentry"],"acf":[],"_links":{"self":[{"href":"https:\/\/pb.edu.pl\/uci\/wp-json\/wp\/v2\/pages\/100","targetHints":{"allow":["GET"]}}],"collection":[{"href":"https:\/\/pb.edu.pl\/uci\/wp-json\/wp\/v2\/pages"}],"about":[{"href":"https:\/\/pb.edu.pl\/uci\/wp-json\/wp\/v2\/types\/page"}],"author":[{"embeddable":true,"href":"https:\/\/pb.edu.pl\/uci\/wp-json\/wp\/v2\/users\/2"}],"replies":[{"embeddable":true,"href":"https:\/\/pb.edu.pl\/uci\/wp-json\/wp\/v2\/comments?post=100"}],"version-history":[{"count":0,"href":"https:\/\/pb.edu.pl\/uci\/wp-json\/wp\/v2\/pages\/100\/revisions"}],"up":[{"embeddable":true,"href":"https:\/\/pb.edu.pl\/uci\/wp-json\/wp\/v2\/pages\/97"}],"wp:attachment":[{"href":"https:\/\/pb.edu.pl\/uci\/wp-json\/wp\/v2\/media?parent=100"}],"curies":[{"name":"wp","href":"https:\/\/api.w.org\/{rel}","templated":true}]}}