{"id":5349,"date":"2019-04-26T14:31:34","date_gmt":"2019-04-26T12:31:34","guid":{"rendered":"https:\/\/pb.edu.pl\/uci\/it-resources\/usosweb-system\/about-usosweb\/ankiety-w-usosweb\/"},"modified":"2026-01-25T19:13:47","modified_gmt":"2026-01-25T18:13:47","slug":"surveys-in-usosweb","status":"publish","type":"page","link":"https:\/\/pb.edu.pl\/uci\/en\/it-resources\/usosweb-system\/about-usosweb\/surveys-in-usosweb\/","title":{"rendered":"Surveys in USOSweb"},"content":{"rendered":"<p>The surveys are available in the survey module on the website usosweb.pb.edu.pl.Log in to the system using the login button located in the upper right corner of the page.<\/p>\n<div class=\"h4\">Remember! Surveys are fully anonymous.<\/div>\n<p><a href=\"https:\/\/pb.edu.pl\/uci\/wp-content\/uploads\/sites\/17\/2019\/04\/1usos-1.png\"><img loading=\"lazy\" decoding=\"async\" class=\"aligncenter wp-image-386\" src=\"https:\/\/pb.edu.pl\/uci\/wp-content\/uploads\/sites\/17\/2019\/04\/1usos-1-300x233.png\" alt=\"okno systemu usosweb - widok  przycisku logowania, kt\u00f3ry znajduje si\u0119 w prawym g\u00f3rnym rogu strony\" width=\"600\" height=\"465\" srcset=\"https:\/\/pb.edu.pl\/uci\/wp-content\/uploads\/sites\/17\/2019\/04\/1usos-1-300x233.png 300w, https:\/\/pb.edu.pl\/uci\/wp-content\/uploads\/sites\/17\/2019\/04\/1usos-1-768x596.png 768w, https:\/\/pb.edu.pl\/uci\/wp-content\/uploads\/sites\/17\/2019\/04\/1usos-1-1024x794.png 1024w, https:\/\/pb.edu.pl\/uci\/wp-content\/uploads\/sites\/17\/2019\/04\/1usos-1.png 1306w\" sizes=\"auto, (max-width: 600px) 100vw, 600px\" \/><\/a><\/p>\n<p>&nbsp;<br \/>\nYou will be redirected to the Central Authentication System. Enter your login credentials in the appropriate fields.<br \/>\n&nbsp;<br \/>\n<a href=\"https:\/\/pb.edu.pl\/uci\/wp-content\/uploads\/sites\/17\/2019\/04\/2usos.png\"><img loading=\"lazy\" decoding=\"async\" class=\"aligncenter wp-image-369\" src=\"https:\/\/pb.edu.pl\/uci\/wp-content\/uploads\/sites\/17\/2019\/04\/2usos-300x232.png\" alt=\"widok Centralnego Systemu Uwierzytelniania\" width=\"600\" height=\"463\" srcset=\"https:\/\/pb.edu.pl\/uci\/wp-content\/uploads\/sites\/17\/2019\/04\/2usos-300x232.png 300w, https:\/\/pb.edu.pl\/uci\/wp-content\/uploads\/sites\/17\/2019\/04\/2usos-768x593.png 768w, https:\/\/pb.edu.pl\/uci\/wp-content\/uploads\/sites\/17\/2019\/04\/2usos-1024x791.png 1024w, https:\/\/pb.edu.pl\/uci\/wp-content\/uploads\/sites\/17\/2019\/04\/2usos.png 1308w\" sizes=\"auto, (max-width: 600px) 100vw, 600px\" \/><\/a><br \/>\n&nbsp;<br \/>\nGo to Surveys<br \/>\n&nbsp;<br \/>\n<a href=\"https:\/\/pb.edu.pl\/uci\/wp-content\/uploads\/sites\/17\/2019\/04\/ankiety-1.png\"><img loading=\"lazy\" decoding=\"async\" class=\"aligncenter wp-image-384\" src=\"https:\/\/pb.edu.pl\/uci\/wp-content\/uploads\/sites\/17\/2019\/04\/ankiety-1-300x232.png\" alt=\"Widok panelu USOSweb\" width=\"600\" height=\"465\" srcset=\"https:\/\/pb.edu.pl\/uci\/wp-content\/uploads\/sites\/17\/2019\/04\/ankiety-1-300x232.png 300w, https:\/\/pb.edu.pl\/uci\/wp-content\/uploads\/sites\/17\/2019\/04\/ankiety-1-768x595.png 768w, https:\/\/pb.edu.pl\/uci\/wp-content\/uploads\/sites\/17\/2019\/04\/ankiety-1-1024x793.png 1024w, https:\/\/pb.edu.pl\/uci\/wp-content\/uploads\/sites\/17\/2019\/04\/ankiety-1.png 1307w\" sizes=\"auto, (max-width: 600px) 100vw, 600px\" \/><\/a><br \/>\n&nbsp;<br \/>\nA list of courses for which surveys can be completed will be displayed. To start filling out a survey, select a rating for each course and optionally add comments. To finish, click &#8220;Save&#8221;.<br \/>\n&nbsp;<br \/>\n<a href=\"https:\/\/pb.edu.pl\/uci\/wp-content\/uploads\/sites\/17\/2019\/04\/1ankiety-1.png\"><img loading=\"lazy\" decoding=\"async\" class=\"aligncenter wp-image-387\" src=\"https:\/\/pb.edu.pl\/uci\/wp-content\/uploads\/sites\/17\/2019\/04\/1ankiety-1-300x232.png\" alt=\"Widok ankiet kt\u00f3re mo\u017cna uzupe\u0142ni\u0107\" width=\"600\" height=\"464\" srcset=\"https:\/\/pb.edu.pl\/uci\/wp-content\/uploads\/sites\/17\/2019\/04\/1ankiety-1-300x232.png 300w, https:\/\/pb.edu.pl\/uci\/wp-content\/uploads\/sites\/17\/2019\/04\/1ankiety-1-768x594.png 768w, https:\/\/pb.edu.pl\/uci\/wp-content\/uploads\/sites\/17\/2019\/04\/1ankiety-1-1024x792.png 1024w, https:\/\/pb.edu.pl\/uci\/wp-content\/uploads\/sites\/17\/2019\/04\/1ankiety-1.png 1308w\" sizes=\"auto, (max-width: 600px) 100vw, 600px\" \/><\/a><br \/>\n&nbsp;<br \/>\nIf all surveys have been completed correctly, your survey list should be empty.<\/p>\n<p>Once the survey process is completed, you can review the results in the &#8220;Survey Results&#8221; tab.<br \/>\n&nbsp;<br \/>\n<a href=\"https:\/\/pb.edu.pl\/uci\/wp-content\/uploads\/sites\/17\/2019\/04\/wyniki_ankiet.png\"><img loading=\"lazy\" decoding=\"async\" class=\"aligncenter wp-image-380\" src=\"https:\/\/pb.edu.pl\/uci\/wp-content\/uploads\/sites\/17\/2019\/04\/wyniki_ankiet-300x232.png\" alt=\"widok panelu wyniki ankiet\" width=\"600\" height=\"464\" srcset=\"https:\/\/pb.edu.pl\/uci\/wp-content\/uploads\/sites\/17\/2019\/04\/wyniki_ankiet-300x232.png 300w, https:\/\/pb.edu.pl\/uci\/wp-content\/uploads\/sites\/17\/2019\/04\/wyniki_ankiet-768x593.png 768w, https:\/\/pb.edu.pl\/uci\/wp-content\/uploads\/sites\/17\/2019\/04\/wyniki_ankiet-1024x791.png 1024w, https:\/\/pb.edu.pl\/uci\/wp-content\/uploads\/sites\/17\/2019\/04\/wyniki_ankiet.png 1307w\" sizes=\"auto, (max-width: 600px) 100vw, 600px\" \/><\/a><\/p>\n<p>&nbsp;<\/p>\n","protected":false},"excerpt":{"rendered":"<p>The surveys are available in the survey module on the website usosweb.pb.edu.pl.Log in to the<\/p>\n","protected":false},"author":3,"featured_media":0,"parent":5341,"menu_order":4,"comment_status":"closed","ping_status":"closed","template":"","meta":{"_acf_changed":false,"ngg_post_thumbnail":0,"footnotes":""},"class_list":["post-5349","page","type-page","status-publish","hentry"],"acf":[],"_links":{"self":[{"href":"https:\/\/pb.edu.pl\/uci\/en\/wp-json\/wp\/v2\/pages\/5349","targetHints":{"allow":["GET"]}}],"collection":[{"href":"https:\/\/pb.edu.pl\/uci\/en\/wp-json\/wp\/v2\/pages"}],"about":[{"href":"https:\/\/pb.edu.pl\/uci\/en\/wp-json\/wp\/v2\/types\/page"}],"author":[{"embeddable":true,"href":"https:\/\/pb.edu.pl\/uci\/en\/wp-json\/wp\/v2\/users\/3"}],"replies":[{"embeddable":true,"href":"https:\/\/pb.edu.pl\/uci\/en\/wp-json\/wp\/v2\/comments?post=5349"}],"version-history":[{"count":2,"href":"https:\/\/pb.edu.pl\/uci\/en\/wp-json\/wp\/v2\/pages\/5349\/revisions"}],"predecessor-version":[{"id":5351,"href":"https:\/\/pb.edu.pl\/uci\/en\/wp-json\/wp\/v2\/pages\/5349\/revisions\/5351"}],"up":[{"embeddable":true,"href":"https:\/\/pb.edu.pl\/uci\/en\/wp-json\/wp\/v2\/pages\/5341"}],"wp:attachment":[{"href":"https:\/\/pb.edu.pl\/uci\/en\/wp-json\/wp\/v2\/media?parent=5349"}],"curies":[{"name":"wp","href":"https:\/\/api.w.org\/{rel}","templated":true}]}}