{"id":5307,"date":"2023-05-31T12:36:31","date_gmt":"2023-05-31T10:36:31","guid":{"rendered":"https:\/\/pb.edu.pl\/uci\/software\/ansys\/"},"modified":"2026-01-23T11:26:21","modified_gmt":"2026-01-23T10:26:21","slug":"ansys","status":"publish","type":"page","link":"https:\/\/pb.edu.pl\/uci\/en\/software\/ansys\/","title":{"rendered":"ANSYS"},"content":{"rendered":"<div class=\"h3\">\n<p><img loading=\"lazy\" decoding=\"async\" class=\"size-medium wp-image-954 alignleft\" src=\"https:\/\/pb.edu.pl\/uci\/wp-content\/uploads\/sites\/17\/2021\/09\/ansys-logo-yellow-skew-black-text-300x97.jpg\" alt=\"Logo Ansys\" width=\"300\" height=\"97\" srcset=\"https:\/\/pb.edu.pl\/uci\/wp-content\/uploads\/sites\/17\/2021\/09\/ansys-logo-yellow-skew-black-text-300x97.jpg 300w, https:\/\/pb.edu.pl\/uci\/wp-content\/uploads\/sites\/17\/2021\/09\/ansys-logo-yellow-skew-black-text-768x248.jpg 768w, https:\/\/pb.edu.pl\/uci\/wp-content\/uploads\/sites\/17\/2021\/09\/ansys-logo-yellow-skew-black-text.jpg 792w\" sizes=\"auto, (max-width: 300px) 100vw, 300px\" \/>On 1 September 2021, the University IT Centre took over management of the ANSYS license server.<br \/>\n<a href=\"https:\/\/docs.uci.pb.edu.pl\/licencje\/ansysinstalacja.html\">Installation instructions for ANSYS<\/a> are available on the BUT University IT Centre Documentation page, accessible from the <a href=\"https:\/\/pb.edu.pl\/uci\/en\/\">University IT Centre main page<\/a> via the \u201cSystems e-instructions\u201d tab.<\/p>\n<\/div>\n<p>The current ANSYS Academic Multiphysics Campus Solutions license provides access to all ANSYS modules for staff, doctoral students, and students for research and educational purposes. Annual, free access to the campus license includes 25 research workstations and 250 teaching workstations.<\/p>\n<p>Licencje w ANSYS Academic Campus 25\/250 obejmuj\u0105 mi\u0119dzyinnymi:<\/p>\n<ul>\n<li>25 * ANSYS Academic Research Mechanical and CFD<\/li>\n<li>25 * ANSYS Academic Research HF<\/li>\n<li>25 * ANSYS Academic Research EM<\/li>\n<li>25 * ANSYS Academic Research Redhawk NX<\/li>\n<li>25 * ANSYS Academic Research PowerArtist XP<\/li>\n<li>250 * ANSYS Academic Teaching Mechanical &amp; CFD<\/li>\n<li>250 * ANSYS Academic Teaching HF<\/li>\n<li>250 * ANSYS Academic Teaching EM<\/li>\n<li>250 * ANSYS Academic Teaching Redhawk SD<\/li>\n<li>250 * ANSYS Academic Teaching PowerArtist PT<\/li>\n<li>128 * ANSYS Academic Research HPC<\/li>\n<\/ul>\n<p>Powy\u017csze licencje s\u0105 od siebie niezale\u017cne, czyli u\u017cytkownicy mog\u0105 r\u00f3wnolegle z nich korzysta\u0107. S\u0105 one uzupe\u0142nieniem wcze\u015bniej uruchomionej licencji ANSYS Academic Multiphysics Campus Solution (10\/100).<\/p>\n<p>&nbsp;<\/p>\n<p>These licenses are independent, allowing simultaneous use by multiple users. They complement the previously active ANSYS Academic Multiphysics Campus Solution (10\/100) license.<\/p>\n<p>Please note that ANSYS continuously integrates newly purchased technologies, such as RockyDEM, so some tables may not reflect the most current version.<\/p>\n<p><a href=\"https:\/\/pb.edu.pl\/uci\/wp-content\/uploads\/sites\/17\/2023\/05\/Ansys-Multiphysics-Campus-Solution-Brochure_v1.0.pdf\">Ansys Multiphysics Campus Solution Brochure_v1.0<\/a> (PDF, 75 KB, opens in a new tab)<\/p>\n<p><a href=\"https:\/\/pb.edu.pl\/uci\/wp-content\/uploads\/sites\/17\/2023\/05\/Academic.product.bundle.reference.table_.4.11.23.pdf\">Academic.product.bundle.reference.table.4.11.23<\/a> (PDF, 617 KB, opens in a new tab)<\/p>\n<p>Licensing requests should be submitted via the official <a href=\"https:\/\/pb.edu.pl\/uci\/en\/helpdesk-reporting-problems-with-the-operation-of-systems-and-services\/\">form<\/a> to ensure faster processing and proper routing to the responsible person.<\/p>\n<p><img loading=\"lazy\" decoding=\"async\" class=\"wp-image-4652 size-medium alignnone\" src=\"https:\/\/pb.edu.pl\/uci\/wp-content\/uploads\/sites\/17\/2025\/06\/GRANTASel_638146666105319057_HasThumb-300x159.png\" alt=\"\" width=\"300\" height=\"159\" srcset=\"https:\/\/pb.edu.pl\/uci\/wp-content\/uploads\/sites\/17\/2025\/06\/GRANTASel_638146666105319057_HasThumb-300x159.png 300w, https:\/\/pb.edu.pl\/uci\/wp-content\/uploads\/sites\/17\/2025\/06\/GRANTASel_638146666105319057_HasThumb.png 351w\" sizes=\"auto, (max-width: 300px) 100vw, 300px\" \/><\/p>\n<p><strong>From 9 June 2025 to 15 January 2026<\/strong>, the Bialystok University of Technology academic community can test the <strong>Ansys Granta<\/strong> package.<br \/>\nAnsys GRANTA is specialised educational software that supports teaching in materials engineering, design, natural sciences, and sustainable development at universities and technical schools. It allows students and lecturers to interactively explore, compare, and select materials and technological processes in the context of product design and engineering problem-solving.<br \/>\nInstallation files are available here:<\/p>\n<p><a id=\"menur362\" class=\"fui-Link ___1q1shib f2hkw1w f3rmtva f1ewtqcl fyind8e f1k6fduh f1w7gpdv fk6fouc fjoy568 figsok6 f1s184ao f1mk8lai fnbmjn9 f1o700av f13mvf36 f1cmlufx f9n3di6 f1ids18y f1tx3yz7 f1deo86v f1eh06m1 f1iescvh fhgqx19 f1olyrje f1p93eir f1nev41a f1h8hb77 f1lqvz6u f10aw75t fsle3fq f17ae5zn\" title=\"Przejd\u017a do:\" href=\"https:\/\/pbial-my.sharepoint.com\/:u:\/g\/personal\/a_kasianowicz_st_pb_edu_pl\/EZpnfwt0kBNPmK4udtjFmSYBVfsyIKRd1vQBC3Kt9rJPKQ?e=kuOrDP\" target=\"_blank\" rel=\"noreferrer noopener\" aria-label=\"Link GRANTASELECTOR_2025R1_SP1_WINX64.zip\">GRANTASELECTOR_2025R1_SP1_WINX64.zip<\/a><\/p>\n<p>&nbsp;<\/p>\n<p><img loading=\"lazy\" decoding=\"async\" class=\"size-medium wp-image-955 aligncenter\" src=\"https:\/\/pb.edu.pl\/uci\/wp-content\/uploads\/sites\/17\/2021\/09\/Logo-MESco-bez-Ansys-300x55.png\" alt=\"Logo MESco\" width=\"300\" height=\"55\" srcset=\"https:\/\/pb.edu.pl\/uci\/wp-content\/uploads\/sites\/17\/2021\/09\/Logo-MESco-bez-Ansys-300x55.png 300w, https:\/\/pb.edu.pl\/uci\/wp-content\/uploads\/sites\/17\/2021\/09\/Logo-MESco-bez-Ansys-768x140.png 768w, https:\/\/pb.edu.pl\/uci\/wp-content\/uploads\/sites\/17\/2021\/09\/Logo-MESco-bez-Ansys.png 916w\" sizes=\"auto, (max-width: 300px) 100vw, 300px\" \/><\/p>\n","protected":false},"excerpt":{"rendered":"<p>On 1 September 2021, the University IT Centre took over management of the ANSYS license<\/p>\n","protected":false},"author":88,"featured_media":0,"parent":5305,"menu_order":0,"comment_status":"closed","ping_status":"closed","template":"","meta":{"_acf_changed":false,"ngg_post_thumbnail":0,"footnotes":""},"class_list":["post-5307","page","type-page","status-publish","hentry"],"acf":[],"_links":{"self":[{"href":"https:\/\/pb.edu.pl\/uci\/en\/wp-json\/wp\/v2\/pages\/5307","targetHints":{"allow":["GET"]}}],"collection":[{"href":"https:\/\/pb.edu.pl\/uci\/en\/wp-json\/wp\/v2\/pages"}],"about":[{"href":"https:\/\/pb.edu.pl\/uci\/en\/wp-json\/wp\/v2\/types\/page"}],"author":[{"embeddable":true,"href":"https:\/\/pb.edu.pl\/uci\/en\/wp-json\/wp\/v2\/users\/88"}],"replies":[{"embeddable":true,"href":"https:\/\/pb.edu.pl\/uci\/en\/wp-json\/wp\/v2\/comments?post=5307"}],"version-history":[{"count":0,"href":"https:\/\/pb.edu.pl\/uci\/en\/wp-json\/wp\/v2\/pages\/5307\/revisions"}],"up":[{"embeddable":true,"href":"https:\/\/pb.edu.pl\/uci\/en\/wp-json\/wp\/v2\/pages\/5305"}],"wp:attachment":[{"href":"https:\/\/pb.edu.pl\/uci\/en\/wp-json\/wp\/v2\/media?parent=5307"}],"curies":[{"name":"wp","href":"https:\/\/api.w.org\/{rel}","templated":true}]}}