{"id":2595,"date":"2018-05-22T22:45:07","date_gmt":"2018-05-22T20:45:07","guid":{"rendered":"https:\/\/pb.edu.pl\/uci\/pliki-do-pobrania\/"},"modified":"2022-11-23T13:59:50","modified_gmt":"2022-11-23T12:59:50","slug":"download","status":"publish","type":"page","link":"https:\/\/pb.edu.pl\/uci\/en\/download\/","title":{"rendered":"Download"},"content":{"rendered":"<p><a title=\"Przejd\u017a do: Formularz za\u0142o\u017cenia konta s\u0142u\u017cbowego w domenie pb.edu.pl\" href=\"https:\/\/pb.edu.pl\/biaman\/poczta\/\">Pracownicze konto pocztowe w domenie pb.edu.pl<\/a><\/p>\n<p><a title=\"Otworzy si\u0119 w nowej karcie\" href=\"https:\/\/pbial-my.sharepoint.com\/:f:\/g\/personal\/uci_pbial_onmicrosoft_com\/Eupdff5jODlBmOgalBuZlJABhIVNzRA80xDKmgNBIGPIYQ?e=xafjB0\" target=\"_blank\" rel=\"noopener\">Aktualizacje USOS<\/a><\/p>\n<p><a title=\"Otworzy si\u0119 w nowej karcie\" href=\"https:\/\/pbial-my.sharepoint.com\/:f:\/g\/personal\/uci_pbial_onmicrosoft_com\/EubZRZAwbEpBqNHVBbzSoVYB0uGebnwwFblm3aGbkiYbJA?e=WDsYHW\" target=\"_blank\" rel=\"noopener\">Instrukcje USOS<\/a><\/p>\n<p><a href=\"https:\/\/cloud.uci.pb.edu.pl\/s\/Ve9lbgE9EYvrb9m\">Instrukcje USOSweb<\/a><\/p>\n<p><a href=\"https:\/\/cloud.uci.pb.edu.pl\/s\/YluL8FcMUfm8liT\">Dokumentacja Biuletynu Informacji Publicznej<\/a><\/p>\n<p><a title=\"Przejd\u017a do: Instrukcje\" href=\"https:\/\/pb.edu.pl\/uci\/uslugi\/office-365\/\">Pakiet Microsoft Office 365<\/a><\/p>\n<p><a title=\"\" href=\"https:\/\/ckz.pb.edu.pl\/Strona\/Statistica---Pliki-i-kody\">Dokumentacja pakietu Statistica<\/a> &#8211; dokumentacja dost\u0119pna po zalogowaniu dla os\u00f3b posiadaj\u0105cych konto w Centralnym Systemie Logowania CAS, np. USOSweb<\/p>\n<p><a href=\"http:\/\/ckz.pb.edu.pl\/Strona\/Instrukcje-Archiwum-Prac-Dyplomowych---Pracownik\">Instrukcje dot. Archiwum Prac Dyplomowych (pracownik)<\/a> &#8211; dokumentacja dost\u0119pna po zalogowaniu, dla os\u00f3b posiadaj\u0105cych konto w Centralnym Systemie Logowania CAS<\/p>\n<p><a href=\"http:\/\/ckz.pb.edu.pl\/Strona\/Instrukcje-uzytkownika-Portalu-Edukacyjnego---Pracownik--\">Instrukcje u\u017cytkownika dot. Portalu Edukacyjnego (pracownik)<\/a> &#8211; dokumentacja dost\u0119pna po zalogowaniu, dla os\u00f3b posiadaj\u0105cych konto w Centralnym Systemie Logowania CAS<\/p>\n<p><a href=\"http:\/\/ckz.pb.edu.pl\/Strona\/Instrukcje-Archiwum-Prac-Dyplomowych---Student\">Instrukcje dot. Archiwum Prac Dyplomowych (student)<\/a> &#8211; dokumentacja dost\u0119pna po zalogowaniu, dla os\u00f3b posiadaj\u0105cych konto w Centralnym Systemie Logowania CAS<\/p>\n<p>Appendix! Aktualizacja instrukcji APD &#8211; <a title=\"Przejd\u017a do: zaktualizowana instrukcja APD dla student\u00f3w\" href=\"https:\/\/docs.uci.pb.edu.pl\/apd\/APDstudent.html\">Archiwum prac dyplomowych &#8211; instrukcja studenta &#8211; dokumentacja<\/a><\/p>\n<p>Update of ADF instructions &#8211; <a title=\"\" href=\"https:\/\/docs.uci.pb.edu.pl\/apd\/apdstudent_eng.html\">Archive of Diploma Theses &#8211; student manual<\/a><\/p>\n<p><a href=\"http:\/\/ckz.pb.edu.pl\/Strona\/Instrukcje-uzytkownika-Portalu-Edukacyjnego---Student-\">Instrukcje u\u017cytkownika dot. Portalu Edukacyjnego (student)<\/a> &#8211; dokumentacja dost\u0119pna po zalogowaniu, dla os\u00f3b posiadaj\u0105cych konto w Centralnym Systemie Logowania CAS<\/p>\n","protected":false},"excerpt":{"rendered":"<p>Pracownicze konto pocztowe w domenie pb.edu.pl Aktualizacje USOS Instrukcje USOS Instrukcje USOSweb Dokumentacja Biuletynu Informacji<\/p>\n","protected":false},"author":2,"featured_media":0,"parent":0,"menu_order":5,"comment_status":"closed","ping_status":"closed","template":"","meta":{"_acf_changed":false,"ngg_post_thumbnail":0,"footnotes":""},"class_list":["post-2595","page","type-page","status-publish","hentry"],"acf":[],"_links":{"self":[{"href":"https:\/\/pb.edu.pl\/uci\/en\/wp-json\/wp\/v2\/pages\/2595","targetHints":{"allow":["GET"]}}],"collection":[{"href":"https:\/\/pb.edu.pl\/uci\/en\/wp-json\/wp\/v2\/pages"}],"about":[{"href":"https:\/\/pb.edu.pl\/uci\/en\/wp-json\/wp\/v2\/types\/page"}],"author":[{"embeddable":true,"href":"https:\/\/pb.edu.pl\/uci\/en\/wp-json\/wp\/v2\/users\/2"}],"replies":[{"embeddable":true,"href":"https:\/\/pb.edu.pl\/uci\/en\/wp-json\/wp\/v2\/comments?post=2595"}],"version-history":[{"count":0,"href":"https:\/\/pb.edu.pl\/uci\/en\/wp-json\/wp\/v2\/pages\/2595\/revisions"}],"wp:attachment":[{"href":"https:\/\/pb.edu.pl\/uci\/en\/wp-json\/wp\/v2\/media?parent=2595"}],"curies":[{"name":"wp","href":"https:\/\/api.w.org\/{rel}","templated":true}]}}