{"id":874,"date":"2022-09-06T19:33:51","date_gmt":"2022-09-06T17:33:51","guid":{"rendered":"https:\/\/pb.edu.pl\/tnopc\/?page_id=874"},"modified":"2022-09-07T12:32:54","modified_gmt":"2022-09-07T10:32:54","slug":"tnopc-2021","status":"publish","type":"page","link":"https:\/\/pb.edu.pl\/tnopc\/archiwum\/tnopc-2021\/","title":{"rendered":"2021"},"content":{"rendered":"<p><strong style=\"color: #247212;font-size: 1.6rem\">VII KONFERENCJA NAUKOWA \u201eTURYSTYKA NA OBSZARACH PRZYRODNICZO CENNYCH\u201d<\/strong><br \/> \u201eObszary przyrodniczo cenne \u2013 nowe wyzwania \u015brodowiskowe, spo\u0142eczne i gospodarcze\u201d,<br \/>\nBia\u0142ystok, 16-17-18 listopada 2021 r.<\/p>\n<p><strong style=\"color: #247212;font-size: 1.6rem\">Program konferencji:<\/strong><br \/><a href=\"https:\/\/pb.edu.pl\/tnopc\/wp-content\/uploads\/sites\/66\/2022\/09\/2021_Program_VII-TnOPC.pdf\">Program VII TnOPC 2021<\/a><\/p>\n<p><strong style=\"color: #247212;font-size: 1.6rem\">Transmisja on-line:<\/strong><br \/>\n<a href=\"https:\/\/youtu.be\/CJXFCIQkrCo\" title=\"I dzie\u0144 konferencji, 16.11.2021\">I dzie\u0144 konferencji, 16.11.2021<\/a><br \/>\n<a href=\"https:\/\/youtu.be\/iBCFRLKCtTE\" title=\"II dzie\u0144 konferencji, 17.11.2021\">II dzie\u0144 konferencji, 17.11.2021<\/a><br \/>\n<a href=\"https:\/\/youtu.be\/95EFvsX2_Vc\" title=\"III dzie\u0144 konferencji, 18.11.2021\">III dzie\u0144 konferencji, 18.11.2021<\/a><\/p>\n<p><strong style=\"color: #247212;font-size: 1.6rem\">Patronaty Honorowe:<\/strong><br \/>\u2022\tMinister Edukacji i Nauki<br \/>\n\u2022\tMinister Klimatu i \u015arodowiska<br \/>\n\u2022\tMinister Rozwoju i Technologii<br \/>\n\u2022\tMarsza\u0142ek Wojew\u00f3dztwa Podlaskiego<br \/>\n\u2022\tPrezes Narodowego Funduszu Ochrony \u015arodowiska i Gospodarki Wodnej<br \/>\n\u2022\tGeneralny Dyrektor Ochrony \u015arodowiska<br \/>\n\u2022\tDyrektor Generalny Las\u00f3w Pa\u0144stwowych<br \/>\n\u2022\tPrezes Polskiej Organizacji Turystycznej<br \/>\n\u2022\tRektor Politechniki Bia\u0142ostockiej<br \/>\n\u2022\tPrzewodnicz\u0105cy Komitetu Przestrzennego Zagospodarowania Kraju PAN<\/p>\n<p><strong style=\"color: #247212;font-size: 1.6rem\">Patronaty Medialne:<\/strong><br \/>Wrota Podlasia, TVP3 Bia\u0142ystok, Polskie Radio Bia\u0142ystok, Las Polski, Radio Akadera, Sozosfera.pl.<\/p>\n<p><strong style=\"color: #247212;font-size: 1.6rem\">Notatka prasowa:<\/strong><br \/><a href=\"https:\/\/pb.edu.pl\/2021\/11\/22\/podsumowanie-konferencji-turystyka-na-obszarach-przyrodniczo-cennych\/\" title=\"Notatka VII TnOPC 2021\">Notatka VII TnOPC 2021<\/a> <\/p>\n","protected":false},"excerpt":{"rendered":"<p>VII KONFERENCJA NAUKOWA \u201eTURYSTYKA NA OBSZARACH PRZYRODNICZO CENNYCH\u201d \u201eObszary przyrodniczo cenne \u2013 nowe wyzwania \u015brodowiskowe, spo\u0142eczne i gospodarcze\u201d, Bia\u0142ystok, 16-17-18 listopada 2021 r. Program konferencji:Program VII TnOPC 2021 Transmisja on-line: I dzie\u0144 konferencji, 16.11.2021 II dzie\u0144 konferencji, 17.11.2021 III dzie\u0144 konferencji, 18.11.2021 Patronaty Honorowe:\u2022 Minister Edukacji i Nauki \u2022 Minister Klimatu i \u015arodowiska \u2022 Minister [&hellip;]<\/p>\n","protected":false},"author":2,"featured_media":0,"parent":205,"menu_order":0,"comment_status":"closed","ping_status":"closed","template":"","meta":{"_acf_changed":false,"ngg_post_thumbnail":0,"footnotes":""},"class_list":["post-874","page","type-page","status-publish","hentry"],"acf":[],"yoast_head":"<!-- This site is optimized with the Yoast SEO plugin v27.0 - https:\/\/yoast.com\/product\/yoast-seo-wordpress\/ -->\n<title>2021 - archiwum TnOPC<\/title>\n<meta name=\"description\" content=\"VII KONFERENCJA NAUKOWA \u201eTURYSTYKA NA OBSZARACH PRZYRODNICZO CENNYCH\u201d \u201eObszary przyrodniczo cenne \u2013 nowe wyzwania \u015brodowiskowe, spo\u0142eczne i gospodarcze\u201d,\" \/>\n<meta name=\"robots\" content=\"index, follow, max-snippet:-1, max-image-preview:large, max-video-preview:-1\" \/>\n<link rel=\"canonical\" href=\"https:\/\/pb.edu.pl\/tnopc\/archiwum\/tnopc-2021\/\" \/>\n<meta property=\"og:locale\" content=\"pl_PL\" \/>\n<meta property=\"og:type\" content=\"article\" \/>\n<meta property=\"og:title\" content=\"2021 - archiwum TnOPC\" \/>\n<meta property=\"og:description\" content=\"VII KONFERENCJA NAUKOWA \u201eTURYSTYKA NA OBSZARACH PRZYRODNICZO CENNYCH\u201d \u201eObszary przyrodniczo cenne \u2013 nowe wyzwania \u015brodowiskowe, spo\u0142eczne i gospodarcze\u201d,\" \/>\n<meta property=\"og:url\" content=\"https:\/\/pb.edu.pl\/tnopc\/archiwum\/tnopc-2021\/\" \/>\n<meta property=\"og:site_name\" content=\"VII Mi\u0119dzynarodowa Konferencja Naukowa Turystyka na Obszarach Przyrodniczo Cennych - TnOPC\" \/>\n<meta property=\"article:modified_time\" content=\"2022-09-07T10:32:54+00:00\" \/>\n<meta name=\"twitter:card\" content=\"summary_large_image\" \/>\n<meta name=\"twitter:label1\" content=\"Szacowany czas czytania\" \/>\n\t<meta name=\"twitter:data1\" content=\"1 minuta\" \/>\n<script type=\"application\/ld+json\" class=\"yoast-schema-graph\">{\"@context\":\"https:\/\/schema.org\",\"@graph\":[{\"@type\":\"WebPage\",\"@id\":\"https:\/\/pb.edu.pl\/tnopc\/archiwum\/tnopc-2021\/\",\"url\":\"https:\/\/pb.edu.pl\/tnopc\/archiwum\/tnopc-2021\/\",\"name\":\"2021 - archiwum TnOPC\",\"isPartOf\":{\"@id\":\"https:\/\/pb.edu.pl\/tnopc\/#website\"},\"datePublished\":\"2022-09-06T17:33:51+00:00\",\"dateModified\":\"2022-09-07T10:32:54+00:00\",\"description\":\"VII KONFERENCJA NAUKOWA \u201eTURYSTYKA NA OBSZARACH PRZYRODNICZO CENNYCH\u201d \u201eObszary przyrodniczo cenne \u2013 nowe wyzwania \u015brodowiskowe, spo\u0142eczne i gospodarcze\u201d,\",\"breadcrumb\":{\"@id\":\"https:\/\/pb.edu.pl\/tnopc\/archiwum\/tnopc-2021\/#breadcrumb\"},\"inLanguage\":\"pl-PL\",\"potentialAction\":[{\"@type\":\"ReadAction\",\"target\":[\"https:\/\/pb.edu.pl\/tnopc\/archiwum\/tnopc-2021\/\"]}]},{\"@type\":\"BreadcrumbList\",\"@id\":\"https:\/\/pb.edu.pl\/tnopc\/archiwum\/tnopc-2021\/#breadcrumb\",\"itemListElement\":[{\"@type\":\"ListItem\",\"position\":1,\"name\":\"Strona g\u0142\u00f3wna\",\"item\":\"https:\/\/pb.edu.pl\/tnopc\/\"},{\"@type\":\"ListItem\",\"position\":2,\"name\":\"Archiwum\",\"item\":\"https:\/\/pb.edu.pl\/tnopc\/archiwum\/\"},{\"@type\":\"ListItem\",\"position\":3,\"name\":\"2021\"}]},{\"@type\":\"WebSite\",\"@id\":\"https:\/\/pb.edu.pl\/tnopc\/#website\",\"url\":\"https:\/\/pb.edu.pl\/tnopc\/\",\"name\":\"VII Mi\u0119dzynarodowa Konferencja Naukowa Turystyka na Obszarach Przyrodniczo Cennych - TnOPC\",\"description\":\"\",\"potentialAction\":[{\"@type\":\"SearchAction\",\"target\":{\"@type\":\"EntryPoint\",\"urlTemplate\":\"https:\/\/pb.edu.pl\/tnopc\/?s={search_term_string}\"},\"query-input\":{\"@type\":\"PropertyValueSpecification\",\"valueRequired\":true,\"valueName\":\"search_term_string\"}}],\"inLanguage\":\"pl-PL\"}]}<\/script>\n<!-- \/ Yoast SEO plugin. -->","yoast_head_json":{"title":"2021 - archiwum TnOPC","description":"VII KONFERENCJA NAUKOWA \u201eTURYSTYKA NA OBSZARACH PRZYRODNICZO CENNYCH\u201d \u201eObszary przyrodniczo cenne \u2013 nowe wyzwania \u015brodowiskowe, spo\u0142eczne i gospodarcze\u201d,","robots":{"index":"index","follow":"follow","max-snippet":"max-snippet:-1","max-image-preview":"max-image-preview:large","max-video-preview":"max-video-preview:-1"},"canonical":"https:\/\/pb.edu.pl\/tnopc\/archiwum\/tnopc-2021\/","og_locale":"pl_PL","og_type":"article","og_title":"2021 - archiwum TnOPC","og_description":"VII KONFERENCJA NAUKOWA \u201eTURYSTYKA NA OBSZARACH PRZYRODNICZO CENNYCH\u201d \u201eObszary przyrodniczo cenne \u2013 nowe wyzwania \u015brodowiskowe, spo\u0142eczne i gospodarcze\u201d,","og_url":"https:\/\/pb.edu.pl\/tnopc\/archiwum\/tnopc-2021\/","og_site_name":"VII Mi\u0119dzynarodowa Konferencja Naukowa Turystyka na Obszarach Przyrodniczo Cennych - TnOPC","article_modified_time":"2022-09-07T10:32:54+00:00","twitter_card":"summary_large_image","twitter_misc":{"Szacowany czas czytania":"1 minuta"},"schema":{"@context":"https:\/\/schema.org","@graph":[{"@type":"WebPage","@id":"https:\/\/pb.edu.pl\/tnopc\/archiwum\/tnopc-2021\/","url":"https:\/\/pb.edu.pl\/tnopc\/archiwum\/tnopc-2021\/","name":"2021 - archiwum TnOPC","isPartOf":{"@id":"https:\/\/pb.edu.pl\/tnopc\/#website"},"datePublished":"2022-09-06T17:33:51+00:00","dateModified":"2022-09-07T10:32:54+00:00","description":"VII KONFERENCJA NAUKOWA \u201eTURYSTYKA NA OBSZARACH PRZYRODNICZO CENNYCH\u201d \u201eObszary przyrodniczo cenne \u2013 nowe wyzwania \u015brodowiskowe, spo\u0142eczne i gospodarcze\u201d,","breadcrumb":{"@id":"https:\/\/pb.edu.pl\/tnopc\/archiwum\/tnopc-2021\/#breadcrumb"},"inLanguage":"pl-PL","potentialAction":[{"@type":"ReadAction","target":["https:\/\/pb.edu.pl\/tnopc\/archiwum\/tnopc-2021\/"]}]},{"@type":"BreadcrumbList","@id":"https:\/\/pb.edu.pl\/tnopc\/archiwum\/tnopc-2021\/#breadcrumb","itemListElement":[{"@type":"ListItem","position":1,"name":"Strona g\u0142\u00f3wna","item":"https:\/\/pb.edu.pl\/tnopc\/"},{"@type":"ListItem","position":2,"name":"Archiwum","item":"https:\/\/pb.edu.pl\/tnopc\/archiwum\/"},{"@type":"ListItem","position":3,"name":"2021"}]},{"@type":"WebSite","@id":"https:\/\/pb.edu.pl\/tnopc\/#website","url":"https:\/\/pb.edu.pl\/tnopc\/","name":"VII Mi\u0119dzynarodowa Konferencja Naukowa Turystyka na Obszarach Przyrodniczo Cennych - TnOPC","description":"","potentialAction":[{"@type":"SearchAction","target":{"@type":"EntryPoint","urlTemplate":"https:\/\/pb.edu.pl\/tnopc\/?s={search_term_string}"},"query-input":{"@type":"PropertyValueSpecification","valueRequired":true,"valueName":"search_term_string"}}],"inLanguage":"pl-PL"}]}},"_links":{"self":[{"href":"https:\/\/pb.edu.pl\/tnopc\/wp-json\/wp\/v2\/pages\/874","targetHints":{"allow":["GET"]}}],"collection":[{"href":"https:\/\/pb.edu.pl\/tnopc\/wp-json\/wp\/v2\/pages"}],"about":[{"href":"https:\/\/pb.edu.pl\/tnopc\/wp-json\/wp\/v2\/types\/page"}],"author":[{"embeddable":true,"href":"https:\/\/pb.edu.pl\/tnopc\/wp-json\/wp\/v2\/users\/2"}],"replies":[{"embeddable":true,"href":"https:\/\/pb.edu.pl\/tnopc\/wp-json\/wp\/v2\/comments?post=874"}],"version-history":[{"count":0,"href":"https:\/\/pb.edu.pl\/tnopc\/wp-json\/wp\/v2\/pages\/874\/revisions"}],"up":[{"embeddable":true,"href":"https:\/\/pb.edu.pl\/tnopc\/wp-json\/wp\/v2\/pages\/205"}],"wp:attachment":[{"href":"https:\/\/pb.edu.pl\/tnopc\/wp-json\/wp\/v2\/media?parent=874"}],"curies":[{"name":"wp","href":"https:\/\/api.w.org\/{rel}","templated":true}]}}